{"id":125095,"date":"2025-02-15T16:56:00","date_gmt":"2025-02-15T16:56:00","guid":{"rendered":"https:\/\/kinamihealth.com\/product\/karisma-rh-collagen-softfiller-biorestitutivo-face\/"},"modified":"2026-01-05T17:08:32","modified_gmt":"2026-01-05T17:08:32","slug":"karisma-rh-collagen-softfiller-biorestitutivo-face","status":"publish","type":"product","link":"https:\/\/kinamihealth.com\/pl\/produkt\/karisma-rh-collagen-softfiller-biorestitutivo-face\/","title":{"rendered":"KARISMA RH COLLAGEN SOFTFILLER BIORESTITUTIVO FACE"},"content":{"rendered":"<p dir=\"auto\">Karisma RH Collagen Face marki Taumed to <strong>innowacyjny, bio-restytucyjny mi\u0119kki wype\u0142niacz przeznaczony do przywracania j\u0119drno\u015bci i elastyczno\u015bci sk\u00f3ry<\/strong> w por\u00f3wnaniu do tradycyjnego kwasu hialuronowego. Sk\u0142ada si\u0119 z rekombinowanego ludzkiego kolagenu (kolagen Rh Karisma RH Collagen), <strong>kwasu hialuronowego<\/strong> o wysokiej masie cz\u0105steczkowej i <strong>karboksymetylocelulozy<\/strong> w dzia\u0142aniach Karisma RH Collagen. Zobacz.<\/p>\n","protected":false},"excerpt":{"rendered":"<p>Karisma RH Collagen Face marki Taumed to innowacyjny, bio-restytucyjny mi\u0119kki wype\u0142niacz przeznaczony do przywracania j\u0119drno\u015bci i elastyczno\u015bci sk\u00f3ry w por\u00f3wnaniu do tradycyjnego kwasu hialuronowego. Sk\u0142ada si\u0119 z rekombinowanego ludzkiego kolagenu (kolagen Rh Karisma RH Collagen), kwasu hialuronowego o wysokiej masie cz\u0105steczkowej i karboksymetylocelulozy w dzia\u0142aniach Karisma RH Collagen. Zobacz.<\/p>\n","protected":false},"featured_media":125096,"comment_status":"closed","ping_status":"closed","template":"","meta":{"_acf_changed":false,"inline_featured_image":false},"product_brand":[2916],"product_cat":[4716,4174],"product_tag":[4176],"class_list":{"0":"post-125095","1":"product","2":"type-product","3":"status-publish","4":"has-post-thumbnail","6":"product_brand-karisma","7":"product_cat-biostimulators-pl","8":"product_cat-dermal-fillers-pl","9":"product_tag-medical-devices-pl","11":"first","12":"instock","13":"taxable","14":"shipping-taxable","15":"purchasable","16":"product-type-simple","17":"add-to-wishlist-before_image"},"acf":[],"yoast_head":"<!-- This site is optimized with the Yoast SEO plugin v27.3 - https:\/\/yoast.com\/product\/yoast-seo-wordpress\/ -->\n<title>Karisma Face Rh Collagen online \u2013 zaawansowany wype\u0142niacz regeneruj\u0105cy sk\u00f3r\u0119<\/title>\n<meta name=\"description\" content=\"Kup Karisma Face Rh Collagen online \u2013 bio-restytucyjny mi\u0119kki wype\u0142niacz przeznaczony do przywracania elastyczno\u015bci i j\u0119drno\u015bci sk\u00f3ry. Zam\u00f3w teraz w sklepie Kinami Health!\" \/>\n<meta name=\"robots\" content=\"index, follow, max-snippet:-1, max-image-preview:large, max-video-preview:-1\" \/>\n<link rel=\"canonical\" href=\"https:\/\/kinamihealth.com\/pl\/wp-json\/wp\/v2\/product\/125095\" \/>\n<meta property=\"og:locale\" content=\"pl_PL\" \/>\n<meta property=\"og:type\" content=\"article\" \/>\n<meta property=\"og:title\" content=\"Karisma Face Rh Collagen online \u2013 zaawansowany wype\u0142niacz regeneruj\u0105cy sk\u00f3r\u0119\" \/>\n<meta property=\"og:description\" content=\"Kup Karisma Face Rh Collagen online \u2013 bio-restytucyjny mi\u0119kki wype\u0142niacz przeznaczony do przywracania elastyczno\u015bci i j\u0119drno\u015bci sk\u00f3ry. Zam\u00f3w teraz w sklepie Kinami Health!\" \/>\n<meta property=\"og:url\" content=\"https:\/\/kinamihealth.com\/pl\/produkt\/karisma-rh-collagen-softfiller-biorestitutivo-face\/\" \/>\n<meta property=\"og:site_name\" content=\"Kinami Health\" \/>\n<meta property=\"article:modified_time\" content=\"2026-01-05T17:08:32+00:00\" \/>\n<meta property=\"og:image\" content=\"https:\/\/kinamihealth.com\/wp-content\/uploads\/2025\/02\/KARISMA-SOFTFILLER-FACE-04.jpg\" \/>\n\t<meta property=\"og:image:width\" content=\"800\" \/>\n\t<meta property=\"og:image:height\" content=\"800\" \/>\n\t<meta property=\"og:image:type\" content=\"image\/jpeg\" \/>\n<meta name=\"twitter:card\" content=\"summary_large_image\" \/>\n<meta name=\"twitter:label1\" content=\"Szacowany czas czytania\" \/>\n\t<meta name=\"twitter:data1\" content=\"1 minuta\" \/>\n<!-- \/ Yoast SEO plugin. -->","yoast_head_json":{"title":"Karisma Face Rh Collagen online \u2013 zaawansowany wype\u0142niacz regeneruj\u0105cy sk\u00f3r\u0119","description":"Kup Karisma Face Rh Collagen online \u2013 bio-restytucyjny mi\u0119kki wype\u0142niacz przeznaczony do przywracania elastyczno\u015bci i j\u0119drno\u015bci sk\u00f3ry. Zam\u00f3w teraz w sklepie Kinami Health!","robots":{"index":"index","follow":"follow","max-snippet":"max-snippet:-1","max-image-preview":"max-image-preview:large","max-video-preview":"max-video-preview:-1"},"canonical":"https:\/\/kinamihealth.com\/pl\/wp-json\/wp\/v2\/product\/125095","og_locale":"pl_PL","og_type":"article","og_title":"Karisma Face Rh Collagen online \u2013 zaawansowany wype\u0142niacz regeneruj\u0105cy sk\u00f3r\u0119","og_description":"Kup Karisma Face Rh Collagen online \u2013 bio-restytucyjny mi\u0119kki wype\u0142niacz przeznaczony do przywracania elastyczno\u015bci i j\u0119drno\u015bci sk\u00f3ry. Zam\u00f3w teraz w sklepie Kinami Health!","og_url":"https:\/\/kinamihealth.com\/pl\/produkt\/karisma-rh-collagen-softfiller-biorestitutivo-face\/","og_site_name":"Kinami Health","article_modified_time":"2026-01-05T17:08:32+00:00","og_image":[{"width":800,"height":800,"url":"https:\/\/kinamihealth.com\/wp-content\/uploads\/2025\/02\/KARISMA-SOFTFILLER-FACE-04.jpg","type":"image\/jpeg"}],"twitter_card":"summary_large_image","twitter_misc":{"Szacowany czas czytania":"1 minuta"},"schema":{"@context":"https:\/\/schema.org","@graph":[{"@type":"WebPage","@id":"https:\/\/kinamihealth.com\/pl\/produkt\/karisma-rh-collagen-softfiller-biorestitutivo-face\/","url":"https:\/\/kinamihealth.com\/pl\/produkt\/karisma-rh-collagen-softfiller-biorestitutivo-face\/","name":"Karisma Face Rh Collagen online \u2013 zaawansowany wype\u0142niacz regeneruj\u0105cy sk\u00f3r\u0119","isPartOf":{"@id":"https:\/\/kinamihealth.com\/#website"},"primaryImageOfPage":{"@id":"https:\/\/kinamihealth.com\/pl\/produkt\/karisma-rh-collagen-softfiller-biorestitutivo-face\/#primaryimage"},"image":{"@id":"https:\/\/kinamihealth.com\/pl\/produkt\/karisma-rh-collagen-softfiller-biorestitutivo-face\/#primaryimage"},"thumbnailUrl":"https:\/\/kinamihealth.com\/wp-content\/uploads\/2025\/02\/KARISMA-SOFTFILLER-FACE-04.jpg","datePublished":"2025-02-15T16:56:00+00:00","dateModified":"2026-01-05T17:08:32+00:00","description":"Kup Karisma Face Rh Collagen online \u2013 bio-restytucyjny mi\u0119kki wype\u0142niacz przeznaczony do przywracania elastyczno\u015bci i j\u0119drno\u015bci sk\u00f3ry. Zam\u00f3w teraz w sklepie Kinami Health!","breadcrumb":{"@id":"https:\/\/kinamihealth.com\/pl\/produkt\/karisma-rh-collagen-softfiller-biorestitutivo-face\/#breadcrumb"},"inLanguage":"pl-PL","potentialAction":[{"@type":"ReadAction","target":["https:\/\/kinamihealth.com\/pl\/produkt\/karisma-rh-collagen-softfiller-biorestitutivo-face\/"]}]},{"@type":"ImageObject","inLanguage":"pl-PL","@id":"https:\/\/kinamihealth.com\/pl\/produkt\/karisma-rh-collagen-softfiller-biorestitutivo-face\/#primaryimage","url":"https:\/\/kinamihealth.com\/wp-content\/uploads\/2025\/02\/KARISMA-SOFTFILLER-FACE-04.jpg","contentUrl":"https:\/\/kinamihealth.com\/wp-content\/uploads\/2025\/02\/KARISMA-SOFTFILLER-FACE-04.jpg","width":800,"height":800},{"@type":"BreadcrumbList","@id":"https:\/\/kinamihealth.com\/pl\/produkt\/karisma-rh-collagen-softfiller-biorestitutivo-face\/#breadcrumb","itemListElement":[{"@type":"ListItem","position":1,"name":"Strona g\u0142\u00f3wna","item":"https:\/\/kinamihealth.com\/sr\/"},{"@type":"ListItem","position":2,"name":"Sklep","item":"https:\/\/kinamihealth.com\/pl\/?page_id=128280"},{"@type":"ListItem","position":3,"name":"KARISMA RH COLLAGEN SOFTFILLER BIORESTITUTIVO FACE"}]},{"@type":"WebSite","@id":"https:\/\/kinamihealth.com\/#website","url":"https:\/\/kinamihealth.com\/","name":"Kinami Health","description":"","publisher":{"@id":"https:\/\/kinamihealth.com\/#organization"},"potentialAction":[{"@type":"SearchAction","target":{"@type":"EntryPoint","urlTemplate":"https:\/\/kinamihealth.com\/?s={search_term_string}"},"query-input":{"@type":"PropertyValueSpecification","valueRequired":true,"valueName":"search_term_string"}}],"inLanguage":"pl-PL"},{"@type":"Organization","@id":"https:\/\/kinamihealth.com\/#organization","name":"Kinami Health","url":"https:\/\/kinamihealth.com\/","logo":{"@type":"ImageObject","inLanguage":"pl-PL","@id":"https:\/\/kinamihealth.com\/#\/schema\/logo\/image\/","url":"https:\/\/kinamihealth.com\/wp-content\/uploads\/2025\/01\/KH_logo_black_2-1.png","contentUrl":"https:\/\/kinamihealth.com\/wp-content\/uploads\/2025\/01\/KH_logo_black_2-1.png","width":339,"height":34,"caption":"Kinami Health"},"image":{"@id":"https:\/\/kinamihealth.com\/#\/schema\/logo\/image\/"}}]}},"_links":{"self":[{"href":"https:\/\/kinamihealth.com\/pl\/wp-json\/wp\/v2\/product\/125095","targetHints":{"allow":["GET"]}}],"collection":[{"href":"https:\/\/kinamihealth.com\/pl\/wp-json\/wp\/v2\/product"}],"about":[{"href":"https:\/\/kinamihealth.com\/pl\/wp-json\/wp\/v2\/types\/product"}],"replies":[{"embeddable":true,"href":"https:\/\/kinamihealth.com\/pl\/wp-json\/wp\/v2\/comments?post=125095"}],"version-history":[{"count":0,"href":"https:\/\/kinamihealth.com\/pl\/wp-json\/wp\/v2\/product\/125095\/revisions"}],"wp:featuredmedia":[{"embeddable":true,"href":"https:\/\/kinamihealth.com\/pl\/wp-json\/wp\/v2\/media\/125096"}],"wp:attachment":[{"href":"https:\/\/kinamihealth.com\/pl\/wp-json\/wp\/v2\/media?parent=125095"}],"wp:term":[{"taxonomy":"product_brand","embeddable":true,"href":"https:\/\/kinamihealth.com\/pl\/wp-json\/wp\/v2\/product_brand?post=125095"},{"taxonomy":"product_cat","embeddable":true,"href":"https:\/\/kinamihealth.com\/pl\/wp-json\/wp\/v2\/product_cat?post=125095"},{"taxonomy":"product_tag","embeddable":true,"href":"https:\/\/kinamihealth.com\/pl\/wp-json\/wp\/v2\/product_tag?post=125095"}],"curies":[{"name":"wp","href":"https:\/\/api.w.org\/{rel}","templated":true}]}}