{"id":125091,"date":"2025-02-15T16:56:01","date_gmt":"2025-02-15T16:56:01","guid":{"rendered":"https:\/\/kinamihealth.com\/product\/lemonbottle-ampoule-solution-10ml\/"},"modified":"2026-01-05T18:26:45","modified_gmt":"2026-01-05T18:26:45","slug":"lemonbottle-ampoule-solution-10ml","status":"publish","type":"product","link":"https:\/\/kinamihealth.com\/pl\/produkt\/lemonbottle-ampoule-solution-10ml\/","title":{"rendered":"LEMONBOTTLE AMPOULE SOLUTION 10ml"},"content":{"rendered":"<p dir=\"auto\">Lemonbottle Ampoule Solution marki Lemonbottle to <strong>innowacyjny preparat do wstrzykiwa\u0144 rozpuszczaj\u0105cy t\u0142uszcz<\/strong> w mezoterapii zastosowanie, przeznaczony dla lekarzy poszukuj\u0105cych nieinwazyjnej metody modelowania sylwetki i wyszczuplania twarzy w okolicach oka. Ta zaawansowana formu\u0142a marki jest oparta na sk\u0142adnikach ro\u015blinnych, dzi\u0119ki czemu nie zawiera fosfatydylocholiny ani kwasu dezoksycholowego, co czyni j\u0105 \u0142agodniejsz\u0105, ale r\u00f3wnie skuteczn\u0105 alternatyw\u0105 dla tradycyjnych preparat\u00f3w do wstrzykiwa\u0144 rozpuszczaj\u0105cych t\u0142uszcz w mezoterapii zastosowanie marki.<\/p>\n","protected":false},"excerpt":{"rendered":"<p>Lemonbottle Ampoule Solution marki Lemonbottle to innowacyjny preparat do wstrzykiwa\u0144 rozpuszczaj\u0105cy t\u0142uszcz w mezoterapii zastosowanie, przeznaczony dla lekarzy poszukuj\u0105cych nieinwazyjnej metody modelowania sylwetki i wyszczuplania twarzy w okolicach oka. Ta zaawansowana formu\u0142a marki jest oparta na sk\u0142adnikach ro\u015blinnych, dzi\u0119ki czemu nie zawiera fosfatydylocholiny ani kwasu dezoksycholowego, co czyni j\u0105 \u0142agodniejsz\u0105, ale r\u00f3wnie skuteczn\u0105 alternatyw\u0105 dla [&hellip;]<\/p>\n","protected":false},"featured_media":125092,"comment_status":"closed","ping_status":"closed","template":"","meta":{"_acf_changed":false,"inline_featured_image":false},"product_brand":[2918],"product_cat":[4598],"product_tag":[4176],"class_list":{"0":"post-125091","1":"product","2":"type-product","3":"status-publish","4":"has-post-thumbnail","6":"product_brand-lemonbottle","7":"product_cat-mesotherapy-pl","8":"product_tag-medical-devices-pl","10":"first","11":"instock","12":"taxable","13":"shipping-taxable","14":"purchasable","15":"product-type-simple","16":"add-to-wishlist-before_image"},"acf":[],"yoast_head":"<!-- This site is optimized with the Yoast SEO plugin v27.5 - https:\/\/yoast.com\/product\/yoast-seo-wordpress\/ -->\n<title>Kup online roztw\u00f3r Lemonbottle Ampoule Solution \u2013 iniekcje rozpuszczaj\u0105ce t\u0142uszcz<\/title>\n<meta name=\"description\" content=\"Kup online roztw\u00f3r Lemonbottle Ampoule Solution do profesjonalnych zabieg\u00f3w rozpuszczania t\u0142uszczu. Produkt pochodzenia ro\u015blinnego, skuteczny w modelowaniu sylwetki w Kinami Health.\" \/>\n<meta name=\"robots\" content=\"index, follow, max-snippet:-1, max-image-preview:large, max-video-preview:-1\" \/>\n<link rel=\"canonical\" href=\"https:\/\/kinamihealth.com\/pl\/wp-json\/wp\/v2\/product\/125091\" \/>\n<meta property=\"og:locale\" content=\"pl_PL\" \/>\n<meta property=\"og:type\" content=\"article\" \/>\n<meta property=\"og:title\" content=\"Kup online roztw\u00f3r Lemonbottle Ampoule Solution \u2013 iniekcje rozpuszczaj\u0105ce t\u0142uszcz\" \/>\n<meta property=\"og:description\" content=\"Kup online roztw\u00f3r Lemonbottle Ampoule Solution do profesjonalnych zabieg\u00f3w rozpuszczania t\u0142uszczu. Produkt pochodzenia ro\u015blinnego, skuteczny w modelowaniu sylwetki w Kinami Health.\" \/>\n<meta property=\"og:url\" content=\"https:\/\/kinamihealth.com\/pl\/produkt\/lemonbottle-ampoule-solution-10ml\/\" \/>\n<meta property=\"og:site_name\" content=\"Kinami Health\" \/>\n<meta property=\"article:modified_time\" content=\"2026-01-05T18:26:45+00:00\" \/>\n<meta property=\"og:image\" content=\"https:\/\/kinamihealth.com\/wp-content\/uploads\/2025\/02\/LEMONBOTTLE-Lipolysis_EN_Page_01_Image_0001.webp\" \/>\n\t<meta property=\"og:image:width\" content=\"1440\" \/>\n\t<meta property=\"og:image:height\" content=\"1080\" \/>\n\t<meta property=\"og:image:type\" content=\"image\/webp\" \/>\n<meta name=\"twitter:card\" content=\"summary_large_image\" \/>\n<meta name=\"twitter:label1\" content=\"Szacowany czas czytania\" \/>\n\t<meta name=\"twitter:data1\" content=\"1 minuta\" \/>\n<!-- \/ Yoast SEO plugin. -->","yoast_head_json":{"title":"Kup online roztw\u00f3r Lemonbottle Ampoule Solution \u2013 iniekcje rozpuszczaj\u0105ce t\u0142uszcz","description":"Kup online roztw\u00f3r Lemonbottle Ampoule Solution do profesjonalnych zabieg\u00f3w rozpuszczania t\u0142uszczu. Produkt pochodzenia ro\u015blinnego, skuteczny w modelowaniu sylwetki w Kinami Health.","robots":{"index":"index","follow":"follow","max-snippet":"max-snippet:-1","max-image-preview":"max-image-preview:large","max-video-preview":"max-video-preview:-1"},"canonical":"https:\/\/kinamihealth.com\/pl\/wp-json\/wp\/v2\/product\/125091","og_locale":"pl_PL","og_type":"article","og_title":"Kup online roztw\u00f3r Lemonbottle Ampoule Solution \u2013 iniekcje rozpuszczaj\u0105ce t\u0142uszcz","og_description":"Kup online roztw\u00f3r Lemonbottle Ampoule Solution do profesjonalnych zabieg\u00f3w rozpuszczania t\u0142uszczu. Produkt pochodzenia ro\u015blinnego, skuteczny w modelowaniu sylwetki w Kinami Health.","og_url":"https:\/\/kinamihealth.com\/pl\/produkt\/lemonbottle-ampoule-solution-10ml\/","og_site_name":"Kinami Health","article_modified_time":"2026-01-05T18:26:45+00:00","og_image":[{"width":1440,"height":1080,"url":"https:\/\/kinamihealth.com\/wp-content\/uploads\/2025\/02\/LEMONBOTTLE-Lipolysis_EN_Page_01_Image_0001.webp","type":"image\/webp"}],"twitter_card":"summary_large_image","twitter_misc":{"Szacowany czas czytania":"1 minuta"},"schema":{"@context":"https:\/\/schema.org","@graph":[{"@type":"WebPage","@id":"https:\/\/kinamihealth.com\/pl\/produkt\/lemonbottle-ampoule-solution-10ml\/","url":"https:\/\/kinamihealth.com\/pl\/produkt\/lemonbottle-ampoule-solution-10ml\/","name":"Kup online roztw\u00f3r Lemonbottle Ampoule Solution \u2013 iniekcje rozpuszczaj\u0105ce t\u0142uszcz","isPartOf":{"@id":"https:\/\/kinamihealth.com\/#website"},"primaryImageOfPage":{"@id":"https:\/\/kinamihealth.com\/pl\/produkt\/lemonbottle-ampoule-solution-10ml\/#primaryimage"},"image":{"@id":"https:\/\/kinamihealth.com\/pl\/produkt\/lemonbottle-ampoule-solution-10ml\/#primaryimage"},"thumbnailUrl":"https:\/\/kinamihealth.com\/wp-content\/uploads\/2025\/02\/LEMONBOTTLE-Lipolysis_EN_Page_01_Image_0001.webp","datePublished":"2025-02-15T16:56:01+00:00","dateModified":"2026-01-05T18:26:45+00:00","description":"Kup online roztw\u00f3r Lemonbottle Ampoule Solution do profesjonalnych zabieg\u00f3w rozpuszczania t\u0142uszczu. Produkt pochodzenia ro\u015blinnego, skuteczny w modelowaniu sylwetki w Kinami Health.","breadcrumb":{"@id":"https:\/\/kinamihealth.com\/pl\/produkt\/lemonbottle-ampoule-solution-10ml\/#breadcrumb"},"inLanguage":"pl-PL","potentialAction":[{"@type":"ReadAction","target":["https:\/\/kinamihealth.com\/pl\/produkt\/lemonbottle-ampoule-solution-10ml\/"]}]},{"@type":"ImageObject","inLanguage":"pl-PL","@id":"https:\/\/kinamihealth.com\/pl\/produkt\/lemonbottle-ampoule-solution-10ml\/#primaryimage","url":"https:\/\/kinamihealth.com\/wp-content\/uploads\/2025\/02\/LEMONBOTTLE-Lipolysis_EN_Page_01_Image_0001.webp","contentUrl":"https:\/\/kinamihealth.com\/wp-content\/uploads\/2025\/02\/LEMONBOTTLE-Lipolysis_EN_Page_01_Image_0001.webp","width":1440,"height":1080},{"@type":"BreadcrumbList","@id":"https:\/\/kinamihealth.com\/pl\/produkt\/lemonbottle-ampoule-solution-10ml\/#breadcrumb","itemListElement":[{"@type":"ListItem","position":1,"name":"Strona g\u0142\u00f3wna","item":"https:\/\/kinamihealth.com\/sr\/"},{"@type":"ListItem","position":2,"name":"Sklep","item":"https:\/\/kinamihealth.com\/pl\/?page_id=128280"},{"@type":"ListItem","position":3,"name":"LEMONBOTTLE AMPOULE SOLUTION 10ml"}]},{"@type":"WebSite","@id":"https:\/\/kinamihealth.com\/#website","url":"https:\/\/kinamihealth.com\/","name":"Kinami Health","description":"","publisher":{"@id":"https:\/\/kinamihealth.com\/#organization"},"potentialAction":[{"@type":"SearchAction","target":{"@type":"EntryPoint","urlTemplate":"https:\/\/kinamihealth.com\/?s={search_term_string}"},"query-input":{"@type":"PropertyValueSpecification","valueRequired":true,"valueName":"search_term_string"}}],"inLanguage":"pl-PL"},{"@type":"Organization","@id":"https:\/\/kinamihealth.com\/#organization","name":"Kinami Health","url":"https:\/\/kinamihealth.com\/","logo":{"@type":"ImageObject","inLanguage":"pl-PL","@id":"https:\/\/kinamihealth.com\/#\/schema\/logo\/image\/","url":"https:\/\/kinamihealth.com\/wp-content\/uploads\/2025\/01\/KH_logo_black_2-1.png","contentUrl":"https:\/\/kinamihealth.com\/wp-content\/uploads\/2025\/01\/KH_logo_black_2-1.png","width":339,"height":34,"caption":"Kinami Health"},"image":{"@id":"https:\/\/kinamihealth.com\/#\/schema\/logo\/image\/"}}]}},"_links":{"self":[{"href":"https:\/\/kinamihealth.com\/pl\/wp-json\/wp\/v2\/product\/125091","targetHints":{"allow":["GET"]}}],"collection":[{"href":"https:\/\/kinamihealth.com\/pl\/wp-json\/wp\/v2\/product"}],"about":[{"href":"https:\/\/kinamihealth.com\/pl\/wp-json\/wp\/v2\/types\/product"}],"replies":[{"embeddable":true,"href":"https:\/\/kinamihealth.com\/pl\/wp-json\/wp\/v2\/comments?post=125091"}],"version-history":[{"count":0,"href":"https:\/\/kinamihealth.com\/pl\/wp-json\/wp\/v2\/product\/125091\/revisions"}],"wp:featuredmedia":[{"embeddable":true,"href":"https:\/\/kinamihealth.com\/pl\/wp-json\/wp\/v2\/media\/125092"}],"wp:attachment":[{"href":"https:\/\/kinamihealth.com\/pl\/wp-json\/wp\/v2\/media?parent=125091"}],"wp:term":[{"taxonomy":"product_brand","embeddable":true,"href":"https:\/\/kinamihealth.com\/pl\/wp-json\/wp\/v2\/product_brand?post=125091"},{"taxonomy":"product_cat","embeddable":true,"href":"https:\/\/kinamihealth.com\/pl\/wp-json\/wp\/v2\/product_cat?post=125091"},{"taxonomy":"product_tag","embeddable":true,"href":"https:\/\/kinamihealth.com\/pl\/wp-json\/wp\/v2\/product_tag?post=125091"}],"curies":[{"name":"wp","href":"https:\/\/api.w.org\/{rel}","templated":true}]}}