{"id":125087,"date":"2025-02-15T16:57:48","date_gmt":"2025-02-15T16:57:48","guid":{"rendered":"https:\/\/kinamihealth.com\/product\/mediderma-sens-age-md-ultra-corrector-3a-renewer\/"},"modified":"2026-01-06T07:48:08","modified_gmt":"2026-01-06T07:48:08","slug":"mediderma-sens-age-md-ultra-corrector-3a-renewer","status":"publish","type":"product","link":"https:\/\/kinamihealth.com\/pl\/produkt\/mediderma-sens-age-md-ultra-corrector-3a-renewer\/","title":{"rendered":"MEDIDERMA\u00ae SENS-AGE MD ULTRA CORRECTOR 3A RENEWER"},"content":{"rendered":"<p dir=\"auto\">Sens-Age MD Ultra Corrector 3A Renewer Facial Cream 50 ml to <strong>klinicznie opracowany krem przeciwstarzeniowy<\/strong> przeznaczony do profesjonalnego u\u017cytku w piel\u0119gnacji sk\u00f3ry. <strong>Dzia\u0142a na drobne zmarszczki,<\/strong> bruzdy i nier\u00f3wny koloryt sk\u00f3ry, przywracaj\u0105c jej m\u0142odzie\u0144czy wygl\u0105d dzi\u0119ki kremom koloryzuj\u0105cym. Wzbogacony o zaawansowane retinoidy, <strong>peptydy i przeciwutleniacze,<\/strong> ten silnie dzia\u0142aj\u0105cy preparat odm\u0142adza sk\u00f3r\u0119 na poziomie kom\u00f3rkowym w piel\u0119gnacji kremami.<\/p>\n","protected":false},"excerpt":{"rendered":"<p>Sens-Age MD Ultra Corrector 3A Renewer Facial Cream 50 ml to klinicznie opracowany krem przeciwstarzeniowy przeznaczony do profesjonalnego u\u017cytku w piel\u0119gnacji sk\u00f3ry. Dzia\u0142a na drobne zmarszczki, bruzdy i nier\u00f3wny koloryt sk\u00f3ry, przywracaj\u0105c jej m\u0142odzie\u0144czy wygl\u0105d dzi\u0119ki kremom koloryzuj\u0105cym. Wzbogacony o zaawansowane retinoidy, peptydy i przeciwutleniacze, ten silnie dzia\u0142aj\u0105cy preparat odm\u0142adza sk\u00f3r\u0119 na poziomie kom\u00f3rkowym w [&hellip;]<\/p>\n","protected":false},"featured_media":125088,"comment_status":"closed","ping_status":"closed","template":"","meta":{"_acf_changed":false,"inline_featured_image":false},"product_brand":[2919],"product_cat":[4995],"product_tag":[4176],"class_list":{"0":"post-125087","1":"product","2":"type-product","3":"status-publish","4":"has-post-thumbnail","6":"product_brand-mediderma","7":"product_cat-skincare-pl","8":"product_tag-medical-devices-pl","10":"first","11":"instock","12":"taxable","13":"shipping-taxable","14":"purchasable","15":"product-type-simple","16":"add-to-wishlist-before_image"},"acf":[],"yoast_head":"<!-- This site is optimized with the Yoast SEO plugin v27.1.1 - https:\/\/yoast.com\/product\/yoast-seo-wordpress\/ -->\n<title>Kup Sens-Age MD Ultra Corrector 3A Renewer Krem do twarzy 50 ml online<\/title>\n<meta name=\"description\" content=\"Kup Sens-Age MD Ultra Corrector 3A Renewer Krem do twarzy 50 ml \u2013 profesjonalny preparat przeciwstarzeniowy zawieraj\u0105cy retinoidy, peptydy i przeciwutleniacze!\" \/>\n<meta name=\"robots\" content=\"index, follow, max-snippet:-1, max-image-preview:large, max-video-preview:-1\" \/>\n<link rel=\"canonical\" href=\"https:\/\/kinamihealth.com\/pl\/wp-json\/wp\/v2\/product\/125087\" \/>\n<meta property=\"og:locale\" content=\"pl_PL\" \/>\n<meta property=\"og:type\" content=\"article\" \/>\n<meta property=\"og:title\" content=\"Kup Sens-Age MD Ultra Corrector 3A Renewer Krem do twarzy 50 ml online\" \/>\n<meta property=\"og:description\" content=\"Kup Sens-Age MD Ultra Corrector 3A Renewer Krem do twarzy 50 ml \u2013 profesjonalny preparat przeciwstarzeniowy zawieraj\u0105cy retinoidy, peptydy i przeciwutleniacze!\" \/>\n<meta property=\"og:url\" content=\"https:\/\/kinamihealth.com\/pl\/produkt\/mediderma-sens-age-md-ultra-corrector-3a-renewer\/\" \/>\n<meta property=\"og:site_name\" content=\"Kinami Health\" \/>\n<meta property=\"article:modified_time\" content=\"2026-01-06T07:48:08+00:00\" \/>\n<meta property=\"og:image\" content=\"https:\/\/kinamihealth.com\/wp-content\/uploads\/2025\/02\/MEDIDERMA-SENS-AGE-MD-ULTRA-CORRECTOR-3A-RENEWER-01-1.jpg\" \/>\n\t<meta property=\"og:image:width\" content=\"800\" \/>\n\t<meta property=\"og:image:height\" content=\"800\" \/>\n\t<meta property=\"og:image:type\" content=\"image\/jpeg\" \/>\n<meta name=\"twitter:card\" content=\"summary_large_image\" \/>\n<meta name=\"twitter:label1\" content=\"Szacowany czas czytania\" \/>\n\t<meta name=\"twitter:data1\" content=\"1 minuta\" \/>\n<!-- \/ Yoast SEO plugin. -->","yoast_head_json":{"title":"Kup Sens-Age MD Ultra Corrector 3A Renewer Krem do twarzy 50 ml online","description":"Kup Sens-Age MD Ultra Corrector 3A Renewer Krem do twarzy 50 ml \u2013 profesjonalny preparat przeciwstarzeniowy zawieraj\u0105cy retinoidy, peptydy i przeciwutleniacze!","robots":{"index":"index","follow":"follow","max-snippet":"max-snippet:-1","max-image-preview":"max-image-preview:large","max-video-preview":"max-video-preview:-1"},"canonical":"https:\/\/kinamihealth.com\/pl\/wp-json\/wp\/v2\/product\/125087","og_locale":"pl_PL","og_type":"article","og_title":"Kup Sens-Age MD Ultra Corrector 3A Renewer Krem do twarzy 50 ml online","og_description":"Kup Sens-Age MD Ultra Corrector 3A Renewer Krem do twarzy 50 ml \u2013 profesjonalny preparat przeciwstarzeniowy zawieraj\u0105cy retinoidy, peptydy i przeciwutleniacze!","og_url":"https:\/\/kinamihealth.com\/pl\/produkt\/mediderma-sens-age-md-ultra-corrector-3a-renewer\/","og_site_name":"Kinami Health","article_modified_time":"2026-01-06T07:48:08+00:00","og_image":[{"width":800,"height":800,"url":"https:\/\/kinamihealth.com\/wp-content\/uploads\/2025\/02\/MEDIDERMA-SENS-AGE-MD-ULTRA-CORRECTOR-3A-RENEWER-01-1.jpg","type":"image\/jpeg"}],"twitter_card":"summary_large_image","twitter_misc":{"Szacowany czas czytania":"1 minuta"},"schema":{"@context":"https:\/\/schema.org","@graph":[{"@type":"WebPage","@id":"https:\/\/kinamihealth.com\/pl\/produkt\/mediderma-sens-age-md-ultra-corrector-3a-renewer\/","url":"https:\/\/kinamihealth.com\/pl\/produkt\/mediderma-sens-age-md-ultra-corrector-3a-renewer\/","name":"Kup Sens-Age MD Ultra Corrector 3A Renewer Krem do twarzy 50 ml online","isPartOf":{"@id":"https:\/\/kinamihealth.com\/#website"},"primaryImageOfPage":{"@id":"https:\/\/kinamihealth.com\/pl\/produkt\/mediderma-sens-age-md-ultra-corrector-3a-renewer\/#primaryimage"},"image":{"@id":"https:\/\/kinamihealth.com\/pl\/produkt\/mediderma-sens-age-md-ultra-corrector-3a-renewer\/#primaryimage"},"thumbnailUrl":"https:\/\/kinamihealth.com\/wp-content\/uploads\/2025\/02\/MEDIDERMA-SENS-AGE-MD-ULTRA-CORRECTOR-3A-RENEWER-01-1.jpg","datePublished":"2025-02-15T16:57:48+00:00","dateModified":"2026-01-06T07:48:08+00:00","description":"Kup Sens-Age MD Ultra Corrector 3A Renewer Krem do twarzy 50 ml \u2013 profesjonalny preparat przeciwstarzeniowy zawieraj\u0105cy retinoidy, peptydy i przeciwutleniacze!","breadcrumb":{"@id":"https:\/\/kinamihealth.com\/pl\/produkt\/mediderma-sens-age-md-ultra-corrector-3a-renewer\/#breadcrumb"},"inLanguage":"pl-PL","potentialAction":[{"@type":"ReadAction","target":["https:\/\/kinamihealth.com\/pl\/produkt\/mediderma-sens-age-md-ultra-corrector-3a-renewer\/"]}]},{"@type":"ImageObject","inLanguage":"pl-PL","@id":"https:\/\/kinamihealth.com\/pl\/produkt\/mediderma-sens-age-md-ultra-corrector-3a-renewer\/#primaryimage","url":"https:\/\/kinamihealth.com\/wp-content\/uploads\/2025\/02\/MEDIDERMA-SENS-AGE-MD-ULTRA-CORRECTOR-3A-RENEWER-01-1.jpg","contentUrl":"https:\/\/kinamihealth.com\/wp-content\/uploads\/2025\/02\/MEDIDERMA-SENS-AGE-MD-ULTRA-CORRECTOR-3A-RENEWER-01-1.jpg","width":800,"height":800},{"@type":"BreadcrumbList","@id":"https:\/\/kinamihealth.com\/pl\/produkt\/mediderma-sens-age-md-ultra-corrector-3a-renewer\/#breadcrumb","itemListElement":[{"@type":"ListItem","position":1,"name":"Strona g\u0142\u00f3wna","item":"https:\/\/kinamihealth.com\/sr\/"},{"@type":"ListItem","position":2,"name":"Sklep","item":"https:\/\/kinamihealth.com\/pl\/?page_id=128280"},{"@type":"ListItem","position":3,"name":"MEDIDERMA\u00ae SENS-AGE MD ULTRA CORRECTOR 3A RENEWER"}]},{"@type":"WebSite","@id":"https:\/\/kinamihealth.com\/#website","url":"https:\/\/kinamihealth.com\/","name":"Kinami Health","description":"","publisher":{"@id":"https:\/\/kinamihealth.com\/#organization"},"potentialAction":[{"@type":"SearchAction","target":{"@type":"EntryPoint","urlTemplate":"https:\/\/kinamihealth.com\/?s={search_term_string}"},"query-input":{"@type":"PropertyValueSpecification","valueRequired":true,"valueName":"search_term_string"}}],"inLanguage":"pl-PL"},{"@type":"Organization","@id":"https:\/\/kinamihealth.com\/#organization","name":"Kinami Health","url":"https:\/\/kinamihealth.com\/","logo":{"@type":"ImageObject","inLanguage":"pl-PL","@id":"https:\/\/kinamihealth.com\/#\/schema\/logo\/image\/","url":"https:\/\/kinamihealth.com\/wp-content\/uploads\/2025\/01\/KH_logo_black_2-1.png","contentUrl":"https:\/\/kinamihealth.com\/wp-content\/uploads\/2025\/01\/KH_logo_black_2-1.png","width":339,"height":34,"caption":"Kinami Health"},"image":{"@id":"https:\/\/kinamihealth.com\/#\/schema\/logo\/image\/"}}]}},"_links":{"self":[{"href":"https:\/\/kinamihealth.com\/pl\/wp-json\/wp\/v2\/product\/125087","targetHints":{"allow":["GET"]}}],"collection":[{"href":"https:\/\/kinamihealth.com\/pl\/wp-json\/wp\/v2\/product"}],"about":[{"href":"https:\/\/kinamihealth.com\/pl\/wp-json\/wp\/v2\/types\/product"}],"replies":[{"embeddable":true,"href":"https:\/\/kinamihealth.com\/pl\/wp-json\/wp\/v2\/comments?post=125087"}],"version-history":[{"count":0,"href":"https:\/\/kinamihealth.com\/pl\/wp-json\/wp\/v2\/product\/125087\/revisions"}],"wp:featuredmedia":[{"embeddable":true,"href":"https:\/\/kinamihealth.com\/pl\/wp-json\/wp\/v2\/media\/125088"}],"wp:attachment":[{"href":"https:\/\/kinamihealth.com\/pl\/wp-json\/wp\/v2\/media?parent=125087"}],"wp:term":[{"taxonomy":"product_brand","embeddable":true,"href":"https:\/\/kinamihealth.com\/pl\/wp-json\/wp\/v2\/product_brand?post=125087"},{"taxonomy":"product_cat","embeddable":true,"href":"https:\/\/kinamihealth.com\/pl\/wp-json\/wp\/v2\/product_cat?post=125087"},{"taxonomy":"product_tag","embeddable":true,"href":"https:\/\/kinamihealth.com\/pl\/wp-json\/wp\/v2\/product_tag?post=125087"}],"curies":[{"name":"wp","href":"https:\/\/api.w.org\/{rel}","templated":true}]}}