{"id":125080,"date":"2025-02-15T16:57:38","date_gmt":"2025-02-15T16:57:38","guid":{"rendered":"https:\/\/kinamihealth.com\/product\/mediderma-salipeel-ds\/"},"modified":"2026-01-06T09:00:23","modified_gmt":"2026-01-06T09:00:23","slug":"mediderma-salipeel-ds","status":"publish","type":"product","link":"https:\/\/kinamihealth.com\/pl\/produkt\/mediderma-salipeel-ds\/","title":{"rendered":"MEDIDERMA\u00ae SALIPEEL DS"},"content":{"rendered":"<p dir=\"auto\">Salipeel DS 60 ml to <strong>peeling chemiczny<\/strong> zawieraj\u0105cy 30% <strong>kwas salicylowy<\/strong>, przeznaczony specjalnie do piel\u0119gnacji sk\u00f3ry <strong>tr\u0105dzikowej i t\u0142ustej<\/strong> w zabiegach peeling\u00f3w. Jest to bardzo skuteczny \u015brodek do z\u0142uszczania sk\u00f3ry i \u0142agodzenia objaw\u00f3w tr\u0105dziku, w tym grudek, krost i zask\u00f3rnik\u00f3w w zabiegach peeling\u00f3w. Peeling poprawia r\u00f3wnie\u017c struktur\u0119 sk\u00f3ry, oczyszczaj\u0105c pory i zapewniaj\u0105c g\u0142\u0119bokie nawil\u017cenie w zabiegach peeling\u00f3w. Jego formu\u0142a, wzbogacona o <strong>makrogol<\/strong> jako delikatny no\u015bnik, sprawia, \u017ce nadaje si\u0119 do wszystkich rodzaj\u00f3w sk\u00f3ry, w tym wra\u017cliwej i ciemnej w zabiegach peeling\u00f3w. Salipeel DS jest idealny dla os\u00f3b z zaburzeniami rogowacenia nask\u00f3rka oraz dla os\u00f3b o wy\u017cszych fototypach sk\u00f3ry w zabiegach peeling\u00f3w.<\/p>\n","protected":false},"excerpt":{"rendered":"<p>Salipeel DS 60 ml to peeling chemiczny zawieraj\u0105cy 30% kwas salicylowy, przeznaczony specjalnie do piel\u0119gnacji sk\u00f3ry tr\u0105dzikowej i t\u0142ustej w zabiegach peeling\u00f3w. Jest to bardzo skuteczny \u015brodek do z\u0142uszczania sk\u00f3ry i \u0142agodzenia objaw\u00f3w tr\u0105dziku, w tym grudek, krost i zask\u00f3rnik\u00f3w w zabiegach peeling\u00f3w. Peeling poprawia r\u00f3wnie\u017c struktur\u0119 sk\u00f3ry, oczyszczaj\u0105c pory i zapewniaj\u0105c g\u0142\u0119bokie nawil\u017cenie w [&hellip;]<\/p>\n","protected":false},"featured_media":125081,"comment_status":"closed","ping_status":"closed","template":"","meta":{"_acf_changed":false,"inline_featured_image":false},"product_brand":[2919],"product_cat":[4641],"product_tag":[4176],"class_list":{"0":"post-125080","1":"product","2":"type-product","3":"status-publish","4":"has-post-thumbnail","6":"product_brand-mediderma","7":"product_cat-peels-and-masks-pl","8":"product_tag-medical-devices-pl","10":"first","11":"instock","12":"taxable","13":"shipping-taxable","14":"purchasable","15":"product-type-simple","16":"add-to-wishlist-before_image"},"acf":[],"yoast_head":"<!-- This site is optimized with the Yoast SEO plugin v27.1.1 - https:\/\/yoast.com\/product\/yoast-seo-wordpress\/ -->\n<title>Kup Salipeel DS 60 ml online w Beauty Active<\/title>\n<meta name=\"description\" content=\"Kup Salipeel DS 60 ml online \u2013 silny peeling chemiczny zawieraj\u0105cy 30% kwas salicylowy, przeznaczony do leczenia tr\u0105dziku, zmniejszania wyprysk\u00f3w i poprawy struktury sk\u00f3ry, odpowiedni dla wszystkich rodzaj\u00f3w sk\u00f3ry, nawet wra\u017cliwej.\" \/>\n<meta name=\"robots\" content=\"index, follow, max-snippet:-1, max-image-preview:large, max-video-preview:-1\" \/>\n<link rel=\"canonical\" href=\"https:\/\/kinamihealth.com\/pl\/wp-json\/wp\/v2\/product\/125080\" \/>\n<meta property=\"og:locale\" content=\"pl_PL\" \/>\n<meta property=\"og:type\" content=\"article\" \/>\n<meta property=\"og:title\" content=\"Kup Salipeel DS 60 ml online w Beauty Active\" \/>\n<meta property=\"og:description\" content=\"Kup Salipeel DS 60 ml online \u2013 silny peeling chemiczny zawieraj\u0105cy 30% kwas salicylowy, przeznaczony do leczenia tr\u0105dziku, zmniejszania wyprysk\u00f3w i poprawy struktury sk\u00f3ry, odpowiedni dla wszystkich rodzaj\u00f3w sk\u00f3ry, nawet wra\u017cliwej.\" \/>\n<meta property=\"og:url\" content=\"https:\/\/kinamihealth.com\/pl\/produkt\/mediderma-salipeel-ds\/\" \/>\n<meta property=\"og:site_name\" content=\"Kinami Health\" \/>\n<meta property=\"article:modified_time\" content=\"2026-01-06T09:00:23+00:00\" \/>\n<meta property=\"og:image\" content=\"https:\/\/kinamihealth.com\/wp-content\/uploads\/2025\/02\/MEDIDERMA-SALIPEEL-DS-01.jpg\" \/>\n\t<meta property=\"og:image:width\" content=\"800\" \/>\n\t<meta property=\"og:image:height\" content=\"800\" \/>\n\t<meta property=\"og:image:type\" content=\"image\/jpeg\" \/>\n<meta name=\"twitter:card\" content=\"summary_large_image\" \/>\n<meta name=\"twitter:label1\" content=\"Szacowany czas czytania\" \/>\n\t<meta name=\"twitter:data1\" content=\"1 minuta\" \/>\n<!-- \/ Yoast SEO plugin. -->","yoast_head_json":{"title":"Kup Salipeel DS 60 ml online w Beauty Active","description":"Kup Salipeel DS 60 ml online \u2013 silny peeling chemiczny zawieraj\u0105cy 30% kwas salicylowy, przeznaczony do leczenia tr\u0105dziku, zmniejszania wyprysk\u00f3w i poprawy struktury sk\u00f3ry, odpowiedni dla wszystkich rodzaj\u00f3w sk\u00f3ry, nawet wra\u017cliwej.","robots":{"index":"index","follow":"follow","max-snippet":"max-snippet:-1","max-image-preview":"max-image-preview:large","max-video-preview":"max-video-preview:-1"},"canonical":"https:\/\/kinamihealth.com\/pl\/wp-json\/wp\/v2\/product\/125080","og_locale":"pl_PL","og_type":"article","og_title":"Kup Salipeel DS 60 ml online w Beauty Active","og_description":"Kup Salipeel DS 60 ml online \u2013 silny peeling chemiczny zawieraj\u0105cy 30% kwas salicylowy, przeznaczony do leczenia tr\u0105dziku, zmniejszania wyprysk\u00f3w i poprawy struktury sk\u00f3ry, odpowiedni dla wszystkich rodzaj\u00f3w sk\u00f3ry, nawet wra\u017cliwej.","og_url":"https:\/\/kinamihealth.com\/pl\/produkt\/mediderma-salipeel-ds\/","og_site_name":"Kinami Health","article_modified_time":"2026-01-06T09:00:23+00:00","og_image":[{"width":800,"height":800,"url":"https:\/\/kinamihealth.com\/wp-content\/uploads\/2025\/02\/MEDIDERMA-SALIPEEL-DS-01.jpg","type":"image\/jpeg"}],"twitter_card":"summary_large_image","twitter_misc":{"Szacowany czas czytania":"1 minuta"},"schema":{"@context":"https:\/\/schema.org","@graph":[{"@type":"WebPage","@id":"https:\/\/kinamihealth.com\/pl\/produkt\/mediderma-salipeel-ds\/","url":"https:\/\/kinamihealth.com\/pl\/produkt\/mediderma-salipeel-ds\/","name":"Kup Salipeel DS 60 ml online w Beauty Active","isPartOf":{"@id":"https:\/\/kinamihealth.com\/#website"},"primaryImageOfPage":{"@id":"https:\/\/kinamihealth.com\/pl\/produkt\/mediderma-salipeel-ds\/#primaryimage"},"image":{"@id":"https:\/\/kinamihealth.com\/pl\/produkt\/mediderma-salipeel-ds\/#primaryimage"},"thumbnailUrl":"https:\/\/kinamihealth.com\/wp-content\/uploads\/2025\/02\/MEDIDERMA-SALIPEEL-DS-01.jpg","datePublished":"2025-02-15T16:57:38+00:00","dateModified":"2026-01-06T09:00:23+00:00","description":"Kup Salipeel DS 60 ml online \u2013 silny peeling chemiczny zawieraj\u0105cy 30% kwas salicylowy, przeznaczony do leczenia tr\u0105dziku, zmniejszania wyprysk\u00f3w i poprawy struktury sk\u00f3ry, odpowiedni dla wszystkich rodzaj\u00f3w sk\u00f3ry, nawet wra\u017cliwej.","breadcrumb":{"@id":"https:\/\/kinamihealth.com\/pl\/produkt\/mediderma-salipeel-ds\/#breadcrumb"},"inLanguage":"pl-PL","potentialAction":[{"@type":"ReadAction","target":["https:\/\/kinamihealth.com\/pl\/produkt\/mediderma-salipeel-ds\/"]}]},{"@type":"ImageObject","inLanguage":"pl-PL","@id":"https:\/\/kinamihealth.com\/pl\/produkt\/mediderma-salipeel-ds\/#primaryimage","url":"https:\/\/kinamihealth.com\/wp-content\/uploads\/2025\/02\/MEDIDERMA-SALIPEEL-DS-01.jpg","contentUrl":"https:\/\/kinamihealth.com\/wp-content\/uploads\/2025\/02\/MEDIDERMA-SALIPEEL-DS-01.jpg","width":800,"height":800},{"@type":"BreadcrumbList","@id":"https:\/\/kinamihealth.com\/pl\/produkt\/mediderma-salipeel-ds\/#breadcrumb","itemListElement":[{"@type":"ListItem","position":1,"name":"Strona g\u0142\u00f3wna","item":"https:\/\/kinamihealth.com\/sr\/"},{"@type":"ListItem","position":2,"name":"Sklep","item":"https:\/\/kinamihealth.com\/pl\/?page_id=128280"},{"@type":"ListItem","position":3,"name":"MEDIDERMA\u00ae SALIPEEL DS"}]},{"@type":"WebSite","@id":"https:\/\/kinamihealth.com\/#website","url":"https:\/\/kinamihealth.com\/","name":"Kinami Health","description":"","publisher":{"@id":"https:\/\/kinamihealth.com\/#organization"},"potentialAction":[{"@type":"SearchAction","target":{"@type":"EntryPoint","urlTemplate":"https:\/\/kinamihealth.com\/?s={search_term_string}"},"query-input":{"@type":"PropertyValueSpecification","valueRequired":true,"valueName":"search_term_string"}}],"inLanguage":"pl-PL"},{"@type":"Organization","@id":"https:\/\/kinamihealth.com\/#organization","name":"Kinami Health","url":"https:\/\/kinamihealth.com\/","logo":{"@type":"ImageObject","inLanguage":"pl-PL","@id":"https:\/\/kinamihealth.com\/#\/schema\/logo\/image\/","url":"https:\/\/kinamihealth.com\/wp-content\/uploads\/2025\/01\/KH_logo_black_2-1.png","contentUrl":"https:\/\/kinamihealth.com\/wp-content\/uploads\/2025\/01\/KH_logo_black_2-1.png","width":339,"height":34,"caption":"Kinami Health"},"image":{"@id":"https:\/\/kinamihealth.com\/#\/schema\/logo\/image\/"}}]}},"_links":{"self":[{"href":"https:\/\/kinamihealth.com\/pl\/wp-json\/wp\/v2\/product\/125080","targetHints":{"allow":["GET"]}}],"collection":[{"href":"https:\/\/kinamihealth.com\/pl\/wp-json\/wp\/v2\/product"}],"about":[{"href":"https:\/\/kinamihealth.com\/pl\/wp-json\/wp\/v2\/types\/product"}],"replies":[{"embeddable":true,"href":"https:\/\/kinamihealth.com\/pl\/wp-json\/wp\/v2\/comments?post=125080"}],"version-history":[{"count":0,"href":"https:\/\/kinamihealth.com\/pl\/wp-json\/wp\/v2\/product\/125080\/revisions"}],"wp:featuredmedia":[{"embeddable":true,"href":"https:\/\/kinamihealth.com\/pl\/wp-json\/wp\/v2\/media\/125081"}],"wp:attachment":[{"href":"https:\/\/kinamihealth.com\/pl\/wp-json\/wp\/v2\/media?parent=125080"}],"wp:term":[{"taxonomy":"product_brand","embeddable":true,"href":"https:\/\/kinamihealth.com\/pl\/wp-json\/wp\/v2\/product_brand?post=125080"},{"taxonomy":"product_cat","embeddable":true,"href":"https:\/\/kinamihealth.com\/pl\/wp-json\/wp\/v2\/product_cat?post=125080"},{"taxonomy":"product_tag","embeddable":true,"href":"https:\/\/kinamihealth.com\/pl\/wp-json\/wp\/v2\/product_tag?post=125080"}],"curies":[{"name":"wp","href":"https:\/\/api.w.org\/{rel}","templated":true}]}}