{"id":125078,"date":"2025-02-15T16:57:12","date_gmt":"2025-02-15T16:57:12","guid":{"rendered":"https:\/\/kinamihealth.com\/product\/mediderma-retises-nanopeel-1-gel\/"},"modified":"2026-01-06T09:47:39","modified_gmt":"2026-01-06T09:47:39","slug":"mediderma-retises-nanopeel-1-gel","status":"publish","type":"product","link":"https:\/\/kinamihealth.com\/pl\/produkt\/mediderma-retises-nanopeel-1-gel\/","title":{"rendered":"MEDIDERMA\u00ae RETISES NANOPEEL 1% GEL"},"content":{"rendered":"<p dir=\"auto\">Retises Nanopeel 1% Gel to <strong>peeling chemiczny z nanopeel system<\/strong>, kt\u00f3ry ma <strong>na celu wzmocnienie odnowy sk\u00f3ry i popraw\u0119<\/strong> jej og\u00f3lnej tekstury w redukcji przebarwie\u0144 zabieg. Opracowany na bazie liposomalnego retinolu w nanopeel system, peeling ten zapewnia g\u0142\u0119bok\u0105 penetracj\u0119, skutecznie z\u0142uszczaj\u0105c i odm\u0142adzaj\u0105c sk\u00f3r\u0119 w redukcji przebarwie\u0144. Jest stosowany przede wszystkim w gabinetach medycyny estetycznej i dermatologii w peel zabieg <strong>w celu leczenia oznak starzenia, problem\u00f3w z pigmentacj\u0105 i nier\u00f3wnego kolorytu sk\u00f3ry<\/strong> w redukcji przebarwie\u0144 zabieg. Zobacz.<\/p>\n","protected":false},"excerpt":{"rendered":"<p>Retises Nanopeel 1% Gel to peeling chemiczny z nanopeel system, kt\u00f3ry ma na celu wzmocnienie odnowy sk\u00f3ry i popraw\u0119 jej og\u00f3lnej tekstury w redukcji przebarwie\u0144 zabieg. Opracowany na bazie liposomalnego retinolu w nanopeel system, peeling ten zapewnia g\u0142\u0119bok\u0105 penetracj\u0119, skutecznie z\u0142uszczaj\u0105c i odm\u0142adzaj\u0105c sk\u00f3r\u0119 w redukcji przebarwie\u0144. Jest stosowany przede wszystkim w gabinetach medycyny estetycznej [&hellip;]<\/p>\n","protected":false},"featured_media":125079,"comment_status":"closed","ping_status":"closed","template":"","meta":{"_acf_changed":false,"inline_featured_image":false},"product_brand":[2919],"product_cat":[4641],"product_tag":[4176],"class_list":{"0":"post-125078","1":"product","2":"type-product","3":"status-publish","4":"has-post-thumbnail","6":"product_brand-mediderma","7":"product_cat-peels-and-masks-pl","8":"product_tag-medical-devices-pl","10":"first","11":"instock","12":"taxable","13":"shipping-taxable","14":"purchasable","15":"product-type-simple","16":"add-to-wishlist-before_image"},"acf":[],"yoast_head":"<!-- This site is optimized with the Yoast SEO plugin v27.1.1 - https:\/\/yoast.com\/product\/yoast-seo-wordpress\/ -->\n<title>Kup Retises Nanopeel 1% Gel online: wysokiej jako\u015bci peeling dla profesjonalist\u00f3w<\/title>\n<meta name=\"description\" content=\"Kup Retises Nanopeel 1% Gel online, aby uzyska\u0107 profesjonalne odm\u0142odzenie sk\u00f3ry, kt\u00f3re zwalcza drobne zmarszczki, przebarwienia i blizny potr\u0105dzikowe. Zam\u00f3w ju\u017c dzi\u015b.\" \/>\n<meta name=\"robots\" content=\"index, follow, max-snippet:-1, max-image-preview:large, max-video-preview:-1\" \/>\n<link rel=\"canonical\" href=\"https:\/\/kinamihealth.com\/pl\/wp-json\/wp\/v2\/product\/125078\" \/>\n<meta property=\"og:locale\" content=\"pl_PL\" \/>\n<meta property=\"og:type\" content=\"article\" \/>\n<meta property=\"og:title\" content=\"Kup Retises Nanopeel 1% Gel online: wysokiej jako\u015bci peeling dla profesjonalist\u00f3w\" \/>\n<meta property=\"og:description\" content=\"Kup Retises Nanopeel 1% Gel online, aby uzyska\u0107 profesjonalne odm\u0142odzenie sk\u00f3ry, kt\u00f3re zwalcza drobne zmarszczki, przebarwienia i blizny potr\u0105dzikowe. Zam\u00f3w ju\u017c dzi\u015b.\" \/>\n<meta property=\"og:url\" content=\"https:\/\/kinamihealth.com\/pl\/produkt\/mediderma-retises-nanopeel-1-gel\/\" \/>\n<meta property=\"og:site_name\" content=\"Kinami Health\" \/>\n<meta property=\"article:modified_time\" content=\"2026-01-06T09:47:39+00:00\" \/>\n<meta property=\"og:image\" content=\"https:\/\/kinamihealth.com\/wp-content\/uploads\/2025\/02\/MEDIDERMA-RETISES-NANOPEEL-1-GEL-01.jpg\" \/>\n\t<meta property=\"og:image:width\" content=\"800\" \/>\n\t<meta property=\"og:image:height\" content=\"800\" \/>\n\t<meta property=\"og:image:type\" content=\"image\/jpeg\" \/>\n<meta name=\"twitter:card\" content=\"summary_large_image\" \/>\n<meta name=\"twitter:label1\" content=\"Szacowany czas czytania\" \/>\n\t<meta name=\"twitter:data1\" content=\"1 minuta\" \/>\n<!-- \/ Yoast SEO plugin. -->","yoast_head_json":{"title":"Kup Retises Nanopeel 1% Gel online: wysokiej jako\u015bci peeling dla profesjonalist\u00f3w","description":"Kup Retises Nanopeel 1% Gel online, aby uzyska\u0107 profesjonalne odm\u0142odzenie sk\u00f3ry, kt\u00f3re zwalcza drobne zmarszczki, przebarwienia i blizny potr\u0105dzikowe. Zam\u00f3w ju\u017c dzi\u015b.","robots":{"index":"index","follow":"follow","max-snippet":"max-snippet:-1","max-image-preview":"max-image-preview:large","max-video-preview":"max-video-preview:-1"},"canonical":"https:\/\/kinamihealth.com\/pl\/wp-json\/wp\/v2\/product\/125078","og_locale":"pl_PL","og_type":"article","og_title":"Kup Retises Nanopeel 1% Gel online: wysokiej jako\u015bci peeling dla profesjonalist\u00f3w","og_description":"Kup Retises Nanopeel 1% Gel online, aby uzyska\u0107 profesjonalne odm\u0142odzenie sk\u00f3ry, kt\u00f3re zwalcza drobne zmarszczki, przebarwienia i blizny potr\u0105dzikowe. Zam\u00f3w ju\u017c dzi\u015b.","og_url":"https:\/\/kinamihealth.com\/pl\/produkt\/mediderma-retises-nanopeel-1-gel\/","og_site_name":"Kinami Health","article_modified_time":"2026-01-06T09:47:39+00:00","og_image":[{"width":800,"height":800,"url":"https:\/\/kinamihealth.com\/wp-content\/uploads\/2025\/02\/MEDIDERMA-RETISES-NANOPEEL-1-GEL-01.jpg","type":"image\/jpeg"}],"twitter_card":"summary_large_image","twitter_misc":{"Szacowany czas czytania":"1 minuta"},"schema":{"@context":"https:\/\/schema.org","@graph":[{"@type":"WebPage","@id":"https:\/\/kinamihealth.com\/pl\/produkt\/mediderma-retises-nanopeel-1-gel\/","url":"https:\/\/kinamihealth.com\/pl\/produkt\/mediderma-retises-nanopeel-1-gel\/","name":"Kup Retises Nanopeel 1% Gel online: wysokiej jako\u015bci peeling dla profesjonalist\u00f3w","isPartOf":{"@id":"https:\/\/kinamihealth.com\/#website"},"primaryImageOfPage":{"@id":"https:\/\/kinamihealth.com\/pl\/produkt\/mediderma-retises-nanopeel-1-gel\/#primaryimage"},"image":{"@id":"https:\/\/kinamihealth.com\/pl\/produkt\/mediderma-retises-nanopeel-1-gel\/#primaryimage"},"thumbnailUrl":"https:\/\/kinamihealth.com\/wp-content\/uploads\/2025\/02\/MEDIDERMA-RETISES-NANOPEEL-1-GEL-01.jpg","datePublished":"2025-02-15T16:57:12+00:00","dateModified":"2026-01-06T09:47:39+00:00","description":"Kup Retises Nanopeel 1% Gel online, aby uzyska\u0107 profesjonalne odm\u0142odzenie sk\u00f3ry, kt\u00f3re zwalcza drobne zmarszczki, przebarwienia i blizny potr\u0105dzikowe. Zam\u00f3w ju\u017c dzi\u015b.","breadcrumb":{"@id":"https:\/\/kinamihealth.com\/pl\/produkt\/mediderma-retises-nanopeel-1-gel\/#breadcrumb"},"inLanguage":"pl-PL","potentialAction":[{"@type":"ReadAction","target":["https:\/\/kinamihealth.com\/pl\/produkt\/mediderma-retises-nanopeel-1-gel\/"]}]},{"@type":"ImageObject","inLanguage":"pl-PL","@id":"https:\/\/kinamihealth.com\/pl\/produkt\/mediderma-retises-nanopeel-1-gel\/#primaryimage","url":"https:\/\/kinamihealth.com\/wp-content\/uploads\/2025\/02\/MEDIDERMA-RETISES-NANOPEEL-1-GEL-01.jpg","contentUrl":"https:\/\/kinamihealth.com\/wp-content\/uploads\/2025\/02\/MEDIDERMA-RETISES-NANOPEEL-1-GEL-01.jpg","width":800,"height":800},{"@type":"BreadcrumbList","@id":"https:\/\/kinamihealth.com\/pl\/produkt\/mediderma-retises-nanopeel-1-gel\/#breadcrumb","itemListElement":[{"@type":"ListItem","position":1,"name":"Strona g\u0142\u00f3wna","item":"https:\/\/kinamihealth.com\/sr\/"},{"@type":"ListItem","position":2,"name":"Sklep","item":"https:\/\/kinamihealth.com\/pl\/?page_id=128280"},{"@type":"ListItem","position":3,"name":"MEDIDERMA\u00ae RETISES NANOPEEL 1% GEL"}]},{"@type":"WebSite","@id":"https:\/\/kinamihealth.com\/#website","url":"https:\/\/kinamihealth.com\/","name":"Kinami Health","description":"","publisher":{"@id":"https:\/\/kinamihealth.com\/#organization"},"potentialAction":[{"@type":"SearchAction","target":{"@type":"EntryPoint","urlTemplate":"https:\/\/kinamihealth.com\/?s={search_term_string}"},"query-input":{"@type":"PropertyValueSpecification","valueRequired":true,"valueName":"search_term_string"}}],"inLanguage":"pl-PL"},{"@type":"Organization","@id":"https:\/\/kinamihealth.com\/#organization","name":"Kinami Health","url":"https:\/\/kinamihealth.com\/","logo":{"@type":"ImageObject","inLanguage":"pl-PL","@id":"https:\/\/kinamihealth.com\/#\/schema\/logo\/image\/","url":"https:\/\/kinamihealth.com\/wp-content\/uploads\/2025\/01\/KH_logo_black_2-1.png","contentUrl":"https:\/\/kinamihealth.com\/wp-content\/uploads\/2025\/01\/KH_logo_black_2-1.png","width":339,"height":34,"caption":"Kinami Health"},"image":{"@id":"https:\/\/kinamihealth.com\/#\/schema\/logo\/image\/"}}]}},"_links":{"self":[{"href":"https:\/\/kinamihealth.com\/pl\/wp-json\/wp\/v2\/product\/125078","targetHints":{"allow":["GET"]}}],"collection":[{"href":"https:\/\/kinamihealth.com\/pl\/wp-json\/wp\/v2\/product"}],"about":[{"href":"https:\/\/kinamihealth.com\/pl\/wp-json\/wp\/v2\/types\/product"}],"replies":[{"embeddable":true,"href":"https:\/\/kinamihealth.com\/pl\/wp-json\/wp\/v2\/comments?post=125078"}],"version-history":[{"count":0,"href":"https:\/\/kinamihealth.com\/pl\/wp-json\/wp\/v2\/product\/125078\/revisions"}],"wp:featuredmedia":[{"embeddable":true,"href":"https:\/\/kinamihealth.com\/pl\/wp-json\/wp\/v2\/media\/125079"}],"wp:attachment":[{"href":"https:\/\/kinamihealth.com\/pl\/wp-json\/wp\/v2\/media?parent=125078"}],"wp:term":[{"taxonomy":"product_brand","embeddable":true,"href":"https:\/\/kinamihealth.com\/pl\/wp-json\/wp\/v2\/product_brand?post=125078"},{"taxonomy":"product_cat","embeddable":true,"href":"https:\/\/kinamihealth.com\/pl\/wp-json\/wp\/v2\/product_cat?post=125078"},{"taxonomy":"product_tag","embeddable":true,"href":"https:\/\/kinamihealth.com\/pl\/wp-json\/wp\/v2\/product_tag?post=125078"}],"curies":[{"name":"wp","href":"https:\/\/api.w.org\/{rel}","templated":true}]}}