{"id":125076,"date":"2025-02-15T16:57:11","date_gmt":"2025-02-15T16:57:11","guid":{"rendered":"https:\/\/kinamihealth.com\/product\/mediderma-3-retises-ct-yellow-peel\/"},"modified":"2026-01-06T10:26:38","modified_gmt":"2026-01-06T10:26:38","slug":"mediderma-3-retises-ct-yellow-peel","status":"publish","type":"product","link":"https:\/\/kinamihealth.com\/pl\/produkt\/mediderma-3-retises-ct-yellow-peel\/","title":{"rendered":"MEDIDERMA\u00ae 3-RETISES CT Yellow Peel"},"content":{"rendered":"<p dir=\"auto\">Retises CT Yellow Peel 6 ampu\u0142ek to <strong>profesjonalny peeling chemiczny<\/strong> stworzony w celu odm\u0142odzenia i poprawy struktury sk\u00f3ry w zabiegach. Dzi\u0119ki zawarto\u015bci <strong>retinolu, witaminy C, kwasu azelainowego i kwasu salicylowego<\/strong> peeling ten zwalcza oznaki starzenia, przebarwienia i blizny potr\u0105dzikowe w zabiegach estetycznych. Odpowiedni dla dermatolog\u00f3w i specjalist\u00f3w medycyny estetycznej, zapewnia <strong>skuteczne z\u0142uszczanie<\/strong> i wspomaga odnow\u0119 sk\u00f3ry w zabiegach peelingu. Zastosowanie tego peelingu jest szczeg\u00f3lnie polecane w redukcji przebarwie\u0144 i poprawie kolorytu sk\u00f3ry w zabiegach. Zobacz.<\/p>\n","protected":false},"excerpt":{"rendered":"<p>Retises CT Yellow Peel 6 ampu\u0142ek to profesjonalny peeling chemiczny stworzony w celu odm\u0142odzenia i poprawy struktury sk\u00f3ry w zabiegach. Dzi\u0119ki zawarto\u015bci retinolu, witaminy C, kwasu azelainowego i kwasu salicylowego peeling ten zwalcza oznaki starzenia, przebarwienia i blizny potr\u0105dzikowe w zabiegach estetycznych. Odpowiedni dla dermatolog\u00f3w i specjalist\u00f3w medycyny estetycznej, zapewnia skuteczne z\u0142uszczanie i wspomaga odnow\u0119 [&hellip;]<\/p>\n","protected":false},"featured_media":125077,"comment_status":"closed","ping_status":"closed","template":"","meta":{"_acf_changed":false,"inline_featured_image":false},"product_brand":[2919],"product_cat":[4641],"product_tag":[4176],"class_list":{"0":"post-125076","1":"product","2":"type-product","3":"status-publish","4":"has-post-thumbnail","6":"product_brand-mediderma","7":"product_cat-peels-and-masks-pl","8":"product_tag-medical-devices-pl","10":"first","11":"instock","12":"taxable","13":"shipping-taxable","14":"purchasable","15":"product-type-simple","16":"add-to-wishlist-before_image"},"acf":[],"yoast_head":"<!-- This site is optimized with the Yoast SEO plugin v27.1.1 - https:\/\/yoast.com\/product\/yoast-seo-wordpress\/ -->\n<title>Kup Retises CT Yellow Peel 6 ampu\u0142ek online w sklepie Beauty Active<\/title>\n<meta name=\"description\" content=\"Kup Retises CT Yellow Peel 6 ampu\u0142ek online \u2013 silny peeling chemiczny do odm\u0142adzania sk\u00f3ry, blizn potr\u0105dzikowych i przebarwie\u0144. Zam\u00f3w teraz!\" \/>\n<meta name=\"robots\" content=\"index, follow, max-snippet:-1, max-image-preview:large, max-video-preview:-1\" \/>\n<link rel=\"canonical\" href=\"https:\/\/kinamihealth.com\/pl\/wp-json\/wp\/v2\/product\/125076\" \/>\n<meta property=\"og:locale\" content=\"pl_PL\" \/>\n<meta property=\"og:type\" content=\"article\" \/>\n<meta property=\"og:title\" content=\"Kup Retises CT Yellow Peel 6 ampu\u0142ek online w sklepie Beauty Active\" \/>\n<meta property=\"og:description\" content=\"Kup Retises CT Yellow Peel 6 ampu\u0142ek online \u2013 silny peeling chemiczny do odm\u0142adzania sk\u00f3ry, blizn potr\u0105dzikowych i przebarwie\u0144. Zam\u00f3w teraz!\" \/>\n<meta property=\"og:url\" content=\"https:\/\/kinamihealth.com\/pl\/produkt\/mediderma-3-retises-ct-yellow-peel\/\" \/>\n<meta property=\"og:site_name\" content=\"Kinami Health\" \/>\n<meta property=\"article:modified_time\" content=\"2026-01-06T10:26:38+00:00\" \/>\n<meta property=\"og:image\" content=\"https:\/\/kinamihealth.com\/wp-content\/uploads\/2025\/02\/MEDIDERMA-RETISES-CT-YELLOWPWWL-01.jpg\" \/>\n\t<meta property=\"og:image:width\" content=\"800\" \/>\n\t<meta property=\"og:image:height\" content=\"800\" \/>\n\t<meta property=\"og:image:type\" content=\"image\/jpeg\" \/>\n<meta name=\"twitter:card\" content=\"summary_large_image\" \/>\n<meta name=\"twitter:label1\" content=\"Szacowany czas czytania\" \/>\n\t<meta name=\"twitter:data1\" content=\"1 minuta\" \/>\n<!-- \/ Yoast SEO plugin. -->","yoast_head_json":{"title":"Kup Retises CT Yellow Peel 6 ampu\u0142ek online w sklepie Beauty Active","description":"Kup Retises CT Yellow Peel 6 ampu\u0142ek online \u2013 silny peeling chemiczny do odm\u0142adzania sk\u00f3ry, blizn potr\u0105dzikowych i przebarwie\u0144. Zam\u00f3w teraz!","robots":{"index":"index","follow":"follow","max-snippet":"max-snippet:-1","max-image-preview":"max-image-preview:large","max-video-preview":"max-video-preview:-1"},"canonical":"https:\/\/kinamihealth.com\/pl\/wp-json\/wp\/v2\/product\/125076","og_locale":"pl_PL","og_type":"article","og_title":"Kup Retises CT Yellow Peel 6 ampu\u0142ek online w sklepie Beauty Active","og_description":"Kup Retises CT Yellow Peel 6 ampu\u0142ek online \u2013 silny peeling chemiczny do odm\u0142adzania sk\u00f3ry, blizn potr\u0105dzikowych i przebarwie\u0144. Zam\u00f3w teraz!","og_url":"https:\/\/kinamihealth.com\/pl\/produkt\/mediderma-3-retises-ct-yellow-peel\/","og_site_name":"Kinami Health","article_modified_time":"2026-01-06T10:26:38+00:00","og_image":[{"width":800,"height":800,"url":"https:\/\/kinamihealth.com\/wp-content\/uploads\/2025\/02\/MEDIDERMA-RETISES-CT-YELLOWPWWL-01.jpg","type":"image\/jpeg"}],"twitter_card":"summary_large_image","twitter_misc":{"Szacowany czas czytania":"1 minuta"},"schema":{"@context":"https:\/\/schema.org","@graph":[{"@type":"WebPage","@id":"https:\/\/kinamihealth.com\/pl\/produkt\/mediderma-3-retises-ct-yellow-peel\/","url":"https:\/\/kinamihealth.com\/pl\/produkt\/mediderma-3-retises-ct-yellow-peel\/","name":"Kup Retises CT Yellow Peel 6 ampu\u0142ek online w sklepie Beauty Active","isPartOf":{"@id":"https:\/\/kinamihealth.com\/#website"},"primaryImageOfPage":{"@id":"https:\/\/kinamihealth.com\/pl\/produkt\/mediderma-3-retises-ct-yellow-peel\/#primaryimage"},"image":{"@id":"https:\/\/kinamihealth.com\/pl\/produkt\/mediderma-3-retises-ct-yellow-peel\/#primaryimage"},"thumbnailUrl":"https:\/\/kinamihealth.com\/wp-content\/uploads\/2025\/02\/MEDIDERMA-RETISES-CT-YELLOWPWWL-01.jpg","datePublished":"2025-02-15T16:57:11+00:00","dateModified":"2026-01-06T10:26:38+00:00","description":"Kup Retises CT Yellow Peel 6 ampu\u0142ek online \u2013 silny peeling chemiczny do odm\u0142adzania sk\u00f3ry, blizn potr\u0105dzikowych i przebarwie\u0144. Zam\u00f3w teraz!","breadcrumb":{"@id":"https:\/\/kinamihealth.com\/pl\/produkt\/mediderma-3-retises-ct-yellow-peel\/#breadcrumb"},"inLanguage":"pl-PL","potentialAction":[{"@type":"ReadAction","target":["https:\/\/kinamihealth.com\/pl\/produkt\/mediderma-3-retises-ct-yellow-peel\/"]}]},{"@type":"ImageObject","inLanguage":"pl-PL","@id":"https:\/\/kinamihealth.com\/pl\/produkt\/mediderma-3-retises-ct-yellow-peel\/#primaryimage","url":"https:\/\/kinamihealth.com\/wp-content\/uploads\/2025\/02\/MEDIDERMA-RETISES-CT-YELLOWPWWL-01.jpg","contentUrl":"https:\/\/kinamihealth.com\/wp-content\/uploads\/2025\/02\/MEDIDERMA-RETISES-CT-YELLOWPWWL-01.jpg","width":800,"height":800},{"@type":"BreadcrumbList","@id":"https:\/\/kinamihealth.com\/pl\/produkt\/mediderma-3-retises-ct-yellow-peel\/#breadcrumb","itemListElement":[{"@type":"ListItem","position":1,"name":"Strona g\u0142\u00f3wna","item":"https:\/\/kinamihealth.com\/sr\/"},{"@type":"ListItem","position":2,"name":"Sklep","item":"https:\/\/kinamihealth.com\/pl\/?page_id=128280"},{"@type":"ListItem","position":3,"name":"MEDIDERMA\u00ae 3-RETISES CT Yellow Peel"}]},{"@type":"WebSite","@id":"https:\/\/kinamihealth.com\/#website","url":"https:\/\/kinamihealth.com\/","name":"Kinami Health","description":"","publisher":{"@id":"https:\/\/kinamihealth.com\/#organization"},"potentialAction":[{"@type":"SearchAction","target":{"@type":"EntryPoint","urlTemplate":"https:\/\/kinamihealth.com\/?s={search_term_string}"},"query-input":{"@type":"PropertyValueSpecification","valueRequired":true,"valueName":"search_term_string"}}],"inLanguage":"pl-PL"},{"@type":"Organization","@id":"https:\/\/kinamihealth.com\/#organization","name":"Kinami Health","url":"https:\/\/kinamihealth.com\/","logo":{"@type":"ImageObject","inLanguage":"pl-PL","@id":"https:\/\/kinamihealth.com\/#\/schema\/logo\/image\/","url":"https:\/\/kinamihealth.com\/wp-content\/uploads\/2025\/01\/KH_logo_black_2-1.png","contentUrl":"https:\/\/kinamihealth.com\/wp-content\/uploads\/2025\/01\/KH_logo_black_2-1.png","width":339,"height":34,"caption":"Kinami Health"},"image":{"@id":"https:\/\/kinamihealth.com\/#\/schema\/logo\/image\/"}}]}},"_links":{"self":[{"href":"https:\/\/kinamihealth.com\/pl\/wp-json\/wp\/v2\/product\/125076","targetHints":{"allow":["GET"]}}],"collection":[{"href":"https:\/\/kinamihealth.com\/pl\/wp-json\/wp\/v2\/product"}],"about":[{"href":"https:\/\/kinamihealth.com\/pl\/wp-json\/wp\/v2\/types\/product"}],"replies":[{"embeddable":true,"href":"https:\/\/kinamihealth.com\/pl\/wp-json\/wp\/v2\/comments?post=125076"}],"version-history":[{"count":0,"href":"https:\/\/kinamihealth.com\/pl\/wp-json\/wp\/v2\/product\/125076\/revisions"}],"wp:featuredmedia":[{"embeddable":true,"href":"https:\/\/kinamihealth.com\/pl\/wp-json\/wp\/v2\/media\/125077"}],"wp:attachment":[{"href":"https:\/\/kinamihealth.com\/pl\/wp-json\/wp\/v2\/media?parent=125076"}],"wp:term":[{"taxonomy":"product_brand","embeddable":true,"href":"https:\/\/kinamihealth.com\/pl\/wp-json\/wp\/v2\/product_brand?post=125076"},{"taxonomy":"product_cat","embeddable":true,"href":"https:\/\/kinamihealth.com\/pl\/wp-json\/wp\/v2\/product_cat?post=125076"},{"taxonomy":"product_tag","embeddable":true,"href":"https:\/\/kinamihealth.com\/pl\/wp-json\/wp\/v2\/product_tag?post=125076"}],"curies":[{"name":"wp","href":"https:\/\/api.w.org\/{rel}","templated":true}]}}