{"id":125074,"date":"2025-02-15T16:56:58","date_gmt":"2025-02-15T16:56:58","guid":{"rendered":"https:\/\/kinamihealth.com\/product\/mediderma-redness-control-aa-sensitive-gel\/"},"modified":"2026-01-06T11:07:06","modified_gmt":"2026-01-06T11:07:06","slug":"mediderma-redness-control-aa-sensitive-gel","status":"publish","type":"product","link":"https:\/\/kinamihealth.com\/pl\/produkt\/mediderma-redness-control-aa-sensitive-gel\/","title":{"rendered":"MEDIDERMA\u00ae REDNESS CONTROL A&#038;A SENSITIVE GEL"},"content":{"rendered":"<p dir=\"auto\">Odkryj zalety <strong>\u017celu Redness Control A&amp;A Sensitive Gel twarzy \u2013 silnie dzia\u0142aj\u0105cego produktu do piel\u0119gnacji sk\u00f3ry<\/strong> twarzy, stworzonego z my\u015bl\u0105 o <strong>od\u017cywieniu sk\u00f3ry wra\u017cliwej<\/strong> twarzy, sk\u0142onnej do <strong>stan\u00f3w zapalnych i rumieni<\/strong> na twarzy. Produkt kosmetyki \u0142\u0105czy w sobie starannie dobrane sk\u0142adniki aktywne kosmetyki, kt\u00f3re wsp\u00f3lnie zapewniaj\u0105 <strong>nawil\u017cenie twarzy i elastyczno\u015b\u0107<\/strong> twarzy, a jednocze\u015bnie <strong>zmniejszaj\u0105 przet\u0142uszczanie si\u0119 sk\u00f3ry twarzy<\/strong> i przebarwienia na twarzy. <strong>Kup \u017cel Redness Control A&amp;A Sensitive Gel<\/strong> kosmetyki i ciesz si\u0119 <strong>zdrow\u0105 i zr\u00f3wnowa\u017con\u0105 cer\u0105 twarzy w piel\u0119gnacji kosmetyki twarzy.<\/strong><\/p>\n","protected":false},"excerpt":{"rendered":"<p>Odkryj zalety \u017celu Redness Control A&amp;A Sensitive Gel twarzy \u2013 silnie dzia\u0142aj\u0105cego produktu do piel\u0119gnacji sk\u00f3ry twarzy, stworzonego z my\u015bl\u0105 o od\u017cywieniu sk\u00f3ry wra\u017cliwej twarzy, sk\u0142onnej do stan\u00f3w zapalnych i rumieni na twarzy. Produkt kosmetyki \u0142\u0105czy w sobie starannie dobrane sk\u0142adniki aktywne kosmetyki, kt\u00f3re wsp\u00f3lnie zapewniaj\u0105 nawil\u017cenie twarzy i elastyczno\u015b\u0107 twarzy, a jednocze\u015bnie zmniejszaj\u0105 przet\u0142uszczanie [&hellip;]<\/p>\n","protected":false},"featured_media":125075,"comment_status":"closed","ping_status":"closed","template":"","meta":{"_acf_changed":false,"inline_featured_image":false},"product_brand":[2919],"product_cat":[4995],"product_tag":[4176],"class_list":{"0":"post-125074","1":"product","2":"type-product","3":"status-publish","4":"has-post-thumbnail","6":"product_brand-mediderma","7":"product_cat-skincare-pl","8":"product_tag-medical-devices-pl","10":"first","11":"instock","12":"taxable","13":"shipping-taxable","14":"purchasable","15":"product-type-simple","16":"add-to-wishlist-before_image"},"acf":[],"yoast_head":"<!-- This site is optimized with the Yoast SEO plugin v27.1.1 - https:\/\/yoast.com\/product\/yoast-seo-wordpress\/ -->\n<title>Kup Redness Control A&amp;A Sensitive Gel online<\/title>\n<meta name=\"description\" content=\"Kup Redness Control A&amp;A Sensitive Gel. Nawil\u017caj, chro\u0144 i przywracaj r\u00f3wnowag\u0119 sk\u00f3rze. Zam\u00f3w ju\u017c teraz w Kinami Health!\" \/>\n<meta name=\"robots\" content=\"index, follow, max-snippet:-1, max-image-preview:large, max-video-preview:-1\" \/>\n<link rel=\"canonical\" href=\"https:\/\/kinamihealth.com\/pl\/wp-json\/wp\/v2\/product\/125074\" \/>\n<meta property=\"og:locale\" content=\"pl_PL\" \/>\n<meta property=\"og:type\" content=\"article\" \/>\n<meta property=\"og:title\" content=\"Kup Redness Control A&amp;A Sensitive Gel online\" \/>\n<meta property=\"og:description\" content=\"Kup Redness Control A&amp;A Sensitive Gel. Nawil\u017caj, chro\u0144 i przywracaj r\u00f3wnowag\u0119 sk\u00f3rze. Zam\u00f3w ju\u017c teraz w Kinami Health!\" \/>\n<meta property=\"og:url\" content=\"https:\/\/kinamihealth.com\/pl\/produkt\/mediderma-redness-control-aa-sensitive-gel\/\" \/>\n<meta property=\"og:site_name\" content=\"Kinami Health\" \/>\n<meta property=\"article:modified_time\" content=\"2026-01-06T11:07:06+00:00\" \/>\n<meta property=\"og:image\" content=\"https:\/\/kinamihealth.com\/wp-content\/uploads\/2025\/02\/MEDIDERMA-REDNESS-CONTROL-AA-SENSITIVE-GEL-01.jpg\" \/>\n\t<meta property=\"og:image:width\" content=\"800\" \/>\n\t<meta property=\"og:image:height\" content=\"800\" \/>\n\t<meta property=\"og:image:type\" content=\"image\/jpeg\" \/>\n<meta name=\"twitter:card\" content=\"summary_large_image\" \/>\n<meta name=\"twitter:label1\" content=\"Szacowany czas czytania\" \/>\n\t<meta name=\"twitter:data1\" content=\"1 minuta\" \/>\n<!-- \/ Yoast SEO plugin. -->","yoast_head_json":{"title":"Kup Redness Control A&A Sensitive Gel online","description":"Kup Redness Control A&A Sensitive Gel. Nawil\u017caj, chro\u0144 i przywracaj r\u00f3wnowag\u0119 sk\u00f3rze. Zam\u00f3w ju\u017c teraz w Kinami Health!","robots":{"index":"index","follow":"follow","max-snippet":"max-snippet:-1","max-image-preview":"max-image-preview:large","max-video-preview":"max-video-preview:-1"},"canonical":"https:\/\/kinamihealth.com\/pl\/wp-json\/wp\/v2\/product\/125074","og_locale":"pl_PL","og_type":"article","og_title":"Kup Redness Control A&A Sensitive Gel online","og_description":"Kup Redness Control A&A Sensitive Gel. Nawil\u017caj, chro\u0144 i przywracaj r\u00f3wnowag\u0119 sk\u00f3rze. Zam\u00f3w ju\u017c teraz w Kinami Health!","og_url":"https:\/\/kinamihealth.com\/pl\/produkt\/mediderma-redness-control-aa-sensitive-gel\/","og_site_name":"Kinami Health","article_modified_time":"2026-01-06T11:07:06+00:00","og_image":[{"width":800,"height":800,"url":"https:\/\/kinamihealth.com\/wp-content\/uploads\/2025\/02\/MEDIDERMA-REDNESS-CONTROL-AA-SENSITIVE-GEL-01.jpg","type":"image\/jpeg"}],"twitter_card":"summary_large_image","twitter_misc":{"Szacowany czas czytania":"1 minuta"},"schema":{"@context":"https:\/\/schema.org","@graph":[{"@type":"WebPage","@id":"https:\/\/kinamihealth.com\/pl\/produkt\/mediderma-redness-control-aa-sensitive-gel\/","url":"https:\/\/kinamihealth.com\/pl\/produkt\/mediderma-redness-control-aa-sensitive-gel\/","name":"Kup Redness Control A&A Sensitive Gel online","isPartOf":{"@id":"https:\/\/kinamihealth.com\/#website"},"primaryImageOfPage":{"@id":"https:\/\/kinamihealth.com\/pl\/produkt\/mediderma-redness-control-aa-sensitive-gel\/#primaryimage"},"image":{"@id":"https:\/\/kinamihealth.com\/pl\/produkt\/mediderma-redness-control-aa-sensitive-gel\/#primaryimage"},"thumbnailUrl":"https:\/\/kinamihealth.com\/wp-content\/uploads\/2025\/02\/MEDIDERMA-REDNESS-CONTROL-AA-SENSITIVE-GEL-01.jpg","datePublished":"2025-02-15T16:56:58+00:00","dateModified":"2026-01-06T11:07:06+00:00","description":"Kup Redness Control A&A Sensitive Gel. Nawil\u017caj, chro\u0144 i przywracaj r\u00f3wnowag\u0119 sk\u00f3rze. Zam\u00f3w ju\u017c teraz w Kinami Health!","breadcrumb":{"@id":"https:\/\/kinamihealth.com\/pl\/produkt\/mediderma-redness-control-aa-sensitive-gel\/#breadcrumb"},"inLanguage":"pl-PL","potentialAction":[{"@type":"ReadAction","target":["https:\/\/kinamihealth.com\/pl\/produkt\/mediderma-redness-control-aa-sensitive-gel\/"]}]},{"@type":"ImageObject","inLanguage":"pl-PL","@id":"https:\/\/kinamihealth.com\/pl\/produkt\/mediderma-redness-control-aa-sensitive-gel\/#primaryimage","url":"https:\/\/kinamihealth.com\/wp-content\/uploads\/2025\/02\/MEDIDERMA-REDNESS-CONTROL-AA-SENSITIVE-GEL-01.jpg","contentUrl":"https:\/\/kinamihealth.com\/wp-content\/uploads\/2025\/02\/MEDIDERMA-REDNESS-CONTROL-AA-SENSITIVE-GEL-01.jpg","width":800,"height":800},{"@type":"BreadcrumbList","@id":"https:\/\/kinamihealth.com\/pl\/produkt\/mediderma-redness-control-aa-sensitive-gel\/#breadcrumb","itemListElement":[{"@type":"ListItem","position":1,"name":"Strona g\u0142\u00f3wna","item":"https:\/\/kinamihealth.com\/sr\/"},{"@type":"ListItem","position":2,"name":"Sklep","item":"https:\/\/kinamihealth.com\/pl\/?page_id=128280"},{"@type":"ListItem","position":3,"name":"MEDIDERMA\u00ae REDNESS CONTROL A&#038;A SENSITIVE GEL"}]},{"@type":"WebSite","@id":"https:\/\/kinamihealth.com\/#website","url":"https:\/\/kinamihealth.com\/","name":"Kinami Health","description":"","publisher":{"@id":"https:\/\/kinamihealth.com\/#organization"},"potentialAction":[{"@type":"SearchAction","target":{"@type":"EntryPoint","urlTemplate":"https:\/\/kinamihealth.com\/?s={search_term_string}"},"query-input":{"@type":"PropertyValueSpecification","valueRequired":true,"valueName":"search_term_string"}}],"inLanguage":"pl-PL"},{"@type":"Organization","@id":"https:\/\/kinamihealth.com\/#organization","name":"Kinami Health","url":"https:\/\/kinamihealth.com\/","logo":{"@type":"ImageObject","inLanguage":"pl-PL","@id":"https:\/\/kinamihealth.com\/#\/schema\/logo\/image\/","url":"https:\/\/kinamihealth.com\/wp-content\/uploads\/2025\/01\/KH_logo_black_2-1.png","contentUrl":"https:\/\/kinamihealth.com\/wp-content\/uploads\/2025\/01\/KH_logo_black_2-1.png","width":339,"height":34,"caption":"Kinami Health"},"image":{"@id":"https:\/\/kinamihealth.com\/#\/schema\/logo\/image\/"}}]}},"_links":{"self":[{"href":"https:\/\/kinamihealth.com\/pl\/wp-json\/wp\/v2\/product\/125074","targetHints":{"allow":["GET"]}}],"collection":[{"href":"https:\/\/kinamihealth.com\/pl\/wp-json\/wp\/v2\/product"}],"about":[{"href":"https:\/\/kinamihealth.com\/pl\/wp-json\/wp\/v2\/types\/product"}],"replies":[{"embeddable":true,"href":"https:\/\/kinamihealth.com\/pl\/wp-json\/wp\/v2\/comments?post=125074"}],"version-history":[{"count":0,"href":"https:\/\/kinamihealth.com\/pl\/wp-json\/wp\/v2\/product\/125074\/revisions"}],"wp:featuredmedia":[{"embeddable":true,"href":"https:\/\/kinamihealth.com\/pl\/wp-json\/wp\/v2\/media\/125075"}],"wp:attachment":[{"href":"https:\/\/kinamihealth.com\/pl\/wp-json\/wp\/v2\/media?parent=125074"}],"wp:term":[{"taxonomy":"product_brand","embeddable":true,"href":"https:\/\/kinamihealth.com\/pl\/wp-json\/wp\/v2\/product_brand?post=125074"},{"taxonomy":"product_cat","embeddable":true,"href":"https:\/\/kinamihealth.com\/pl\/wp-json\/wp\/v2\/product_cat?post=125074"},{"taxonomy":"product_tag","embeddable":true,"href":"https:\/\/kinamihealth.com\/pl\/wp-json\/wp\/v2\/product_tag?post=125074"}],"curies":[{"name":"wp","href":"https:\/\/api.w.org\/{rel}","templated":true}]}}