{"id":125072,"date":"2025-02-15T16:56:51","date_gmt":"2025-02-15T16:56:51","guid":{"rendered":"https:\/\/kinamihealth.com\/product\/mediderma-purifying-control-as-cleanser-mousse\/"},"modified":"2026-01-06T13:08:57","modified_gmt":"2026-01-06T13:08:57","slug":"mediderma-purifying-control-as-cleanser-mousse","status":"publish","type":"product","link":"https:\/\/kinamihealth.com\/pl\/produkt\/mediderma-purifying-control-as-cleanser-mousse\/","title":{"rendered":"MEDIDERMA\u00ae PURIFYING CONTROL AS CLEANSER MOUSSE"},"content":{"rendered":"<p dir=\"auto\"><strong>Purifying Control AS Cleanser Mousse Daily Care to innowacyjny bezmyd\u0142owy pienisty krem do mycia twarzy<\/strong> opracowany przez lidera bran\u017cy, firm\u0119 Mediderma w piel\u0119gnacji produkt\u00f3w kremy. Ta zaawansowana formu\u0142a pienisty krem \u0142\u0105czy <strong>kwas salicylowy, aloes i ekstrakty ro\u015blinne<\/strong> w delikatnej piankowej emulsji kremy, kt\u00f3ra g\u0142\u0119boko oczyszcza sk\u00f3r\u0119 w piel\u0119gnacji produkt\u00f3w, zachowuj\u0105c jej r\u00f3wnowag\u0119 w codziennym zabiegu kremy. Podw\u00f3jne dzia\u0142anie preparatu <strong>usuwa zanieczyszczenia i reguluje nadmierne wydzielanie sebum<\/strong> bez naruszania naturalnej bariery ochronnej sk\u00f3ry w piel\u0119gnacji produkt\u00f3w kremy. Idealny dla wszystkich rodzaj\u00f3w sk\u00f3ry, zw\u0142aszcza sk\u00f3ry sk\u0142onnej do tr\u0105dziku w piel\u0119gnacji produkt\u00f3w, ten preparat do codziennej piel\u0119gnacji skutecznie dzia\u0142a antybakteryjnie i przeciwzapalnie w zabiegu kremy, jednocze\u015bnie wspomagaj\u0105c naturaln\u0105 odnow\u0119 i odm\u0142odzenie sk\u00f3ry w piel\u0119gnacji produkt\u00f3w.<\/p>\n","protected":false},"excerpt":{"rendered":"<p>Purifying Control AS Cleanser Mousse Daily Care to innowacyjny bezmyd\u0142owy pienisty krem do mycia twarzy opracowany przez lidera bran\u017cy, firm\u0119 Mediderma w piel\u0119gnacji produkt\u00f3w kremy. Ta zaawansowana formu\u0142a pienisty krem \u0142\u0105czy kwas salicylowy, aloes i ekstrakty ro\u015blinne w delikatnej piankowej emulsji kremy, kt\u00f3ra g\u0142\u0119boko oczyszcza sk\u00f3r\u0119 w piel\u0119gnacji produkt\u00f3w, zachowuj\u0105c jej r\u00f3wnowag\u0119 w codziennym zabiegu [&hellip;]<\/p>\n","protected":false},"featured_media":125073,"comment_status":"closed","ping_status":"closed","template":"","meta":{"_acf_changed":false,"inline_featured_image":false},"product_brand":[2919],"product_cat":[4995],"product_tag":[4176],"class_list":{"0":"post-125072","1":"product","2":"type-product","3":"status-publish","4":"has-post-thumbnail","6":"product_brand-mediderma","7":"product_cat-skincare-pl","8":"product_tag-medical-devices-pl","10":"first","11":"instock","12":"taxable","13":"shipping-taxable","14":"purchasable","15":"product-type-simple","16":"add-to-wishlist-before_image"},"acf":[],"yoast_head":"<!-- This site is optimized with the Yoast SEO plugin v27.1.1 - https:\/\/yoast.com\/product\/yoast-seo-wordpress\/ -->\n<title>Kup Purifying Control As Cleanser Mousse Daily Care 200 ml<\/title>\n<meta name=\"description\" content=\"Kup Purifying Control As Cleanser Mousse Daily Care, zaawansowany antybakteryjny piankowy \u015brodek czyszcz\u0105cy do codziennej piel\u0119gnacji twarzy.\" \/>\n<meta name=\"robots\" content=\"index, follow, max-snippet:-1, max-image-preview:large, max-video-preview:-1\" \/>\n<link rel=\"canonical\" href=\"https:\/\/kinamihealth.com\/pl\/wp-json\/wp\/v2\/product\/125072\" \/>\n<meta property=\"og:locale\" content=\"pl_PL\" \/>\n<meta property=\"og:type\" content=\"article\" \/>\n<meta property=\"og:title\" content=\"Kup Purifying Control As Cleanser Mousse Daily Care 200 ml\" \/>\n<meta property=\"og:description\" content=\"Kup Purifying Control As Cleanser Mousse Daily Care, zaawansowany antybakteryjny piankowy \u015brodek czyszcz\u0105cy do codziennej piel\u0119gnacji twarzy.\" \/>\n<meta property=\"og:url\" content=\"https:\/\/kinamihealth.com\/pl\/produkt\/mediderma-purifying-control-as-cleanser-mousse\/\" \/>\n<meta property=\"og:site_name\" content=\"Kinami Health\" \/>\n<meta property=\"article:modified_time\" content=\"2026-01-06T13:08:57+00:00\" \/>\n<meta property=\"og:image\" content=\"https:\/\/kinamihealth.com\/wp-content\/uploads\/2025\/02\/MEDIDERMA-PURIFYING-CONTROL-AS-CLEANSER-MOUSSE-DAILY-CARE-01.jpg\" \/>\n\t<meta property=\"og:image:width\" content=\"800\" \/>\n\t<meta property=\"og:image:height\" content=\"800\" \/>\n\t<meta property=\"og:image:type\" content=\"image\/jpeg\" \/>\n<meta name=\"twitter:card\" content=\"summary_large_image\" \/>\n<meta name=\"twitter:label1\" content=\"Szacowany czas czytania\" \/>\n\t<meta name=\"twitter:data1\" content=\"1 minuta\" \/>\n<!-- \/ Yoast SEO plugin. -->","yoast_head_json":{"title":"Kup Purifying Control As Cleanser Mousse Daily Care 200 ml","description":"Kup Purifying Control As Cleanser Mousse Daily Care, zaawansowany antybakteryjny piankowy \u015brodek czyszcz\u0105cy do codziennej piel\u0119gnacji twarzy.","robots":{"index":"index","follow":"follow","max-snippet":"max-snippet:-1","max-image-preview":"max-image-preview:large","max-video-preview":"max-video-preview:-1"},"canonical":"https:\/\/kinamihealth.com\/pl\/wp-json\/wp\/v2\/product\/125072","og_locale":"pl_PL","og_type":"article","og_title":"Kup Purifying Control As Cleanser Mousse Daily Care 200 ml","og_description":"Kup Purifying Control As Cleanser Mousse Daily Care, zaawansowany antybakteryjny piankowy \u015brodek czyszcz\u0105cy do codziennej piel\u0119gnacji twarzy.","og_url":"https:\/\/kinamihealth.com\/pl\/produkt\/mediderma-purifying-control-as-cleanser-mousse\/","og_site_name":"Kinami Health","article_modified_time":"2026-01-06T13:08:57+00:00","og_image":[{"width":800,"height":800,"url":"https:\/\/kinamihealth.com\/wp-content\/uploads\/2025\/02\/MEDIDERMA-PURIFYING-CONTROL-AS-CLEANSER-MOUSSE-DAILY-CARE-01.jpg","type":"image\/jpeg"}],"twitter_card":"summary_large_image","twitter_misc":{"Szacowany czas czytania":"1 minuta"},"schema":{"@context":"https:\/\/schema.org","@graph":[{"@type":"WebPage","@id":"https:\/\/kinamihealth.com\/pl\/produkt\/mediderma-purifying-control-as-cleanser-mousse\/","url":"https:\/\/kinamihealth.com\/pl\/produkt\/mediderma-purifying-control-as-cleanser-mousse\/","name":"Kup Purifying Control As Cleanser Mousse Daily Care 200 ml","isPartOf":{"@id":"https:\/\/kinamihealth.com\/#website"},"primaryImageOfPage":{"@id":"https:\/\/kinamihealth.com\/pl\/produkt\/mediderma-purifying-control-as-cleanser-mousse\/#primaryimage"},"image":{"@id":"https:\/\/kinamihealth.com\/pl\/produkt\/mediderma-purifying-control-as-cleanser-mousse\/#primaryimage"},"thumbnailUrl":"https:\/\/kinamihealth.com\/wp-content\/uploads\/2025\/02\/MEDIDERMA-PURIFYING-CONTROL-AS-CLEANSER-MOUSSE-DAILY-CARE-01.jpg","datePublished":"2025-02-15T16:56:51+00:00","dateModified":"2026-01-06T13:08:57+00:00","description":"Kup Purifying Control As Cleanser Mousse Daily Care, zaawansowany antybakteryjny piankowy \u015brodek czyszcz\u0105cy do codziennej piel\u0119gnacji twarzy.","breadcrumb":{"@id":"https:\/\/kinamihealth.com\/pl\/produkt\/mediderma-purifying-control-as-cleanser-mousse\/#breadcrumb"},"inLanguage":"pl-PL","potentialAction":[{"@type":"ReadAction","target":["https:\/\/kinamihealth.com\/pl\/produkt\/mediderma-purifying-control-as-cleanser-mousse\/"]}]},{"@type":"ImageObject","inLanguage":"pl-PL","@id":"https:\/\/kinamihealth.com\/pl\/produkt\/mediderma-purifying-control-as-cleanser-mousse\/#primaryimage","url":"https:\/\/kinamihealth.com\/wp-content\/uploads\/2025\/02\/MEDIDERMA-PURIFYING-CONTROL-AS-CLEANSER-MOUSSE-DAILY-CARE-01.jpg","contentUrl":"https:\/\/kinamihealth.com\/wp-content\/uploads\/2025\/02\/MEDIDERMA-PURIFYING-CONTROL-AS-CLEANSER-MOUSSE-DAILY-CARE-01.jpg","width":800,"height":800},{"@type":"BreadcrumbList","@id":"https:\/\/kinamihealth.com\/pl\/produkt\/mediderma-purifying-control-as-cleanser-mousse\/#breadcrumb","itemListElement":[{"@type":"ListItem","position":1,"name":"Strona g\u0142\u00f3wna","item":"https:\/\/kinamihealth.com\/sr\/"},{"@type":"ListItem","position":2,"name":"Sklep","item":"https:\/\/kinamihealth.com\/pl\/?page_id=128280"},{"@type":"ListItem","position":3,"name":"MEDIDERMA\u00ae PURIFYING CONTROL AS CLEANSER MOUSSE"}]},{"@type":"WebSite","@id":"https:\/\/kinamihealth.com\/#website","url":"https:\/\/kinamihealth.com\/","name":"Kinami Health","description":"","publisher":{"@id":"https:\/\/kinamihealth.com\/#organization"},"potentialAction":[{"@type":"SearchAction","target":{"@type":"EntryPoint","urlTemplate":"https:\/\/kinamihealth.com\/?s={search_term_string}"},"query-input":{"@type":"PropertyValueSpecification","valueRequired":true,"valueName":"search_term_string"}}],"inLanguage":"pl-PL"},{"@type":"Organization","@id":"https:\/\/kinamihealth.com\/#organization","name":"Kinami Health","url":"https:\/\/kinamihealth.com\/","logo":{"@type":"ImageObject","inLanguage":"pl-PL","@id":"https:\/\/kinamihealth.com\/#\/schema\/logo\/image\/","url":"https:\/\/kinamihealth.com\/wp-content\/uploads\/2025\/01\/KH_logo_black_2-1.png","contentUrl":"https:\/\/kinamihealth.com\/wp-content\/uploads\/2025\/01\/KH_logo_black_2-1.png","width":339,"height":34,"caption":"Kinami Health"},"image":{"@id":"https:\/\/kinamihealth.com\/#\/schema\/logo\/image\/"}}]}},"_links":{"self":[{"href":"https:\/\/kinamihealth.com\/pl\/wp-json\/wp\/v2\/product\/125072","targetHints":{"allow":["GET"]}}],"collection":[{"href":"https:\/\/kinamihealth.com\/pl\/wp-json\/wp\/v2\/product"}],"about":[{"href":"https:\/\/kinamihealth.com\/pl\/wp-json\/wp\/v2\/types\/product"}],"replies":[{"embeddable":true,"href":"https:\/\/kinamihealth.com\/pl\/wp-json\/wp\/v2\/comments?post=125072"}],"version-history":[{"count":0,"href":"https:\/\/kinamihealth.com\/pl\/wp-json\/wp\/v2\/product\/125072\/revisions"}],"wp:featuredmedia":[{"embeddable":true,"href":"https:\/\/kinamihealth.com\/pl\/wp-json\/wp\/v2\/media\/125073"}],"wp:attachment":[{"href":"https:\/\/kinamihealth.com\/pl\/wp-json\/wp\/v2\/media?parent=125072"}],"wp:term":[{"taxonomy":"product_brand","embeddable":true,"href":"https:\/\/kinamihealth.com\/pl\/wp-json\/wp\/v2\/product_brand?post=125072"},{"taxonomy":"product_cat","embeddable":true,"href":"https:\/\/kinamihealth.com\/pl\/wp-json\/wp\/v2\/product_cat?post=125072"},{"taxonomy":"product_tag","embeddable":true,"href":"https:\/\/kinamihealth.com\/pl\/wp-json\/wp\/v2\/product_tag?post=125072"}],"curies":[{"name":"wp","href":"https:\/\/api.w.org\/{rel}","templated":true}]}}