{"id":125062,"date":"2025-02-15T16:55:23","date_gmt":"2025-02-15T16:55:23","guid":{"rendered":"https:\/\/kinamihealth.com\/product\/mediderma-hylanses-md-cleanser-mousse-foamy-cream\/"},"modified":"2026-01-06T14:38:45","modified_gmt":"2026-01-06T14:38:45","slug":"mediderma-hylanses-md-cleanser-mousse-foamy-cream","status":"publish","type":"product","link":"https:\/\/kinamihealth.com\/pl\/produkt\/mediderma-hylanses-md-cleanser-mousse-foamy-cream\/","title":{"rendered":"MEDIDERMA\u00ae HYLANSES MD CLEANSER MOUSSE (Foamy Cream)"},"content":{"rendered":"<p dir=\"auto\"><strong>HYLANSES MD CLEANSER MOUSSE 200 ml<\/strong> to bezmyd\u0142owy piankowy \u015brodek oczyszczaj\u0105cy sk\u00f3ry, starannie opracowany dla wszystkich rodzaj\u00f3w sk\u00f3ry cia\u0142a, nawet wra\u017cliwej sk\u00f3ry, sk\u0142onnej do tr\u0105dziku. Ten silnie antybakteryjny krem zapewnia dok\u0142adne oczyszczenie twarzy sk\u00f3ry, a jednocze\u015bnie <strong>utrzymuje nawil\u017cenie i r\u00f3wnowag\u0119 sk\u00f3ry cia\u0142a.<\/strong> \u0141atwo <strong>usuwa resztki makija\u017cu, t\u0142uszcz, zanieczyszczenia i bakterie<\/strong> ka\u017cdego dnia, rano i wieczorem na sk\u00f3rze. Kup <strong>HYLANSES MD CLEANSER MOUSSE 200 ml w Kinami Health i zam\u00f3w produkty marki Mediderma, kt\u00f3re najlepiej odpowiadaj\u0105 potrzebom Twoich klient\u00f3w w piel\u0119gnacji sk\u00f3ry cia\u0142a.<\/strong><\/p>\n","protected":false},"excerpt":{"rendered":"<p>HYLANSES MD CLEANSER MOUSSE 200 ml to bezmyd\u0142owy piankowy \u015brodek oczyszczaj\u0105cy sk\u00f3ry, starannie opracowany dla wszystkich rodzaj\u00f3w sk\u00f3ry cia\u0142a, nawet wra\u017cliwej sk\u00f3ry, sk\u0142onnej do tr\u0105dziku. Ten silnie antybakteryjny krem zapewnia dok\u0142adne oczyszczenie twarzy sk\u00f3ry, a jednocze\u015bnie utrzymuje nawil\u017cenie i r\u00f3wnowag\u0119 sk\u00f3ry cia\u0142a. \u0141atwo usuwa resztki makija\u017cu, t\u0142uszcz, zanieczyszczenia i bakterie ka\u017cdego dnia, rano i wieczorem [&hellip;]<\/p>\n","protected":false},"featured_media":125063,"comment_status":"closed","ping_status":"closed","template":"","meta":{"_acf_changed":false,"inline_featured_image":false},"product_brand":[2919],"product_cat":[4995],"product_tag":[4176],"class_list":{"0":"post-125062","1":"product","2":"type-product","3":"status-publish","4":"has-post-thumbnail","6":"product_brand-mediderma","7":"product_cat-skincare-pl","8":"product_tag-medical-devices-pl","10":"first","11":"instock","12":"taxable","13":"shipping-taxable","14":"purchasable","15":"product-type-simple","16":"add-to-wishlist-before_image"},"acf":[],"yoast_head":"<!-- This site is optimized with the Yoast SEO plugin v27.1.1 - https:\/\/yoast.com\/product\/yoast-seo-wordpress\/ -->\n<title>Kup HYLANSES MD CLEANSER MOUSSE 200 ml online<\/title>\n<meta name=\"description\" content=\"Kup online HYLANSES MD CLEANSER MOUSSE 200 ml i stosuj ten antybakteryjny krem w pianie do codziennego oczyszczania twarzy.\" \/>\n<meta name=\"robots\" content=\"index, follow, max-snippet:-1, max-image-preview:large, max-video-preview:-1\" \/>\n<link rel=\"canonical\" href=\"https:\/\/kinamihealth.com\/pl\/wp-json\/wp\/v2\/product\/125062\" \/>\n<meta property=\"og:locale\" content=\"pl_PL\" \/>\n<meta property=\"og:type\" content=\"article\" \/>\n<meta property=\"og:title\" content=\"Kup HYLANSES MD CLEANSER MOUSSE 200 ml online\" \/>\n<meta property=\"og:description\" content=\"Kup online HYLANSES MD CLEANSER MOUSSE 200 ml i stosuj ten antybakteryjny krem w pianie do codziennego oczyszczania twarzy.\" \/>\n<meta property=\"og:url\" content=\"https:\/\/kinamihealth.com\/pl\/produkt\/mediderma-hylanses-md-cleanser-mousse-foamy-cream\/\" \/>\n<meta property=\"og:site_name\" content=\"Kinami Health\" \/>\n<meta property=\"article:modified_time\" content=\"2026-01-06T14:38:45+00:00\" \/>\n<meta property=\"og:image\" content=\"https:\/\/kinamihealth.com\/wp-content\/uploads\/2025\/02\/MEDIDERMA-HYLANSES-MD-CLEANSER-MOUSSE-01.jpg\" \/>\n\t<meta property=\"og:image:width\" content=\"800\" \/>\n\t<meta property=\"og:image:height\" content=\"800\" \/>\n\t<meta property=\"og:image:type\" content=\"image\/jpeg\" \/>\n<meta name=\"twitter:card\" content=\"summary_large_image\" \/>\n<meta name=\"twitter:label1\" content=\"Szacowany czas czytania\" \/>\n\t<meta name=\"twitter:data1\" content=\"1 minuta\" \/>\n<!-- \/ Yoast SEO plugin. -->","yoast_head_json":{"title":"Kup HYLANSES MD CLEANSER MOUSSE 200 ml online","description":"Kup online HYLANSES MD CLEANSER MOUSSE 200 ml i stosuj ten antybakteryjny krem w pianie do codziennego oczyszczania twarzy.","robots":{"index":"index","follow":"follow","max-snippet":"max-snippet:-1","max-image-preview":"max-image-preview:large","max-video-preview":"max-video-preview:-1"},"canonical":"https:\/\/kinamihealth.com\/pl\/wp-json\/wp\/v2\/product\/125062","og_locale":"pl_PL","og_type":"article","og_title":"Kup HYLANSES MD CLEANSER MOUSSE 200 ml online","og_description":"Kup online HYLANSES MD CLEANSER MOUSSE 200 ml i stosuj ten antybakteryjny krem w pianie do codziennego oczyszczania twarzy.","og_url":"https:\/\/kinamihealth.com\/pl\/produkt\/mediderma-hylanses-md-cleanser-mousse-foamy-cream\/","og_site_name":"Kinami Health","article_modified_time":"2026-01-06T14:38:45+00:00","og_image":[{"width":800,"height":800,"url":"https:\/\/kinamihealth.com\/wp-content\/uploads\/2025\/02\/MEDIDERMA-HYLANSES-MD-CLEANSER-MOUSSE-01.jpg","type":"image\/jpeg"}],"twitter_card":"summary_large_image","twitter_misc":{"Szacowany czas czytania":"1 minuta"},"schema":{"@context":"https:\/\/schema.org","@graph":[{"@type":"WebPage","@id":"https:\/\/kinamihealth.com\/pl\/produkt\/mediderma-hylanses-md-cleanser-mousse-foamy-cream\/","url":"https:\/\/kinamihealth.com\/pl\/produkt\/mediderma-hylanses-md-cleanser-mousse-foamy-cream\/","name":"Kup HYLANSES MD CLEANSER MOUSSE 200 ml online","isPartOf":{"@id":"https:\/\/kinamihealth.com\/#website"},"primaryImageOfPage":{"@id":"https:\/\/kinamihealth.com\/pl\/produkt\/mediderma-hylanses-md-cleanser-mousse-foamy-cream\/#primaryimage"},"image":{"@id":"https:\/\/kinamihealth.com\/pl\/produkt\/mediderma-hylanses-md-cleanser-mousse-foamy-cream\/#primaryimage"},"thumbnailUrl":"https:\/\/kinamihealth.com\/wp-content\/uploads\/2025\/02\/MEDIDERMA-HYLANSES-MD-CLEANSER-MOUSSE-01.jpg","datePublished":"2025-02-15T16:55:23+00:00","dateModified":"2026-01-06T14:38:45+00:00","description":"Kup online HYLANSES MD CLEANSER MOUSSE 200 ml i stosuj ten antybakteryjny krem w pianie do codziennego oczyszczania twarzy.","breadcrumb":{"@id":"https:\/\/kinamihealth.com\/pl\/produkt\/mediderma-hylanses-md-cleanser-mousse-foamy-cream\/#breadcrumb"},"inLanguage":"pl-PL","potentialAction":[{"@type":"ReadAction","target":["https:\/\/kinamihealth.com\/pl\/produkt\/mediderma-hylanses-md-cleanser-mousse-foamy-cream\/"]}]},{"@type":"ImageObject","inLanguage":"pl-PL","@id":"https:\/\/kinamihealth.com\/pl\/produkt\/mediderma-hylanses-md-cleanser-mousse-foamy-cream\/#primaryimage","url":"https:\/\/kinamihealth.com\/wp-content\/uploads\/2025\/02\/MEDIDERMA-HYLANSES-MD-CLEANSER-MOUSSE-01.jpg","contentUrl":"https:\/\/kinamihealth.com\/wp-content\/uploads\/2025\/02\/MEDIDERMA-HYLANSES-MD-CLEANSER-MOUSSE-01.jpg","width":800,"height":800},{"@type":"BreadcrumbList","@id":"https:\/\/kinamihealth.com\/pl\/produkt\/mediderma-hylanses-md-cleanser-mousse-foamy-cream\/#breadcrumb","itemListElement":[{"@type":"ListItem","position":1,"name":"Strona g\u0142\u00f3wna","item":"https:\/\/kinamihealth.com\/sr\/"},{"@type":"ListItem","position":2,"name":"Sklep","item":"https:\/\/kinamihealth.com\/pl\/?page_id=128280"},{"@type":"ListItem","position":3,"name":"MEDIDERMA\u00ae HYLANSES MD CLEANSER MOUSSE (Foamy Cream)"}]},{"@type":"WebSite","@id":"https:\/\/kinamihealth.com\/#website","url":"https:\/\/kinamihealth.com\/","name":"Kinami Health","description":"","publisher":{"@id":"https:\/\/kinamihealth.com\/#organization"},"potentialAction":[{"@type":"SearchAction","target":{"@type":"EntryPoint","urlTemplate":"https:\/\/kinamihealth.com\/?s={search_term_string}"},"query-input":{"@type":"PropertyValueSpecification","valueRequired":true,"valueName":"search_term_string"}}],"inLanguage":"pl-PL"},{"@type":"Organization","@id":"https:\/\/kinamihealth.com\/#organization","name":"Kinami Health","url":"https:\/\/kinamihealth.com\/","logo":{"@type":"ImageObject","inLanguage":"pl-PL","@id":"https:\/\/kinamihealth.com\/#\/schema\/logo\/image\/","url":"https:\/\/kinamihealth.com\/wp-content\/uploads\/2025\/01\/KH_logo_black_2-1.png","contentUrl":"https:\/\/kinamihealth.com\/wp-content\/uploads\/2025\/01\/KH_logo_black_2-1.png","width":339,"height":34,"caption":"Kinami Health"},"image":{"@id":"https:\/\/kinamihealth.com\/#\/schema\/logo\/image\/"}}]}},"_links":{"self":[{"href":"https:\/\/kinamihealth.com\/pl\/wp-json\/wp\/v2\/product\/125062","targetHints":{"allow":["GET"]}}],"collection":[{"href":"https:\/\/kinamihealth.com\/pl\/wp-json\/wp\/v2\/product"}],"about":[{"href":"https:\/\/kinamihealth.com\/pl\/wp-json\/wp\/v2\/types\/product"}],"replies":[{"embeddable":true,"href":"https:\/\/kinamihealth.com\/pl\/wp-json\/wp\/v2\/comments?post=125062"}],"version-history":[{"count":0,"href":"https:\/\/kinamihealth.com\/pl\/wp-json\/wp\/v2\/product\/125062\/revisions"}],"wp:featuredmedia":[{"embeddable":true,"href":"https:\/\/kinamihealth.com\/pl\/wp-json\/wp\/v2\/media\/125063"}],"wp:attachment":[{"href":"https:\/\/kinamihealth.com\/pl\/wp-json\/wp\/v2\/media?parent=125062"}],"wp:term":[{"taxonomy":"product_brand","embeddable":true,"href":"https:\/\/kinamihealth.com\/pl\/wp-json\/wp\/v2\/product_brand?post=125062"},{"taxonomy":"product_cat","embeddable":true,"href":"https:\/\/kinamihealth.com\/pl\/wp-json\/wp\/v2\/product_cat?post=125062"},{"taxonomy":"product_tag","embeddable":true,"href":"https:\/\/kinamihealth.com\/pl\/wp-json\/wp\/v2\/product_tag?post=125062"}],"curies":[{"name":"wp","href":"https:\/\/api.w.org\/{rel}","templated":true}]}}