{"id":125054,"date":"2025-02-15T16:55:11","date_gmt":"2025-02-15T16:55:11","guid":{"rendered":"https:\/\/kinamihealth.com\/product\/mediderma-fr-antiox-md-anti-pollution-protect-facial-cream-gel\/"},"modified":"2025-12-07T21:46:31","modified_gmt":"2025-12-07T21:46:31","slug":"mediderma-fr-antiox-md-anti-pollution-protect-facial-cream-gel","status":"publish","type":"product","link":"https:\/\/kinamihealth.com\/pl\/produkt\/mediderma-fr-antiox-md-anti-pollution-protect-facial-cream-gel\/","title":{"rendered":"MEDIDERMA\u00ae FR-ANTIOX MD ANTI-POLLUTION PROTECT FACIAL CREAM GEL"},"content":{"rendered":"<p><b>FR-ANTIOX MD ANTI-POLLUTION PROTECT FACIAL CREAM GEL 50 ml <\/b><span style=\"font-weight: 400;\">to zaawansowany <\/span><b>krem w \u017celu<\/b><span style=\"font-weight: 400;\"> zawieraj\u0105cy <\/span><b>przeciwutleniacze<\/b><span style=\"font-weight: 400;\">, <\/span><b>kwas hialuronowy<\/b><span style=\"font-weight: 400;\"> i <\/span><b>witaminy<\/b><span style=\"font-weight: 400;\">, kt\u00f3re nawil\u017caj\u0105 i chroni\u0105 sk\u00f3r\u0119 przed <\/span><b>zanieczyszczeniami \u015brodowiska<\/b><span style=\"font-weight: 400;\">. Stosuj go <\/span><b>dwa razy dziennie<\/b><span style=\"font-weight: 400;\">, ka\u017cdego dnia, aby zapobiec pojawianiu si\u0119 <\/span><b>niedoskona\u0142o\u015bci zwi\u0105zanych z wiekiem<\/b><span style=\"font-weight: 400;\">, takich jak <\/span><b>zmarszczki, drobne linie<\/b><span style=\"font-weight: 400;\"> oraz <\/span><b>matowa <\/b><span style=\"font-weight: 400;\">i <\/span><b>zm\u0119czona cera<\/b><span style=\"font-weight: 400;\">.<\/span><\/p>\n","protected":false},"excerpt":{"rendered":"<p>FR-ANTIOX MD ANTI-POLLUTION PROTECT FACIAL CREAM GEL 50 ml to zaawansowany krem w \u017celu zawieraj\u0105cy przeciwutleniacze, kwas hialuronowy i witaminy, kt\u00f3re nawil\u017caj\u0105 i chroni\u0105 sk\u00f3r\u0119 przed zanieczyszczeniami \u015brodowiska. Stosuj go dwa razy dziennie, ka\u017cdego dnia, aby zapobiec pojawianiu si\u0119 niedoskona\u0142o\u015bci zwi\u0105zanych z wiekiem, takich jak zmarszczki, drobne linie oraz matowa i zm\u0119czona cera.<\/p>\n","protected":false},"featured_media":125055,"comment_status":"closed","ping_status":"closed","template":"","meta":{"_acf_changed":false,"inline_featured_image":false},"product_brand":[2919],"product_cat":[4995],"product_tag":[4176],"class_list":{"0":"post-125054","1":"product","2":"type-product","3":"status-publish","4":"has-post-thumbnail","6":"product_brand-mediderma","7":"product_cat-skincare-pl","8":"product_tag-medical-devices-pl","10":"first","11":"instock","12":"taxable","13":"shipping-taxable","14":"purchasable","15":"product-type-simple","16":"add-to-wishlist-before_image"},"acf":[],"yoast_head":"<!-- This site is optimized with the Yoast SEO plugin v27.1.1 - https:\/\/yoast.com\/product\/yoast-seo-wordpress\/ -->\n<title>Kup FR-ANTIOX MD Anti-Pollution Protect Facial Cream Gel 50 ml<\/title>\n<meta name=\"description\" content=\"Kup online FR-ANTIOX MD Anti-Pollution Protect Facial Cream Gel 50 ml i po\u0142\u0105cz w\u0142a\u015bciwo\u015bci ochronne i nawil\u017caj\u0105ce tego \u017celu z przeciwutleniaczami.\" \/>\n<meta name=\"robots\" content=\"index, follow, max-snippet:-1, max-image-preview:large, max-video-preview:-1\" \/>\n<link rel=\"canonical\" href=\"https:\/\/kinamihealth.com\/pl\/wp-json\/wp\/v2\/product\/125054\" \/>\n<meta property=\"og:locale\" content=\"pl_PL\" \/>\n<meta property=\"og:type\" content=\"article\" \/>\n<meta property=\"og:title\" content=\"Kup FR-ANTIOX MD Anti-Pollution Protect Facial Cream Gel 50 ml\" \/>\n<meta property=\"og:description\" content=\"Kup online FR-ANTIOX MD Anti-Pollution Protect Facial Cream Gel 50 ml i po\u0142\u0105cz w\u0142a\u015bciwo\u015bci ochronne i nawil\u017caj\u0105ce tego \u017celu z przeciwutleniaczami.\" \/>\n<meta property=\"og:url\" content=\"https:\/\/kinamihealth.com\/pl\/produkt\/mediderma-fr-antiox-md-anti-pollution-protect-facial-cream-gel\/\" \/>\n<meta property=\"og:site_name\" content=\"Kinami Health\" \/>\n<meta property=\"article:modified_time\" content=\"2025-12-07T21:46:31+00:00\" \/>\n<meta property=\"og:image\" content=\"https:\/\/kinamihealth.com\/wp-content\/uploads\/2025\/02\/MEDIDERMA-FR-ANTIOX-MD-ANTI-POLLUTION-PROTECT-FACIAL-CREAM-GEL-01.jpg\" \/>\n\t<meta property=\"og:image:width\" content=\"800\" \/>\n\t<meta property=\"og:image:height\" content=\"800\" \/>\n\t<meta property=\"og:image:type\" content=\"image\/jpeg\" \/>\n<meta name=\"twitter:card\" content=\"summary_large_image\" \/>\n<meta name=\"twitter:label1\" content=\"Szacowany czas czytania\" \/>\n\t<meta name=\"twitter:data1\" content=\"1 minuta\" \/>\n<!-- \/ Yoast SEO plugin. -->","yoast_head_json":{"title":"Kup FR-ANTIOX MD Anti-Pollution Protect Facial Cream Gel 50 ml","description":"Kup online FR-ANTIOX MD Anti-Pollution Protect Facial Cream Gel 50 ml i po\u0142\u0105cz w\u0142a\u015bciwo\u015bci ochronne i nawil\u017caj\u0105ce tego \u017celu z przeciwutleniaczami.","robots":{"index":"index","follow":"follow","max-snippet":"max-snippet:-1","max-image-preview":"max-image-preview:large","max-video-preview":"max-video-preview:-1"},"canonical":"https:\/\/kinamihealth.com\/pl\/wp-json\/wp\/v2\/product\/125054","og_locale":"pl_PL","og_type":"article","og_title":"Kup FR-ANTIOX MD Anti-Pollution Protect Facial Cream Gel 50 ml","og_description":"Kup online FR-ANTIOX MD Anti-Pollution Protect Facial Cream Gel 50 ml i po\u0142\u0105cz w\u0142a\u015bciwo\u015bci ochronne i nawil\u017caj\u0105ce tego \u017celu z przeciwutleniaczami.","og_url":"https:\/\/kinamihealth.com\/pl\/produkt\/mediderma-fr-antiox-md-anti-pollution-protect-facial-cream-gel\/","og_site_name":"Kinami Health","article_modified_time":"2025-12-07T21:46:31+00:00","og_image":[{"width":800,"height":800,"url":"https:\/\/kinamihealth.com\/wp-content\/uploads\/2025\/02\/MEDIDERMA-FR-ANTIOX-MD-ANTI-POLLUTION-PROTECT-FACIAL-CREAM-GEL-01.jpg","type":"image\/jpeg"}],"twitter_card":"summary_large_image","twitter_misc":{"Szacowany czas czytania":"1 minuta"},"schema":{"@context":"https:\/\/schema.org","@graph":[{"@type":"WebPage","@id":"https:\/\/kinamihealth.com\/pl\/produkt\/mediderma-fr-antiox-md-anti-pollution-protect-facial-cream-gel\/","url":"https:\/\/kinamihealth.com\/pl\/produkt\/mediderma-fr-antiox-md-anti-pollution-protect-facial-cream-gel\/","name":"Kup FR-ANTIOX MD Anti-Pollution Protect Facial Cream Gel 50 ml","isPartOf":{"@id":"https:\/\/kinamihealth.com\/#website"},"primaryImageOfPage":{"@id":"https:\/\/kinamihealth.com\/pl\/produkt\/mediderma-fr-antiox-md-anti-pollution-protect-facial-cream-gel\/#primaryimage"},"image":{"@id":"https:\/\/kinamihealth.com\/pl\/produkt\/mediderma-fr-antiox-md-anti-pollution-protect-facial-cream-gel\/#primaryimage"},"thumbnailUrl":"https:\/\/kinamihealth.com\/wp-content\/uploads\/2025\/02\/MEDIDERMA-FR-ANTIOX-MD-ANTI-POLLUTION-PROTECT-FACIAL-CREAM-GEL-01.jpg","datePublished":"2025-02-15T16:55:11+00:00","dateModified":"2025-12-07T21:46:31+00:00","description":"Kup online FR-ANTIOX MD Anti-Pollution Protect Facial Cream Gel 50 ml i po\u0142\u0105cz w\u0142a\u015bciwo\u015bci ochronne i nawil\u017caj\u0105ce tego \u017celu z przeciwutleniaczami.","breadcrumb":{"@id":"https:\/\/kinamihealth.com\/pl\/produkt\/mediderma-fr-antiox-md-anti-pollution-protect-facial-cream-gel\/#breadcrumb"},"inLanguage":"pl-PL","potentialAction":[{"@type":"ReadAction","target":["https:\/\/kinamihealth.com\/pl\/produkt\/mediderma-fr-antiox-md-anti-pollution-protect-facial-cream-gel\/"]}]},{"@type":"ImageObject","inLanguage":"pl-PL","@id":"https:\/\/kinamihealth.com\/pl\/produkt\/mediderma-fr-antiox-md-anti-pollution-protect-facial-cream-gel\/#primaryimage","url":"https:\/\/kinamihealth.com\/wp-content\/uploads\/2025\/02\/MEDIDERMA-FR-ANTIOX-MD-ANTI-POLLUTION-PROTECT-FACIAL-CREAM-GEL-01.jpg","contentUrl":"https:\/\/kinamihealth.com\/wp-content\/uploads\/2025\/02\/MEDIDERMA-FR-ANTIOX-MD-ANTI-POLLUTION-PROTECT-FACIAL-CREAM-GEL-01.jpg","width":800,"height":800},{"@type":"BreadcrumbList","@id":"https:\/\/kinamihealth.com\/pl\/produkt\/mediderma-fr-antiox-md-anti-pollution-protect-facial-cream-gel\/#breadcrumb","itemListElement":[{"@type":"ListItem","position":1,"name":"Strona g\u0142\u00f3wna","item":"https:\/\/kinamihealth.com\/sr\/"},{"@type":"ListItem","position":2,"name":"Sklep","item":"https:\/\/kinamihealth.com\/pl\/?page_id=128280"},{"@type":"ListItem","position":3,"name":"MEDIDERMA\u00ae FR-ANTIOX MD ANTI-POLLUTION PROTECT FACIAL CREAM GEL"}]},{"@type":"WebSite","@id":"https:\/\/kinamihealth.com\/#website","url":"https:\/\/kinamihealth.com\/","name":"Kinami Health","description":"","publisher":{"@id":"https:\/\/kinamihealth.com\/#organization"},"potentialAction":[{"@type":"SearchAction","target":{"@type":"EntryPoint","urlTemplate":"https:\/\/kinamihealth.com\/?s={search_term_string}"},"query-input":{"@type":"PropertyValueSpecification","valueRequired":true,"valueName":"search_term_string"}}],"inLanguage":"pl-PL"},{"@type":"Organization","@id":"https:\/\/kinamihealth.com\/#organization","name":"Kinami Health","url":"https:\/\/kinamihealth.com\/","logo":{"@type":"ImageObject","inLanguage":"pl-PL","@id":"https:\/\/kinamihealth.com\/#\/schema\/logo\/image\/","url":"https:\/\/kinamihealth.com\/wp-content\/uploads\/2025\/01\/KH_logo_black_2-1.png","contentUrl":"https:\/\/kinamihealth.com\/wp-content\/uploads\/2025\/01\/KH_logo_black_2-1.png","width":339,"height":34,"caption":"Kinami Health"},"image":{"@id":"https:\/\/kinamihealth.com\/#\/schema\/logo\/image\/"}}]}},"_links":{"self":[{"href":"https:\/\/kinamihealth.com\/pl\/wp-json\/wp\/v2\/product\/125054","targetHints":{"allow":["GET"]}}],"collection":[{"href":"https:\/\/kinamihealth.com\/pl\/wp-json\/wp\/v2\/product"}],"about":[{"href":"https:\/\/kinamihealth.com\/pl\/wp-json\/wp\/v2\/types\/product"}],"replies":[{"embeddable":true,"href":"https:\/\/kinamihealth.com\/pl\/wp-json\/wp\/v2\/comments?post=125054"}],"version-history":[{"count":0,"href":"https:\/\/kinamihealth.com\/pl\/wp-json\/wp\/v2\/product\/125054\/revisions"}],"wp:featuredmedia":[{"embeddable":true,"href":"https:\/\/kinamihealth.com\/pl\/wp-json\/wp\/v2\/media\/125055"}],"wp:attachment":[{"href":"https:\/\/kinamihealth.com\/pl\/wp-json\/wp\/v2\/media?parent=125054"}],"wp:term":[{"taxonomy":"product_brand","embeddable":true,"href":"https:\/\/kinamihealth.com\/pl\/wp-json\/wp\/v2\/product_brand?post=125054"},{"taxonomy":"product_cat","embeddable":true,"href":"https:\/\/kinamihealth.com\/pl\/wp-json\/wp\/v2\/product_cat?post=125054"},{"taxonomy":"product_tag","embeddable":true,"href":"https:\/\/kinamihealth.com\/pl\/wp-json\/wp\/v2\/product_tag?post=125054"}],"curies":[{"name":"wp","href":"https:\/\/api.w.org\/{rel}","templated":true}]}}