{"id":125046,"date":"2025-02-15T16:54:22","date_gmt":"2025-02-15T16:54:22","guid":{"rendered":"https:\/\/kinamihealth.com\/product\/mediderma-c-defence-md-cskin-concentrate-serum\/"},"modified":"2026-01-07T10:40:10","modified_gmt":"2026-01-07T10:40:10","slug":"mediderma-c-defence-md-cskin-concentrate-serum","status":"publish","type":"product","link":"https:\/\/kinamihealth.com\/pl\/produkt\/mediderma-c-defence-md-cskin-concentrate-serum\/","title":{"rendered":"MEDIDERMA\u00ae C-DEFENCE MD C+SKIN Concentrate Serum"},"content":{"rendered":"<p><span style=\"font-weight: 400;\">C-Defence MD C+Skin Concentrate Serum 30 ml to <\/span><b>wysokiej jako\u015bci produkt do piel\u0119gnacji sk\u00f3ry<\/b><span style=\"font-weight: 400;\">, opracowany w celu odm\u0142odzenia i ochrony sk\u00f3ry. <\/span><span style=\"font-weight: 400;\">Wzbogacony o <\/span><b>silnie dzia\u0142aj\u0105ce sk\u0142adniki aktywne<\/b><span style=\"font-weight: 400;\">, takie jak witamina C i kwas hialuronowy, zapewnia ochron\u0119 antyoksydacyjn\u0105 i nawil\u017cenie.<\/span><\/p>\n","protected":false},"excerpt":{"rendered":"<p>C-Defence MD C+Skin Concentrate Serum 30 ml to wysokiej jako\u015bci produkt do piel\u0119gnacji sk\u00f3ry, opracowany w celu odm\u0142odzenia i ochrony sk\u00f3ry. Wzbogacony o silnie dzia\u0142aj\u0105ce sk\u0142adniki aktywne, takie jak witamina C i kwas hialuronowy, zapewnia ochron\u0119 antyoksydacyjn\u0105 i nawil\u017cenie.<\/p>\n","protected":false},"featured_media":125047,"comment_status":"closed","ping_status":"closed","template":"","meta":{"_acf_changed":false,"inline_featured_image":false},"product_brand":[2919],"product_cat":[4995],"product_tag":[4176],"class_list":{"0":"post-125046","1":"product","2":"type-product","3":"status-publish","4":"has-post-thumbnail","6":"product_brand-mediderma","7":"product_cat-skincare-pl","8":"product_tag-medical-devices-pl","10":"first","11":"instock","12":"taxable","13":"shipping-taxable","14":"purchasable","15":"product-type-simple","16":"add-to-wishlist-before_image"},"acf":[],"yoast_head":"<!-- This site is optimized with the Yoast SEO plugin v27.3 - https:\/\/yoast.com\/product\/yoast-seo-wordpress\/ -->\n<title>Kup C-Defence MD C+Skin Concentrate Serum 30 ml online w Kinami Health<\/title>\n<meta name=\"description\" content=\"Kup C-Defence MD C+Skin Concentrate Serum 30 ml online, aby zapewni\u0107 sobie ukierunkowane dzia\u0142anie przeciwstarzeniowe i rozja\u015bniaj\u0105ce sk\u00f3r\u0119. Zam\u00f3w ju\u017c dzi\u015b w Kinami Health.\" \/>\n<meta name=\"robots\" content=\"index, follow, max-snippet:-1, max-image-preview:large, max-video-preview:-1\" \/>\n<link rel=\"canonical\" href=\"https:\/\/kinamihealth.com\/pl\/wp-json\/wp\/v2\/product\/125046\" \/>\n<meta property=\"og:locale\" content=\"pl_PL\" \/>\n<meta property=\"og:type\" content=\"article\" \/>\n<meta property=\"og:title\" content=\"Kup C-Defence MD C+Skin Concentrate Serum 30 ml online w Kinami Health\" \/>\n<meta property=\"og:description\" content=\"Kup C-Defence MD C+Skin Concentrate Serum 30 ml online, aby zapewni\u0107 sobie ukierunkowane dzia\u0142anie przeciwstarzeniowe i rozja\u015bniaj\u0105ce sk\u00f3r\u0119. Zam\u00f3w ju\u017c dzi\u015b w Kinami Health.\" \/>\n<meta property=\"og:url\" content=\"https:\/\/kinamihealth.com\/pl\/produkt\/mediderma-c-defence-md-cskin-concentrate-serum\/\" \/>\n<meta property=\"og:site_name\" content=\"Kinami Health\" \/>\n<meta property=\"article:modified_time\" content=\"2026-01-07T10:40:10+00:00\" \/>\n<meta property=\"og:image\" content=\"https:\/\/kinamihealth.com\/wp-content\/uploads\/2025\/02\/C-DEFENCEMD-CSKIN-SERUM-30ML-01.jpg\" \/>\n\t<meta property=\"og:image:width\" content=\"800\" \/>\n\t<meta property=\"og:image:height\" content=\"800\" \/>\n\t<meta property=\"og:image:type\" content=\"image\/jpeg\" \/>\n<meta name=\"twitter:card\" content=\"summary_large_image\" \/>\n<meta name=\"twitter:label1\" content=\"Szacowany czas czytania\" \/>\n\t<meta name=\"twitter:data1\" content=\"1 minuta\" \/>\n<!-- \/ Yoast SEO plugin. -->","yoast_head_json":{"title":"Kup C-Defence MD C+Skin Concentrate Serum 30 ml online w Kinami Health","description":"Kup C-Defence MD C+Skin Concentrate Serum 30 ml online, aby zapewni\u0107 sobie ukierunkowane dzia\u0142anie przeciwstarzeniowe i rozja\u015bniaj\u0105ce sk\u00f3r\u0119. Zam\u00f3w ju\u017c dzi\u015b w Kinami Health.","robots":{"index":"index","follow":"follow","max-snippet":"max-snippet:-1","max-image-preview":"max-image-preview:large","max-video-preview":"max-video-preview:-1"},"canonical":"https:\/\/kinamihealth.com\/pl\/wp-json\/wp\/v2\/product\/125046","og_locale":"pl_PL","og_type":"article","og_title":"Kup C-Defence MD C+Skin Concentrate Serum 30 ml online w Kinami Health","og_description":"Kup C-Defence MD C+Skin Concentrate Serum 30 ml online, aby zapewni\u0107 sobie ukierunkowane dzia\u0142anie przeciwstarzeniowe i rozja\u015bniaj\u0105ce sk\u00f3r\u0119. Zam\u00f3w ju\u017c dzi\u015b w Kinami Health.","og_url":"https:\/\/kinamihealth.com\/pl\/produkt\/mediderma-c-defence-md-cskin-concentrate-serum\/","og_site_name":"Kinami Health","article_modified_time":"2026-01-07T10:40:10+00:00","og_image":[{"width":800,"height":800,"url":"https:\/\/kinamihealth.com\/wp-content\/uploads\/2025\/02\/C-DEFENCEMD-CSKIN-SERUM-30ML-01.jpg","type":"image\/jpeg"}],"twitter_card":"summary_large_image","twitter_misc":{"Szacowany czas czytania":"1 minuta"},"schema":{"@context":"https:\/\/schema.org","@graph":[{"@type":"WebPage","@id":"https:\/\/kinamihealth.com\/pl\/produkt\/mediderma-c-defence-md-cskin-concentrate-serum\/","url":"https:\/\/kinamihealth.com\/pl\/produkt\/mediderma-c-defence-md-cskin-concentrate-serum\/","name":"Kup C-Defence MD C+Skin Concentrate Serum 30 ml online w Kinami Health","isPartOf":{"@id":"https:\/\/kinamihealth.com\/#website"},"primaryImageOfPage":{"@id":"https:\/\/kinamihealth.com\/pl\/produkt\/mediderma-c-defence-md-cskin-concentrate-serum\/#primaryimage"},"image":{"@id":"https:\/\/kinamihealth.com\/pl\/produkt\/mediderma-c-defence-md-cskin-concentrate-serum\/#primaryimage"},"thumbnailUrl":"https:\/\/kinamihealth.com\/wp-content\/uploads\/2025\/02\/C-DEFENCEMD-CSKIN-SERUM-30ML-01.jpg","datePublished":"2025-02-15T16:54:22+00:00","dateModified":"2026-01-07T10:40:10+00:00","description":"Kup C-Defence MD C+Skin Concentrate Serum 30 ml online, aby zapewni\u0107 sobie ukierunkowane dzia\u0142anie przeciwstarzeniowe i rozja\u015bniaj\u0105ce sk\u00f3r\u0119. Zam\u00f3w ju\u017c dzi\u015b w Kinami Health.","breadcrumb":{"@id":"https:\/\/kinamihealth.com\/pl\/produkt\/mediderma-c-defence-md-cskin-concentrate-serum\/#breadcrumb"},"inLanguage":"pl-PL","potentialAction":[{"@type":"ReadAction","target":["https:\/\/kinamihealth.com\/pl\/produkt\/mediderma-c-defence-md-cskin-concentrate-serum\/"]}]},{"@type":"ImageObject","inLanguage":"pl-PL","@id":"https:\/\/kinamihealth.com\/pl\/produkt\/mediderma-c-defence-md-cskin-concentrate-serum\/#primaryimage","url":"https:\/\/kinamihealth.com\/wp-content\/uploads\/2025\/02\/C-DEFENCEMD-CSKIN-SERUM-30ML-01.jpg","contentUrl":"https:\/\/kinamihealth.com\/wp-content\/uploads\/2025\/02\/C-DEFENCEMD-CSKIN-SERUM-30ML-01.jpg","width":800,"height":800},{"@type":"BreadcrumbList","@id":"https:\/\/kinamihealth.com\/pl\/produkt\/mediderma-c-defence-md-cskin-concentrate-serum\/#breadcrumb","itemListElement":[{"@type":"ListItem","position":1,"name":"Strona g\u0142\u00f3wna","item":"https:\/\/kinamihealth.com\/sr\/"},{"@type":"ListItem","position":2,"name":"Sklep","item":"https:\/\/kinamihealth.com\/pl\/?page_id=128280"},{"@type":"ListItem","position":3,"name":"MEDIDERMA\u00ae C-DEFENCE MD C+SKIN Concentrate Serum"}]},{"@type":"WebSite","@id":"https:\/\/kinamihealth.com\/#website","url":"https:\/\/kinamihealth.com\/","name":"Kinami Health","description":"","publisher":{"@id":"https:\/\/kinamihealth.com\/#organization"},"potentialAction":[{"@type":"SearchAction","target":{"@type":"EntryPoint","urlTemplate":"https:\/\/kinamihealth.com\/?s={search_term_string}"},"query-input":{"@type":"PropertyValueSpecification","valueRequired":true,"valueName":"search_term_string"}}],"inLanguage":"pl-PL"},{"@type":"Organization","@id":"https:\/\/kinamihealth.com\/#organization","name":"Kinami Health","url":"https:\/\/kinamihealth.com\/","logo":{"@type":"ImageObject","inLanguage":"pl-PL","@id":"https:\/\/kinamihealth.com\/#\/schema\/logo\/image\/","url":"https:\/\/kinamihealth.com\/wp-content\/uploads\/2025\/01\/KH_logo_black_2-1.png","contentUrl":"https:\/\/kinamihealth.com\/wp-content\/uploads\/2025\/01\/KH_logo_black_2-1.png","width":339,"height":34,"caption":"Kinami Health"},"image":{"@id":"https:\/\/kinamihealth.com\/#\/schema\/logo\/image\/"}}]}},"_links":{"self":[{"href":"https:\/\/kinamihealth.com\/pl\/wp-json\/wp\/v2\/product\/125046","targetHints":{"allow":["GET"]}}],"collection":[{"href":"https:\/\/kinamihealth.com\/pl\/wp-json\/wp\/v2\/product"}],"about":[{"href":"https:\/\/kinamihealth.com\/pl\/wp-json\/wp\/v2\/types\/product"}],"replies":[{"embeddable":true,"href":"https:\/\/kinamihealth.com\/pl\/wp-json\/wp\/v2\/comments?post=125046"}],"version-history":[{"count":0,"href":"https:\/\/kinamihealth.com\/pl\/wp-json\/wp\/v2\/product\/125046\/revisions"}],"wp:featuredmedia":[{"embeddable":true,"href":"https:\/\/kinamihealth.com\/pl\/wp-json\/wp\/v2\/media\/125047"}],"wp:attachment":[{"href":"https:\/\/kinamihealth.com\/pl\/wp-json\/wp\/v2\/media?parent=125046"}],"wp:term":[{"taxonomy":"product_brand","embeddable":true,"href":"https:\/\/kinamihealth.com\/pl\/wp-json\/wp\/v2\/product_brand?post=125046"},{"taxonomy":"product_cat","embeddable":true,"href":"https:\/\/kinamihealth.com\/pl\/wp-json\/wp\/v2\/product_cat?post=125046"},{"taxonomy":"product_tag","embeddable":true,"href":"https:\/\/kinamihealth.com\/pl\/wp-json\/wp\/v2\/product_tag?post=125046"}],"curies":[{"name":"wp","href":"https:\/\/api.w.org\/{rel}","templated":true}]}}