{"id":125033,"date":"2025-02-15T16:56:10","date_gmt":"2025-02-15T16:56:10","guid":{"rendered":"https:\/\/kinamihealth.com\/product\/mesoestetic-melan-tran3x-concentrate\/"},"modified":"2025-12-07T22:42:50","modified_gmt":"2025-12-07T22:42:50","slug":"mesoestetic-melan-tran3x-concentrate","status":"publish","type":"product","link":"https:\/\/kinamihealth.com\/pl\/produkt\/mesoestetic-melan-tran3x-concentrate\/","title":{"rendered":"MESOESTETIC\u00ae MELAN TRAN3X CONCENTRATE"},"content":{"rendered":"<p><span style=\"font-weight: 400;\">Mesoestetic Melan Tran3X Concentrate to <\/span><b>zaawansowane serum rozja\u015bniaj\u0105ce<\/b><span style=\"font-weight: 400;\"> przeznaczone do zwalczania <\/span><b>przebarwie\u0144 i nier\u00f3wnego kolorytu sk\u00f3ry<\/b><span style=\"font-weight: 400;\">. Zawiera sk\u0142adniki o potwierdzonym klinicznie dzia\u0142aniu, kt\u00f3re <\/span><b>zmniejszaj\u0105 widoczno\u015b\u0107 ciemnych plam<\/b><span style=\"font-weight: 400;\"> i zapobiegaj\u0105 ich ponownemu pojawianiu si\u0119. Ten <\/span><b>intensywnie dzia\u0142aj\u0105cy koncentrat rozja\u015bniaj\u0105cy<\/b><span style=\"font-weight: 400;\"> jest przeznaczony do profesjonalnego stosowania w dermatologii i medycynie estetycznej.<\/span><\/p>\n","protected":false},"excerpt":{"rendered":"<p>Mesoestetic Melan Tran3X Concentrate to zaawansowane serum rozja\u015bniaj\u0105ce przeznaczone do zwalczania przebarwie\u0144 i nier\u00f3wnego kolorytu sk\u00f3ry. Zawiera sk\u0142adniki o potwierdzonym klinicznie dzia\u0142aniu, kt\u00f3re zmniejszaj\u0105 widoczno\u015b\u0107 ciemnych plam i zapobiegaj\u0105 ich ponownemu pojawianiu si\u0119. Ten intensywnie dzia\u0142aj\u0105cy koncentrat rozja\u015bniaj\u0105cy jest przeznaczony do profesjonalnego stosowania w dermatologii i medycynie estetycznej.<\/p>\n","protected":false},"featured_media":125036,"comment_status":"closed","ping_status":"closed","template":"","meta":{"_acf_changed":false,"inline_featured_image":false},"product_brand":[2925],"product_cat":[4995],"product_tag":[4176],"class_list":{"0":"post-125033","1":"product","2":"type-product","3":"status-publish","4":"has-post-thumbnail","6":"product_brand-mesoestetic","7":"product_cat-skincare-pl","8":"product_tag-medical-devices-pl","10":"first","11":"instock","12":"taxable","13":"shipping-taxable","14":"purchasable","15":"product-type-simple","16":"add-to-wishlist-before_image"},"acf":[],"yoast_head":"<!-- This site is optimized with the Yoast SEO plugin v27.1.1 - https:\/\/yoast.com\/product\/yoast-seo-wordpress\/ -->\n<title>Kup Mesoestetic Melan Tran3X Concentrate Online w Kinami Health<\/title>\n<meta name=\"description\" content=\"Kup Mesoestetic Melan Tran3X Concentrate online w Kinami Health. Silne serum depigmentacyjne stworzone dla profesjonalist\u00f3w medycyny estetycznej. Zam\u00f3w ju\u017c dzi\u015b!\" \/>\n<meta name=\"robots\" content=\"index, follow, max-snippet:-1, max-image-preview:large, max-video-preview:-1\" \/>\n<link rel=\"canonical\" href=\"https:\/\/kinamihealth.com\/pl\/wp-json\/wp\/v2\/product\/125033\" \/>\n<meta property=\"og:locale\" content=\"pl_PL\" \/>\n<meta property=\"og:type\" content=\"article\" \/>\n<meta property=\"og:title\" content=\"Kup Mesoestetic Melan Tran3X Concentrate Online w Kinami Health\" \/>\n<meta property=\"og:description\" content=\"Kup Mesoestetic Melan Tran3X Concentrate online w Kinami Health. Silne serum depigmentacyjne stworzone dla profesjonalist\u00f3w medycyny estetycznej. Zam\u00f3w ju\u017c dzi\u015b!\" \/>\n<meta property=\"og:url\" content=\"https:\/\/kinamihealth.com\/pl\/produkt\/mesoestetic-melan-tran3x-concentrate\/\" \/>\n<meta property=\"og:site_name\" content=\"Kinami Health\" \/>\n<meta property=\"article:modified_time\" content=\"2025-12-07T22:42:50+00:00\" \/>\n<meta property=\"og:image\" content=\"https:\/\/kinamihealth.com\/wp-content\/uploads\/2025\/02\/MESOESTETIC-MELAN-TRAN3X-CONCENTRATE_Front-.webp\" \/>\n\t<meta property=\"og:image:width\" content=\"1500\" \/>\n\t<meta property=\"og:image:height\" content=\"1500\" \/>\n\t<meta property=\"og:image:type\" content=\"image\/webp\" \/>\n<meta name=\"twitter:card\" content=\"summary_large_image\" \/>\n<meta name=\"twitter:label1\" content=\"Szacowany czas czytania\" \/>\n\t<meta name=\"twitter:data1\" content=\"1 minuta\" \/>\n<!-- \/ Yoast SEO plugin. -->","yoast_head_json":{"title":"Kup Mesoestetic Melan Tran3X Concentrate Online w Kinami Health","description":"Kup Mesoestetic Melan Tran3X Concentrate online w Kinami Health. Silne serum depigmentacyjne stworzone dla profesjonalist\u00f3w medycyny estetycznej. Zam\u00f3w ju\u017c dzi\u015b!","robots":{"index":"index","follow":"follow","max-snippet":"max-snippet:-1","max-image-preview":"max-image-preview:large","max-video-preview":"max-video-preview:-1"},"canonical":"https:\/\/kinamihealth.com\/pl\/wp-json\/wp\/v2\/product\/125033","og_locale":"pl_PL","og_type":"article","og_title":"Kup Mesoestetic Melan Tran3X Concentrate Online w Kinami Health","og_description":"Kup Mesoestetic Melan Tran3X Concentrate online w Kinami Health. Silne serum depigmentacyjne stworzone dla profesjonalist\u00f3w medycyny estetycznej. Zam\u00f3w ju\u017c dzi\u015b!","og_url":"https:\/\/kinamihealth.com\/pl\/produkt\/mesoestetic-melan-tran3x-concentrate\/","og_site_name":"Kinami Health","article_modified_time":"2025-12-07T22:42:50+00:00","og_image":[{"width":1500,"height":1500,"url":"https:\/\/kinamihealth.com\/wp-content\/uploads\/2025\/02\/MESOESTETIC-MELAN-TRAN3X-CONCENTRATE_Front-.webp","type":"image\/webp"}],"twitter_card":"summary_large_image","twitter_misc":{"Szacowany czas czytania":"1 minuta"},"schema":{"@context":"https:\/\/schema.org","@graph":[{"@type":"WebPage","@id":"https:\/\/kinamihealth.com\/pl\/produkt\/mesoestetic-melan-tran3x-concentrate\/","url":"https:\/\/kinamihealth.com\/pl\/produkt\/mesoestetic-melan-tran3x-concentrate\/","name":"Kup Mesoestetic Melan Tran3X Concentrate Online w Kinami Health","isPartOf":{"@id":"https:\/\/kinamihealth.com\/#website"},"primaryImageOfPage":{"@id":"https:\/\/kinamihealth.com\/pl\/produkt\/mesoestetic-melan-tran3x-concentrate\/#primaryimage"},"image":{"@id":"https:\/\/kinamihealth.com\/pl\/produkt\/mesoestetic-melan-tran3x-concentrate\/#primaryimage"},"thumbnailUrl":"https:\/\/kinamihealth.com\/wp-content\/uploads\/2025\/02\/MESOESTETIC-MELAN-TRAN3X-CONCENTRATE_Front-.webp","datePublished":"2025-02-15T16:56:10+00:00","dateModified":"2025-12-07T22:42:50+00:00","description":"Kup Mesoestetic Melan Tran3X Concentrate online w Kinami Health. Silne serum depigmentacyjne stworzone dla profesjonalist\u00f3w medycyny estetycznej. Zam\u00f3w ju\u017c dzi\u015b!","breadcrumb":{"@id":"https:\/\/kinamihealth.com\/pl\/produkt\/mesoestetic-melan-tran3x-concentrate\/#breadcrumb"},"inLanguage":"pl-PL","potentialAction":[{"@type":"ReadAction","target":["https:\/\/kinamihealth.com\/pl\/produkt\/mesoestetic-melan-tran3x-concentrate\/"]}]},{"@type":"ImageObject","inLanguage":"pl-PL","@id":"https:\/\/kinamihealth.com\/pl\/produkt\/mesoestetic-melan-tran3x-concentrate\/#primaryimage","url":"https:\/\/kinamihealth.com\/wp-content\/uploads\/2025\/02\/MESOESTETIC-MELAN-TRAN3X-CONCENTRATE_Front-.webp","contentUrl":"https:\/\/kinamihealth.com\/wp-content\/uploads\/2025\/02\/MESOESTETIC-MELAN-TRAN3X-CONCENTRATE_Front-.webp","width":1500,"height":1500},{"@type":"BreadcrumbList","@id":"https:\/\/kinamihealth.com\/pl\/produkt\/mesoestetic-melan-tran3x-concentrate\/#breadcrumb","itemListElement":[{"@type":"ListItem","position":1,"name":"Strona g\u0142\u00f3wna","item":"https:\/\/kinamihealth.com\/sr\/"},{"@type":"ListItem","position":2,"name":"Sklep","item":"https:\/\/kinamihealth.com\/pl\/?page_id=128280"},{"@type":"ListItem","position":3,"name":"MESOESTETIC\u00ae MELAN TRAN3X CONCENTRATE"}]},{"@type":"WebSite","@id":"https:\/\/kinamihealth.com\/#website","url":"https:\/\/kinamihealth.com\/","name":"Kinami Health","description":"","publisher":{"@id":"https:\/\/kinamihealth.com\/#organization"},"potentialAction":[{"@type":"SearchAction","target":{"@type":"EntryPoint","urlTemplate":"https:\/\/kinamihealth.com\/?s={search_term_string}"},"query-input":{"@type":"PropertyValueSpecification","valueRequired":true,"valueName":"search_term_string"}}],"inLanguage":"pl-PL"},{"@type":"Organization","@id":"https:\/\/kinamihealth.com\/#organization","name":"Kinami Health","url":"https:\/\/kinamihealth.com\/","logo":{"@type":"ImageObject","inLanguage":"pl-PL","@id":"https:\/\/kinamihealth.com\/#\/schema\/logo\/image\/","url":"https:\/\/kinamihealth.com\/wp-content\/uploads\/2025\/01\/KH_logo_black_2-1.png","contentUrl":"https:\/\/kinamihealth.com\/wp-content\/uploads\/2025\/01\/KH_logo_black_2-1.png","width":339,"height":34,"caption":"Kinami Health"},"image":{"@id":"https:\/\/kinamihealth.com\/#\/schema\/logo\/image\/"}}]}},"_links":{"self":[{"href":"https:\/\/kinamihealth.com\/pl\/wp-json\/wp\/v2\/product\/125033","targetHints":{"allow":["GET"]}}],"collection":[{"href":"https:\/\/kinamihealth.com\/pl\/wp-json\/wp\/v2\/product"}],"about":[{"href":"https:\/\/kinamihealth.com\/pl\/wp-json\/wp\/v2\/types\/product"}],"replies":[{"embeddable":true,"href":"https:\/\/kinamihealth.com\/pl\/wp-json\/wp\/v2\/comments?post=125033"}],"version-history":[{"count":0,"href":"https:\/\/kinamihealth.com\/pl\/wp-json\/wp\/v2\/product\/125033\/revisions"}],"wp:featuredmedia":[{"embeddable":true,"href":"https:\/\/kinamihealth.com\/pl\/wp-json\/wp\/v2\/media\/125036"}],"wp:attachment":[{"href":"https:\/\/kinamihealth.com\/pl\/wp-json\/wp\/v2\/media?parent=125033"}],"wp:term":[{"taxonomy":"product_brand","embeddable":true,"href":"https:\/\/kinamihealth.com\/pl\/wp-json\/wp\/v2\/product_brand?post=125033"},{"taxonomy":"product_cat","embeddable":true,"href":"https:\/\/kinamihealth.com\/pl\/wp-json\/wp\/v2\/product_cat?post=125033"},{"taxonomy":"product_tag","embeddable":true,"href":"https:\/\/kinamihealth.com\/pl\/wp-json\/wp\/v2\/product_tag?post=125033"}],"curies":[{"name":"wp","href":"https:\/\/api.w.org\/{rel}","templated":true}]}}