{"id":124133,"date":"2025-02-15T16:54:39","date_gmt":"2025-02-15T16:54:39","guid":{"rendered":"https:\/\/kinamihealth.com\/product\/desirial-plus\/"},"modified":"2026-01-02T14:14:15","modified_gmt":"2026-01-02T14:14:15","slug":"desirial-plus","status":"publish","type":"product","link":"https:\/\/kinamihealth.com\/pl\/produkt\/desirial-plus\/","title":{"rendered":"DESIRIAL\u00ae PLUS"},"content":{"rendered":"<p dir=\"auto\"><strong>DESIRIAL\u00ae PLUS<\/strong> to zaawansowany produkt do wstrzykiwa\u0144, opracowany specjalnie z wykorzystaniem usieciowanego kwasu hialuronowego w celu przywr\u00f3cenia obj\u0119to\u015bci i j\u0119drno\u015bci okolicy sromu i pochwy z piel\u0119gnacj\u0105. Ten wype\u0142niacz marki VIVACY zapewnia skuteczne nawil\u017cenie tkanek w piel\u0119gnacji intymnej.<\/p>\n","protected":false},"excerpt":{"rendered":"<p>DESIRIAL\u00ae PLUS to zaawansowany produkt do wstrzykiwa\u0144, opracowany specjalnie z wykorzystaniem usieciowanego kwasu hialuronowego w celu przywr\u00f3cenia obj\u0119to\u015bci i j\u0119drno\u015bci okolicy sromu i pochwy z piel\u0119gnacj\u0105. Ten wype\u0142niacz marki VIVACY zapewnia skuteczne nawil\u017cenie tkanek w piel\u0119gnacji intymnej.<\/p>\n","protected":false},"featured_media":124134,"comment_status":"closed","ping_status":"closed","template":"","meta":{"_acf_changed":false,"inline_featured_image":false},"product_brand":[2904],"product_cat":[4174],"product_tag":[4176],"class_list":{"0":"post-124133","1":"product","2":"type-product","3":"status-publish","4":"has-post-thumbnail","6":"product_brand-desirial","7":"product_cat-dermal-fillers-pl","8":"product_tag-medical-devices-pl","10":"first","11":"instock","12":"taxable","13":"shipping-taxable","14":"purchasable","15":"product-type-simple","16":"add-to-wishlist-before_image"},"acf":[],"yoast_head":"<!-- This site is optimized with the Yoast SEO plugin v27.1.1 - https:\/\/yoast.com\/product\/yoast-seo-wordpress\/ -->\n<title>Zam\u00f3w DESIRIAL\u00ae PLUS online | Sklep internetowy | Kinami Health<\/title>\n<meta name=\"description\" content=\"Zam\u00f3w DESIRIAL\u00ae PLUS online do u\u017cytku klinicznego w celu przywr\u00f3cenia obj\u0119to\u015bci i j\u0119drno\u015bci okolicy sromu i pochwy za pomoc\u0105 zastrzyk\u00f3w z kwasem\" \/>\n<meta name=\"robots\" content=\"index, follow, max-snippet:-1, max-image-preview:large, max-video-preview:-1\" \/>\n<link rel=\"canonical\" href=\"https:\/\/kinamihealth.com\/pl\/wp-json\/wp\/v2\/product\/124133\" \/>\n<meta property=\"og:locale\" content=\"pl_PL\" \/>\n<meta property=\"og:type\" content=\"article\" \/>\n<meta property=\"og:title\" content=\"Zam\u00f3w DESIRIAL\u00ae PLUS online | Sklep internetowy | Kinami Health\" \/>\n<meta property=\"og:description\" content=\"Zam\u00f3w DESIRIAL\u00ae PLUS online do u\u017cytku klinicznego w celu przywr\u00f3cenia obj\u0119to\u015bci i j\u0119drno\u015bci okolicy sromu i pochwy za pomoc\u0105 zastrzyk\u00f3w z kwasem\" \/>\n<meta property=\"og:url\" content=\"https:\/\/kinamihealth.com\/pl\/produkt\/desirial-plus\/\" \/>\n<meta property=\"og:site_name\" content=\"Kinami Health\" \/>\n<meta property=\"article:modified_time\" content=\"2026-01-02T14:14:15+00:00\" \/>\n<meta property=\"og:image\" content=\"https:\/\/kinamihealth.com\/wp-content\/uploads\/2025\/02\/VIVACY-DESIRIAL-PLUS-1X2ML-01.jpg\" \/>\n\t<meta property=\"og:image:width\" content=\"800\" \/>\n\t<meta property=\"og:image:height\" content=\"800\" \/>\n\t<meta property=\"og:image:type\" content=\"image\/jpeg\" \/>\n<meta name=\"twitter:card\" content=\"summary_large_image\" \/>\n<meta name=\"twitter:label1\" content=\"Szacowany czas czytania\" \/>\n\t<meta name=\"twitter:data1\" content=\"1 minuta\" \/>\n<!-- \/ Yoast SEO plugin. -->","yoast_head_json":{"title":"Zam\u00f3w DESIRIAL\u00ae PLUS online | Sklep internetowy | Kinami Health","description":"Zam\u00f3w DESIRIAL\u00ae PLUS online do u\u017cytku klinicznego w celu przywr\u00f3cenia obj\u0119to\u015bci i j\u0119drno\u015bci okolicy sromu i pochwy za pomoc\u0105 zastrzyk\u00f3w z kwasem","robots":{"index":"index","follow":"follow","max-snippet":"max-snippet:-1","max-image-preview":"max-image-preview:large","max-video-preview":"max-video-preview:-1"},"canonical":"https:\/\/kinamihealth.com\/pl\/wp-json\/wp\/v2\/product\/124133","og_locale":"pl_PL","og_type":"article","og_title":"Zam\u00f3w DESIRIAL\u00ae PLUS online | Sklep internetowy | Kinami Health","og_description":"Zam\u00f3w DESIRIAL\u00ae PLUS online do u\u017cytku klinicznego w celu przywr\u00f3cenia obj\u0119to\u015bci i j\u0119drno\u015bci okolicy sromu i pochwy za pomoc\u0105 zastrzyk\u00f3w z kwasem","og_url":"https:\/\/kinamihealth.com\/pl\/produkt\/desirial-plus\/","og_site_name":"Kinami Health","article_modified_time":"2026-01-02T14:14:15+00:00","og_image":[{"width":800,"height":800,"url":"https:\/\/kinamihealth.com\/wp-content\/uploads\/2025\/02\/VIVACY-DESIRIAL-PLUS-1X2ML-01.jpg","type":"image\/jpeg"}],"twitter_card":"summary_large_image","twitter_misc":{"Szacowany czas czytania":"1 minuta"},"schema":{"@context":"https:\/\/schema.org","@graph":[{"@type":"WebPage","@id":"https:\/\/kinamihealth.com\/pl\/produkt\/desirial-plus\/","url":"https:\/\/kinamihealth.com\/pl\/produkt\/desirial-plus\/","name":"Zam\u00f3w DESIRIAL\u00ae PLUS online | Sklep internetowy | Kinami Health","isPartOf":{"@id":"https:\/\/kinamihealth.com\/#website"},"primaryImageOfPage":{"@id":"https:\/\/kinamihealth.com\/pl\/produkt\/desirial-plus\/#primaryimage"},"image":{"@id":"https:\/\/kinamihealth.com\/pl\/produkt\/desirial-plus\/#primaryimage"},"thumbnailUrl":"https:\/\/kinamihealth.com\/wp-content\/uploads\/2025\/02\/VIVACY-DESIRIAL-PLUS-1X2ML-01.jpg","datePublished":"2025-02-15T16:54:39+00:00","dateModified":"2026-01-02T14:14:15+00:00","description":"Zam\u00f3w DESIRIAL\u00ae PLUS online do u\u017cytku klinicznego w celu przywr\u00f3cenia obj\u0119to\u015bci i j\u0119drno\u015bci okolicy sromu i pochwy za pomoc\u0105 zastrzyk\u00f3w z kwasem","breadcrumb":{"@id":"https:\/\/kinamihealth.com\/pl\/produkt\/desirial-plus\/#breadcrumb"},"inLanguage":"pl-PL","potentialAction":[{"@type":"ReadAction","target":["https:\/\/kinamihealth.com\/pl\/produkt\/desirial-plus\/"]}]},{"@type":"ImageObject","inLanguage":"pl-PL","@id":"https:\/\/kinamihealth.com\/pl\/produkt\/desirial-plus\/#primaryimage","url":"https:\/\/kinamihealth.com\/wp-content\/uploads\/2025\/02\/VIVACY-DESIRIAL-PLUS-1X2ML-01.jpg","contentUrl":"https:\/\/kinamihealth.com\/wp-content\/uploads\/2025\/02\/VIVACY-DESIRIAL-PLUS-1X2ML-01.jpg","width":800,"height":800},{"@type":"BreadcrumbList","@id":"https:\/\/kinamihealth.com\/pl\/produkt\/desirial-plus\/#breadcrumb","itemListElement":[{"@type":"ListItem","position":1,"name":"Strona g\u0142\u00f3wna","item":"https:\/\/kinamihealth.com\/sr\/"},{"@type":"ListItem","position":2,"name":"Sklep","item":"https:\/\/kinamihealth.com\/pl\/?page_id=128280"},{"@type":"ListItem","position":3,"name":"DESIRIAL\u00ae PLUS"}]},{"@type":"WebSite","@id":"https:\/\/kinamihealth.com\/#website","url":"https:\/\/kinamihealth.com\/","name":"Kinami Health","description":"","publisher":{"@id":"https:\/\/kinamihealth.com\/#organization"},"potentialAction":[{"@type":"SearchAction","target":{"@type":"EntryPoint","urlTemplate":"https:\/\/kinamihealth.com\/?s={search_term_string}"},"query-input":{"@type":"PropertyValueSpecification","valueRequired":true,"valueName":"search_term_string"}}],"inLanguage":"pl-PL"},{"@type":"Organization","@id":"https:\/\/kinamihealth.com\/#organization","name":"Kinami Health","url":"https:\/\/kinamihealth.com\/","logo":{"@type":"ImageObject","inLanguage":"pl-PL","@id":"https:\/\/kinamihealth.com\/#\/schema\/logo\/image\/","url":"https:\/\/kinamihealth.com\/wp-content\/uploads\/2025\/01\/KH_logo_black_2-1.png","contentUrl":"https:\/\/kinamihealth.com\/wp-content\/uploads\/2025\/01\/KH_logo_black_2-1.png","width":339,"height":34,"caption":"Kinami Health"},"image":{"@id":"https:\/\/kinamihealth.com\/#\/schema\/logo\/image\/"}}]}},"_links":{"self":[{"href":"https:\/\/kinamihealth.com\/pl\/wp-json\/wp\/v2\/product\/124133","targetHints":{"allow":["GET"]}}],"collection":[{"href":"https:\/\/kinamihealth.com\/pl\/wp-json\/wp\/v2\/product"}],"about":[{"href":"https:\/\/kinamihealth.com\/pl\/wp-json\/wp\/v2\/types\/product"}],"replies":[{"embeddable":true,"href":"https:\/\/kinamihealth.com\/pl\/wp-json\/wp\/v2\/comments?post=124133"}],"version-history":[{"count":0,"href":"https:\/\/kinamihealth.com\/pl\/wp-json\/wp\/v2\/product\/124133\/revisions"}],"wp:featuredmedia":[{"embeddable":true,"href":"https:\/\/kinamihealth.com\/pl\/wp-json\/wp\/v2\/media\/124134"}],"wp:attachment":[{"href":"https:\/\/kinamihealth.com\/pl\/wp-json\/wp\/v2\/media?parent=124133"}],"wp:term":[{"taxonomy":"product_brand","embeddable":true,"href":"https:\/\/kinamihealth.com\/pl\/wp-json\/wp\/v2\/product_brand?post=124133"},{"taxonomy":"product_cat","embeddable":true,"href":"https:\/\/kinamihealth.com\/pl\/wp-json\/wp\/v2\/product_cat?post=124133"},{"taxonomy":"product_tag","embeddable":true,"href":"https:\/\/kinamihealth.com\/pl\/wp-json\/wp\/v2\/product_tag?post=124133"}],"curies":[{"name":"wp","href":"https:\/\/api.w.org\/{rel}","templated":true}]}}