{"id":124123,"date":"2025-02-15T16:54:42","date_gmt":"2025-02-15T16:54:42","guid":{"rendered":"https:\/\/kinamihealth.com\/product\/ellanse-m\/"},"modified":"2026-01-02T14:50:53","modified_gmt":"2026-01-02T14:50:53","slug":"ellanse-m","status":"publish","type":"product","link":"https:\/\/kinamihealth.com\/pl\/produkt\/ellanse-m\/","title":{"rendered":"ELLANS\u00c9\u2122 M"},"content":{"rendered":"<p dir=\"auto\"><strong>ELLANS\u00c9\u2122 M to wype\u0142niacz sk\u00f3rny jako stymulator tkankowy, kt\u00f3ry \u0142\u0105czy natychmiastowe zwi\u0119kszenie obj\u0119to\u015bci z d\u0142ugotrwa\u0142\u0105 stymulacj\u0105 kolagenu, zapewniaj\u0105c kompleksowe odm\u0142odzenie twarzy i korekcj\u0119 zmarszczek.<\/strong> Ten zaawansowany wype\u0142niacz kosmetyczny wykorzystuje mikrosfery kwas polimlekowy zawieszone w \u017celu no\u015bnikowym z karboksymetylocelulozy, aby zapewni\u0107 zar\u00f3wno natychmiastow\u0105 korekt\u0119, jak i trwa\u0142e poprawienie wygl\u0105du w zastosowaniu wype\u0142niaczy. Zobacz.<\/p>\n","protected":false},"excerpt":{"rendered":"<p>ELLANS\u00c9\u2122 M to wype\u0142niacz sk\u00f3rny jako stymulator tkankowy, kt\u00f3ry \u0142\u0105czy natychmiastowe zwi\u0119kszenie obj\u0119to\u015bci z d\u0142ugotrwa\u0142\u0105 stymulacj\u0105 kolagenu, zapewniaj\u0105c kompleksowe odm\u0142odzenie twarzy i korekcj\u0119 zmarszczek. Ten zaawansowany wype\u0142niacz kosmetyczny wykorzystuje mikrosfery kwas polimlekowy zawieszone w \u017celu no\u015bnikowym z karboksymetylocelulozy, aby zapewni\u0107 zar\u00f3wno natychmiastow\u0105 korekt\u0119, jak i trwa\u0142e poprawienie wygl\u0105du w zastosowaniu wype\u0142niaczy. Zobacz.<\/p>\n","protected":false},"featured_media":124127,"comment_status":"closed","ping_status":"closed","template":"","meta":{"_acf_changed":false,"inline_featured_image":false},"product_brand":[2906],"product_cat":[4716,4174],"product_tag":[4176],"class_list":{"0":"post-124123","1":"product","2":"type-product","3":"status-publish","4":"has-post-thumbnail","6":"product_brand-ellanse","7":"product_cat-biostimulators-pl","8":"product_cat-dermal-fillers-pl","9":"product_tag-medical-devices-pl","11":"first","12":"instock","13":"taxable","14":"shipping-taxable","15":"purchasable","16":"product-type-simple","17":"add-to-wishlist-before_image"},"acf":[],"yoast_head":"<!-- This site is optimized with the Yoast SEO plugin v27.3 - https:\/\/yoast.com\/product\/yoast-seo-wordpress\/ -->\n<title>Zam\u00f3w ELLANS\u00c9\u2122 M online | Sklep internetowy | Kinami Health<\/title>\n<meta name=\"description\" content=\"Zam\u00f3w ELLANS\u00c9\u2122 M online, aby uzyska\u0107 d\u0142ugotrwa\u0142\u0105 korekt\u0119 sk\u00f3ry i biostymulacj\u0119, idealn\u0105 do przywracania obj\u0119to\u015bci twarzy w zakresie od \u015bredniego do g\u0142\u0119bokiego w warunkach klinicznych.\" \/>\n<meta name=\"robots\" content=\"index, follow, max-snippet:-1, max-image-preview:large, max-video-preview:-1\" \/>\n<link rel=\"canonical\" href=\"https:\/\/kinamihealth.com\/pl\/wp-json\/wp\/v2\/product\/124123\" \/>\n<meta property=\"og:locale\" content=\"pl_PL\" \/>\n<meta property=\"og:type\" content=\"article\" \/>\n<meta property=\"og:title\" content=\"Zam\u00f3w ELLANS\u00c9\u2122 M online | Sklep internetowy | Kinami Health\" \/>\n<meta property=\"og:description\" content=\"Zam\u00f3w ELLANS\u00c9\u2122 M online, aby uzyska\u0107 d\u0142ugotrwa\u0142\u0105 korekt\u0119 sk\u00f3ry i biostymulacj\u0119, idealn\u0105 do przywracania obj\u0119to\u015bci twarzy w zakresie od \u015bredniego do g\u0142\u0119bokiego w warunkach klinicznych.\" \/>\n<meta property=\"og:url\" content=\"https:\/\/kinamihealth.com\/pl\/produkt\/ellanse-m\/\" \/>\n<meta property=\"og:site_name\" content=\"Kinami Health\" \/>\n<meta property=\"article:modified_time\" content=\"2026-01-02T14:50:53+00:00\" \/>\n<meta property=\"og:image\" content=\"https:\/\/kinamihealth.com\/wp-content\/uploads\/2025\/02\/ELLANSE-M-01.jpg\" \/>\n\t<meta property=\"og:image:width\" content=\"800\" \/>\n\t<meta property=\"og:image:height\" content=\"800\" \/>\n\t<meta property=\"og:image:type\" content=\"image\/jpeg\" \/>\n<meta name=\"twitter:card\" content=\"summary_large_image\" \/>\n<meta name=\"twitter:label1\" content=\"Szacowany czas czytania\" \/>\n\t<meta name=\"twitter:data1\" content=\"1 minuta\" \/>\n<!-- \/ Yoast SEO plugin. -->","yoast_head_json":{"title":"Zam\u00f3w ELLANS\u00c9\u2122 M online | Sklep internetowy | Kinami Health","description":"Zam\u00f3w ELLANS\u00c9\u2122 M online, aby uzyska\u0107 d\u0142ugotrwa\u0142\u0105 korekt\u0119 sk\u00f3ry i biostymulacj\u0119, idealn\u0105 do przywracania obj\u0119to\u015bci twarzy w zakresie od \u015bredniego do g\u0142\u0119bokiego w warunkach klinicznych.","robots":{"index":"index","follow":"follow","max-snippet":"max-snippet:-1","max-image-preview":"max-image-preview:large","max-video-preview":"max-video-preview:-1"},"canonical":"https:\/\/kinamihealth.com\/pl\/wp-json\/wp\/v2\/product\/124123","og_locale":"pl_PL","og_type":"article","og_title":"Zam\u00f3w ELLANS\u00c9\u2122 M online | Sklep internetowy | Kinami Health","og_description":"Zam\u00f3w ELLANS\u00c9\u2122 M online, aby uzyska\u0107 d\u0142ugotrwa\u0142\u0105 korekt\u0119 sk\u00f3ry i biostymulacj\u0119, idealn\u0105 do przywracania obj\u0119to\u015bci twarzy w zakresie od \u015bredniego do g\u0142\u0119bokiego w warunkach klinicznych.","og_url":"https:\/\/kinamihealth.com\/pl\/produkt\/ellanse-m\/","og_site_name":"Kinami Health","article_modified_time":"2026-01-02T14:50:53+00:00","og_image":[{"width":800,"height":800,"url":"https:\/\/kinamihealth.com\/wp-content\/uploads\/2025\/02\/ELLANSE-M-01.jpg","type":"image\/jpeg"}],"twitter_card":"summary_large_image","twitter_misc":{"Szacowany czas czytania":"1 minuta"},"schema":{"@context":"https:\/\/schema.org","@graph":[{"@type":"WebPage","@id":"https:\/\/kinamihealth.com\/pl\/produkt\/ellanse-m\/","url":"https:\/\/kinamihealth.com\/pl\/produkt\/ellanse-m\/","name":"Zam\u00f3w ELLANS\u00c9\u2122 M online | Sklep internetowy | Kinami Health","isPartOf":{"@id":"https:\/\/kinamihealth.com\/#website"},"primaryImageOfPage":{"@id":"https:\/\/kinamihealth.com\/pl\/produkt\/ellanse-m\/#primaryimage"},"image":{"@id":"https:\/\/kinamihealth.com\/pl\/produkt\/ellanse-m\/#primaryimage"},"thumbnailUrl":"https:\/\/kinamihealth.com\/wp-content\/uploads\/2025\/02\/ELLANSE-M-01.jpg","datePublished":"2025-02-15T16:54:42+00:00","dateModified":"2026-01-02T14:50:53+00:00","description":"Zam\u00f3w ELLANS\u00c9\u2122 M online, aby uzyska\u0107 d\u0142ugotrwa\u0142\u0105 korekt\u0119 sk\u00f3ry i biostymulacj\u0119, idealn\u0105 do przywracania obj\u0119to\u015bci twarzy w zakresie od \u015bredniego do g\u0142\u0119bokiego w warunkach klinicznych.","breadcrumb":{"@id":"https:\/\/kinamihealth.com\/pl\/produkt\/ellanse-m\/#breadcrumb"},"inLanguage":"pl-PL","potentialAction":[{"@type":"ReadAction","target":["https:\/\/kinamihealth.com\/pl\/produkt\/ellanse-m\/"]}]},{"@type":"ImageObject","inLanguage":"pl-PL","@id":"https:\/\/kinamihealth.com\/pl\/produkt\/ellanse-m\/#primaryimage","url":"https:\/\/kinamihealth.com\/wp-content\/uploads\/2025\/02\/ELLANSE-M-01.jpg","contentUrl":"https:\/\/kinamihealth.com\/wp-content\/uploads\/2025\/02\/ELLANSE-M-01.jpg","width":800,"height":800},{"@type":"BreadcrumbList","@id":"https:\/\/kinamihealth.com\/pl\/produkt\/ellanse-m\/#breadcrumb","itemListElement":[{"@type":"ListItem","position":1,"name":"Strona g\u0142\u00f3wna","item":"https:\/\/kinamihealth.com\/sr\/"},{"@type":"ListItem","position":2,"name":"Sklep","item":"https:\/\/kinamihealth.com\/pl\/?page_id=128280"},{"@type":"ListItem","position":3,"name":"ELLANS\u00c9\u2122 M"}]},{"@type":"WebSite","@id":"https:\/\/kinamihealth.com\/#website","url":"https:\/\/kinamihealth.com\/","name":"Kinami Health","description":"","publisher":{"@id":"https:\/\/kinamihealth.com\/#organization"},"potentialAction":[{"@type":"SearchAction","target":{"@type":"EntryPoint","urlTemplate":"https:\/\/kinamihealth.com\/?s={search_term_string}"},"query-input":{"@type":"PropertyValueSpecification","valueRequired":true,"valueName":"search_term_string"}}],"inLanguage":"pl-PL"},{"@type":"Organization","@id":"https:\/\/kinamihealth.com\/#organization","name":"Kinami Health","url":"https:\/\/kinamihealth.com\/","logo":{"@type":"ImageObject","inLanguage":"pl-PL","@id":"https:\/\/kinamihealth.com\/#\/schema\/logo\/image\/","url":"https:\/\/kinamihealth.com\/wp-content\/uploads\/2025\/01\/KH_logo_black_2-1.png","contentUrl":"https:\/\/kinamihealth.com\/wp-content\/uploads\/2025\/01\/KH_logo_black_2-1.png","width":339,"height":34,"caption":"Kinami Health"},"image":{"@id":"https:\/\/kinamihealth.com\/#\/schema\/logo\/image\/"}}]}},"_links":{"self":[{"href":"https:\/\/kinamihealth.com\/pl\/wp-json\/wp\/v2\/product\/124123","targetHints":{"allow":["GET"]}}],"collection":[{"href":"https:\/\/kinamihealth.com\/pl\/wp-json\/wp\/v2\/product"}],"about":[{"href":"https:\/\/kinamihealth.com\/pl\/wp-json\/wp\/v2\/types\/product"}],"replies":[{"embeddable":true,"href":"https:\/\/kinamihealth.com\/pl\/wp-json\/wp\/v2\/comments?post=124123"}],"version-history":[{"count":0,"href":"https:\/\/kinamihealth.com\/pl\/wp-json\/wp\/v2\/product\/124123\/revisions"}],"wp:featuredmedia":[{"embeddable":true,"href":"https:\/\/kinamihealth.com\/pl\/wp-json\/wp\/v2\/media\/124127"}],"wp:attachment":[{"href":"https:\/\/kinamihealth.com\/pl\/wp-json\/wp\/v2\/media?parent=124123"}],"wp:term":[{"taxonomy":"product_brand","embeddable":true,"href":"https:\/\/kinamihealth.com\/pl\/wp-json\/wp\/v2\/product_brand?post=124123"},{"taxonomy":"product_cat","embeddable":true,"href":"https:\/\/kinamihealth.com\/pl\/wp-json\/wp\/v2\/product_cat?post=124123"},{"taxonomy":"product_tag","embeddable":true,"href":"https:\/\/kinamihealth.com\/pl\/wp-json\/wp\/v2\/product_tag?post=124123"}],"curies":[{"name":"wp","href":"https:\/\/api.w.org\/{rel}","templated":true}]}}