{"id":124113,"date":"2025-02-15T16:54:44","date_gmt":"2025-02-15T16:54:44","guid":{"rendered":"https:\/\/kinamihealth.com\/product\/exojuv\/"},"modified":"2026-01-02T15:13:35","modified_gmt":"2026-01-02T15:13:35","slug":"exojuv","status":"publish","type":"product","link":"https:\/\/kinamihealth.com\/pl\/produkt\/exojuv\/","title":{"rendered":"EXOJUV"},"content":{"rendered":"<p dir=\"auto\">EXOJUV to zaawansowany <strong>preparat regeneracyjny na bazie egzosom\u00f3w zawieraj\u0105cy<\/strong> 6 miliard\u00f3w p\u0119cherzyk\u00f3w pozakom\u00f3rkowych w jednej dawce, gdzie sk\u0142adnik aktywny egzosomy pochodzenia ro\u015blinnego zapewnia dzia\u0142anie przeciwzapalne, przeciwutleniaj\u0105ce i regeneracj\u0119 sk\u00f3ry na poziomie kom\u00f3rkowym. Ta innowacyjna formu\u0142a popularne marki wspiera piel\u0119gnacj\u0119 sk\u00f3ry w okolicach oka i innych obszarach. Zobacz.<\/p>\n","protected":false},"excerpt":{"rendered":"<p>EXOJUV to zaawansowany preparat regeneracyjny na bazie egzosom\u00f3w zawieraj\u0105cy 6 miliard\u00f3w p\u0119cherzyk\u00f3w pozakom\u00f3rkowych w jednej dawce, gdzie sk\u0142adnik aktywny egzosomy pochodzenia ro\u015blinnego zapewnia dzia\u0142anie przeciwzapalne, przeciwutleniaj\u0105ce i regeneracj\u0119 sk\u00f3ry na poziomie kom\u00f3rkowym. Ta innowacyjna formu\u0142a popularne marki wspiera piel\u0119gnacj\u0119 sk\u00f3ry w okolicach oka i innych obszarach. Zobacz.<\/p>\n","protected":false},"featured_media":124114,"comment_status":"closed","ping_status":"closed","template":"","meta":{"_acf_changed":false,"inline_featured_image":false},"product_brand":[2908],"product_cat":[4742],"product_tag":[4176],"class_list":{"0":"post-124113","1":"product","2":"type-product","3":"status-publish","4":"has-post-thumbnail","6":"product_brand-exojuv","7":"product_cat-exosomes-pl","8":"product_tag-medical-devices-pl","10":"first","11":"instock","12":"taxable","13":"shipping-taxable","14":"purchasable","15":"product-type-simple","16":"add-to-wishlist-before_image"},"acf":[],"yoast_head":"<!-- This site is optimized with the Yoast SEO plugin v27.1.1 - https:\/\/yoast.com\/product\/yoast-seo-wordpress\/ -->\n<title>Zam\u00f3w EXOJUV online | Sklep internetowy | Kinami Health<\/title>\n<meta name=\"description\" content=\"Zam\u00f3w EXOJUV online, aby uzyska\u0107 regeneracyjny preparat na bazie egzosom\u00f3w, kt\u00f3ry wspomaga zaawansowane protoko\u0142y odm\u0142adzania sk\u00f3ry w gabinetach medycyny estetycznej.\" \/>\n<meta name=\"robots\" content=\"index, follow, max-snippet:-1, max-image-preview:large, max-video-preview:-1\" \/>\n<link rel=\"canonical\" href=\"https:\/\/kinamihealth.com\/pl\/wp-json\/wp\/v2\/product\/124113\" \/>\n<meta property=\"og:locale\" content=\"pl_PL\" \/>\n<meta property=\"og:type\" content=\"article\" \/>\n<meta property=\"og:title\" content=\"Zam\u00f3w EXOJUV online | Sklep internetowy | Kinami Health\" \/>\n<meta property=\"og:description\" content=\"Zam\u00f3w EXOJUV online, aby uzyska\u0107 regeneracyjny preparat na bazie egzosom\u00f3w, kt\u00f3ry wspomaga zaawansowane protoko\u0142y odm\u0142adzania sk\u00f3ry w gabinetach medycyny estetycznej.\" \/>\n<meta property=\"og:url\" content=\"https:\/\/kinamihealth.com\/pl\/produkt\/exojuv\/\" \/>\n<meta property=\"og:site_name\" content=\"Kinami Health\" \/>\n<meta property=\"article:modified_time\" content=\"2026-01-02T15:13:35+00:00\" \/>\n<meta property=\"og:image\" content=\"https:\/\/kinamihealth.com\/wp-content\/uploads\/2025\/02\/exojuv-no-background.webp\" \/>\n\t<meta property=\"og:image:width\" content=\"940\" \/>\n\t<meta property=\"og:image:height\" content=\"788\" \/>\n\t<meta property=\"og:image:type\" content=\"image\/webp\" \/>\n<meta name=\"twitter:card\" content=\"summary_large_image\" \/>\n<meta name=\"twitter:label1\" content=\"Szacowany czas czytania\" \/>\n\t<meta name=\"twitter:data1\" content=\"1 minuta\" \/>\n<!-- \/ Yoast SEO plugin. -->","yoast_head_json":{"title":"Zam\u00f3w EXOJUV online | Sklep internetowy | Kinami Health","description":"Zam\u00f3w EXOJUV online, aby uzyska\u0107 regeneracyjny preparat na bazie egzosom\u00f3w, kt\u00f3ry wspomaga zaawansowane protoko\u0142y odm\u0142adzania sk\u00f3ry w gabinetach medycyny estetycznej.","robots":{"index":"index","follow":"follow","max-snippet":"max-snippet:-1","max-image-preview":"max-image-preview:large","max-video-preview":"max-video-preview:-1"},"canonical":"https:\/\/kinamihealth.com\/pl\/wp-json\/wp\/v2\/product\/124113","og_locale":"pl_PL","og_type":"article","og_title":"Zam\u00f3w EXOJUV online | Sklep internetowy | Kinami Health","og_description":"Zam\u00f3w EXOJUV online, aby uzyska\u0107 regeneracyjny preparat na bazie egzosom\u00f3w, kt\u00f3ry wspomaga zaawansowane protoko\u0142y odm\u0142adzania sk\u00f3ry w gabinetach medycyny estetycznej.","og_url":"https:\/\/kinamihealth.com\/pl\/produkt\/exojuv\/","og_site_name":"Kinami Health","article_modified_time":"2026-01-02T15:13:35+00:00","og_image":[{"width":940,"height":788,"url":"https:\/\/kinamihealth.com\/wp-content\/uploads\/2025\/02\/exojuv-no-background.webp","type":"image\/webp"}],"twitter_card":"summary_large_image","twitter_misc":{"Szacowany czas czytania":"1 minuta"},"schema":{"@context":"https:\/\/schema.org","@graph":[{"@type":"WebPage","@id":"https:\/\/kinamihealth.com\/pl\/produkt\/exojuv\/","url":"https:\/\/kinamihealth.com\/pl\/produkt\/exojuv\/","name":"Zam\u00f3w EXOJUV online | Sklep internetowy | Kinami Health","isPartOf":{"@id":"https:\/\/kinamihealth.com\/#website"},"primaryImageOfPage":{"@id":"https:\/\/kinamihealth.com\/pl\/produkt\/exojuv\/#primaryimage"},"image":{"@id":"https:\/\/kinamihealth.com\/pl\/produkt\/exojuv\/#primaryimage"},"thumbnailUrl":"https:\/\/kinamihealth.com\/wp-content\/uploads\/2025\/02\/exojuv-no-background.webp","datePublished":"2025-02-15T16:54:44+00:00","dateModified":"2026-01-02T15:13:35+00:00","description":"Zam\u00f3w EXOJUV online, aby uzyska\u0107 regeneracyjny preparat na bazie egzosom\u00f3w, kt\u00f3ry wspomaga zaawansowane protoko\u0142y odm\u0142adzania sk\u00f3ry w gabinetach medycyny estetycznej.","breadcrumb":{"@id":"https:\/\/kinamihealth.com\/pl\/produkt\/exojuv\/#breadcrumb"},"inLanguage":"pl-PL","potentialAction":[{"@type":"ReadAction","target":["https:\/\/kinamihealth.com\/pl\/produkt\/exojuv\/"]}]},{"@type":"ImageObject","inLanguage":"pl-PL","@id":"https:\/\/kinamihealth.com\/pl\/produkt\/exojuv\/#primaryimage","url":"https:\/\/kinamihealth.com\/wp-content\/uploads\/2025\/02\/exojuv-no-background.webp","contentUrl":"https:\/\/kinamihealth.com\/wp-content\/uploads\/2025\/02\/exojuv-no-background.webp","width":940,"height":788},{"@type":"BreadcrumbList","@id":"https:\/\/kinamihealth.com\/pl\/produkt\/exojuv\/#breadcrumb","itemListElement":[{"@type":"ListItem","position":1,"name":"Strona g\u0142\u00f3wna","item":"https:\/\/kinamihealth.com\/sr\/"},{"@type":"ListItem","position":2,"name":"Sklep","item":"https:\/\/kinamihealth.com\/pl\/?page_id=128280"},{"@type":"ListItem","position":3,"name":"EXOJUV"}]},{"@type":"WebSite","@id":"https:\/\/kinamihealth.com\/#website","url":"https:\/\/kinamihealth.com\/","name":"Kinami Health","description":"","publisher":{"@id":"https:\/\/kinamihealth.com\/#organization"},"potentialAction":[{"@type":"SearchAction","target":{"@type":"EntryPoint","urlTemplate":"https:\/\/kinamihealth.com\/?s={search_term_string}"},"query-input":{"@type":"PropertyValueSpecification","valueRequired":true,"valueName":"search_term_string"}}],"inLanguage":"pl-PL"},{"@type":"Organization","@id":"https:\/\/kinamihealth.com\/#organization","name":"Kinami Health","url":"https:\/\/kinamihealth.com\/","logo":{"@type":"ImageObject","inLanguage":"pl-PL","@id":"https:\/\/kinamihealth.com\/#\/schema\/logo\/image\/","url":"https:\/\/kinamihealth.com\/wp-content\/uploads\/2025\/01\/KH_logo_black_2-1.png","contentUrl":"https:\/\/kinamihealth.com\/wp-content\/uploads\/2025\/01\/KH_logo_black_2-1.png","width":339,"height":34,"caption":"Kinami Health"},"image":{"@id":"https:\/\/kinamihealth.com\/#\/schema\/logo\/image\/"}}]}},"_links":{"self":[{"href":"https:\/\/kinamihealth.com\/pl\/wp-json\/wp\/v2\/product\/124113","targetHints":{"allow":["GET"]}}],"collection":[{"href":"https:\/\/kinamihealth.com\/pl\/wp-json\/wp\/v2\/product"}],"about":[{"href":"https:\/\/kinamihealth.com\/pl\/wp-json\/wp\/v2\/types\/product"}],"replies":[{"embeddable":true,"href":"https:\/\/kinamihealth.com\/pl\/wp-json\/wp\/v2\/comments?post=124113"}],"version-history":[{"count":0,"href":"https:\/\/kinamihealth.com\/pl\/wp-json\/wp\/v2\/product\/124113\/revisions"}],"wp:featuredmedia":[{"embeddable":true,"href":"https:\/\/kinamihealth.com\/pl\/wp-json\/wp\/v2\/media\/124114"}],"wp:attachment":[{"href":"https:\/\/kinamihealth.com\/pl\/wp-json\/wp\/v2\/media?parent=124113"}],"wp:term":[{"taxonomy":"product_brand","embeddable":true,"href":"https:\/\/kinamihealth.com\/pl\/wp-json\/wp\/v2\/product_brand?post=124113"},{"taxonomy":"product_cat","embeddable":true,"href":"https:\/\/kinamihealth.com\/pl\/wp-json\/wp\/v2\/product_cat?post=124113"},{"taxonomy":"product_tag","embeddable":true,"href":"https:\/\/kinamihealth.com\/pl\/wp-json\/wp\/v2\/product_tag?post=124113"}],"curies":[{"name":"wp","href":"https:\/\/api.w.org\/{rel}","templated":true}]}}