{"id":124111,"date":"2025-03-11T18:14:41","date_gmt":"2025-03-11T18:14:41","guid":{"rendered":"https:\/\/kinamihealth.com\/product\/fillmed-bright-peel-100-ml-normal-skin\/"},"modified":"2025-12-01T14:49:40","modified_gmt":"2025-12-01T14:49:40","slug":"fillmed-bright-peel-100-ml-normal-skin","status":"publish","type":"product","link":"https:\/\/kinamihealth.com\/pl\/produkt\/fillmed-bright-peel-100-ml-normal-skin\/","title":{"rendered":"FILLMED\u00ae BRIGHT PEEL (100 ml) NORMAL SKIN"},"content":{"rendered":"<p><b>FILLMED\u00ae BRIGHT PEEL (100 ml) NORMAL SKIN to profesjonalny peeling chemiczny opracowany dla lekarzy zajmuj\u0105cych si\u0119 matowo\u015bci\u0105 i nier\u00f3wnomiern\u0105 pigmentacj\u0105 sk\u00f3ry standardowych typ\u00f3w<\/b><span style=\"font-weight: 400;\">.\u00a0<\/span><\/p>\n","protected":false},"excerpt":{"rendered":"<p>FILLMED\u00ae BRIGHT PEEL (100 ml) NORMAL SKIN to profesjonalny peeling chemiczny opracowany dla lekarzy zajmuj\u0105cych si\u0119 matowo\u015bci\u0105 i nier\u00f3wnomiern\u0105 pigmentacj\u0105 sk\u00f3ry standardowych typ\u00f3w.\u00a0<\/p>\n","protected":false},"featured_media":124112,"comment_status":"closed","ping_status":"closed","template":"","meta":{"_acf_changed":false,"inline_featured_image":false},"product_brand":[2909],"product_cat":[4641],"product_tag":[4176],"class_list":{"0":"post-124111","1":"product","2":"type-product","3":"status-publish","4":"has-post-thumbnail","6":"product_brand-fillmed","7":"product_cat-peels-and-masks-pl","8":"product_tag-medical-devices-pl","10":"first","11":"instock","12":"taxable","13":"shipping-taxable","14":"purchasable","15":"product-type-simple","16":"add-to-wishlist-before_image"},"acf":[],"yoast_head":"<!-- This site is optimized with the Yoast SEO plugin v27.1.1 - https:\/\/yoast.com\/product\/yoast-seo-wordpress\/ -->\n<title>Zam\u00f3w FILLMED\u00ae BRIGHT PEEL (100 ml) NORMAL SKIN online | Sklep internetowy | Kinami Health<\/title>\n<meta name=\"description\" content=\"Zam\u00f3w FILLMED\u00ae BRIGHT PEEL (100 ml) NORMAL SKIN, aby wesprze\u0107 profesjonalne zabiegi, kt\u00f3re widocznie poprawiaj\u0105 przejrzysto\u015b\u0107 i blask sk\u00f3ry normalnej.\" \/>\n<meta name=\"robots\" content=\"index, follow, max-snippet:-1, max-image-preview:large, max-video-preview:-1\" \/>\n<link rel=\"canonical\" href=\"https:\/\/kinamihealth.com\/pl\/wp-json\/wp\/v2\/product\/124111\" \/>\n<meta property=\"og:locale\" content=\"pl_PL\" \/>\n<meta property=\"og:type\" content=\"article\" \/>\n<meta property=\"og:title\" content=\"Zam\u00f3w FILLMED\u00ae BRIGHT PEEL (100 ml) NORMAL SKIN online | Sklep internetowy | Kinami Health\" \/>\n<meta property=\"og:description\" content=\"Zam\u00f3w FILLMED\u00ae BRIGHT PEEL (100 ml) NORMAL SKIN, aby wesprze\u0107 profesjonalne zabiegi, kt\u00f3re widocznie poprawiaj\u0105 przejrzysto\u015b\u0107 i blask sk\u00f3ry normalnej.\" \/>\n<meta property=\"og:url\" content=\"https:\/\/kinamihealth.com\/pl\/produkt\/fillmed-bright-peel-100-ml-normal-skin\/\" \/>\n<meta property=\"og:site_name\" content=\"Kinami Health\" \/>\n<meta property=\"article:modified_time\" content=\"2025-12-01T14:49:40+00:00\" \/>\n<meta property=\"og:image\" content=\"https:\/\/kinamihealth.com\/wp-content\/uploads\/2025\/03\/FILLMED\u00ae-BRIGHT-PEEL-100-ml-NORMAL-SKIN.jpg\" \/>\n\t<meta property=\"og:image:width\" content=\"800\" \/>\n\t<meta property=\"og:image:height\" content=\"800\" \/>\n\t<meta property=\"og:image:type\" content=\"image\/jpeg\" \/>\n<meta name=\"twitter:card\" content=\"summary_large_image\" \/>\n<meta name=\"twitter:label1\" content=\"Szacowany czas czytania\" \/>\n\t<meta name=\"twitter:data1\" content=\"1 minuta\" \/>\n<!-- \/ Yoast SEO plugin. -->","yoast_head_json":{"title":"Zam\u00f3w FILLMED\u00ae BRIGHT PEEL (100 ml) NORMAL SKIN online | Sklep internetowy | Kinami Health","description":"Zam\u00f3w FILLMED\u00ae BRIGHT PEEL (100 ml) NORMAL SKIN, aby wesprze\u0107 profesjonalne zabiegi, kt\u00f3re widocznie poprawiaj\u0105 przejrzysto\u015b\u0107 i blask sk\u00f3ry normalnej.","robots":{"index":"index","follow":"follow","max-snippet":"max-snippet:-1","max-image-preview":"max-image-preview:large","max-video-preview":"max-video-preview:-1"},"canonical":"https:\/\/kinamihealth.com\/pl\/wp-json\/wp\/v2\/product\/124111","og_locale":"pl_PL","og_type":"article","og_title":"Zam\u00f3w FILLMED\u00ae BRIGHT PEEL (100 ml) NORMAL SKIN online | Sklep internetowy | Kinami Health","og_description":"Zam\u00f3w FILLMED\u00ae BRIGHT PEEL (100 ml) NORMAL SKIN, aby wesprze\u0107 profesjonalne zabiegi, kt\u00f3re widocznie poprawiaj\u0105 przejrzysto\u015b\u0107 i blask sk\u00f3ry normalnej.","og_url":"https:\/\/kinamihealth.com\/pl\/produkt\/fillmed-bright-peel-100-ml-normal-skin\/","og_site_name":"Kinami Health","article_modified_time":"2025-12-01T14:49:40+00:00","og_image":[{"width":800,"height":800,"url":"https:\/\/kinamihealth.com\/wp-content\/uploads\/2025\/03\/FILLMED\u00ae-BRIGHT-PEEL-100-ml-NORMAL-SKIN.jpg","type":"image\/jpeg"}],"twitter_card":"summary_large_image","twitter_misc":{"Szacowany czas czytania":"1 minuta"},"schema":{"@context":"https:\/\/schema.org","@graph":[{"@type":"WebPage","@id":"https:\/\/kinamihealth.com\/pl\/produkt\/fillmed-bright-peel-100-ml-normal-skin\/","url":"https:\/\/kinamihealth.com\/pl\/produkt\/fillmed-bright-peel-100-ml-normal-skin\/","name":"Zam\u00f3w FILLMED\u00ae BRIGHT PEEL (100 ml) NORMAL SKIN online | Sklep internetowy | Kinami Health","isPartOf":{"@id":"https:\/\/kinamihealth.com\/#website"},"primaryImageOfPage":{"@id":"https:\/\/kinamihealth.com\/pl\/produkt\/fillmed-bright-peel-100-ml-normal-skin\/#primaryimage"},"image":{"@id":"https:\/\/kinamihealth.com\/pl\/produkt\/fillmed-bright-peel-100-ml-normal-skin\/#primaryimage"},"thumbnailUrl":"https:\/\/kinamihealth.com\/wp-content\/uploads\/2025\/03\/FILLMED\u00ae-BRIGHT-PEEL-100-ml-NORMAL-SKIN.jpg","datePublished":"2025-03-11T18:14:41+00:00","dateModified":"2025-12-01T14:49:40+00:00","description":"Zam\u00f3w FILLMED\u00ae BRIGHT PEEL (100 ml) NORMAL SKIN, aby wesprze\u0107 profesjonalne zabiegi, kt\u00f3re widocznie poprawiaj\u0105 przejrzysto\u015b\u0107 i blask sk\u00f3ry normalnej.","breadcrumb":{"@id":"https:\/\/kinamihealth.com\/pl\/produkt\/fillmed-bright-peel-100-ml-normal-skin\/#breadcrumb"},"inLanguage":"pl-PL","potentialAction":[{"@type":"ReadAction","target":["https:\/\/kinamihealth.com\/pl\/produkt\/fillmed-bright-peel-100-ml-normal-skin\/"]}]},{"@type":"ImageObject","inLanguage":"pl-PL","@id":"https:\/\/kinamihealth.com\/pl\/produkt\/fillmed-bright-peel-100-ml-normal-skin\/#primaryimage","url":"https:\/\/kinamihealth.com\/wp-content\/uploads\/2025\/03\/FILLMED\u00ae-BRIGHT-PEEL-100-ml-NORMAL-SKIN.jpg","contentUrl":"https:\/\/kinamihealth.com\/wp-content\/uploads\/2025\/03\/FILLMED\u00ae-BRIGHT-PEEL-100-ml-NORMAL-SKIN.jpg","width":800,"height":800},{"@type":"BreadcrumbList","@id":"https:\/\/kinamihealth.com\/pl\/produkt\/fillmed-bright-peel-100-ml-normal-skin\/#breadcrumb","itemListElement":[{"@type":"ListItem","position":1,"name":"Strona g\u0142\u00f3wna","item":"https:\/\/kinamihealth.com\/sr\/"},{"@type":"ListItem","position":2,"name":"Sklep","item":"https:\/\/kinamihealth.com\/pl\/?page_id=128280"},{"@type":"ListItem","position":3,"name":"FILLMED\u00ae BRIGHT PEEL (100 ml) NORMAL SKIN"}]},{"@type":"WebSite","@id":"https:\/\/kinamihealth.com\/#website","url":"https:\/\/kinamihealth.com\/","name":"Kinami Health","description":"","publisher":{"@id":"https:\/\/kinamihealth.com\/#organization"},"potentialAction":[{"@type":"SearchAction","target":{"@type":"EntryPoint","urlTemplate":"https:\/\/kinamihealth.com\/?s={search_term_string}"},"query-input":{"@type":"PropertyValueSpecification","valueRequired":true,"valueName":"search_term_string"}}],"inLanguage":"pl-PL"},{"@type":"Organization","@id":"https:\/\/kinamihealth.com\/#organization","name":"Kinami Health","url":"https:\/\/kinamihealth.com\/","logo":{"@type":"ImageObject","inLanguage":"pl-PL","@id":"https:\/\/kinamihealth.com\/#\/schema\/logo\/image\/","url":"https:\/\/kinamihealth.com\/wp-content\/uploads\/2025\/01\/KH_logo_black_2-1.png","contentUrl":"https:\/\/kinamihealth.com\/wp-content\/uploads\/2025\/01\/KH_logo_black_2-1.png","width":339,"height":34,"caption":"Kinami Health"},"image":{"@id":"https:\/\/kinamihealth.com\/#\/schema\/logo\/image\/"}}]}},"_links":{"self":[{"href":"https:\/\/kinamihealth.com\/pl\/wp-json\/wp\/v2\/product\/124111","targetHints":{"allow":["GET"]}}],"collection":[{"href":"https:\/\/kinamihealth.com\/pl\/wp-json\/wp\/v2\/product"}],"about":[{"href":"https:\/\/kinamihealth.com\/pl\/wp-json\/wp\/v2\/types\/product"}],"replies":[{"embeddable":true,"href":"https:\/\/kinamihealth.com\/pl\/wp-json\/wp\/v2\/comments?post=124111"}],"version-history":[{"count":0,"href":"https:\/\/kinamihealth.com\/pl\/wp-json\/wp\/v2\/product\/124111\/revisions"}],"wp:featuredmedia":[{"embeddable":true,"href":"https:\/\/kinamihealth.com\/pl\/wp-json\/wp\/v2\/media\/124112"}],"wp:attachment":[{"href":"https:\/\/kinamihealth.com\/pl\/wp-json\/wp\/v2\/media?parent=124111"}],"wp:term":[{"taxonomy":"product_brand","embeddable":true,"href":"https:\/\/kinamihealth.com\/pl\/wp-json\/wp\/v2\/product_brand?post=124111"},{"taxonomy":"product_cat","embeddable":true,"href":"https:\/\/kinamihealth.com\/pl\/wp-json\/wp\/v2\/product_cat?post=124111"},{"taxonomy":"product_tag","embeddable":true,"href":"https:\/\/kinamihealth.com\/pl\/wp-json\/wp\/v2\/product_tag?post=124111"}],"curies":[{"name":"wp","href":"https:\/\/api.w.org\/{rel}","templated":true}]}}