{"id":124101,"date":"2025-02-15T16:54:55","date_gmt":"2025-02-15T16:54:55","guid":{"rendered":"https:\/\/kinamihealth.com\/product\/fillmed-m-ha-18\/"},"modified":"2025-12-01T15:06:50","modified_gmt":"2025-12-01T15:06:50","slug":"fillmed-m-ha-18","status":"publish","type":"product","link":"https:\/\/kinamihealth.com\/pl\/produkt\/fillmed-m-ha-18\/","title":{"rendered":"FILLMED\u00ae M-HA 18"},"content":{"rendered":"<p><b>FILLMED\u00ae M-HA 18<\/b><span style=\"font-weight: 400;\"> to profesjonalny wype\u0142niacz sk\u00f3rny do wstrzykiwa\u0144 opracowany przez Laboratoires FILLMED w celu znacznego poprawienia nawil\u017cenia, elastyczno\u015bci i j\u0119drno\u015bci sk\u00f3ry. Dzi\u0119ki zawarto\u015bci stabilizowanego, nieskrzy\u017cowanego kwasu hialuronowego w st\u0119\u017ceniu 18 mg\/ml, M-HA 18 jest szczeg\u00f3lnie skuteczny w rewitalizacji powierzchniowych warstw sk\u00f3ry.<\/span><\/p>\n","protected":false},"excerpt":{"rendered":"<p>FILLMED\u00ae M-HA 18 to profesjonalny wype\u0142niacz sk\u00f3rny do wstrzykiwa\u0144 opracowany przez Laboratoires FILLMED w celu znacznego poprawienia nawil\u017cenia, elastyczno\u015bci i j\u0119drno\u015bci sk\u00f3ry. Dzi\u0119ki zawarto\u015bci stabilizowanego, nieskrzy\u017cowanego kwasu hialuronowego w st\u0119\u017ceniu 18 mg\/ml, M-HA 18 jest szczeg\u00f3lnie skuteczny w rewitalizacji powierzchniowych warstw sk\u00f3ry.<\/p>\n","protected":false},"featured_media":124105,"comment_status":"closed","ping_status":"closed","template":"","meta":{"_acf_changed":false,"inline_featured_image":false},"product_brand":[2909],"product_cat":[4174],"product_tag":[4176],"class_list":{"0":"post-124101","1":"product","2":"type-product","3":"status-publish","4":"has-post-thumbnail","6":"product_brand-fillmed","7":"product_cat-dermal-fillers-pl","8":"product_tag-medical-devices-pl","10":"first","11":"instock","12":"taxable","13":"shipping-taxable","14":"purchasable","15":"product-type-simple","16":"add-to-wishlist-before_image"},"acf":[],"yoast_head":"<!-- This site is optimized with the Yoast SEO plugin v27.1.1 - https:\/\/yoast.com\/product\/yoast-seo-wordpress\/ -->\n<title>Zam\u00f3w FILLMED\u00ae M-HA 18 online | Sklep internetowy | Kinami Health<\/title>\n<meta name=\"description\" content=\"Zam\u00f3w FILLMED\u00ae M-HA 18, profesjonalny preparat do iniekcji stosowany wcelu poprawy nawil\u017cenia, elastyczno\u015bci i j\u0119drno\u015bci sk\u00f3ry w warunkach klinicznych.\" \/>\n<meta name=\"robots\" content=\"index, follow, max-snippet:-1, max-image-preview:large, max-video-preview:-1\" \/>\n<link rel=\"canonical\" href=\"https:\/\/kinamihealth.com\/pl\/wp-json\/wp\/v2\/product\/124101\" \/>\n<meta property=\"og:locale\" content=\"pl_PL\" \/>\n<meta property=\"og:type\" content=\"article\" \/>\n<meta property=\"og:title\" content=\"Zam\u00f3w FILLMED\u00ae M-HA 18 online | Sklep internetowy | Kinami Health\" \/>\n<meta property=\"og:description\" content=\"Zam\u00f3w FILLMED\u00ae M-HA 18, profesjonalny preparat do iniekcji stosowany wcelu poprawy nawil\u017cenia, elastyczno\u015bci i j\u0119drno\u015bci sk\u00f3ry w warunkach klinicznych.\" \/>\n<meta property=\"og:url\" content=\"https:\/\/kinamihealth.com\/pl\/produkt\/fillmed-m-ha-18\/\" \/>\n<meta property=\"og:site_name\" content=\"Kinami Health\" \/>\n<meta property=\"article:modified_time\" content=\"2025-12-01T15:06:50+00:00\" \/>\n<meta property=\"og:image\" content=\"https:\/\/kinamihealth.com\/wp-content\/uploads\/2025\/02\/FILLMED-MHA18-01.jpg\" \/>\n\t<meta property=\"og:image:width\" content=\"800\" \/>\n\t<meta property=\"og:image:height\" content=\"800\" \/>\n\t<meta property=\"og:image:type\" content=\"image\/jpeg\" \/>\n<meta name=\"twitter:card\" content=\"summary_large_image\" \/>\n<meta name=\"twitter:label1\" content=\"Szacowany czas czytania\" \/>\n\t<meta name=\"twitter:data1\" content=\"1 minuta\" \/>\n<!-- \/ Yoast SEO plugin. -->","yoast_head_json":{"title":"Zam\u00f3w FILLMED\u00ae M-HA 18 online | Sklep internetowy | Kinami Health","description":"Zam\u00f3w FILLMED\u00ae M-HA 18, profesjonalny preparat do iniekcji stosowany wcelu poprawy nawil\u017cenia, elastyczno\u015bci i j\u0119drno\u015bci sk\u00f3ry w warunkach klinicznych.","robots":{"index":"index","follow":"follow","max-snippet":"max-snippet:-1","max-image-preview":"max-image-preview:large","max-video-preview":"max-video-preview:-1"},"canonical":"https:\/\/kinamihealth.com\/pl\/wp-json\/wp\/v2\/product\/124101","og_locale":"pl_PL","og_type":"article","og_title":"Zam\u00f3w FILLMED\u00ae M-HA 18 online | Sklep internetowy | Kinami Health","og_description":"Zam\u00f3w FILLMED\u00ae M-HA 18, profesjonalny preparat do iniekcji stosowany wcelu poprawy nawil\u017cenia, elastyczno\u015bci i j\u0119drno\u015bci sk\u00f3ry w warunkach klinicznych.","og_url":"https:\/\/kinamihealth.com\/pl\/produkt\/fillmed-m-ha-18\/","og_site_name":"Kinami Health","article_modified_time":"2025-12-01T15:06:50+00:00","og_image":[{"width":800,"height":800,"url":"https:\/\/kinamihealth.com\/wp-content\/uploads\/2025\/02\/FILLMED-MHA18-01.jpg","type":"image\/jpeg"}],"twitter_card":"summary_large_image","twitter_misc":{"Szacowany czas czytania":"1 minuta"},"schema":{"@context":"https:\/\/schema.org","@graph":[{"@type":"WebPage","@id":"https:\/\/kinamihealth.com\/pl\/produkt\/fillmed-m-ha-18\/","url":"https:\/\/kinamihealth.com\/pl\/produkt\/fillmed-m-ha-18\/","name":"Zam\u00f3w FILLMED\u00ae M-HA 18 online | Sklep internetowy | Kinami Health","isPartOf":{"@id":"https:\/\/kinamihealth.com\/#website"},"primaryImageOfPage":{"@id":"https:\/\/kinamihealth.com\/pl\/produkt\/fillmed-m-ha-18\/#primaryimage"},"image":{"@id":"https:\/\/kinamihealth.com\/pl\/produkt\/fillmed-m-ha-18\/#primaryimage"},"thumbnailUrl":"https:\/\/kinamihealth.com\/wp-content\/uploads\/2025\/02\/FILLMED-MHA18-01.jpg","datePublished":"2025-02-15T16:54:55+00:00","dateModified":"2025-12-01T15:06:50+00:00","description":"Zam\u00f3w FILLMED\u00ae M-HA 18, profesjonalny preparat do iniekcji stosowany wcelu poprawy nawil\u017cenia, elastyczno\u015bci i j\u0119drno\u015bci sk\u00f3ry w warunkach klinicznych.","breadcrumb":{"@id":"https:\/\/kinamihealth.com\/pl\/produkt\/fillmed-m-ha-18\/#breadcrumb"},"inLanguage":"pl-PL","potentialAction":[{"@type":"ReadAction","target":["https:\/\/kinamihealth.com\/pl\/produkt\/fillmed-m-ha-18\/"]}]},{"@type":"ImageObject","inLanguage":"pl-PL","@id":"https:\/\/kinamihealth.com\/pl\/produkt\/fillmed-m-ha-18\/#primaryimage","url":"https:\/\/kinamihealth.com\/wp-content\/uploads\/2025\/02\/FILLMED-MHA18-01.jpg","contentUrl":"https:\/\/kinamihealth.com\/wp-content\/uploads\/2025\/02\/FILLMED-MHA18-01.jpg","width":800,"height":800},{"@type":"BreadcrumbList","@id":"https:\/\/kinamihealth.com\/pl\/produkt\/fillmed-m-ha-18\/#breadcrumb","itemListElement":[{"@type":"ListItem","position":1,"name":"Strona g\u0142\u00f3wna","item":"https:\/\/kinamihealth.com\/sr\/"},{"@type":"ListItem","position":2,"name":"Sklep","item":"https:\/\/kinamihealth.com\/pl\/?page_id=128280"},{"@type":"ListItem","position":3,"name":"FILLMED\u00ae M-HA 18"}]},{"@type":"WebSite","@id":"https:\/\/kinamihealth.com\/#website","url":"https:\/\/kinamihealth.com\/","name":"Kinami Health","description":"","publisher":{"@id":"https:\/\/kinamihealth.com\/#organization"},"potentialAction":[{"@type":"SearchAction","target":{"@type":"EntryPoint","urlTemplate":"https:\/\/kinamihealth.com\/?s={search_term_string}"},"query-input":{"@type":"PropertyValueSpecification","valueRequired":true,"valueName":"search_term_string"}}],"inLanguage":"pl-PL"},{"@type":"Organization","@id":"https:\/\/kinamihealth.com\/#organization","name":"Kinami Health","url":"https:\/\/kinamihealth.com\/","logo":{"@type":"ImageObject","inLanguage":"pl-PL","@id":"https:\/\/kinamihealth.com\/#\/schema\/logo\/image\/","url":"https:\/\/kinamihealth.com\/wp-content\/uploads\/2025\/01\/KH_logo_black_2-1.png","contentUrl":"https:\/\/kinamihealth.com\/wp-content\/uploads\/2025\/01\/KH_logo_black_2-1.png","width":339,"height":34,"caption":"Kinami Health"},"image":{"@id":"https:\/\/kinamihealth.com\/#\/schema\/logo\/image\/"}}]}},"_links":{"self":[{"href":"https:\/\/kinamihealth.com\/pl\/wp-json\/wp\/v2\/product\/124101","targetHints":{"allow":["GET"]}}],"collection":[{"href":"https:\/\/kinamihealth.com\/pl\/wp-json\/wp\/v2\/product"}],"about":[{"href":"https:\/\/kinamihealth.com\/pl\/wp-json\/wp\/v2\/types\/product"}],"replies":[{"embeddable":true,"href":"https:\/\/kinamihealth.com\/pl\/wp-json\/wp\/v2\/comments?post=124101"}],"version-history":[{"count":0,"href":"https:\/\/kinamihealth.com\/pl\/wp-json\/wp\/v2\/product\/124101\/revisions"}],"wp:featuredmedia":[{"embeddable":true,"href":"https:\/\/kinamihealth.com\/pl\/wp-json\/wp\/v2\/media\/124105"}],"wp:attachment":[{"href":"https:\/\/kinamihealth.com\/pl\/wp-json\/wp\/v2\/media?parent=124101"}],"wp:term":[{"taxonomy":"product_brand","embeddable":true,"href":"https:\/\/kinamihealth.com\/pl\/wp-json\/wp\/v2\/product_brand?post=124101"},{"taxonomy":"product_cat","embeddable":true,"href":"https:\/\/kinamihealth.com\/pl\/wp-json\/wp\/v2\/product_cat?post=124101"},{"taxonomy":"product_tag","embeddable":true,"href":"https:\/\/kinamihealth.com\/pl\/wp-json\/wp\/v2\/product_tag?post=124101"}],"curies":[{"name":"wp","href":"https:\/\/api.w.org\/{rel}","templated":true}]}}