{"id":124069,"date":"2025-02-15T16:55:05","date_gmt":"2025-02-15T16:55:05","guid":{"rendered":"https:\/\/kinamihealth.com\/product\/filorga-time-peel-normal-skin\/"},"modified":"2026-01-03T16:26:57","modified_gmt":"2026-01-03T16:26:57","slug":"filorga-time-peel-normal-skin","status":"publish","type":"product","link":"https:\/\/kinamihealth.com\/pl\/produkt\/filorga-time-peel-normal-skin\/","title":{"rendered":"FILORGA\u00ae TIME PEEL (NORMAL SKIN)"},"content":{"rendered":"<p dir=\"auto\"><strong>FILORGA\u00ae TIME PEEL (NORMAL SKIN)<\/strong> marki FILORGA to <strong>profesjonalny peeling chemiczny<\/strong> opracowany specjalnie do klinicznych zabieg\u00f3w z\u0142uszczaj\u0105cych w piel\u0119gnacji sk\u00f3ry. Dzi\u0119ki zawarto\u015bci kwasu glikolowego i zaawansowanych sk\u0142adnik\u00f3w aktywnych ten peeling marki FILORGA widocznie redukuje drobne zmarszczki, poprawia blask sk\u00f3ry i rewitalizuje matow\u0105 lub starzej\u0105c\u0105 si\u0119 cer\u0119 w zastosowaniu peeling\u00f3w chemicznych marki FILORGA. Zobacz.<\/p>\n","protected":false},"excerpt":{"rendered":"<p>FILORGA\u00ae TIME PEEL (NORMAL SKIN) marki FILORGA to profesjonalny peeling chemiczny opracowany specjalnie do klinicznych zabieg\u00f3w z\u0142uszczaj\u0105cych w piel\u0119gnacji sk\u00f3ry. Dzi\u0119ki zawarto\u015bci kwasu glikolowego i zaawansowanych sk\u0142adnik\u00f3w aktywnych ten peeling marki FILORGA widocznie redukuje drobne zmarszczki, poprawia blask sk\u00f3ry i rewitalizuje matow\u0105 lub starzej\u0105c\u0105 si\u0119 cer\u0119 w zastosowaniu peeling\u00f3w chemicznych marki FILORGA. Zobacz.<\/p>\n","protected":false},"featured_media":134125,"comment_status":"closed","ping_status":"closed","template":"","meta":{"_acf_changed":false,"inline_featured_image":false},"product_brand":[2909],"product_cat":[4641],"product_tag":[4176],"class_list":{"0":"post-124069","1":"product","2":"type-product","3":"status-publish","4":"has-post-thumbnail","6":"product_brand-fillmed","7":"product_cat-peels-and-masks-pl","8":"product_tag-medical-devices-pl","10":"first","11":"instock","12":"taxable","13":"shipping-taxable","14":"purchasable","15":"product-type-simple","16":"add-to-wishlist-before_image"},"acf":[],"yoast_head":"<!-- This site is optimized with the Yoast SEO plugin v27.1.1 - https:\/\/yoast.com\/product\/yoast-seo-wordpress\/ -->\n<title>Zam\u00f3w FILORGA\u00ae TIME PEEL (NORMAL SKIN) online | Kinami Health<\/title>\n<meta name=\"description\" content=\"Zam\u00f3w FILORGA\u00ae TIME PEEL (NORMAL SKIN), aby zredukowa\u0107 drobne zmarszczki i zwi\u0119kszy\u0107 blask sk\u00f3ry dzi\u0119ki profesjonalnemu roztworowi kwasu glikolowego do klinicznego z\u0142uszczania.\" \/>\n<meta name=\"robots\" content=\"index, follow, max-snippet:-1, max-image-preview:large, max-video-preview:-1\" \/>\n<link rel=\"canonical\" href=\"https:\/\/kinamihealth.com\/pl\/wp-json\/wp\/v2\/product\/124069\" \/>\n<meta property=\"og:locale\" content=\"pl_PL\" \/>\n<meta property=\"og:type\" content=\"article\" \/>\n<meta property=\"og:title\" content=\"Zam\u00f3w FILORGA\u00ae TIME PEEL (NORMAL SKIN) online | Kinami Health\" \/>\n<meta property=\"og:description\" content=\"Zam\u00f3w FILORGA\u00ae TIME PEEL (NORMAL SKIN), aby zredukowa\u0107 drobne zmarszczki i zwi\u0119kszy\u0107 blask sk\u00f3ry dzi\u0119ki profesjonalnemu roztworowi kwasu glikolowego do klinicznego z\u0142uszczania.\" \/>\n<meta property=\"og:url\" content=\"https:\/\/kinamihealth.com\/pl\/produkt\/filorga-time-peel-normal-skin\/\" \/>\n<meta property=\"og:site_name\" content=\"Kinami Health\" \/>\n<meta property=\"article:modified_time\" content=\"2026-01-03T16:26:57+00:00\" \/>\n<meta property=\"og:image\" content=\"https:\/\/kinamihealth.com\/wp-content\/uploads\/2025\/02\/FILORGA-TIMEPEEL-01.jpg\" \/>\n\t<meta property=\"og:image:width\" content=\"800\" \/>\n\t<meta property=\"og:image:height\" content=\"800\" \/>\n\t<meta property=\"og:image:type\" content=\"image\/jpeg\" \/>\n<meta name=\"twitter:card\" content=\"summary_large_image\" \/>\n<meta name=\"twitter:label1\" content=\"Szacowany czas czytania\" \/>\n\t<meta name=\"twitter:data1\" content=\"1 minuta\" \/>\n<!-- \/ Yoast SEO plugin. -->","yoast_head_json":{"title":"Zam\u00f3w FILORGA\u00ae TIME PEEL (NORMAL SKIN) online | Kinami Health","description":"Zam\u00f3w FILORGA\u00ae TIME PEEL (NORMAL SKIN), aby zredukowa\u0107 drobne zmarszczki i zwi\u0119kszy\u0107 blask sk\u00f3ry dzi\u0119ki profesjonalnemu roztworowi kwasu glikolowego do klinicznego z\u0142uszczania.","robots":{"index":"index","follow":"follow","max-snippet":"max-snippet:-1","max-image-preview":"max-image-preview:large","max-video-preview":"max-video-preview:-1"},"canonical":"https:\/\/kinamihealth.com\/pl\/wp-json\/wp\/v2\/product\/124069","og_locale":"pl_PL","og_type":"article","og_title":"Zam\u00f3w FILORGA\u00ae TIME PEEL (NORMAL SKIN) online | Kinami Health","og_description":"Zam\u00f3w FILORGA\u00ae TIME PEEL (NORMAL SKIN), aby zredukowa\u0107 drobne zmarszczki i zwi\u0119kszy\u0107 blask sk\u00f3ry dzi\u0119ki profesjonalnemu roztworowi kwasu glikolowego do klinicznego z\u0142uszczania.","og_url":"https:\/\/kinamihealth.com\/pl\/produkt\/filorga-time-peel-normal-skin\/","og_site_name":"Kinami Health","article_modified_time":"2026-01-03T16:26:57+00:00","og_image":[{"width":800,"height":800,"url":"https:\/\/kinamihealth.com\/wp-content\/uploads\/2025\/02\/FILORGA-TIMEPEEL-01.jpg","type":"image\/jpeg"}],"twitter_card":"summary_large_image","twitter_misc":{"Szacowany czas czytania":"1 minuta"},"schema":{"@context":"https:\/\/schema.org","@graph":[{"@type":"WebPage","@id":"https:\/\/kinamihealth.com\/pl\/produkt\/filorga-time-peel-normal-skin\/","url":"https:\/\/kinamihealth.com\/pl\/produkt\/filorga-time-peel-normal-skin\/","name":"Zam\u00f3w FILORGA\u00ae TIME PEEL (NORMAL SKIN) online | Kinami Health","isPartOf":{"@id":"https:\/\/kinamihealth.com\/#website"},"primaryImageOfPage":{"@id":"https:\/\/kinamihealth.com\/pl\/produkt\/filorga-time-peel-normal-skin\/#primaryimage"},"image":{"@id":"https:\/\/kinamihealth.com\/pl\/produkt\/filorga-time-peel-normal-skin\/#primaryimage"},"thumbnailUrl":"https:\/\/kinamihealth.com\/wp-content\/uploads\/woocommerce-placeholder.png","datePublished":"2025-02-15T16:55:05+00:00","dateModified":"2026-01-03T16:26:57+00:00","description":"Zam\u00f3w FILORGA\u00ae TIME PEEL (NORMAL SKIN), aby zredukowa\u0107 drobne zmarszczki i zwi\u0119kszy\u0107 blask sk\u00f3ry dzi\u0119ki profesjonalnemu roztworowi kwasu glikolowego do klinicznego z\u0142uszczania.","breadcrumb":{"@id":"https:\/\/kinamihealth.com\/pl\/produkt\/filorga-time-peel-normal-skin\/#breadcrumb"},"inLanguage":"pl-PL","potentialAction":[{"@type":"ReadAction","target":["https:\/\/kinamihealth.com\/pl\/produkt\/filorga-time-peel-normal-skin\/"]}]},{"@type":"ImageObject","inLanguage":"pl-PL","@id":"https:\/\/kinamihealth.com\/pl\/produkt\/filorga-time-peel-normal-skin\/#primaryimage","url":"https:\/\/kinamihealth.com\/wp-content\/uploads\/woocommerce-placeholder.png","contentUrl":"https:\/\/kinamihealth.com\/wp-content\/uploads\/woocommerce-placeholder.png","width":1200,"height":1200},{"@type":"BreadcrumbList","@id":"https:\/\/kinamihealth.com\/pl\/produkt\/filorga-time-peel-normal-skin\/#breadcrumb","itemListElement":[{"@type":"ListItem","position":1,"name":"Strona g\u0142\u00f3wna","item":"https:\/\/kinamihealth.com\/sr\/"},{"@type":"ListItem","position":2,"name":"Sklep","item":"https:\/\/kinamihealth.com\/pl\/?page_id=128280"},{"@type":"ListItem","position":3,"name":"FILORGA\u00ae TIME PEEL (NORMAL SKIN)"}]},{"@type":"WebSite","@id":"https:\/\/kinamihealth.com\/#website","url":"https:\/\/kinamihealth.com\/","name":"Kinami Health","description":"","publisher":{"@id":"https:\/\/kinamihealth.com\/#organization"},"potentialAction":[{"@type":"SearchAction","target":{"@type":"EntryPoint","urlTemplate":"https:\/\/kinamihealth.com\/?s={search_term_string}"},"query-input":{"@type":"PropertyValueSpecification","valueRequired":true,"valueName":"search_term_string"}}],"inLanguage":"pl-PL"},{"@type":"Organization","@id":"https:\/\/kinamihealth.com\/#organization","name":"Kinami Health","url":"https:\/\/kinamihealth.com\/","logo":{"@type":"ImageObject","inLanguage":"pl-PL","@id":"https:\/\/kinamihealth.com\/#\/schema\/logo\/image\/","url":"https:\/\/kinamihealth.com\/wp-content\/uploads\/2025\/01\/KH_logo_black_2-1.png","contentUrl":"https:\/\/kinamihealth.com\/wp-content\/uploads\/2025\/01\/KH_logo_black_2-1.png","width":339,"height":34,"caption":"Kinami Health"},"image":{"@id":"https:\/\/kinamihealth.com\/#\/schema\/logo\/image\/"}}]}},"_links":{"self":[{"href":"https:\/\/kinamihealth.com\/pl\/wp-json\/wp\/v2\/product\/124069","targetHints":{"allow":["GET"]}}],"collection":[{"href":"https:\/\/kinamihealth.com\/pl\/wp-json\/wp\/v2\/product"}],"about":[{"href":"https:\/\/kinamihealth.com\/pl\/wp-json\/wp\/v2\/types\/product"}],"replies":[{"embeddable":true,"href":"https:\/\/kinamihealth.com\/pl\/wp-json\/wp\/v2\/comments?post=124069"}],"version-history":[{"count":0,"href":"https:\/\/kinamihealth.com\/pl\/wp-json\/wp\/v2\/product\/124069\/revisions"}],"wp:featuredmedia":[{"embeddable":true,"href":"https:\/\/kinamihealth.com\/pl\/wp-json\/wp\/v2\/media\/134125"}],"wp:attachment":[{"href":"https:\/\/kinamihealth.com\/pl\/wp-json\/wp\/v2\/media?parent=124069"}],"wp:term":[{"taxonomy":"product_brand","embeddable":true,"href":"https:\/\/kinamihealth.com\/pl\/wp-json\/wp\/v2\/product_brand?post=124069"},{"taxonomy":"product_cat","embeddable":true,"href":"https:\/\/kinamihealth.com\/pl\/wp-json\/wp\/v2\/product_cat?post=124069"},{"taxonomy":"product_tag","embeddable":true,"href":"https:\/\/kinamihealth.com\/pl\/wp-json\/wp\/v2\/product_tag?post=124069"}],"curies":[{"name":"wp","href":"https:\/\/api.w.org\/{rel}","templated":true}]}}