{"id":124063,"date":"2025-02-15T16:55:02","date_gmt":"2025-02-15T16:55:02","guid":{"rendered":"https:\/\/kinamihealth.com\/product\/filorga-light-peel-sensitive-skin\/"},"modified":"2025-12-02T15:26:45","modified_gmt":"2025-12-02T15:26:45","slug":"filorga-light-peel-sensitive-skin","status":"publish","type":"product","link":"https:\/\/kinamihealth.com\/pl\/produkt\/filorga-light-peel-sensitive-skin\/","title":{"rendered":"FILORGA\u00ae LIGHT PEEL (SENSITIVE SKIN)"},"content":{"rendered":"<p><b>FILORGA\u00ae LIGHT PEEL (SK\u00d3RA WRA\u017bLIWA)<\/b><span style=\"font-weight: 400;\"> to \u0142agodny, ale skuteczny <\/span><b>peeling chemiczny<\/b><span style=\"font-weight: 400;\"> opracowany przez Laboratoires FILORGA specjalnie dla delikatnej i wra\u017cliwej sk\u00f3ry. Ten profesjonalny <\/span><b>peeling<\/b><span style=\"font-weight: 400;\">, zawieraj\u0105cy delikatne kwasy z\u0142uszczaj\u0105ce, w tym kwas migda\u0142owy, rewitalizuje struktur\u0119 sk\u00f3ry, redukuje matowo\u015b\u0107 i poprawia jej blask bez powodowania podra\u017cnie\u0144.<\/span><\/p>\n","protected":false},"excerpt":{"rendered":"<p>FILORGA\u00ae LIGHT PEEL (SK\u00d3RA WRA\u017bLIWA) to \u0142agodny, ale skuteczny peeling chemiczny opracowany przez Laboratoires FILORGA specjalnie dla delikatnej i wra\u017cliwej sk\u00f3ry. Ten profesjonalny peeling, zawieraj\u0105cy delikatne kwasy z\u0142uszczaj\u0105ce, w tym kwas migda\u0142owy, rewitalizuje struktur\u0119 sk\u00f3ry, redukuje matowo\u015b\u0107 i poprawia jej blask bez powodowania podra\u017cnie\u0144.<\/p>\n","protected":false},"featured_media":134125,"comment_status":"closed","ping_status":"closed","template":"","meta":{"_acf_changed":false,"inline_featured_image":false},"product_brand":[2909],"product_cat":[4641],"product_tag":[4176],"class_list":{"0":"post-124063","1":"product","2":"type-product","3":"status-publish","4":"has-post-thumbnail","6":"product_brand-fillmed","7":"product_cat-peels-and-masks-pl","8":"product_tag-medical-devices-pl","10":"first","11":"instock","12":"taxable","13":"shipping-taxable","14":"purchasable","15":"product-type-simple","16":"add-to-wishlist-before_image"},"acf":[],"yoast_head":"<!-- This site is optimized with the Yoast SEO plugin v27.1.1 - https:\/\/yoast.com\/product\/yoast-seo-wordpress\/ -->\n<title>Zam\u00f3w FILORGA\u00ae LIGHT PEEL (SK\u00d3RA WRA\u017bLIWA) online | Kinami Health<\/title>\n<meta name=\"description\" content=\"Zam\u00f3w FILORGA\u00ae LIGHT PEEL, aby delikatnie z\u0142uszczy\u0107 wra\u017cliw\u0105 sk\u00f3r\u0119 za pomoc\u0105 \u0142agodnego kompleksu kwas\u00f3w, kt\u00f3ry poprawia koloryt i struktur\u0119 cery bez podra\u017cnie\u0144.\" \/>\n<meta name=\"robots\" content=\"index, follow, max-snippet:-1, max-image-preview:large, max-video-preview:-1\" \/>\n<link rel=\"canonical\" href=\"https:\/\/kinamihealth.com\/pl\/wp-json\/wp\/v2\/product\/124063\" \/>\n<meta property=\"og:locale\" content=\"pl_PL\" \/>\n<meta property=\"og:type\" content=\"article\" \/>\n<meta property=\"og:title\" content=\"Zam\u00f3w FILORGA\u00ae LIGHT PEEL (SK\u00d3RA WRA\u017bLIWA) online | Kinami Health\" \/>\n<meta property=\"og:description\" content=\"Zam\u00f3w FILORGA\u00ae LIGHT PEEL, aby delikatnie z\u0142uszczy\u0107 wra\u017cliw\u0105 sk\u00f3r\u0119 za pomoc\u0105 \u0142agodnego kompleksu kwas\u00f3w, kt\u00f3ry poprawia koloryt i struktur\u0119 cery bez podra\u017cnie\u0144.\" \/>\n<meta property=\"og:url\" content=\"https:\/\/kinamihealth.com\/pl\/produkt\/filorga-light-peel-sensitive-skin\/\" \/>\n<meta property=\"og:site_name\" content=\"Kinami Health\" \/>\n<meta property=\"article:modified_time\" content=\"2025-12-02T15:26:45+00:00\" \/>\n<meta property=\"og:image\" content=\"https:\/\/kinamihealth.com\/wp-content\/uploads\/2025\/02\/FILORGA-LIGHTPEEL-01.jpg\" \/>\n\t<meta property=\"og:image:width\" content=\"800\" \/>\n\t<meta property=\"og:image:height\" content=\"800\" \/>\n\t<meta property=\"og:image:type\" content=\"image\/jpeg\" \/>\n<meta name=\"twitter:card\" content=\"summary_large_image\" \/>\n<meta name=\"twitter:label1\" content=\"Szacowany czas czytania\" \/>\n\t<meta name=\"twitter:data1\" content=\"1 minuta\" \/>\n<!-- \/ Yoast SEO plugin. -->","yoast_head_json":{"title":"Zam\u00f3w FILORGA\u00ae LIGHT PEEL (SK\u00d3RA WRA\u017bLIWA) online | Kinami Health","description":"Zam\u00f3w FILORGA\u00ae LIGHT PEEL, aby delikatnie z\u0142uszczy\u0107 wra\u017cliw\u0105 sk\u00f3r\u0119 za pomoc\u0105 \u0142agodnego kompleksu kwas\u00f3w, kt\u00f3ry poprawia koloryt i struktur\u0119 cery bez podra\u017cnie\u0144.","robots":{"index":"index","follow":"follow","max-snippet":"max-snippet:-1","max-image-preview":"max-image-preview:large","max-video-preview":"max-video-preview:-1"},"canonical":"https:\/\/kinamihealth.com\/pl\/wp-json\/wp\/v2\/product\/124063","og_locale":"pl_PL","og_type":"article","og_title":"Zam\u00f3w FILORGA\u00ae LIGHT PEEL (SK\u00d3RA WRA\u017bLIWA) online | Kinami Health","og_description":"Zam\u00f3w FILORGA\u00ae LIGHT PEEL, aby delikatnie z\u0142uszczy\u0107 wra\u017cliw\u0105 sk\u00f3r\u0119 za pomoc\u0105 \u0142agodnego kompleksu kwas\u00f3w, kt\u00f3ry poprawia koloryt i struktur\u0119 cery bez podra\u017cnie\u0144.","og_url":"https:\/\/kinamihealth.com\/pl\/produkt\/filorga-light-peel-sensitive-skin\/","og_site_name":"Kinami Health","article_modified_time":"2025-12-02T15:26:45+00:00","og_image":[{"width":800,"height":800,"url":"https:\/\/kinamihealth.com\/wp-content\/uploads\/2025\/02\/FILORGA-LIGHTPEEL-01.jpg","type":"image\/jpeg"}],"twitter_card":"summary_large_image","twitter_misc":{"Szacowany czas czytania":"1 minuta"},"schema":{"@context":"https:\/\/schema.org","@graph":[{"@type":"WebPage","@id":"https:\/\/kinamihealth.com\/pl\/produkt\/filorga-light-peel-sensitive-skin\/","url":"https:\/\/kinamihealth.com\/pl\/produkt\/filorga-light-peel-sensitive-skin\/","name":"Zam\u00f3w FILORGA\u00ae LIGHT PEEL (SK\u00d3RA WRA\u017bLIWA) online | Kinami Health","isPartOf":{"@id":"https:\/\/kinamihealth.com\/#website"},"primaryImageOfPage":{"@id":"https:\/\/kinamihealth.com\/pl\/produkt\/filorga-light-peel-sensitive-skin\/#primaryimage"},"image":{"@id":"https:\/\/kinamihealth.com\/pl\/produkt\/filorga-light-peel-sensitive-skin\/#primaryimage"},"thumbnailUrl":"https:\/\/kinamihealth.com\/wp-content\/uploads\/woocommerce-placeholder.png","datePublished":"2025-02-15T16:55:02+00:00","dateModified":"2025-12-02T15:26:45+00:00","description":"Zam\u00f3w FILORGA\u00ae LIGHT PEEL, aby delikatnie z\u0142uszczy\u0107 wra\u017cliw\u0105 sk\u00f3r\u0119 za pomoc\u0105 \u0142agodnego kompleksu kwas\u00f3w, kt\u00f3ry poprawia koloryt i struktur\u0119 cery bez podra\u017cnie\u0144.","breadcrumb":{"@id":"https:\/\/kinamihealth.com\/pl\/produkt\/filorga-light-peel-sensitive-skin\/#breadcrumb"},"inLanguage":"pl-PL","potentialAction":[{"@type":"ReadAction","target":["https:\/\/kinamihealth.com\/pl\/produkt\/filorga-light-peel-sensitive-skin\/"]}]},{"@type":"ImageObject","inLanguage":"pl-PL","@id":"https:\/\/kinamihealth.com\/pl\/produkt\/filorga-light-peel-sensitive-skin\/#primaryimage","url":"https:\/\/kinamihealth.com\/wp-content\/uploads\/woocommerce-placeholder.png","contentUrl":"https:\/\/kinamihealth.com\/wp-content\/uploads\/woocommerce-placeholder.png","width":1200,"height":1200},{"@type":"BreadcrumbList","@id":"https:\/\/kinamihealth.com\/pl\/produkt\/filorga-light-peel-sensitive-skin\/#breadcrumb","itemListElement":[{"@type":"ListItem","position":1,"name":"Strona g\u0142\u00f3wna","item":"https:\/\/kinamihealth.com\/sr\/"},{"@type":"ListItem","position":2,"name":"Sklep","item":"https:\/\/kinamihealth.com\/pl\/?page_id=128280"},{"@type":"ListItem","position":3,"name":"FILORGA\u00ae LIGHT PEEL (SENSITIVE SKIN)"}]},{"@type":"WebSite","@id":"https:\/\/kinamihealth.com\/#website","url":"https:\/\/kinamihealth.com\/","name":"Kinami Health","description":"","publisher":{"@id":"https:\/\/kinamihealth.com\/#organization"},"potentialAction":[{"@type":"SearchAction","target":{"@type":"EntryPoint","urlTemplate":"https:\/\/kinamihealth.com\/?s={search_term_string}"},"query-input":{"@type":"PropertyValueSpecification","valueRequired":true,"valueName":"search_term_string"}}],"inLanguage":"pl-PL"},{"@type":"Organization","@id":"https:\/\/kinamihealth.com\/#organization","name":"Kinami Health","url":"https:\/\/kinamihealth.com\/","logo":{"@type":"ImageObject","inLanguage":"pl-PL","@id":"https:\/\/kinamihealth.com\/#\/schema\/logo\/image\/","url":"https:\/\/kinamihealth.com\/wp-content\/uploads\/2025\/01\/KH_logo_black_2-1.png","contentUrl":"https:\/\/kinamihealth.com\/wp-content\/uploads\/2025\/01\/KH_logo_black_2-1.png","width":339,"height":34,"caption":"Kinami Health"},"image":{"@id":"https:\/\/kinamihealth.com\/#\/schema\/logo\/image\/"}}]}},"_links":{"self":[{"href":"https:\/\/kinamihealth.com\/pl\/wp-json\/wp\/v2\/product\/124063","targetHints":{"allow":["GET"]}}],"collection":[{"href":"https:\/\/kinamihealth.com\/pl\/wp-json\/wp\/v2\/product"}],"about":[{"href":"https:\/\/kinamihealth.com\/pl\/wp-json\/wp\/v2\/types\/product"}],"replies":[{"embeddable":true,"href":"https:\/\/kinamihealth.com\/pl\/wp-json\/wp\/v2\/comments?post=124063"}],"version-history":[{"count":0,"href":"https:\/\/kinamihealth.com\/pl\/wp-json\/wp\/v2\/product\/124063\/revisions"}],"wp:featuredmedia":[{"embeddable":true,"href":"https:\/\/kinamihealth.com\/pl\/wp-json\/wp\/v2\/media\/134125"}],"wp:attachment":[{"href":"https:\/\/kinamihealth.com\/pl\/wp-json\/wp\/v2\/media?parent=124063"}],"wp:term":[{"taxonomy":"product_brand","embeddable":true,"href":"https:\/\/kinamihealth.com\/pl\/wp-json\/wp\/v2\/product_brand?post=124063"},{"taxonomy":"product_cat","embeddable":true,"href":"https:\/\/kinamihealth.com\/pl\/wp-json\/wp\/v2\/product_cat?post=124063"},{"taxonomy":"product_tag","embeddable":true,"href":"https:\/\/kinamihealth.com\/pl\/wp-json\/wp\/v2\/product_tag?post=124063"}],"curies":[{"name":"wp","href":"https:\/\/api.w.org\/{rel}","templated":true}]}}