{"id":124057,"date":"2025-02-15T16:55:12","date_gmt":"2025-02-15T16:55:12","guid":{"rendered":"https:\/\/kinamihealth.com\/product\/harmonyca\/"},"modified":"2026-01-03T19:19:31","modified_gmt":"2026-01-03T19:19:31","slug":"harmonyca","status":"publish","type":"product","link":"https:\/\/kinamihealth.com\/pl\/produkt\/harmonyca\/","title":{"rendered":"HArmonyCA\u2122"},"content":{"rendered":"<p dir=\"auto\">HArmonyCA\u2122 marki Allergan stanowi prze\u0142om w medycynie estetycznej<strong> jako pierwszy hybrydowy wype\u0142niacz sk\u00f3rny \u0142\u0105cz\u0105cy technologie kwasu hialuronowego i hydroksyapatytu wapnia (CaHA),<\/strong> podobny do kwas polimlekowy w dzia\u0142aniu stymuluj\u0105cym kolagen. Ten innowacyjny produkt marki zapewnia podw\u00f3jne dzia\u0142anie odm\u0142adzaj\u0105ce twarz poprzez natychmiastowe przywr\u00f3cenie obj\u0119to\u015bci i d\u0142ugotrwa\u0142\u0105 stymulacj\u0119 kolagenu w piel\u0119gnacji sk\u00f3ry. Specjali\u015bci medyczni zainteresowani zakupem HArmonyCA\u2122 marki przekonaj\u0105 si\u0119, \u017ce ten zaawansowany wype\u0142niacz sk\u00f3rny zapewnia kompleksowe rozwi\u0105zania terapeutyczne dla pacjent\u00f3w do\u015bwiadczaj\u0105cych utraty obj\u0119to\u015bci i zmian strukturalnych sk\u00f3ry w por\u00f3wnaniu do popularne marki wype\u0142niaczy.<\/p>\n","protected":false},"excerpt":{"rendered":"<p>HArmonyCA\u2122 marki Allergan stanowi prze\u0142om w medycynie estetycznej jako pierwszy hybrydowy wype\u0142niacz sk\u00f3rny \u0142\u0105cz\u0105cy technologie kwasu hialuronowego i hydroksyapatytu wapnia (CaHA), podobny do kwas polimlekowy w dzia\u0142aniu stymuluj\u0105cym kolagen. Ten innowacyjny produkt marki zapewnia podw\u00f3jne dzia\u0142anie odm\u0142adzaj\u0105ce twarz poprzez natychmiastowe przywr\u00f3cenie obj\u0119to\u015bci i d\u0142ugotrwa\u0142\u0105 stymulacj\u0119 kolagenu w piel\u0119gnacji sk\u00f3ry. Specjali\u015bci medyczni zainteresowani zakupem HArmonyCA\u2122 marki [&hellip;]<\/p>\n","protected":false},"featured_media":124058,"comment_status":"closed","ping_status":"closed","template":"","meta":{"_acf_changed":false,"inline_featured_image":false},"product_brand":[2911],"product_cat":[4716,4174],"product_tag":[4176],"class_list":{"0":"post-124057","1":"product","2":"type-product","3":"status-publish","4":"has-post-thumbnail","6":"product_brand-harmonyca","7":"product_cat-biostimulators-pl","8":"product_cat-dermal-fillers-pl","9":"product_tag-medical-devices-pl","11":"first","12":"instock","13":"taxable","14":"shipping-taxable","15":"purchasable","16":"product-type-simple","17":"add-to-wishlist-before_image"},"acf":[],"yoast_head":"<!-- This site is optimized with the Yoast SEO plugin v27.3 - https:\/\/yoast.com\/product\/yoast-seo-wordpress\/ -->\n<title>Zam\u00f3w HArmonyCA\u2122 online | Sklep internetowy | Kinami Health<\/title>\n<meta name=\"description\" content=\"Zam\u00f3w HArmonyCA\u2122 online, aby skorzysta\u0107 z podw\u00f3jnego dzia\u0142ania odm\u0142adzaj\u0105cego sk\u00f3r\u0119 twarzy, \u0142\u0105cz\u0105cego HA i CaHA w celu przywr\u00f3cenia obj\u0119to\u015bci i stymulacji d\u0142ugotrwa\u0142ej produkcji kolagenu.\" \/>\n<meta name=\"robots\" content=\"index, follow, max-snippet:-1, max-image-preview:large, max-video-preview:-1\" \/>\n<link rel=\"canonical\" href=\"https:\/\/kinamihealth.com\/pl\/wp-json\/wp\/v2\/product\/124057\" \/>\n<meta property=\"og:locale\" content=\"pl_PL\" \/>\n<meta property=\"og:type\" content=\"article\" \/>\n<meta property=\"og:title\" content=\"Zam\u00f3w HArmonyCA\u2122 online | Sklep internetowy | Kinami Health\" \/>\n<meta property=\"og:description\" content=\"Zam\u00f3w HArmonyCA\u2122 online, aby skorzysta\u0107 z podw\u00f3jnego dzia\u0142ania odm\u0142adzaj\u0105cego sk\u00f3r\u0119 twarzy, \u0142\u0105cz\u0105cego HA i CaHA w celu przywr\u00f3cenia obj\u0119to\u015bci i stymulacji d\u0142ugotrwa\u0142ej produkcji kolagenu.\" \/>\n<meta property=\"og:url\" content=\"https:\/\/kinamihealth.com\/pl\/produkt\/harmonyca\/\" \/>\n<meta property=\"og:site_name\" content=\"Kinami Health\" \/>\n<meta property=\"article:modified_time\" content=\"2026-01-03T19:19:31+00:00\" \/>\n<meta property=\"og:image\" content=\"https:\/\/kinamihealth.com\/wp-content\/uploads\/2025\/02\/HArmonyCA-LIDOCAINE-04.jpg\" \/>\n\t<meta property=\"og:image:width\" content=\"1000\" \/>\n\t<meta property=\"og:image:height\" content=\"1000\" \/>\n\t<meta property=\"og:image:type\" content=\"image\/jpeg\" \/>\n<meta name=\"twitter:card\" content=\"summary_large_image\" \/>\n<meta name=\"twitter:label1\" content=\"Szacowany czas czytania\" \/>\n\t<meta name=\"twitter:data1\" content=\"1 minuta\" \/>\n<!-- \/ Yoast SEO plugin. -->","yoast_head_json":{"title":"Zam\u00f3w HArmonyCA\u2122 online | Sklep internetowy | Kinami Health","description":"Zam\u00f3w HArmonyCA\u2122 online, aby skorzysta\u0107 z podw\u00f3jnego dzia\u0142ania odm\u0142adzaj\u0105cego sk\u00f3r\u0119 twarzy, \u0142\u0105cz\u0105cego HA i CaHA w celu przywr\u00f3cenia obj\u0119to\u015bci i stymulacji d\u0142ugotrwa\u0142ej produkcji kolagenu.","robots":{"index":"index","follow":"follow","max-snippet":"max-snippet:-1","max-image-preview":"max-image-preview:large","max-video-preview":"max-video-preview:-1"},"canonical":"https:\/\/kinamihealth.com\/pl\/wp-json\/wp\/v2\/product\/124057","og_locale":"pl_PL","og_type":"article","og_title":"Zam\u00f3w HArmonyCA\u2122 online | Sklep internetowy | Kinami Health","og_description":"Zam\u00f3w HArmonyCA\u2122 online, aby skorzysta\u0107 z podw\u00f3jnego dzia\u0142ania odm\u0142adzaj\u0105cego sk\u00f3r\u0119 twarzy, \u0142\u0105cz\u0105cego HA i CaHA w celu przywr\u00f3cenia obj\u0119to\u015bci i stymulacji d\u0142ugotrwa\u0142ej produkcji kolagenu.","og_url":"https:\/\/kinamihealth.com\/pl\/produkt\/harmonyca\/","og_site_name":"Kinami Health","article_modified_time":"2026-01-03T19:19:31+00:00","og_image":[{"width":1000,"height":1000,"url":"https:\/\/kinamihealth.com\/wp-content\/uploads\/2025\/02\/HArmonyCA-LIDOCAINE-04.jpg","type":"image\/jpeg"}],"twitter_card":"summary_large_image","twitter_misc":{"Szacowany czas czytania":"1 minuta"},"schema":{"@context":"https:\/\/schema.org","@graph":[{"@type":"WebPage","@id":"https:\/\/kinamihealth.com\/pl\/produkt\/harmonyca\/","url":"https:\/\/kinamihealth.com\/pl\/produkt\/harmonyca\/","name":"Zam\u00f3w HArmonyCA\u2122 online | Sklep internetowy | Kinami Health","isPartOf":{"@id":"https:\/\/kinamihealth.com\/#website"},"primaryImageOfPage":{"@id":"https:\/\/kinamihealth.com\/pl\/produkt\/harmonyca\/#primaryimage"},"image":{"@id":"https:\/\/kinamihealth.com\/pl\/produkt\/harmonyca\/#primaryimage"},"thumbnailUrl":"https:\/\/kinamihealth.com\/wp-content\/uploads\/2025\/02\/HArmonyCA-LIDOCAINE-04.jpg","datePublished":"2025-02-15T16:55:12+00:00","dateModified":"2026-01-03T19:19:31+00:00","description":"Zam\u00f3w HArmonyCA\u2122 online, aby skorzysta\u0107 z podw\u00f3jnego dzia\u0142ania odm\u0142adzaj\u0105cego sk\u00f3r\u0119 twarzy, \u0142\u0105cz\u0105cego HA i CaHA w celu przywr\u00f3cenia obj\u0119to\u015bci i stymulacji d\u0142ugotrwa\u0142ej produkcji kolagenu.","breadcrumb":{"@id":"https:\/\/kinamihealth.com\/pl\/produkt\/harmonyca\/#breadcrumb"},"inLanguage":"pl-PL","potentialAction":[{"@type":"ReadAction","target":["https:\/\/kinamihealth.com\/pl\/produkt\/harmonyca\/"]}]},{"@type":"ImageObject","inLanguage":"pl-PL","@id":"https:\/\/kinamihealth.com\/pl\/produkt\/harmonyca\/#primaryimage","url":"https:\/\/kinamihealth.com\/wp-content\/uploads\/2025\/02\/HArmonyCA-LIDOCAINE-04.jpg","contentUrl":"https:\/\/kinamihealth.com\/wp-content\/uploads\/2025\/02\/HArmonyCA-LIDOCAINE-04.jpg","width":1000,"height":1000},{"@type":"BreadcrumbList","@id":"https:\/\/kinamihealth.com\/pl\/produkt\/harmonyca\/#breadcrumb","itemListElement":[{"@type":"ListItem","position":1,"name":"Strona g\u0142\u00f3wna","item":"https:\/\/kinamihealth.com\/sr\/"},{"@type":"ListItem","position":2,"name":"Sklep","item":"https:\/\/kinamihealth.com\/pl\/?page_id=128280"},{"@type":"ListItem","position":3,"name":"HArmonyCA\u2122"}]},{"@type":"WebSite","@id":"https:\/\/kinamihealth.com\/#website","url":"https:\/\/kinamihealth.com\/","name":"Kinami Health","description":"","publisher":{"@id":"https:\/\/kinamihealth.com\/#organization"},"potentialAction":[{"@type":"SearchAction","target":{"@type":"EntryPoint","urlTemplate":"https:\/\/kinamihealth.com\/?s={search_term_string}"},"query-input":{"@type":"PropertyValueSpecification","valueRequired":true,"valueName":"search_term_string"}}],"inLanguage":"pl-PL"},{"@type":"Organization","@id":"https:\/\/kinamihealth.com\/#organization","name":"Kinami Health","url":"https:\/\/kinamihealth.com\/","logo":{"@type":"ImageObject","inLanguage":"pl-PL","@id":"https:\/\/kinamihealth.com\/#\/schema\/logo\/image\/","url":"https:\/\/kinamihealth.com\/wp-content\/uploads\/2025\/01\/KH_logo_black_2-1.png","contentUrl":"https:\/\/kinamihealth.com\/wp-content\/uploads\/2025\/01\/KH_logo_black_2-1.png","width":339,"height":34,"caption":"Kinami Health"},"image":{"@id":"https:\/\/kinamihealth.com\/#\/schema\/logo\/image\/"}}]}},"_links":{"self":[{"href":"https:\/\/kinamihealth.com\/pl\/wp-json\/wp\/v2\/product\/124057","targetHints":{"allow":["GET"]}}],"collection":[{"href":"https:\/\/kinamihealth.com\/pl\/wp-json\/wp\/v2\/product"}],"about":[{"href":"https:\/\/kinamihealth.com\/pl\/wp-json\/wp\/v2\/types\/product"}],"replies":[{"embeddable":true,"href":"https:\/\/kinamihealth.com\/pl\/wp-json\/wp\/v2\/comments?post=124057"}],"version-history":[{"count":0,"href":"https:\/\/kinamihealth.com\/pl\/wp-json\/wp\/v2\/product\/124057\/revisions"}],"wp:featuredmedia":[{"embeddable":true,"href":"https:\/\/kinamihealth.com\/pl\/wp-json\/wp\/v2\/media\/124058"}],"wp:attachment":[{"href":"https:\/\/kinamihealth.com\/pl\/wp-json\/wp\/v2\/media?parent=124057"}],"wp:term":[{"taxonomy":"product_brand","embeddable":true,"href":"https:\/\/kinamihealth.com\/pl\/wp-json\/wp\/v2\/product_brand?post=124057"},{"taxonomy":"product_cat","embeddable":true,"href":"https:\/\/kinamihealth.com\/pl\/wp-json\/wp\/v2\/product_cat?post=124057"},{"taxonomy":"product_tag","embeddable":true,"href":"https:\/\/kinamihealth.com\/pl\/wp-json\/wp\/v2\/product_tag?post=124057"}],"curies":[{"name":"wp","href":"https:\/\/api.w.org\/{rel}","templated":true}]}}