{"id":124055,"date":"2025-02-15T16:55:20","date_gmt":"2025-02-15T16:55:20","guid":{"rendered":"https:\/\/kinamihealth.com\/product\/hyacorp-mlf2-body-contouring\/"},"modified":"2026-01-05T09:26:04","modified_gmt":"2026-01-05T09:26:04","slug":"hyacorp-mlf2-body-contouring","status":"publish","type":"product","link":"https:\/\/kinamihealth.com\/pl\/produkt\/hyacorp-mlf2-body-contouring\/","title":{"rendered":"HYACORP MLF2\u00ae BODY CONTOURING"},"content":{"rendered":"<p dir=\"auto\">HYACORP MLF2\u00ae BODY CONTOURING marki Bio-Science to zaawansowany wype\u0142niacz sk\u00f3rny na bazie kwasu hialuronowego, opracowany specjalnie do zastosowa\u0144 w modelowaniu sylwetki na du\u017c\u0105 skal\u0119 w por\u00f3wnaniu do kwas polimlekowy. Ten zaawansowany wype\u0142niacz marki wykorzystuje technologi\u0119 usieciowanego kwasu hialuronowego o st\u0119\u017ceniu 20 mg\/ml, dostarczanego w wygodnej postaci 10 ml ampu\u0142kostrzykawki w dzia\u0142aniach piel\u0119gnacji cia\u0142a. Produkt HYACORP marki, wyprodukowany przez firm\u0119 Bio-Science, spe\u0142nia standardy jako\u015bci farmaceutycznej w zastosowaniu wype\u0142niaczy marki.<\/p>\n","protected":false},"excerpt":{"rendered":"<p>HYACORP MLF2\u00ae BODY CONTOURING marki Bio-Science to zaawansowany wype\u0142niacz sk\u00f3rny na bazie kwasu hialuronowego, opracowany specjalnie do zastosowa\u0144 w modelowaniu sylwetki na du\u017c\u0105 skal\u0119 w por\u00f3wnaniu do kwas polimlekowy. Ten zaawansowany wype\u0142niacz marki wykorzystuje technologi\u0119 usieciowanego kwasu hialuronowego o st\u0119\u017ceniu 20 mg\/ml, dostarczanego w wygodnej postaci 10 ml ampu\u0142kostrzykawki w dzia\u0142aniach piel\u0119gnacji cia\u0142a. Produkt HYACORP [&hellip;]<\/p>\n","protected":false},"featured_media":124056,"comment_status":"closed","ping_status":"closed","template":"","meta":{"_acf_changed":false,"inline_featured_image":false},"product_brand":[2912],"product_cat":[4711],"product_tag":[4176],"class_list":{"0":"post-124055","1":"product","2":"type-product","3":"status-publish","4":"has-post-thumbnail","6":"product_brand-hyacorp","7":"product_cat-body-sculpting-pl","8":"product_tag-medical-devices-pl","10":"first","11":"instock","12":"taxable","13":"shipping-taxable","14":"purchasable","15":"product-type-simple","16":"add-to-wishlist-before_image"},"acf":[],"yoast_head":"<!-- This site is optimized with the Yoast SEO plugin v27.1.1 - https:\/\/yoast.com\/product\/yoast-seo-wordpress\/ -->\n<title>Zam\u00f3w HYACORP MLF2\u00ae BODY CONTOURING online | Kinami Health<\/title>\n<meta name=\"description\" content=\"Zam\u00f3w HYACORP MLF2\u00ae BODY CONTOURING, aby uzyska\u0107 ukierunkowane zwi\u0119kszenie obj\u0119to\u015bci du\u017cych obszar\u00f3w cia\u0142a przy u\u017cyciu usieciowanego kwasu hialuronowego, zapewniaj\u0105cego d\u0142ugotrwa\u0142e rezultaty.\" \/>\n<meta name=\"robots\" content=\"index, follow, max-snippet:-1, max-image-preview:large, max-video-preview:-1\" \/>\n<link rel=\"canonical\" href=\"https:\/\/kinamihealth.com\/pl\/wp-json\/wp\/v2\/product\/124055\" \/>\n<meta property=\"og:locale\" content=\"pl_PL\" \/>\n<meta property=\"og:type\" content=\"article\" \/>\n<meta property=\"og:title\" content=\"Zam\u00f3w HYACORP MLF2\u00ae BODY CONTOURING online | Kinami Health\" \/>\n<meta property=\"og:description\" content=\"Zam\u00f3w HYACORP MLF2\u00ae BODY CONTOURING, aby uzyska\u0107 ukierunkowane zwi\u0119kszenie obj\u0119to\u015bci du\u017cych obszar\u00f3w cia\u0142a przy u\u017cyciu usieciowanego kwasu hialuronowego, zapewniaj\u0105cego d\u0142ugotrwa\u0142e rezultaty.\" \/>\n<meta property=\"og:url\" content=\"https:\/\/kinamihealth.com\/pl\/produkt\/hyacorp-mlf2-body-contouring\/\" \/>\n<meta property=\"og:site_name\" content=\"Kinami Health\" \/>\n<meta property=\"article:modified_time\" content=\"2026-01-05T09:26:04+00:00\" \/>\n<meta property=\"og:image\" content=\"https:\/\/kinamihealth.com\/wp-content\/uploads\/2025\/02\/HYACORP-BODYCONTOURING-MLF2.jpg\" \/>\n\t<meta property=\"og:image:width\" content=\"800\" \/>\n\t<meta property=\"og:image:height\" content=\"800\" \/>\n\t<meta property=\"og:image:type\" content=\"image\/jpeg\" \/>\n<meta name=\"twitter:card\" content=\"summary_large_image\" \/>\n<meta name=\"twitter:label1\" content=\"Szacowany czas czytania\" \/>\n\t<meta name=\"twitter:data1\" content=\"1 minuta\" \/>\n<!-- \/ Yoast SEO plugin. -->","yoast_head_json":{"title":"Zam\u00f3w HYACORP MLF2\u00ae BODY CONTOURING online | Kinami Health","description":"Zam\u00f3w HYACORP MLF2\u00ae BODY CONTOURING, aby uzyska\u0107 ukierunkowane zwi\u0119kszenie obj\u0119to\u015bci du\u017cych obszar\u00f3w cia\u0142a przy u\u017cyciu usieciowanego kwasu hialuronowego, zapewniaj\u0105cego d\u0142ugotrwa\u0142e rezultaty.","robots":{"index":"index","follow":"follow","max-snippet":"max-snippet:-1","max-image-preview":"max-image-preview:large","max-video-preview":"max-video-preview:-1"},"canonical":"https:\/\/kinamihealth.com\/pl\/wp-json\/wp\/v2\/product\/124055","og_locale":"pl_PL","og_type":"article","og_title":"Zam\u00f3w HYACORP MLF2\u00ae BODY CONTOURING online | Kinami Health","og_description":"Zam\u00f3w HYACORP MLF2\u00ae BODY CONTOURING, aby uzyska\u0107 ukierunkowane zwi\u0119kszenie obj\u0119to\u015bci du\u017cych obszar\u00f3w cia\u0142a przy u\u017cyciu usieciowanego kwasu hialuronowego, zapewniaj\u0105cego d\u0142ugotrwa\u0142e rezultaty.","og_url":"https:\/\/kinamihealth.com\/pl\/produkt\/hyacorp-mlf2-body-contouring\/","og_site_name":"Kinami Health","article_modified_time":"2026-01-05T09:26:04+00:00","og_image":[{"width":800,"height":800,"url":"https:\/\/kinamihealth.com\/wp-content\/uploads\/2025\/02\/HYACORP-BODYCONTOURING-MLF2.jpg","type":"image\/jpeg"}],"twitter_card":"summary_large_image","twitter_misc":{"Szacowany czas czytania":"1 minuta"},"schema":{"@context":"https:\/\/schema.org","@graph":[{"@type":"WebPage","@id":"https:\/\/kinamihealth.com\/pl\/produkt\/hyacorp-mlf2-body-contouring\/","url":"https:\/\/kinamihealth.com\/pl\/produkt\/hyacorp-mlf2-body-contouring\/","name":"Zam\u00f3w HYACORP MLF2\u00ae BODY CONTOURING online | Kinami Health","isPartOf":{"@id":"https:\/\/kinamihealth.com\/#website"},"primaryImageOfPage":{"@id":"https:\/\/kinamihealth.com\/pl\/produkt\/hyacorp-mlf2-body-contouring\/#primaryimage"},"image":{"@id":"https:\/\/kinamihealth.com\/pl\/produkt\/hyacorp-mlf2-body-contouring\/#primaryimage"},"thumbnailUrl":"https:\/\/kinamihealth.com\/wp-content\/uploads\/2025\/02\/HYACORP-BODYCONTOURING-MLF2.jpg","datePublished":"2025-02-15T16:55:20+00:00","dateModified":"2026-01-05T09:26:04+00:00","description":"Zam\u00f3w HYACORP MLF2\u00ae BODY CONTOURING, aby uzyska\u0107 ukierunkowane zwi\u0119kszenie obj\u0119to\u015bci du\u017cych obszar\u00f3w cia\u0142a przy u\u017cyciu usieciowanego kwasu hialuronowego, zapewniaj\u0105cego d\u0142ugotrwa\u0142e rezultaty.","breadcrumb":{"@id":"https:\/\/kinamihealth.com\/pl\/produkt\/hyacorp-mlf2-body-contouring\/#breadcrumb"},"inLanguage":"pl-PL","potentialAction":[{"@type":"ReadAction","target":["https:\/\/kinamihealth.com\/pl\/produkt\/hyacorp-mlf2-body-contouring\/"]}]},{"@type":"ImageObject","inLanguage":"pl-PL","@id":"https:\/\/kinamihealth.com\/pl\/produkt\/hyacorp-mlf2-body-contouring\/#primaryimage","url":"https:\/\/kinamihealth.com\/wp-content\/uploads\/2025\/02\/HYACORP-BODYCONTOURING-MLF2.jpg","contentUrl":"https:\/\/kinamihealth.com\/wp-content\/uploads\/2025\/02\/HYACORP-BODYCONTOURING-MLF2.jpg","width":800,"height":800},{"@type":"BreadcrumbList","@id":"https:\/\/kinamihealth.com\/pl\/produkt\/hyacorp-mlf2-body-contouring\/#breadcrumb","itemListElement":[{"@type":"ListItem","position":1,"name":"Strona g\u0142\u00f3wna","item":"https:\/\/kinamihealth.com\/sr\/"},{"@type":"ListItem","position":2,"name":"Sklep","item":"https:\/\/kinamihealth.com\/pl\/?page_id=128280"},{"@type":"ListItem","position":3,"name":"HYACORP MLF2\u00ae BODY CONTOURING"}]},{"@type":"WebSite","@id":"https:\/\/kinamihealth.com\/#website","url":"https:\/\/kinamihealth.com\/","name":"Kinami Health","description":"","publisher":{"@id":"https:\/\/kinamihealth.com\/#organization"},"potentialAction":[{"@type":"SearchAction","target":{"@type":"EntryPoint","urlTemplate":"https:\/\/kinamihealth.com\/?s={search_term_string}"},"query-input":{"@type":"PropertyValueSpecification","valueRequired":true,"valueName":"search_term_string"}}],"inLanguage":"pl-PL"},{"@type":"Organization","@id":"https:\/\/kinamihealth.com\/#organization","name":"Kinami Health","url":"https:\/\/kinamihealth.com\/","logo":{"@type":"ImageObject","inLanguage":"pl-PL","@id":"https:\/\/kinamihealth.com\/#\/schema\/logo\/image\/","url":"https:\/\/kinamihealth.com\/wp-content\/uploads\/2025\/01\/KH_logo_black_2-1.png","contentUrl":"https:\/\/kinamihealth.com\/wp-content\/uploads\/2025\/01\/KH_logo_black_2-1.png","width":339,"height":34,"caption":"Kinami Health"},"image":{"@id":"https:\/\/kinamihealth.com\/#\/schema\/logo\/image\/"}}]}},"_links":{"self":[{"href":"https:\/\/kinamihealth.com\/pl\/wp-json\/wp\/v2\/product\/124055","targetHints":{"allow":["GET"]}}],"collection":[{"href":"https:\/\/kinamihealth.com\/pl\/wp-json\/wp\/v2\/product"}],"about":[{"href":"https:\/\/kinamihealth.com\/pl\/wp-json\/wp\/v2\/types\/product"}],"replies":[{"embeddable":true,"href":"https:\/\/kinamihealth.com\/pl\/wp-json\/wp\/v2\/comments?post=124055"}],"version-history":[{"count":0,"href":"https:\/\/kinamihealth.com\/pl\/wp-json\/wp\/v2\/product\/124055\/revisions"}],"wp:featuredmedia":[{"embeddable":true,"href":"https:\/\/kinamihealth.com\/pl\/wp-json\/wp\/v2\/media\/124056"}],"wp:attachment":[{"href":"https:\/\/kinamihealth.com\/pl\/wp-json\/wp\/v2\/media?parent=124055"}],"wp:term":[{"taxonomy":"product_brand","embeddable":true,"href":"https:\/\/kinamihealth.com\/pl\/wp-json\/wp\/v2\/product_brand?post=124055"},{"taxonomy":"product_cat","embeddable":true,"href":"https:\/\/kinamihealth.com\/pl\/wp-json\/wp\/v2\/product_cat?post=124055"},{"taxonomy":"product_tag","embeddable":true,"href":"https:\/\/kinamihealth.com\/pl\/wp-json\/wp\/v2\/product_tag?post=124055"}],"curies":[{"name":"wp","href":"https:\/\/api.w.org\/{rel}","templated":true}]}}