{"id":123935,"date":"2025-02-15T16:55:15","date_gmt":"2025-02-15T16:55:15","guid":{"rendered":"https:\/\/kinamihealth.com\/product\/hyacorp-fine\/"},"modified":"2025-12-02T15:35:15","modified_gmt":"2025-12-02T15:35:15","slug":"hyacorp-fine","status":"publish","type":"product","link":"https:\/\/kinamihealth.com\/pl\/produkt\/hyacorp-fine\/","title":{"rendered":"HYACORP FINE\u00ae"},"content":{"rendered":"<p><b>HYACORP FINE\u00ae to wysokiej czysto\u015bci, wch\u0142anialny wype\u0142niacz sk\u00f3rny<\/b><span style=\"font-weight: 400;\">, opracowany specjalnie dla specjalist\u00f3w medycznych poszukuj\u0105cych skutecznych rozwi\u0105za\u0144 w zakresie <\/span><b>odm\u0142adzania sk\u00f3ry<\/b><span style=\"font-weight: 400;\">.<\/span><\/p>\n","protected":false},"excerpt":{"rendered":"<p>HYACORP FINE\u00ae to wysokiej czysto\u015bci, wch\u0142anialny wype\u0142niacz sk\u00f3rny, opracowany specjalnie dla specjalist\u00f3w medycznych poszukuj\u0105cych skutecznych rozwi\u0105za\u0144 w zakresie odm\u0142adzania sk\u00f3ry.<\/p>\n","protected":false},"featured_media":123938,"comment_status":"closed","ping_status":"closed","template":"","meta":{"_acf_changed":false,"inline_featured_image":false},"product_brand":[2912],"product_cat":[4174,4175],"product_tag":[4176],"class_list":{"0":"post-123935","1":"product","2":"type-product","3":"status-publish","4":"has-post-thumbnail","6":"product_brand-hyacorp","7":"product_cat-dermal-fillers-pl","8":"product_cat-ha-dermal-fillers-pl","9":"product_tag-medical-devices-pl","11":"first","12":"instock","13":"taxable","14":"shipping-taxable","15":"purchasable","16":"product-type-simple","17":"add-to-wishlist-before_image"},"acf":[],"yoast_head":"<!-- This site is optimized with the Yoast SEO plugin v27.3 - https:\/\/yoast.com\/product\/yoast-seo-wordpress\/ -->\n<title>Zam\u00f3w HYACORP FINE\u00ae online | Sklep internetowy | Kinami Health<\/title>\n<meta name=\"description\" content=\"Zam\u00f3w HYACORP FINE\u00ae, aby wyg\u0142adzi\u0107 powierzchowne zmarszczki na twarzy za pomoc\u0105 lekkiego \u017celu z kwasem hialuronowym, przeznaczonego do korekcji drobnych zmarszczek i nawil\u017cania sk\u00f3ry.\" \/>\n<meta name=\"robots\" content=\"index, follow, max-snippet:-1, max-image-preview:large, max-video-preview:-1\" \/>\n<link rel=\"canonical\" href=\"https:\/\/kinamihealth.com\/pl\/wp-json\/wp\/v2\/product\/123935\" \/>\n<meta property=\"og:locale\" content=\"pl_PL\" \/>\n<meta property=\"og:type\" content=\"article\" \/>\n<meta property=\"og:title\" content=\"Zam\u00f3w HYACORP FINE\u00ae online | Sklep internetowy | Kinami Health\" \/>\n<meta property=\"og:description\" content=\"Zam\u00f3w HYACORP FINE\u00ae, aby wyg\u0142adzi\u0107 powierzchowne zmarszczki na twarzy za pomoc\u0105 lekkiego \u017celu z kwasem hialuronowym, przeznaczonego do korekcji drobnych zmarszczek i nawil\u017cania sk\u00f3ry.\" \/>\n<meta property=\"og:url\" content=\"https:\/\/kinamihealth.com\/pl\/produkt\/hyacorp-fine\/\" \/>\n<meta property=\"og:site_name\" content=\"Kinami Health\" \/>\n<meta property=\"article:modified_time\" content=\"2025-12-02T15:35:15+00:00\" \/>\n<meta property=\"og:image\" content=\"https:\/\/kinamihealth.com\/wp-content\/uploads\/2025\/02\/hyacorp-fine-front.webp\" \/>\n\t<meta property=\"og:image:width\" content=\"1500\" \/>\n\t<meta property=\"og:image:height\" content=\"1500\" \/>\n\t<meta property=\"og:image:type\" content=\"image\/webp\" \/>\n<meta name=\"twitter:card\" content=\"summary_large_image\" \/>\n<meta name=\"twitter:label1\" content=\"Szacowany czas czytania\" \/>\n\t<meta name=\"twitter:data1\" content=\"1 minuta\" \/>\n<!-- \/ Yoast SEO plugin. -->","yoast_head_json":{"title":"Zam\u00f3w HYACORP FINE\u00ae online | Sklep internetowy | Kinami Health","description":"Zam\u00f3w HYACORP FINE\u00ae, aby wyg\u0142adzi\u0107 powierzchowne zmarszczki na twarzy za pomoc\u0105 lekkiego \u017celu z kwasem hialuronowym, przeznaczonego do korekcji drobnych zmarszczek i nawil\u017cania sk\u00f3ry.","robots":{"index":"index","follow":"follow","max-snippet":"max-snippet:-1","max-image-preview":"max-image-preview:large","max-video-preview":"max-video-preview:-1"},"canonical":"https:\/\/kinamihealth.com\/pl\/wp-json\/wp\/v2\/product\/123935","og_locale":"pl_PL","og_type":"article","og_title":"Zam\u00f3w HYACORP FINE\u00ae online | Sklep internetowy | Kinami Health","og_description":"Zam\u00f3w HYACORP FINE\u00ae, aby wyg\u0142adzi\u0107 powierzchowne zmarszczki na twarzy za pomoc\u0105 lekkiego \u017celu z kwasem hialuronowym, przeznaczonego do korekcji drobnych zmarszczek i nawil\u017cania sk\u00f3ry.","og_url":"https:\/\/kinamihealth.com\/pl\/produkt\/hyacorp-fine\/","og_site_name":"Kinami Health","article_modified_time":"2025-12-02T15:35:15+00:00","og_image":[{"width":1500,"height":1500,"url":"https:\/\/kinamihealth.com\/wp-content\/uploads\/2025\/02\/hyacorp-fine-front.webp","type":"image\/webp"}],"twitter_card":"summary_large_image","twitter_misc":{"Szacowany czas czytania":"1 minuta"},"schema":{"@context":"https:\/\/schema.org","@graph":[{"@type":"WebPage","@id":"https:\/\/kinamihealth.com\/pl\/produkt\/hyacorp-fine\/","url":"https:\/\/kinamihealth.com\/pl\/produkt\/hyacorp-fine\/","name":"Zam\u00f3w HYACORP FINE\u00ae online | Sklep internetowy | Kinami Health","isPartOf":{"@id":"https:\/\/kinamihealth.com\/#website"},"primaryImageOfPage":{"@id":"https:\/\/kinamihealth.com\/pl\/produkt\/hyacorp-fine\/#primaryimage"},"image":{"@id":"https:\/\/kinamihealth.com\/pl\/produkt\/hyacorp-fine\/#primaryimage"},"thumbnailUrl":"https:\/\/kinamihealth.com\/wp-content\/uploads\/2025\/02\/hyacorp-fine-front.webp","datePublished":"2025-02-15T16:55:15+00:00","dateModified":"2025-12-02T15:35:15+00:00","description":"Zam\u00f3w HYACORP FINE\u00ae, aby wyg\u0142adzi\u0107 powierzchowne zmarszczki na twarzy za pomoc\u0105 lekkiego \u017celu z kwasem hialuronowym, przeznaczonego do korekcji drobnych zmarszczek i nawil\u017cania sk\u00f3ry.","breadcrumb":{"@id":"https:\/\/kinamihealth.com\/pl\/produkt\/hyacorp-fine\/#breadcrumb"},"inLanguage":"pl-PL","potentialAction":[{"@type":"ReadAction","target":["https:\/\/kinamihealth.com\/pl\/produkt\/hyacorp-fine\/"]}]},{"@type":"ImageObject","inLanguage":"pl-PL","@id":"https:\/\/kinamihealth.com\/pl\/produkt\/hyacorp-fine\/#primaryimage","url":"https:\/\/kinamihealth.com\/wp-content\/uploads\/2025\/02\/hyacorp-fine-front.webp","contentUrl":"https:\/\/kinamihealth.com\/wp-content\/uploads\/2025\/02\/hyacorp-fine-front.webp","width":1500,"height":1500},{"@type":"BreadcrumbList","@id":"https:\/\/kinamihealth.com\/pl\/produkt\/hyacorp-fine\/#breadcrumb","itemListElement":[{"@type":"ListItem","position":1,"name":"Strona g\u0142\u00f3wna","item":"https:\/\/kinamihealth.com\/sr\/"},{"@type":"ListItem","position":2,"name":"Sklep","item":"https:\/\/kinamihealth.com\/pl\/?page_id=128280"},{"@type":"ListItem","position":3,"name":"HYACORP FINE\u00ae"}]},{"@type":"WebSite","@id":"https:\/\/kinamihealth.com\/#website","url":"https:\/\/kinamihealth.com\/","name":"Kinami Health","description":"","publisher":{"@id":"https:\/\/kinamihealth.com\/#organization"},"potentialAction":[{"@type":"SearchAction","target":{"@type":"EntryPoint","urlTemplate":"https:\/\/kinamihealth.com\/?s={search_term_string}"},"query-input":{"@type":"PropertyValueSpecification","valueRequired":true,"valueName":"search_term_string"}}],"inLanguage":"pl-PL"},{"@type":"Organization","@id":"https:\/\/kinamihealth.com\/#organization","name":"Kinami Health","url":"https:\/\/kinamihealth.com\/","logo":{"@type":"ImageObject","inLanguage":"pl-PL","@id":"https:\/\/kinamihealth.com\/#\/schema\/logo\/image\/","url":"https:\/\/kinamihealth.com\/wp-content\/uploads\/2025\/01\/KH_logo_black_2-1.png","contentUrl":"https:\/\/kinamihealth.com\/wp-content\/uploads\/2025\/01\/KH_logo_black_2-1.png","width":339,"height":34,"caption":"Kinami Health"},"image":{"@id":"https:\/\/kinamihealth.com\/#\/schema\/logo\/image\/"}}]}},"_links":{"self":[{"href":"https:\/\/kinamihealth.com\/pl\/wp-json\/wp\/v2\/product\/123935","targetHints":{"allow":["GET"]}}],"collection":[{"href":"https:\/\/kinamihealth.com\/pl\/wp-json\/wp\/v2\/product"}],"about":[{"href":"https:\/\/kinamihealth.com\/pl\/wp-json\/wp\/v2\/types\/product"}],"replies":[{"embeddable":true,"href":"https:\/\/kinamihealth.com\/pl\/wp-json\/wp\/v2\/comments?post=123935"}],"version-history":[{"count":0,"href":"https:\/\/kinamihealth.com\/pl\/wp-json\/wp\/v2\/product\/123935\/revisions"}],"wp:featuredmedia":[{"embeddable":true,"href":"https:\/\/kinamihealth.com\/pl\/wp-json\/wp\/v2\/media\/123938"}],"wp:attachment":[{"href":"https:\/\/kinamihealth.com\/pl\/wp-json\/wp\/v2\/media?parent=123935"}],"wp:term":[{"taxonomy":"product_brand","embeddable":true,"href":"https:\/\/kinamihealth.com\/pl\/wp-json\/wp\/v2\/product_brand?post=123935"},{"taxonomy":"product_cat","embeddable":true,"href":"https:\/\/kinamihealth.com\/pl\/wp-json\/wp\/v2\/product_cat?post=123935"},{"taxonomy":"product_tag","embeddable":true,"href":"https:\/\/kinamihealth.com\/pl\/wp-json\/wp\/v2\/product_tag?post=123935"}],"curies":[{"name":"wp","href":"https:\/\/api.w.org\/{rel}","templated":true}]}}