{"id":123926,"date":"2025-02-15T16:55:41","date_gmt":"2025-02-15T16:55:41","guid":{"rendered":"https:\/\/kinamihealth.com\/product\/intraline-spiral-s3038-30g-38mm-50mm\/"},"modified":"2025-12-02T15:52:19","modified_gmt":"2025-12-02T15:52:19","slug":"intraline-spiral-s3038-30g-38mm-50mm","status":"publish","type":"product","link":"https:\/\/kinamihealth.com\/pl\/produkt\/intraline-spiral-s3038-30g-38mm-50mm\/","title":{"rendered":"INTRALINE\u00ae SPIRAL S3038 &#8211; 30G 38mm\/50mm"},"content":{"rendered":"<p><b>INTRALINE\u00ae SPIRAL S3038 to wysokiej jako\u015bci ni\u0107 z polidioksanonu (PDO) przeznaczona do zaawansowanych zabieg\u00f3w estetycznych<\/b><span style=\"font-weight: 400;\">. Ten produkt klasy medycznej charakteryzuje si\u0119 wyrafinowan\u0105 spiraln\u0105 konstrukcj\u0105, kt\u00f3ra wzmacnia stymulacj\u0119 kolagenu i zapewnia doskona\u0142e wsparcie strukturalne podczas zabieg\u00f3w odm\u0142adzania sk\u00f3ry.<\/span><\/p>\n","protected":false},"excerpt":{"rendered":"<p>INTRALINE\u00ae SPIRAL S3038 to wysokiej jako\u015bci ni\u0107 z polidioksanonu (PDO) przeznaczona do zaawansowanych zabieg\u00f3w estetycznych. Ten produkt klasy medycznej charakteryzuje si\u0119 wyrafinowan\u0105 spiraln\u0105 konstrukcj\u0105, kt\u00f3ra wzmacnia stymulacj\u0119 kolagenu i zapewnia doskona\u0142e wsparcie strukturalne podczas zabieg\u00f3w odm\u0142adzania sk\u00f3ry.<\/p>\n","protected":false},"featured_media":123927,"comment_status":"closed","ping_status":"closed","template":"","meta":{"_acf_changed":false,"inline_featured_image":false},"product_brand":[2913],"product_cat":[4647,4648],"product_tag":[4176],"class_list":{"0":"post-123926","1":"product","2":"type-product","3":"status-publish","4":"has-post-thumbnail","6":"product_brand-intraline","7":"product_cat-threads-pl","8":"product_cat-pdo-threads-pl","9":"product_tag-medical-devices-pl","11":"first","12":"instock","13":"taxable","14":"shipping-taxable","15":"purchasable","16":"product-type-simple","17":"add-to-wishlist-before_image"},"acf":[],"yoast_head":"<!-- This site is optimized with the Yoast SEO plugin v27.5 - https:\/\/yoast.com\/product\/yoast-seo-wordpress\/ -->\n<title>Zam\u00f3w INTRALINE\u00ae SPIRAL S3038 online | Sklep internetowy | Kinami Health<\/title>\n<meta name=\"description\" content=\"Zam\u00f3w INTRALINE\u00ae SPIRAL S3038, aby poprawi\u0107 elastyczno\u015b\u0107 i struktur\u0119 sk\u00f3ry dzi\u0119ki niotom PDO 30G przeznaczonym do stymulacji kolagenu w delikatnych obszarach twarzy.\" \/>\n<meta name=\"robots\" content=\"index, follow, max-snippet:-1, max-image-preview:large, max-video-preview:-1\" \/>\n<link rel=\"canonical\" href=\"https:\/\/kinamihealth.com\/pl\/wp-json\/wp\/v2\/product\/123926\" \/>\n<meta property=\"og:locale\" content=\"pl_PL\" \/>\n<meta property=\"og:type\" content=\"article\" \/>\n<meta property=\"og:title\" content=\"Zam\u00f3w INTRALINE\u00ae SPIRAL S3038 online | Sklep internetowy | Kinami Health\" \/>\n<meta property=\"og:description\" content=\"Zam\u00f3w INTRALINE\u00ae SPIRAL S3038, aby poprawi\u0107 elastyczno\u015b\u0107 i struktur\u0119 sk\u00f3ry dzi\u0119ki niotom PDO 30G przeznaczonym do stymulacji kolagenu w delikatnych obszarach twarzy.\" \/>\n<meta property=\"og:url\" content=\"https:\/\/kinamihealth.com\/pl\/produkt\/intraline-spiral-s3038-30g-38mm-50mm\/\" \/>\n<meta property=\"og:site_name\" content=\"Kinami Health\" \/>\n<meta property=\"article:modified_time\" content=\"2025-12-02T15:52:19+00:00\" \/>\n<meta property=\"og:image\" content=\"https:\/\/kinamihealth.com\/wp-content\/uploads\/2025\/02\/INTRALINE-PDOSPIRAL-S3038-30G38MM50MM-01.jpg\" \/>\n\t<meta property=\"og:image:width\" content=\"800\" \/>\n\t<meta property=\"og:image:height\" content=\"800\" \/>\n\t<meta property=\"og:image:type\" content=\"image\/jpeg\" \/>\n<meta name=\"twitter:card\" content=\"summary_large_image\" \/>\n<meta name=\"twitter:label1\" content=\"Szacowany czas czytania\" \/>\n\t<meta name=\"twitter:data1\" content=\"1 minuta\" \/>\n<!-- \/ Yoast SEO plugin. -->","yoast_head_json":{"title":"Zam\u00f3w INTRALINE\u00ae SPIRAL S3038 online | Sklep internetowy | Kinami Health","description":"Zam\u00f3w INTRALINE\u00ae SPIRAL S3038, aby poprawi\u0107 elastyczno\u015b\u0107 i struktur\u0119 sk\u00f3ry dzi\u0119ki niotom PDO 30G przeznaczonym do stymulacji kolagenu w delikatnych obszarach twarzy.","robots":{"index":"index","follow":"follow","max-snippet":"max-snippet:-1","max-image-preview":"max-image-preview:large","max-video-preview":"max-video-preview:-1"},"canonical":"https:\/\/kinamihealth.com\/pl\/wp-json\/wp\/v2\/product\/123926","og_locale":"pl_PL","og_type":"article","og_title":"Zam\u00f3w INTRALINE\u00ae SPIRAL S3038 online | Sklep internetowy | Kinami Health","og_description":"Zam\u00f3w INTRALINE\u00ae SPIRAL S3038, aby poprawi\u0107 elastyczno\u015b\u0107 i struktur\u0119 sk\u00f3ry dzi\u0119ki niotom PDO 30G przeznaczonym do stymulacji kolagenu w delikatnych obszarach twarzy.","og_url":"https:\/\/kinamihealth.com\/pl\/produkt\/intraline-spiral-s3038-30g-38mm-50mm\/","og_site_name":"Kinami Health","article_modified_time":"2025-12-02T15:52:19+00:00","og_image":[{"width":800,"height":800,"url":"https:\/\/kinamihealth.com\/wp-content\/uploads\/2025\/02\/INTRALINE-PDOSPIRAL-S3038-30G38MM50MM-01.jpg","type":"image\/jpeg"}],"twitter_card":"summary_large_image","twitter_misc":{"Szacowany czas czytania":"1 minuta"},"schema":{"@context":"https:\/\/schema.org","@graph":[{"@type":"WebPage","@id":"https:\/\/kinamihealth.com\/pl\/produkt\/intraline-spiral-s3038-30g-38mm-50mm\/","url":"https:\/\/kinamihealth.com\/pl\/produkt\/intraline-spiral-s3038-30g-38mm-50mm\/","name":"Zam\u00f3w INTRALINE\u00ae SPIRAL S3038 online | Sklep internetowy | Kinami Health","isPartOf":{"@id":"https:\/\/kinamihealth.com\/#website"},"primaryImageOfPage":{"@id":"https:\/\/kinamihealth.com\/pl\/produkt\/intraline-spiral-s3038-30g-38mm-50mm\/#primaryimage"},"image":{"@id":"https:\/\/kinamihealth.com\/pl\/produkt\/intraline-spiral-s3038-30g-38mm-50mm\/#primaryimage"},"thumbnailUrl":"https:\/\/kinamihealth.com\/wp-content\/uploads\/2025\/02\/INTRALINE-PDOSPIRAL-S3038-30G38MM50MM-01.jpg","datePublished":"2025-02-15T16:55:41+00:00","dateModified":"2025-12-02T15:52:19+00:00","description":"Zam\u00f3w INTRALINE\u00ae SPIRAL S3038, aby poprawi\u0107 elastyczno\u015b\u0107 i struktur\u0119 sk\u00f3ry dzi\u0119ki niotom PDO 30G przeznaczonym do stymulacji kolagenu w delikatnych obszarach twarzy.","breadcrumb":{"@id":"https:\/\/kinamihealth.com\/pl\/produkt\/intraline-spiral-s3038-30g-38mm-50mm\/#breadcrumb"},"inLanguage":"pl-PL","potentialAction":[{"@type":"ReadAction","target":["https:\/\/kinamihealth.com\/pl\/produkt\/intraline-spiral-s3038-30g-38mm-50mm\/"]}]},{"@type":"ImageObject","inLanguage":"pl-PL","@id":"https:\/\/kinamihealth.com\/pl\/produkt\/intraline-spiral-s3038-30g-38mm-50mm\/#primaryimage","url":"https:\/\/kinamihealth.com\/wp-content\/uploads\/2025\/02\/INTRALINE-PDOSPIRAL-S3038-30G38MM50MM-01.jpg","contentUrl":"https:\/\/kinamihealth.com\/wp-content\/uploads\/2025\/02\/INTRALINE-PDOSPIRAL-S3038-30G38MM50MM-01.jpg","width":800,"height":800},{"@type":"BreadcrumbList","@id":"https:\/\/kinamihealth.com\/pl\/produkt\/intraline-spiral-s3038-30g-38mm-50mm\/#breadcrumb","itemListElement":[{"@type":"ListItem","position":1,"name":"Strona g\u0142\u00f3wna","item":"https:\/\/kinamihealth.com\/sr\/"},{"@type":"ListItem","position":2,"name":"Sklep","item":"https:\/\/kinamihealth.com\/pl\/?page_id=128280"},{"@type":"ListItem","position":3,"name":"INTRALINE\u00ae SPIRAL S3038 &#8211; 30G 38mm\/50mm"}]},{"@type":"WebSite","@id":"https:\/\/kinamihealth.com\/#website","url":"https:\/\/kinamihealth.com\/","name":"Kinami Health","description":"","publisher":{"@id":"https:\/\/kinamihealth.com\/#organization"},"potentialAction":[{"@type":"SearchAction","target":{"@type":"EntryPoint","urlTemplate":"https:\/\/kinamihealth.com\/?s={search_term_string}"},"query-input":{"@type":"PropertyValueSpecification","valueRequired":true,"valueName":"search_term_string"}}],"inLanguage":"pl-PL"},{"@type":"Organization","@id":"https:\/\/kinamihealth.com\/#organization","name":"Kinami Health","url":"https:\/\/kinamihealth.com\/","logo":{"@type":"ImageObject","inLanguage":"pl-PL","@id":"https:\/\/kinamihealth.com\/#\/schema\/logo\/image\/","url":"https:\/\/kinamihealth.com\/wp-content\/uploads\/2025\/01\/KH_logo_black_2-1.png","contentUrl":"https:\/\/kinamihealth.com\/wp-content\/uploads\/2025\/01\/KH_logo_black_2-1.png","width":339,"height":34,"caption":"Kinami Health"},"image":{"@id":"https:\/\/kinamihealth.com\/#\/schema\/logo\/image\/"}}]}},"_links":{"self":[{"href":"https:\/\/kinamihealth.com\/pl\/wp-json\/wp\/v2\/product\/123926","targetHints":{"allow":["GET"]}}],"collection":[{"href":"https:\/\/kinamihealth.com\/pl\/wp-json\/wp\/v2\/product"}],"about":[{"href":"https:\/\/kinamihealth.com\/pl\/wp-json\/wp\/v2\/types\/product"}],"replies":[{"embeddable":true,"href":"https:\/\/kinamihealth.com\/pl\/wp-json\/wp\/v2\/comments?post=123926"}],"version-history":[{"count":0,"href":"https:\/\/kinamihealth.com\/pl\/wp-json\/wp\/v2\/product\/123926\/revisions"}],"wp:featuredmedia":[{"embeddable":true,"href":"https:\/\/kinamihealth.com\/pl\/wp-json\/wp\/v2\/media\/123927"}],"wp:attachment":[{"href":"https:\/\/kinamihealth.com\/pl\/wp-json\/wp\/v2\/media?parent=123926"}],"wp:term":[{"taxonomy":"product_brand","embeddable":true,"href":"https:\/\/kinamihealth.com\/pl\/wp-json\/wp\/v2\/product_brand?post=123926"},{"taxonomy":"product_cat","embeddable":true,"href":"https:\/\/kinamihealth.com\/pl\/wp-json\/wp\/v2\/product_cat?post=123926"},{"taxonomy":"product_tag","embeddable":true,"href":"https:\/\/kinamihealth.com\/pl\/wp-json\/wp\/v2\/product_tag?post=123926"}],"curies":[{"name":"wp","href":"https:\/\/api.w.org\/{rel}","templated":true}]}}