{"id":123622,"date":"2025-03-11T18:14:38","date_gmt":"2025-03-11T18:14:38","guid":{"rendered":"https:\/\/kinamihealth.com\/product\/croma-polyphil-hair\/"},"modified":"2025-12-31T10:04:39","modified_gmt":"2025-12-31T10:04:39","slug":"croma-polyphil-hair","status":"publish","type":"product","link":"https:\/\/kinamihealth.com\/pl\/produkt\/croma-polyphil-hair\/","title":{"rendered":"CROMA POLYPHIL\u2122 HAIR"},"content":{"rendered":"<p dir=\"auto\"><strong>CROMA PhilArt NEXT z linii Polyphil Hair to \u017cel do wstrzykiwa\u0144 zawieraj\u0105cy PN-HPT\u00ae<\/strong> (technologi\u0119 wysokiego oczyszczania polinukleotyd\u00f3w) i kwas hialuronowy, podobny do kwas polimlekowy w stymulatorach tkankowych. Ten wysokiej jako\u015bci produkt do stosowania w sk\u00f3rze g\u0142owy wykorzystuje zaawansowan\u0105 nauk\u0119 molekularn\u0105 w celu stymulowania naturalnej syntezy kolagenu i poprawy regeneracji kom\u00f3rek w piel\u0119gnacji sk\u00f3ry g\u0142owy.<\/p>\n","protected":false},"excerpt":{"rendered":"<p>CROMA PhilArt NEXT z linii Polyphil Hair to \u017cel do wstrzykiwa\u0144 zawieraj\u0105cy PN-HPT\u00ae (technologi\u0119 wysokiego oczyszczania polinukleotyd\u00f3w) i kwas hialuronowy, podobny do kwas polimlekowy w stymulatorach tkankowych. Ten wysokiej jako\u015bci produkt do stosowania w sk\u00f3rze g\u0142owy wykorzystuje zaawansowan\u0105 nauk\u0119 molekularn\u0105 w celu stymulowania naturalnej syntezy kolagenu i poprawy regeneracji kom\u00f3rek w piel\u0119gnacji sk\u00f3ry g\u0142owy.<\/p>\n","protected":false},"featured_media":123623,"comment_status":"closed","ping_status":"closed","template":"","meta":{"_acf_changed":false,"inline_featured_image":false},"product_brand":[2902],"product_cat":[4174],"product_tag":[4176],"class_list":{"0":"post-123622","1":"product","2":"type-product","3":"status-publish","4":"has-post-thumbnail","6":"product_brand-croma","7":"product_cat-dermal-fillers-pl","8":"product_tag-medical-devices-pl","10":"first","11":"instock","12":"taxable","13":"shipping-taxable","14":"purchasable","15":"product-type-simple","16":"add-to-wishlist-before_image"},"acf":[],"yoast_head":"<!-- This site is optimized with the Yoast SEO plugin v27.1.1 - https:\/\/yoast.com\/product\/yoast-seo-wordpress\/ -->\n<title>Zam\u00f3w CROMA PhilArt HAIR online | Sklep internetowy | Kinami Health<\/title>\n<meta name=\"description\" content=\"Zam\u00f3w CROMA PhilArt HAIR online, aby wspom\u00f3c regeneracj\u0119 sk\u00f3ry g\u0142owy i zwi\u0119kszy\u0107 witalno\u015b\u0107 w\u0142os\u00f3w dzi\u0119ki terapii biostymulacyjnej opartej na polinukleotydach.\" \/>\n<meta name=\"robots\" content=\"index, follow, max-snippet:-1, max-image-preview:large, max-video-preview:-1\" \/>\n<link rel=\"canonical\" href=\"https:\/\/kinamihealth.com\/pl\/wp-json\/wp\/v2\/product\/123622\" \/>\n<meta property=\"og:locale\" content=\"pl_PL\" \/>\n<meta property=\"og:type\" content=\"article\" \/>\n<meta property=\"og:title\" content=\"Zam\u00f3w CROMA PhilArt HAIR online | Sklep internetowy | Kinami Health\" \/>\n<meta property=\"og:description\" content=\"Zam\u00f3w CROMA PhilArt HAIR online, aby wspom\u00f3c regeneracj\u0119 sk\u00f3ry g\u0142owy i zwi\u0119kszy\u0107 witalno\u015b\u0107 w\u0142os\u00f3w dzi\u0119ki terapii biostymulacyjnej opartej na polinukleotydach.\" \/>\n<meta property=\"og:url\" content=\"https:\/\/kinamihealth.com\/pl\/produkt\/croma-polyphil-hair\/\" \/>\n<meta property=\"og:site_name\" content=\"Kinami Health\" \/>\n<meta property=\"article:modified_time\" content=\"2025-12-31T10:04:39+00:00\" \/>\n<meta property=\"og:image\" content=\"https:\/\/kinamihealth.com\/wp-content\/uploads\/2025\/03\/CROMA-POLYPHIL-HAIR_Front-scaled.webp\" \/>\n\t<meta property=\"og:image:width\" content=\"2560\" \/>\n\t<meta property=\"og:image:height\" content=\"2560\" \/>\n\t<meta property=\"og:image:type\" content=\"image\/webp\" \/>\n<meta name=\"twitter:card\" content=\"summary_large_image\" \/>\n<meta name=\"twitter:label1\" content=\"Szacowany czas czytania\" \/>\n\t<meta name=\"twitter:data1\" content=\"1 minuta\" \/>\n<!-- \/ Yoast SEO plugin. -->","yoast_head_json":{"title":"Zam\u00f3w CROMA PhilArt HAIR online | Sklep internetowy | Kinami Health","description":"Zam\u00f3w CROMA PhilArt HAIR online, aby wspom\u00f3c regeneracj\u0119 sk\u00f3ry g\u0142owy i zwi\u0119kszy\u0107 witalno\u015b\u0107 w\u0142os\u00f3w dzi\u0119ki terapii biostymulacyjnej opartej na polinukleotydach.","robots":{"index":"index","follow":"follow","max-snippet":"max-snippet:-1","max-image-preview":"max-image-preview:large","max-video-preview":"max-video-preview:-1"},"canonical":"https:\/\/kinamihealth.com\/pl\/wp-json\/wp\/v2\/product\/123622","og_locale":"pl_PL","og_type":"article","og_title":"Zam\u00f3w CROMA PhilArt HAIR online | Sklep internetowy | Kinami Health","og_description":"Zam\u00f3w CROMA PhilArt HAIR online, aby wspom\u00f3c regeneracj\u0119 sk\u00f3ry g\u0142owy i zwi\u0119kszy\u0107 witalno\u015b\u0107 w\u0142os\u00f3w dzi\u0119ki terapii biostymulacyjnej opartej na polinukleotydach.","og_url":"https:\/\/kinamihealth.com\/pl\/produkt\/croma-polyphil-hair\/","og_site_name":"Kinami Health","article_modified_time":"2025-12-31T10:04:39+00:00","og_image":[{"width":2560,"height":2560,"url":"https:\/\/kinamihealth.com\/wp-content\/uploads\/2025\/03\/CROMA-POLYPHIL-HAIR_Front-scaled.webp","type":"image\/webp"}],"twitter_card":"summary_large_image","twitter_misc":{"Szacowany czas czytania":"1 minuta"},"schema":{"@context":"https:\/\/schema.org","@graph":[{"@type":"WebPage","@id":"https:\/\/kinamihealth.com\/pl\/produkt\/croma-polyphil-hair\/","url":"https:\/\/kinamihealth.com\/pl\/produkt\/croma-polyphil-hair\/","name":"Zam\u00f3w CROMA PhilArt HAIR online | Sklep internetowy | Kinami Health","isPartOf":{"@id":"https:\/\/kinamihealth.com\/#website"},"primaryImageOfPage":{"@id":"https:\/\/kinamihealth.com\/pl\/produkt\/croma-polyphil-hair\/#primaryimage"},"image":{"@id":"https:\/\/kinamihealth.com\/pl\/produkt\/croma-polyphil-hair\/#primaryimage"},"thumbnailUrl":"https:\/\/kinamihealth.com\/wp-content\/uploads\/2025\/03\/CROMA-POLYPHIL-HAIR_Front-scaled.webp","datePublished":"2025-03-11T18:14:38+00:00","dateModified":"2025-12-31T10:04:39+00:00","description":"Zam\u00f3w CROMA PhilArt HAIR online, aby wspom\u00f3c regeneracj\u0119 sk\u00f3ry g\u0142owy i zwi\u0119kszy\u0107 witalno\u015b\u0107 w\u0142os\u00f3w dzi\u0119ki terapii biostymulacyjnej opartej na polinukleotydach.","breadcrumb":{"@id":"https:\/\/kinamihealth.com\/pl\/produkt\/croma-polyphil-hair\/#breadcrumb"},"inLanguage":"pl-PL","potentialAction":[{"@type":"ReadAction","target":["https:\/\/kinamihealth.com\/pl\/produkt\/croma-polyphil-hair\/"]}]},{"@type":"ImageObject","inLanguage":"pl-PL","@id":"https:\/\/kinamihealth.com\/pl\/produkt\/croma-polyphil-hair\/#primaryimage","url":"https:\/\/kinamihealth.com\/wp-content\/uploads\/2025\/03\/CROMA-POLYPHIL-HAIR_Front-scaled.webp","contentUrl":"https:\/\/kinamihealth.com\/wp-content\/uploads\/2025\/03\/CROMA-POLYPHIL-HAIR_Front-scaled.webp","width":2560,"height":2560},{"@type":"BreadcrumbList","@id":"https:\/\/kinamihealth.com\/pl\/produkt\/croma-polyphil-hair\/#breadcrumb","itemListElement":[{"@type":"ListItem","position":1,"name":"Strona g\u0142\u00f3wna","item":"https:\/\/kinamihealth.com\/sr\/"},{"@type":"ListItem","position":2,"name":"Sklep","item":"https:\/\/kinamihealth.com\/pl\/?page_id=128280"},{"@type":"ListItem","position":3,"name":"CROMA POLYPHIL\u2122 HAIR"}]},{"@type":"WebSite","@id":"https:\/\/kinamihealth.com\/#website","url":"https:\/\/kinamihealth.com\/","name":"Kinami Health","description":"","publisher":{"@id":"https:\/\/kinamihealth.com\/#organization"},"potentialAction":[{"@type":"SearchAction","target":{"@type":"EntryPoint","urlTemplate":"https:\/\/kinamihealth.com\/?s={search_term_string}"},"query-input":{"@type":"PropertyValueSpecification","valueRequired":true,"valueName":"search_term_string"}}],"inLanguage":"pl-PL"},{"@type":"Organization","@id":"https:\/\/kinamihealth.com\/#organization","name":"Kinami Health","url":"https:\/\/kinamihealth.com\/","logo":{"@type":"ImageObject","inLanguage":"pl-PL","@id":"https:\/\/kinamihealth.com\/#\/schema\/logo\/image\/","url":"https:\/\/kinamihealth.com\/wp-content\/uploads\/2025\/01\/KH_logo_black_2-1.png","contentUrl":"https:\/\/kinamihealth.com\/wp-content\/uploads\/2025\/01\/KH_logo_black_2-1.png","width":339,"height":34,"caption":"Kinami Health"},"image":{"@id":"https:\/\/kinamihealth.com\/#\/schema\/logo\/image\/"}}]}},"_links":{"self":[{"href":"https:\/\/kinamihealth.com\/pl\/wp-json\/wp\/v2\/product\/123622","targetHints":{"allow":["GET"]}}],"collection":[{"href":"https:\/\/kinamihealth.com\/pl\/wp-json\/wp\/v2\/product"}],"about":[{"href":"https:\/\/kinamihealth.com\/pl\/wp-json\/wp\/v2\/types\/product"}],"replies":[{"embeddable":true,"href":"https:\/\/kinamihealth.com\/pl\/wp-json\/wp\/v2\/comments?post=123622"}],"version-history":[{"count":0,"href":"https:\/\/kinamihealth.com\/pl\/wp-json\/wp\/v2\/product\/123622\/revisions"}],"wp:featuredmedia":[{"embeddable":true,"href":"https:\/\/kinamihealth.com\/pl\/wp-json\/wp\/v2\/media\/123623"}],"wp:attachment":[{"href":"https:\/\/kinamihealth.com\/pl\/wp-json\/wp\/v2\/media?parent=123622"}],"wp:term":[{"taxonomy":"product_brand","embeddable":true,"href":"https:\/\/kinamihealth.com\/pl\/wp-json\/wp\/v2\/product_brand?post=123622"},{"taxonomy":"product_cat","embeddable":true,"href":"https:\/\/kinamihealth.com\/pl\/wp-json\/wp\/v2\/product_cat?post=123622"},{"taxonomy":"product_tag","embeddable":true,"href":"https:\/\/kinamihealth.com\/pl\/wp-json\/wp\/v2\/product_tag?post=123622"}],"curies":[{"name":"wp","href":"https:\/\/api.w.org\/{rel}","templated":true}]}}