{"id":123618,"date":"2025-02-15T16:54:30","date_gmt":"2025-02-15T16:54:30","guid":{"rendered":"https:\/\/kinamihealth.com\/product\/croma-polyphil-next\/"},"modified":"2025-12-31T10:30:18","modified_gmt":"2025-12-31T10:30:18","slug":"croma-polyphil-next","status":"publish","type":"product","link":"https:\/\/kinamihealth.com\/pl\/produkt\/croma-polyphil-next\/","title":{"rendered":"CROMA POLYPHIL\u2122 NEXT"},"content":{"rendered":"<p dir=\"auto\">CROMA PhilArt EYE z linii Polyphil Next to preparat do wstrzykiwa\u0144 na bazie polinukleotyd\u00f3w, przeznaczony do odm\u0142adzania delikatnej sk\u00f3ry wok\u00f3\u0142 oczu. Ten zaawansowany preparat wzmacniaj\u0105cy sk\u00f3r\u0119 wykorzystuje technologi\u0119 PN-HPT\u00ae (Polynucleotides Highly Purified Technology) w celu stymulacji regeneracji sk\u00f3ry w\u0142a\u015bciwej i poprawy jako\u015bci sk\u00f3ry w wra\u017cliwych obszarach wok\u00f3\u0142 oczu w por\u00f3wnaniu do tradycyjnych wype\u0142niaczy z kwasu hialuronowego.<\/p>\n","protected":false},"excerpt":{"rendered":"<p>CROMA PhilArt EYE z linii Polyphil Next to preparat do wstrzykiwa\u0144 na bazie polinukleotyd\u00f3w, przeznaczony do odm\u0142adzania delikatnej sk\u00f3ry wok\u00f3\u0142 oczu. Ten zaawansowany preparat wzmacniaj\u0105cy sk\u00f3r\u0119 wykorzystuje technologi\u0119 PN-HPT\u00ae (Polynucleotides Highly Purified Technology) w celu stymulacji regeneracji sk\u00f3ry w\u0142a\u015bciwej i poprawy jako\u015bci sk\u00f3ry w wra\u017cliwych obszarach wok\u00f3\u0142 oczu w por\u00f3wnaniu do tradycyjnych wype\u0142niaczy z kwasu [&hellip;]<\/p>\n","protected":false},"featured_media":123619,"comment_status":"closed","ping_status":"closed","template":"","meta":{"_acf_changed":false,"inline_featured_image":false},"product_brand":[2902],"product_cat":[4174],"product_tag":[4176],"class_list":{"0":"post-123618","1":"product","2":"type-product","3":"status-publish","4":"has-post-thumbnail","6":"product_brand-croma","7":"product_cat-dermal-fillers-pl","8":"product_tag-medical-devices-pl","10":"first","11":"instock","12":"taxable","13":"shipping-taxable","14":"purchasable","15":"product-type-simple","16":"add-to-wishlist-before_image"},"acf":[],"yoast_head":"<!-- This site is optimized with the Yoast SEO plugin v27.1.1 - https:\/\/yoast.com\/product\/yoast-seo-wordpress\/ -->\n<title>Zam\u00f3w CROMA PhilArt NEXT online | Sklep internetowy | Kinami Health<\/title>\n<meta name=\"description\" content=\"Zam\u00f3w CROMA PhilArt NEXT online, aby uzyska\u0107 zaawansowan\u0105 regeneracj\u0119 sk\u00f3ry dzi\u0119ki polinukleotydom o wysokiej czysto\u015bci przeznaczonym do profesjonalnego u\u017cytku medycznego.\" \/>\n<meta name=\"robots\" content=\"index, follow, max-snippet:-1, max-image-preview:large, max-video-preview:-1\" \/>\n<link rel=\"canonical\" href=\"https:\/\/kinamihealth.com\/pl\/wp-json\/wp\/v2\/product\/123618\" \/>\n<meta property=\"og:locale\" content=\"pl_PL\" \/>\n<meta property=\"og:type\" content=\"article\" \/>\n<meta property=\"og:title\" content=\"Zam\u00f3w CROMA PhilArt NEXT online | Sklep internetowy | Kinami Health\" \/>\n<meta property=\"og:description\" content=\"Zam\u00f3w CROMA PhilArt NEXT online, aby uzyska\u0107 zaawansowan\u0105 regeneracj\u0119 sk\u00f3ry dzi\u0119ki polinukleotydom o wysokiej czysto\u015bci przeznaczonym do profesjonalnego u\u017cytku medycznego.\" \/>\n<meta property=\"og:url\" content=\"https:\/\/kinamihealth.com\/pl\/produkt\/croma-polyphil-next\/\" \/>\n<meta property=\"og:site_name\" content=\"Kinami Health\" \/>\n<meta property=\"article:modified_time\" content=\"2025-12-31T10:30:18+00:00\" \/>\n<meta property=\"og:image\" content=\"https:\/\/kinamihealth.com\/wp-content\/uploads\/2025\/02\/CROMA-POLYPHIL-NEXT_Front-scaled.webp\" \/>\n\t<meta property=\"og:image:width\" content=\"2560\" \/>\n\t<meta property=\"og:image:height\" content=\"2560\" \/>\n\t<meta property=\"og:image:type\" content=\"image\/webp\" \/>\n<meta name=\"twitter:card\" content=\"summary_large_image\" \/>\n<meta name=\"twitter:label1\" content=\"Szacowany czas czytania\" \/>\n\t<meta name=\"twitter:data1\" content=\"1 minuta\" \/>\n<!-- \/ Yoast SEO plugin. -->","yoast_head_json":{"title":"Zam\u00f3w CROMA PhilArt NEXT online | Sklep internetowy | Kinami Health","description":"Zam\u00f3w CROMA PhilArt NEXT online, aby uzyska\u0107 zaawansowan\u0105 regeneracj\u0119 sk\u00f3ry dzi\u0119ki polinukleotydom o wysokiej czysto\u015bci przeznaczonym do profesjonalnego u\u017cytku medycznego.","robots":{"index":"index","follow":"follow","max-snippet":"max-snippet:-1","max-image-preview":"max-image-preview:large","max-video-preview":"max-video-preview:-1"},"canonical":"https:\/\/kinamihealth.com\/pl\/wp-json\/wp\/v2\/product\/123618","og_locale":"pl_PL","og_type":"article","og_title":"Zam\u00f3w CROMA PhilArt NEXT online | Sklep internetowy | Kinami Health","og_description":"Zam\u00f3w CROMA PhilArt NEXT online, aby uzyska\u0107 zaawansowan\u0105 regeneracj\u0119 sk\u00f3ry dzi\u0119ki polinukleotydom o wysokiej czysto\u015bci przeznaczonym do profesjonalnego u\u017cytku medycznego.","og_url":"https:\/\/kinamihealth.com\/pl\/produkt\/croma-polyphil-next\/","og_site_name":"Kinami Health","article_modified_time":"2025-12-31T10:30:18+00:00","og_image":[{"width":2560,"height":2560,"url":"https:\/\/kinamihealth.com\/wp-content\/uploads\/2025\/02\/CROMA-POLYPHIL-NEXT_Front-scaled.webp","type":"image\/webp"}],"twitter_card":"summary_large_image","twitter_misc":{"Szacowany czas czytania":"1 minuta"},"schema":{"@context":"https:\/\/schema.org","@graph":[{"@type":"WebPage","@id":"https:\/\/kinamihealth.com\/pl\/produkt\/croma-polyphil-next\/","url":"https:\/\/kinamihealth.com\/pl\/produkt\/croma-polyphil-next\/","name":"Zam\u00f3w CROMA PhilArt NEXT online | Sklep internetowy | Kinami Health","isPartOf":{"@id":"https:\/\/kinamihealth.com\/#website"},"primaryImageOfPage":{"@id":"https:\/\/kinamihealth.com\/pl\/produkt\/croma-polyphil-next\/#primaryimage"},"image":{"@id":"https:\/\/kinamihealth.com\/pl\/produkt\/croma-polyphil-next\/#primaryimage"},"thumbnailUrl":"https:\/\/kinamihealth.com\/wp-content\/uploads\/2025\/02\/CROMA-POLYPHIL-NEXT_Front-scaled.webp","datePublished":"2025-02-15T16:54:30+00:00","dateModified":"2025-12-31T10:30:18+00:00","description":"Zam\u00f3w CROMA PhilArt NEXT online, aby uzyska\u0107 zaawansowan\u0105 regeneracj\u0119 sk\u00f3ry dzi\u0119ki polinukleotydom o wysokiej czysto\u015bci przeznaczonym do profesjonalnego u\u017cytku medycznego.","breadcrumb":{"@id":"https:\/\/kinamihealth.com\/pl\/produkt\/croma-polyphil-next\/#breadcrumb"},"inLanguage":"pl-PL","potentialAction":[{"@type":"ReadAction","target":["https:\/\/kinamihealth.com\/pl\/produkt\/croma-polyphil-next\/"]}]},{"@type":"ImageObject","inLanguage":"pl-PL","@id":"https:\/\/kinamihealth.com\/pl\/produkt\/croma-polyphil-next\/#primaryimage","url":"https:\/\/kinamihealth.com\/wp-content\/uploads\/2025\/02\/CROMA-POLYPHIL-NEXT_Front-scaled.webp","contentUrl":"https:\/\/kinamihealth.com\/wp-content\/uploads\/2025\/02\/CROMA-POLYPHIL-NEXT_Front-scaled.webp","width":2560,"height":2560},{"@type":"BreadcrumbList","@id":"https:\/\/kinamihealth.com\/pl\/produkt\/croma-polyphil-next\/#breadcrumb","itemListElement":[{"@type":"ListItem","position":1,"name":"Strona g\u0142\u00f3wna","item":"https:\/\/kinamihealth.com\/sr\/"},{"@type":"ListItem","position":2,"name":"Sklep","item":"https:\/\/kinamihealth.com\/pl\/?page_id=128280"},{"@type":"ListItem","position":3,"name":"CROMA POLYPHIL\u2122 NEXT"}]},{"@type":"WebSite","@id":"https:\/\/kinamihealth.com\/#website","url":"https:\/\/kinamihealth.com\/","name":"Kinami Health","description":"","publisher":{"@id":"https:\/\/kinamihealth.com\/#organization"},"potentialAction":[{"@type":"SearchAction","target":{"@type":"EntryPoint","urlTemplate":"https:\/\/kinamihealth.com\/?s={search_term_string}"},"query-input":{"@type":"PropertyValueSpecification","valueRequired":true,"valueName":"search_term_string"}}],"inLanguage":"pl-PL"},{"@type":"Organization","@id":"https:\/\/kinamihealth.com\/#organization","name":"Kinami Health","url":"https:\/\/kinamihealth.com\/","logo":{"@type":"ImageObject","inLanguage":"pl-PL","@id":"https:\/\/kinamihealth.com\/#\/schema\/logo\/image\/","url":"https:\/\/kinamihealth.com\/wp-content\/uploads\/2025\/01\/KH_logo_black_2-1.png","contentUrl":"https:\/\/kinamihealth.com\/wp-content\/uploads\/2025\/01\/KH_logo_black_2-1.png","width":339,"height":34,"caption":"Kinami Health"},"image":{"@id":"https:\/\/kinamihealth.com\/#\/schema\/logo\/image\/"}}]}},"_links":{"self":[{"href":"https:\/\/kinamihealth.com\/pl\/wp-json\/wp\/v2\/product\/123618","targetHints":{"allow":["GET"]}}],"collection":[{"href":"https:\/\/kinamihealth.com\/pl\/wp-json\/wp\/v2\/product"}],"about":[{"href":"https:\/\/kinamihealth.com\/pl\/wp-json\/wp\/v2\/types\/product"}],"replies":[{"embeddable":true,"href":"https:\/\/kinamihealth.com\/pl\/wp-json\/wp\/v2\/comments?post=123618"}],"version-history":[{"count":0,"href":"https:\/\/kinamihealth.com\/pl\/wp-json\/wp\/v2\/product\/123618\/revisions"}],"wp:featuredmedia":[{"embeddable":true,"href":"https:\/\/kinamihealth.com\/pl\/wp-json\/wp\/v2\/media\/123619"}],"wp:attachment":[{"href":"https:\/\/kinamihealth.com\/pl\/wp-json\/wp\/v2\/media?parent=123618"}],"wp:term":[{"taxonomy":"product_brand","embeddable":true,"href":"https:\/\/kinamihealth.com\/pl\/wp-json\/wp\/v2\/product_brand?post=123618"},{"taxonomy":"product_cat","embeddable":true,"href":"https:\/\/kinamihealth.com\/pl\/wp-json\/wp\/v2\/product_cat?post=123618"},{"taxonomy":"product_tag","embeddable":true,"href":"https:\/\/kinamihealth.com\/pl\/wp-json\/wp\/v2\/product_tag?post=123618"}],"curies":[{"name":"wp","href":"https:\/\/api.w.org\/{rel}","templated":true}]}}