{"id":123616,"date":"2025-02-15T16:54:29","date_gmt":"2025-02-15T16:54:29","guid":{"rendered":"https:\/\/kinamihealth.com\/product\/croma-polyphil-eye\/"},"modified":"2025-12-31T10:46:24","modified_gmt":"2025-12-31T10:46:24","slug":"croma-polyphil-eye","status":"publish","type":"product","link":"https:\/\/kinamihealth.com\/pl\/produkt\/croma-polyphil-eye\/","title":{"rendered":"CROMA POLYPHIL\u2122 EYE"},"content":{"rendered":"<p dir=\"auto\"><strong>CROMA PhilArt z linii Polyphil Eye to zaawansowany preparat do wstrzykiwa\u0144 na bazie polinukleotyd\u00f3w, przeznaczony do kompleksowej regeneracji sk\u00f3ry.<\/strong> Ta innowacyjna terapia sk\u00f3rna wykorzystuje biokompatybilne fragmenty DNA w celu stymulacji mechanizm\u00f3w naprawy kom\u00f3rkowej, promuj\u0105c naturaln\u0105 syntez\u0119 kolagenu i rewitalizacj\u0119 tkanek w por\u00f3wnaniu do tradycyjnych wype\u0142niaczy.<\/p>\n","protected":false},"excerpt":{"rendered":"<p>CROMA PhilArt z linii Polyphil Eye to zaawansowany preparat do wstrzykiwa\u0144 na bazie polinukleotyd\u00f3w, przeznaczony do kompleksowej regeneracji sk\u00f3ry. Ta innowacyjna terapia sk\u00f3rna wykorzystuje biokompatybilne fragmenty DNA w celu stymulacji mechanizm\u00f3w naprawy kom\u00f3rkowej, promuj\u0105c naturaln\u0105 syntez\u0119 kolagenu i rewitalizacj\u0119 tkanek w por\u00f3wnaniu do tradycyjnych wype\u0142niaczy.<\/p>\n","protected":false},"featured_media":123617,"comment_status":"closed","ping_status":"closed","template":"","meta":{"_acf_changed":false,"inline_featured_image":false},"product_brand":[2902],"product_cat":[4617,4174],"product_tag":[4176],"class_list":{"0":"post-123616","1":"product","2":"type-product","3":"status-publish","4":"has-post-thumbnail","6":"product_brand-croma","7":"product_cat-polynucleotides-pl","8":"product_cat-dermal-fillers-pl","9":"product_tag-medical-devices-pl","11":"first","12":"instock","13":"taxable","14":"shipping-taxable","15":"purchasable","16":"product-type-simple","17":"add-to-wishlist-before_image"},"acf":[],"yoast_head":"<!-- This site is optimized with the Yoast SEO plugin v27.3 - https:\/\/yoast.com\/product\/yoast-seo-wordpress\/ -->\n<title>Zam\u00f3w CROMA PhilArt EYE online | Sklep internetowy | Kinami Health<\/title>\n<meta name=\"description\" content=\"Zam\u00f3w CROMA PhilArt EYE online, aby delikatnie odm\u0142odzi\u0107 sk\u00f3r\u0119 pod oczami za pomoc\u0105 polinukleotyd\u00f3w, kt\u00f3re poprawiaj\u0105 koloryt, struktur\u0119 i nawil\u017cenie sk\u00f3ry.\" \/>\n<meta name=\"robots\" content=\"index, follow, max-snippet:-1, max-image-preview:large, max-video-preview:-1\" \/>\n<link rel=\"canonical\" href=\"https:\/\/kinamihealth.com\/pl\/wp-json\/wp\/v2\/product\/123616\" \/>\n<meta property=\"og:locale\" content=\"pl_PL\" \/>\n<meta property=\"og:type\" content=\"article\" \/>\n<meta property=\"og:title\" content=\"Zam\u00f3w CROMA PhilArt EYE online | Sklep internetowy | Kinami Health\" \/>\n<meta property=\"og:description\" content=\"Zam\u00f3w CROMA PhilArt EYE online, aby delikatnie odm\u0142odzi\u0107 sk\u00f3r\u0119 pod oczami za pomoc\u0105 polinukleotyd\u00f3w, kt\u00f3re poprawiaj\u0105 koloryt, struktur\u0119 i nawil\u017cenie sk\u00f3ry.\" \/>\n<meta property=\"og:url\" content=\"https:\/\/kinamihealth.com\/pl\/produkt\/croma-polyphil-eye\/\" \/>\n<meta property=\"og:site_name\" content=\"Kinami Health\" \/>\n<meta property=\"article:modified_time\" content=\"2025-12-31T10:46:24+00:00\" \/>\n<meta property=\"og:image\" content=\"https:\/\/kinamihealth.com\/wp-content\/uploads\/2025\/02\/CROMA-POLYPHIL-EYE_Front-scaled.webp\" \/>\n\t<meta property=\"og:image:width\" content=\"2560\" \/>\n\t<meta property=\"og:image:height\" content=\"2560\" \/>\n\t<meta property=\"og:image:type\" content=\"image\/webp\" \/>\n<meta name=\"twitter:card\" content=\"summary_large_image\" \/>\n<meta name=\"twitter:label1\" content=\"Szacowany czas czytania\" \/>\n\t<meta name=\"twitter:data1\" content=\"1 minuta\" \/>\n<!-- \/ Yoast SEO plugin. -->","yoast_head_json":{"title":"Zam\u00f3w CROMA PhilArt EYE online | Sklep internetowy | Kinami Health","description":"Zam\u00f3w CROMA PhilArt EYE online, aby delikatnie odm\u0142odzi\u0107 sk\u00f3r\u0119 pod oczami za pomoc\u0105 polinukleotyd\u00f3w, kt\u00f3re poprawiaj\u0105 koloryt, struktur\u0119 i nawil\u017cenie sk\u00f3ry.","robots":{"index":"index","follow":"follow","max-snippet":"max-snippet:-1","max-image-preview":"max-image-preview:large","max-video-preview":"max-video-preview:-1"},"canonical":"https:\/\/kinamihealth.com\/pl\/wp-json\/wp\/v2\/product\/123616","og_locale":"pl_PL","og_type":"article","og_title":"Zam\u00f3w CROMA PhilArt EYE online | Sklep internetowy | Kinami Health","og_description":"Zam\u00f3w CROMA PhilArt EYE online, aby delikatnie odm\u0142odzi\u0107 sk\u00f3r\u0119 pod oczami za pomoc\u0105 polinukleotyd\u00f3w, kt\u00f3re poprawiaj\u0105 koloryt, struktur\u0119 i nawil\u017cenie sk\u00f3ry.","og_url":"https:\/\/kinamihealth.com\/pl\/produkt\/croma-polyphil-eye\/","og_site_name":"Kinami Health","article_modified_time":"2025-12-31T10:46:24+00:00","og_image":[{"width":2560,"height":2560,"url":"https:\/\/kinamihealth.com\/wp-content\/uploads\/2025\/02\/CROMA-POLYPHIL-EYE_Front-scaled.webp","type":"image\/webp"}],"twitter_card":"summary_large_image","twitter_misc":{"Szacowany czas czytania":"1 minuta"},"schema":{"@context":"https:\/\/schema.org","@graph":[{"@type":"WebPage","@id":"https:\/\/kinamihealth.com\/pl\/produkt\/croma-polyphil-eye\/","url":"https:\/\/kinamihealth.com\/pl\/produkt\/croma-polyphil-eye\/","name":"Zam\u00f3w CROMA PhilArt EYE online | Sklep internetowy | Kinami Health","isPartOf":{"@id":"https:\/\/kinamihealth.com\/#website"},"primaryImageOfPage":{"@id":"https:\/\/kinamihealth.com\/pl\/produkt\/croma-polyphil-eye\/#primaryimage"},"image":{"@id":"https:\/\/kinamihealth.com\/pl\/produkt\/croma-polyphil-eye\/#primaryimage"},"thumbnailUrl":"https:\/\/kinamihealth.com\/wp-content\/uploads\/2025\/02\/CROMA-POLYPHIL-EYE_Front-scaled.webp","datePublished":"2025-02-15T16:54:29+00:00","dateModified":"2025-12-31T10:46:24+00:00","description":"Zam\u00f3w CROMA PhilArt EYE online, aby delikatnie odm\u0142odzi\u0107 sk\u00f3r\u0119 pod oczami za pomoc\u0105 polinukleotyd\u00f3w, kt\u00f3re poprawiaj\u0105 koloryt, struktur\u0119 i nawil\u017cenie sk\u00f3ry.","breadcrumb":{"@id":"https:\/\/kinamihealth.com\/pl\/produkt\/croma-polyphil-eye\/#breadcrumb"},"inLanguage":"pl-PL","potentialAction":[{"@type":"ReadAction","target":["https:\/\/kinamihealth.com\/pl\/produkt\/croma-polyphil-eye\/"]}]},{"@type":"ImageObject","inLanguage":"pl-PL","@id":"https:\/\/kinamihealth.com\/pl\/produkt\/croma-polyphil-eye\/#primaryimage","url":"https:\/\/kinamihealth.com\/wp-content\/uploads\/2025\/02\/CROMA-POLYPHIL-EYE_Front-scaled.webp","contentUrl":"https:\/\/kinamihealth.com\/wp-content\/uploads\/2025\/02\/CROMA-POLYPHIL-EYE_Front-scaled.webp","width":2560,"height":2560},{"@type":"BreadcrumbList","@id":"https:\/\/kinamihealth.com\/pl\/produkt\/croma-polyphil-eye\/#breadcrumb","itemListElement":[{"@type":"ListItem","position":1,"name":"Strona g\u0142\u00f3wna","item":"https:\/\/kinamihealth.com\/sr\/"},{"@type":"ListItem","position":2,"name":"Sklep","item":"https:\/\/kinamihealth.com\/pl\/?page_id=128280"},{"@type":"ListItem","position":3,"name":"CROMA POLYPHIL\u2122 EYE"}]},{"@type":"WebSite","@id":"https:\/\/kinamihealth.com\/#website","url":"https:\/\/kinamihealth.com\/","name":"Kinami Health","description":"","publisher":{"@id":"https:\/\/kinamihealth.com\/#organization"},"potentialAction":[{"@type":"SearchAction","target":{"@type":"EntryPoint","urlTemplate":"https:\/\/kinamihealth.com\/?s={search_term_string}"},"query-input":{"@type":"PropertyValueSpecification","valueRequired":true,"valueName":"search_term_string"}}],"inLanguage":"pl-PL"},{"@type":"Organization","@id":"https:\/\/kinamihealth.com\/#organization","name":"Kinami Health","url":"https:\/\/kinamihealth.com\/","logo":{"@type":"ImageObject","inLanguage":"pl-PL","@id":"https:\/\/kinamihealth.com\/#\/schema\/logo\/image\/","url":"https:\/\/kinamihealth.com\/wp-content\/uploads\/2025\/01\/KH_logo_black_2-1.png","contentUrl":"https:\/\/kinamihealth.com\/wp-content\/uploads\/2025\/01\/KH_logo_black_2-1.png","width":339,"height":34,"caption":"Kinami Health"},"image":{"@id":"https:\/\/kinamihealth.com\/#\/schema\/logo\/image\/"}}]}},"_links":{"self":[{"href":"https:\/\/kinamihealth.com\/pl\/wp-json\/wp\/v2\/product\/123616","targetHints":{"allow":["GET"]}}],"collection":[{"href":"https:\/\/kinamihealth.com\/pl\/wp-json\/wp\/v2\/product"}],"about":[{"href":"https:\/\/kinamihealth.com\/pl\/wp-json\/wp\/v2\/types\/product"}],"replies":[{"embeddable":true,"href":"https:\/\/kinamihealth.com\/pl\/wp-json\/wp\/v2\/comments?post=123616"}],"version-history":[{"count":0,"href":"https:\/\/kinamihealth.com\/pl\/wp-json\/wp\/v2\/product\/123616\/revisions"}],"wp:featuredmedia":[{"embeddable":true,"href":"https:\/\/kinamihealth.com\/pl\/wp-json\/wp\/v2\/media\/123617"}],"wp:attachment":[{"href":"https:\/\/kinamihealth.com\/pl\/wp-json\/wp\/v2\/media?parent=123616"}],"wp:term":[{"taxonomy":"product_brand","embeddable":true,"href":"https:\/\/kinamihealth.com\/pl\/wp-json\/wp\/v2\/product_brand?post=123616"},{"taxonomy":"product_cat","embeddable":true,"href":"https:\/\/kinamihealth.com\/pl\/wp-json\/wp\/v2\/product_cat?post=123616"},{"taxonomy":"product_tag","embeddable":true,"href":"https:\/\/kinamihealth.com\/pl\/wp-json\/wp\/v2\/product_tag?post=123616"}],"curies":[{"name":"wp","href":"https:\/\/api.w.org\/{rel}","templated":true}]}}