{"id":123504,"date":"2025-02-15T16:54:00","date_gmt":"2025-02-15T16:54:00","guid":{"rendered":"https:\/\/kinamihealth.com\/product\/bcn-lumen-peptides\/"},"modified":"2025-11-27T14:48:53","modified_gmt":"2025-11-27T14:48:53","slug":"bcn-lumen-peptides","status":"publish","type":"product","link":"https:\/\/kinamihealth.com\/pl\/produkt\/bcn-lumen-peptides\/","title":{"rendered":"BCN LUMEN PEPTIDES"},"content":{"rendered":"<p><b>BCN LUMEN PEPTIDES<\/b><span style=\"font-weight: 400;\"> to zaawansowany <\/span><b>produkt<\/b><span style=\"font-weight: 400;\"> do mezoterapii opracowany przez Instytut BCN, stworzony specjalnie w celu rozwi\u0105zania problem\u00f3w zwi\u0105zanych z przebarwieniami, poprawy blasku sk\u00f3ry i og\u00f3lnej witalno\u015bci sk\u00f3ry w\u0142a\u015bciwej. Dzi\u0119ki unikalnej kombinacji peptyd\u00f3w i silnych sk\u0142adnik\u00f3w aktywnych, preparat ten skutecznie zwalcza przebarwienia i nier\u00f3wny <\/span><b>koloryt sk\u00f3ry<\/b><span style=\"font-weight: 400;\">, zapewniaj\u0105c ja\u015bniejsz\u0105, zrewitalizowan\u0105 cer\u0119 dzi\u0119ki klinicznym zabiegom estetycznym.<\/span><\/p>\n","protected":false},"excerpt":{"rendered":"<p>BCN LUMEN PEPTIDES to zaawansowany produkt do mezoterapii opracowany przez Instytut BCN, stworzony specjalnie w celu rozwi\u0105zania problem\u00f3w zwi\u0105zanych z przebarwieniami, poprawy blasku sk\u00f3ry i og\u00f3lnej witalno\u015bci sk\u00f3ry w\u0142a\u015bciwej. Dzi\u0119ki unikalnej kombinacji peptyd\u00f3w i silnych sk\u0142adnik\u00f3w aktywnych, preparat ten skutecznie zwalcza przebarwienia i nier\u00f3wny koloryt sk\u00f3ry, zapewniaj\u0105c ja\u015bniejsz\u0105, zrewitalizowan\u0105 cer\u0119 dzi\u0119ki klinicznym zabiegom estetycznym.<\/p>\n","protected":false},"featured_media":123505,"comment_status":"closed","ping_status":"closed","template":"","meta":{"_acf_changed":false,"inline_featured_image":false},"product_brand":[2896],"product_cat":[4598,4601],"product_tag":[4176],"class_list":{"0":"post-123504","1":"product","2":"type-product","3":"status-publish","4":"has-post-thumbnail","6":"product_brand-bcn","7":"product_cat-mesotherapy-pl","8":"product_cat-signal-peptides-for-skin-pl","9":"product_tag-medical-devices-pl","11":"first","12":"instock","13":"taxable","14":"shipping-taxable","15":"purchasable","16":"product-type-simple","17":"add-to-wishlist-before_image"},"acf":[],"yoast_head":"<!-- This site is optimized with the Yoast SEO plugin v27.1.1 - https:\/\/yoast.com\/product\/yoast-seo-wordpress\/ -->\n<title>Zam\u00f3w BCN LUMEN PEPTIDES online | Sklep internetowy | Kinami Health<\/title>\n<meta name=\"description\" content=\"Zam\u00f3w BCN LUMEN PEPTIDES, aby wspiera\u0107 profesjonalne zabiegi ukierunkowane na rozja\u015bnianie sk\u00f3ry, korekcj\u0119 przebarwie\u0144 oraz wzmocnion\u0105 rewitalizacj\u0119 sk\u00f3ry w\u0142a\u015bciwej.\" \/>\n<meta name=\"robots\" content=\"index, follow, max-snippet:-1, max-image-preview:large, max-video-preview:-1\" \/>\n<link rel=\"canonical\" href=\"https:\/\/kinamihealth.com\/pl\/wp-json\/wp\/v2\/product\/123504\" \/>\n<meta property=\"og:locale\" content=\"pl_PL\" \/>\n<meta property=\"og:type\" content=\"article\" \/>\n<meta property=\"og:title\" content=\"Zam\u00f3w BCN LUMEN PEPTIDES online | Sklep internetowy | Kinami Health\" \/>\n<meta property=\"og:description\" content=\"Zam\u00f3w BCN LUMEN PEPTIDES, aby wspiera\u0107 profesjonalne zabiegi ukierunkowane na rozja\u015bnianie sk\u00f3ry, korekcj\u0119 przebarwie\u0144 oraz wzmocnion\u0105 rewitalizacj\u0119 sk\u00f3ry w\u0142a\u015bciwej.\" \/>\n<meta property=\"og:url\" content=\"https:\/\/kinamihealth.com\/pl\/produkt\/bcn-lumen-peptides\/\" \/>\n<meta property=\"og:site_name\" content=\"Kinami Health\" \/>\n<meta property=\"article:modified_time\" content=\"2025-11-27T14:48:53+00:00\" \/>\n<meta property=\"og:image\" content=\"https:\/\/kinamihealth.com\/wp-content\/uploads\/2025\/02\/BCN-LUMEN-PEPTIDES-01.webp\" \/>\n\t<meta property=\"og:image:width\" content=\"800\" \/>\n\t<meta property=\"og:image:height\" content=\"800\" \/>\n\t<meta property=\"og:image:type\" content=\"image\/webp\" \/>\n<meta name=\"twitter:card\" content=\"summary_large_image\" \/>\n<meta name=\"twitter:label1\" content=\"Szacowany czas czytania\" \/>\n\t<meta name=\"twitter:data1\" content=\"1 minuta\" \/>\n<!-- \/ Yoast SEO plugin. -->","yoast_head_json":{"title":"Zam\u00f3w BCN LUMEN PEPTIDES online | Sklep internetowy | Kinami Health","description":"Zam\u00f3w BCN LUMEN PEPTIDES, aby wspiera\u0107 profesjonalne zabiegi ukierunkowane na rozja\u015bnianie sk\u00f3ry, korekcj\u0119 przebarwie\u0144 oraz wzmocnion\u0105 rewitalizacj\u0119 sk\u00f3ry w\u0142a\u015bciwej.","robots":{"index":"index","follow":"follow","max-snippet":"max-snippet:-1","max-image-preview":"max-image-preview:large","max-video-preview":"max-video-preview:-1"},"canonical":"https:\/\/kinamihealth.com\/pl\/wp-json\/wp\/v2\/product\/123504","og_locale":"pl_PL","og_type":"article","og_title":"Zam\u00f3w BCN LUMEN PEPTIDES online | Sklep internetowy | Kinami Health","og_description":"Zam\u00f3w BCN LUMEN PEPTIDES, aby wspiera\u0107 profesjonalne zabiegi ukierunkowane na rozja\u015bnianie sk\u00f3ry, korekcj\u0119 przebarwie\u0144 oraz wzmocnion\u0105 rewitalizacj\u0119 sk\u00f3ry w\u0142a\u015bciwej.","og_url":"https:\/\/kinamihealth.com\/pl\/produkt\/bcn-lumen-peptides\/","og_site_name":"Kinami Health","article_modified_time":"2025-11-27T14:48:53+00:00","og_image":[{"width":800,"height":800,"url":"https:\/\/kinamihealth.com\/wp-content\/uploads\/2025\/02\/BCN-LUMEN-PEPTIDES-01.webp","type":"image\/webp"}],"twitter_card":"summary_large_image","twitter_misc":{"Szacowany czas czytania":"1 minuta"},"schema":{"@context":"https:\/\/schema.org","@graph":[{"@type":"WebPage","@id":"https:\/\/kinamihealth.com\/pl\/produkt\/bcn-lumen-peptides\/","url":"https:\/\/kinamihealth.com\/pl\/produkt\/bcn-lumen-peptides\/","name":"Zam\u00f3w BCN LUMEN PEPTIDES online | Sklep internetowy | Kinami Health","isPartOf":{"@id":"https:\/\/kinamihealth.com\/#website"},"primaryImageOfPage":{"@id":"https:\/\/kinamihealth.com\/pl\/produkt\/bcn-lumen-peptides\/#primaryimage"},"image":{"@id":"https:\/\/kinamihealth.com\/pl\/produkt\/bcn-lumen-peptides\/#primaryimage"},"thumbnailUrl":"https:\/\/kinamihealth.com\/wp-content\/uploads\/2025\/02\/BCN-LUMEN-PEPTIDES-01.webp","datePublished":"2025-02-15T16:54:00+00:00","dateModified":"2025-11-27T14:48:53+00:00","description":"Zam\u00f3w BCN LUMEN PEPTIDES, aby wspiera\u0107 profesjonalne zabiegi ukierunkowane na rozja\u015bnianie sk\u00f3ry, korekcj\u0119 przebarwie\u0144 oraz wzmocnion\u0105 rewitalizacj\u0119 sk\u00f3ry w\u0142a\u015bciwej.","breadcrumb":{"@id":"https:\/\/kinamihealth.com\/pl\/produkt\/bcn-lumen-peptides\/#breadcrumb"},"inLanguage":"pl-PL","potentialAction":[{"@type":"ReadAction","target":["https:\/\/kinamihealth.com\/pl\/produkt\/bcn-lumen-peptides\/"]}]},{"@type":"ImageObject","inLanguage":"pl-PL","@id":"https:\/\/kinamihealth.com\/pl\/produkt\/bcn-lumen-peptides\/#primaryimage","url":"https:\/\/kinamihealth.com\/wp-content\/uploads\/2025\/02\/BCN-LUMEN-PEPTIDES-01.webp","contentUrl":"https:\/\/kinamihealth.com\/wp-content\/uploads\/2025\/02\/BCN-LUMEN-PEPTIDES-01.webp","width":800,"height":800},{"@type":"BreadcrumbList","@id":"https:\/\/kinamihealth.com\/pl\/produkt\/bcn-lumen-peptides\/#breadcrumb","itemListElement":[{"@type":"ListItem","position":1,"name":"Strona g\u0142\u00f3wna","item":"https:\/\/kinamihealth.com\/sr\/"},{"@type":"ListItem","position":2,"name":"Sklep","item":"https:\/\/kinamihealth.com\/pl\/?page_id=128280"},{"@type":"ListItem","position":3,"name":"BCN LUMEN PEPTIDES"}]},{"@type":"WebSite","@id":"https:\/\/kinamihealth.com\/#website","url":"https:\/\/kinamihealth.com\/","name":"Kinami Health","description":"","publisher":{"@id":"https:\/\/kinamihealth.com\/#organization"},"potentialAction":[{"@type":"SearchAction","target":{"@type":"EntryPoint","urlTemplate":"https:\/\/kinamihealth.com\/?s={search_term_string}"},"query-input":{"@type":"PropertyValueSpecification","valueRequired":true,"valueName":"search_term_string"}}],"inLanguage":"pl-PL"},{"@type":"Organization","@id":"https:\/\/kinamihealth.com\/#organization","name":"Kinami Health","url":"https:\/\/kinamihealth.com\/","logo":{"@type":"ImageObject","inLanguage":"pl-PL","@id":"https:\/\/kinamihealth.com\/#\/schema\/logo\/image\/","url":"https:\/\/kinamihealth.com\/wp-content\/uploads\/2025\/01\/KH_logo_black_2-1.png","contentUrl":"https:\/\/kinamihealth.com\/wp-content\/uploads\/2025\/01\/KH_logo_black_2-1.png","width":339,"height":34,"caption":"Kinami Health"},"image":{"@id":"https:\/\/kinamihealth.com\/#\/schema\/logo\/image\/"}}]}},"_links":{"self":[{"href":"https:\/\/kinamihealth.com\/pl\/wp-json\/wp\/v2\/product\/123504","targetHints":{"allow":["GET"]}}],"collection":[{"href":"https:\/\/kinamihealth.com\/pl\/wp-json\/wp\/v2\/product"}],"about":[{"href":"https:\/\/kinamihealth.com\/pl\/wp-json\/wp\/v2\/types\/product"}],"replies":[{"embeddable":true,"href":"https:\/\/kinamihealth.com\/pl\/wp-json\/wp\/v2\/comments?post=123504"}],"version-history":[{"count":0,"href":"https:\/\/kinamihealth.com\/pl\/wp-json\/wp\/v2\/product\/123504\/revisions"}],"wp:featuredmedia":[{"embeddable":true,"href":"https:\/\/kinamihealth.com\/pl\/wp-json\/wp\/v2\/media\/123505"}],"wp:attachment":[{"href":"https:\/\/kinamihealth.com\/pl\/wp-json\/wp\/v2\/media?parent=123504"}],"wp:term":[{"taxonomy":"product_brand","embeddable":true,"href":"https:\/\/kinamihealth.com\/pl\/wp-json\/wp\/v2\/product_brand?post=123504"},{"taxonomy":"product_cat","embeddable":true,"href":"https:\/\/kinamihealth.com\/pl\/wp-json\/wp\/v2\/product_cat?post=123504"},{"taxonomy":"product_tag","embeddable":true,"href":"https:\/\/kinamihealth.com\/pl\/wp-json\/wp\/v2\/product_tag?post=123504"}],"curies":[{"name":"wp","href":"https:\/\/api.w.org\/{rel}","templated":true}]}}