{"id":123502,"date":"2025-02-15T16:54:02","date_gmt":"2025-02-15T16:54:02","guid":{"rendered":"https:\/\/kinamihealth.com\/product\/bcn-oculare-peptides\/"},"modified":"2025-11-27T14:57:29","modified_gmt":"2025-11-27T14:57:29","slug":"bcn-oculare-peptides","status":"publish","type":"product","link":"https:\/\/kinamihealth.com\/pl\/produkt\/bcn-oculare-peptides\/","title":{"rendered":"BCN OCULARE-PEPTIDES"},"content":{"rendered":"<p><b>BCN OCULARE-PEPTIDES <\/b><span style=\"font-weight: 400;\">to zaawansowany preparat mezoterapeutyczny opracowany specjalnie z my\u015bl\u0105 o delikatnej okolicy <\/span><b>oko<\/b><span style=\"font-weight: 400;\">. Ten innowacyjny produkt, opracowany przez Instytut BCN, \u0142\u0105czy w sobie silnie dzia\u0142aj\u0105ce peptydy i sk\u0142adniki aktywne, kt\u00f3re skutecznie zwalczaj\u0105 typowe problemy, takie jak <\/span><b>drobne zmarszczki<\/b><span style=\"font-weight: 400;\">, <\/span><b>worki pod oczami <\/b><span style=\"font-weight: 400;\">i <\/span><b>ciemne cienie<\/b><span style=\"font-weight: 400;\">.<\/span><\/p>\n","protected":false},"excerpt":{"rendered":"<p>BCN OCULARE-PEPTIDES to zaawansowany preparat mezoterapeutyczny opracowany specjalnie z my\u015bl\u0105 o delikatnej okolicy oko. Ten innowacyjny produkt, opracowany przez Instytut BCN, \u0142\u0105czy w sobie silnie dzia\u0142aj\u0105ce peptydy i sk\u0142adniki aktywne, kt\u00f3re skutecznie zwalczaj\u0105 typowe problemy, takie jak drobne zmarszczki, worki pod oczami i ciemne cienie.<\/p>\n","protected":false},"featured_media":123503,"comment_status":"closed","ping_status":"closed","template":"","meta":{"_acf_changed":false,"inline_featured_image":false},"product_brand":[2896],"product_cat":[4598,4601],"product_tag":[4176],"class_list":{"0":"post-123502","1":"product","2":"type-product","3":"status-publish","4":"has-post-thumbnail","6":"product_brand-bcn","7":"product_cat-mesotherapy-pl","8":"product_cat-signal-peptides-for-skin-pl","9":"product_tag-medical-devices-pl","11":"first","12":"instock","13":"taxable","14":"shipping-taxable","15":"purchasable","16":"product-type-simple","17":"add-to-wishlist-before_image"},"acf":[],"yoast_head":"<!-- This site is optimized with the Yoast SEO plugin v27.1.1 - https:\/\/yoast.com\/product\/yoast-seo-wordpress\/ -->\n<title>Zam\u00f3w BCN OCULARE-PEPTIDES online | Sklep internetowy | Kinami Health<\/title>\n<meta name=\"description\" content=\"Zam\u00f3w BCN OCULARE-PEPTIDES, aby wspiera\u0107 profesjonalne zabiegi ukierunkowane na drobne linie, worki pod oczami i cienie dzi\u0119ki zaawansowanej technologii peptydowej.\" \/>\n<meta name=\"robots\" content=\"index, follow, max-snippet:-1, max-image-preview:large, max-video-preview:-1\" \/>\n<link rel=\"canonical\" href=\"https:\/\/kinamihealth.com\/pl\/wp-json\/wp\/v2\/product\/123502\" \/>\n<meta property=\"og:locale\" content=\"pl_PL\" \/>\n<meta property=\"og:type\" content=\"article\" \/>\n<meta property=\"og:title\" content=\"Zam\u00f3w BCN OCULARE-PEPTIDES online | Sklep internetowy | Kinami Health\" \/>\n<meta property=\"og:description\" content=\"Zam\u00f3w BCN OCULARE-PEPTIDES, aby wspiera\u0107 profesjonalne zabiegi ukierunkowane na drobne linie, worki pod oczami i cienie dzi\u0119ki zaawansowanej technologii peptydowej.\" \/>\n<meta property=\"og:url\" content=\"https:\/\/kinamihealth.com\/pl\/produkt\/bcn-oculare-peptides\/\" \/>\n<meta property=\"og:site_name\" content=\"Kinami Health\" \/>\n<meta property=\"article:modified_time\" content=\"2025-11-27T14:57:29+00:00\" \/>\n<meta property=\"og:image\" content=\"https:\/\/kinamihealth.com\/wp-content\/uploads\/2025\/02\/BCN-OCULARE-PEPTIDES-01.webp\" \/>\n\t<meta property=\"og:image:width\" content=\"800\" \/>\n\t<meta property=\"og:image:height\" content=\"800\" \/>\n\t<meta property=\"og:image:type\" content=\"image\/webp\" \/>\n<meta name=\"twitter:card\" content=\"summary_large_image\" \/>\n<meta name=\"twitter:label1\" content=\"Szacowany czas czytania\" \/>\n\t<meta name=\"twitter:data1\" content=\"1 minuta\" \/>\n<!-- \/ Yoast SEO plugin. -->","yoast_head_json":{"title":"Zam\u00f3w BCN OCULARE-PEPTIDES online | Sklep internetowy | Kinami Health","description":"Zam\u00f3w BCN OCULARE-PEPTIDES, aby wspiera\u0107 profesjonalne zabiegi ukierunkowane na drobne linie, worki pod oczami i cienie dzi\u0119ki zaawansowanej technologii peptydowej.","robots":{"index":"index","follow":"follow","max-snippet":"max-snippet:-1","max-image-preview":"max-image-preview:large","max-video-preview":"max-video-preview:-1"},"canonical":"https:\/\/kinamihealth.com\/pl\/wp-json\/wp\/v2\/product\/123502","og_locale":"pl_PL","og_type":"article","og_title":"Zam\u00f3w BCN OCULARE-PEPTIDES online | Sklep internetowy | Kinami Health","og_description":"Zam\u00f3w BCN OCULARE-PEPTIDES, aby wspiera\u0107 profesjonalne zabiegi ukierunkowane na drobne linie, worki pod oczami i cienie dzi\u0119ki zaawansowanej technologii peptydowej.","og_url":"https:\/\/kinamihealth.com\/pl\/produkt\/bcn-oculare-peptides\/","og_site_name":"Kinami Health","article_modified_time":"2025-11-27T14:57:29+00:00","og_image":[{"width":800,"height":800,"url":"https:\/\/kinamihealth.com\/wp-content\/uploads\/2025\/02\/BCN-OCULARE-PEPTIDES-01.webp","type":"image\/webp"}],"twitter_card":"summary_large_image","twitter_misc":{"Szacowany czas czytania":"1 minuta"},"schema":{"@context":"https:\/\/schema.org","@graph":[{"@type":"WebPage","@id":"https:\/\/kinamihealth.com\/pl\/produkt\/bcn-oculare-peptides\/","url":"https:\/\/kinamihealth.com\/pl\/produkt\/bcn-oculare-peptides\/","name":"Zam\u00f3w BCN OCULARE-PEPTIDES online | Sklep internetowy | Kinami Health","isPartOf":{"@id":"https:\/\/kinamihealth.com\/#website"},"primaryImageOfPage":{"@id":"https:\/\/kinamihealth.com\/pl\/produkt\/bcn-oculare-peptides\/#primaryimage"},"image":{"@id":"https:\/\/kinamihealth.com\/pl\/produkt\/bcn-oculare-peptides\/#primaryimage"},"thumbnailUrl":"https:\/\/kinamihealth.com\/wp-content\/uploads\/2025\/02\/BCN-OCULARE-PEPTIDES-01.webp","datePublished":"2025-02-15T16:54:02+00:00","dateModified":"2025-11-27T14:57:29+00:00","description":"Zam\u00f3w BCN OCULARE-PEPTIDES, aby wspiera\u0107 profesjonalne zabiegi ukierunkowane na drobne linie, worki pod oczami i cienie dzi\u0119ki zaawansowanej technologii peptydowej.","breadcrumb":{"@id":"https:\/\/kinamihealth.com\/pl\/produkt\/bcn-oculare-peptides\/#breadcrumb"},"inLanguage":"pl-PL","potentialAction":[{"@type":"ReadAction","target":["https:\/\/kinamihealth.com\/pl\/produkt\/bcn-oculare-peptides\/"]}]},{"@type":"ImageObject","inLanguage":"pl-PL","@id":"https:\/\/kinamihealth.com\/pl\/produkt\/bcn-oculare-peptides\/#primaryimage","url":"https:\/\/kinamihealth.com\/wp-content\/uploads\/2025\/02\/BCN-OCULARE-PEPTIDES-01.webp","contentUrl":"https:\/\/kinamihealth.com\/wp-content\/uploads\/2025\/02\/BCN-OCULARE-PEPTIDES-01.webp","width":800,"height":800},{"@type":"BreadcrumbList","@id":"https:\/\/kinamihealth.com\/pl\/produkt\/bcn-oculare-peptides\/#breadcrumb","itemListElement":[{"@type":"ListItem","position":1,"name":"Strona g\u0142\u00f3wna","item":"https:\/\/kinamihealth.com\/sr\/"},{"@type":"ListItem","position":2,"name":"Sklep","item":"https:\/\/kinamihealth.com\/pl\/?page_id=128280"},{"@type":"ListItem","position":3,"name":"BCN OCULARE-PEPTIDES"}]},{"@type":"WebSite","@id":"https:\/\/kinamihealth.com\/#website","url":"https:\/\/kinamihealth.com\/","name":"Kinami Health","description":"","publisher":{"@id":"https:\/\/kinamihealth.com\/#organization"},"potentialAction":[{"@type":"SearchAction","target":{"@type":"EntryPoint","urlTemplate":"https:\/\/kinamihealth.com\/?s={search_term_string}"},"query-input":{"@type":"PropertyValueSpecification","valueRequired":true,"valueName":"search_term_string"}}],"inLanguage":"pl-PL"},{"@type":"Organization","@id":"https:\/\/kinamihealth.com\/#organization","name":"Kinami Health","url":"https:\/\/kinamihealth.com\/","logo":{"@type":"ImageObject","inLanguage":"pl-PL","@id":"https:\/\/kinamihealth.com\/#\/schema\/logo\/image\/","url":"https:\/\/kinamihealth.com\/wp-content\/uploads\/2025\/01\/KH_logo_black_2-1.png","contentUrl":"https:\/\/kinamihealth.com\/wp-content\/uploads\/2025\/01\/KH_logo_black_2-1.png","width":339,"height":34,"caption":"Kinami Health"},"image":{"@id":"https:\/\/kinamihealth.com\/#\/schema\/logo\/image\/"}}]}},"_links":{"self":[{"href":"https:\/\/kinamihealth.com\/pl\/wp-json\/wp\/v2\/product\/123502","targetHints":{"allow":["GET"]}}],"collection":[{"href":"https:\/\/kinamihealth.com\/pl\/wp-json\/wp\/v2\/product"}],"about":[{"href":"https:\/\/kinamihealth.com\/pl\/wp-json\/wp\/v2\/types\/product"}],"replies":[{"embeddable":true,"href":"https:\/\/kinamihealth.com\/pl\/wp-json\/wp\/v2\/comments?post=123502"}],"version-history":[{"count":0,"href":"https:\/\/kinamihealth.com\/pl\/wp-json\/wp\/v2\/product\/123502\/revisions"}],"wp:featuredmedia":[{"embeddable":true,"href":"https:\/\/kinamihealth.com\/pl\/wp-json\/wp\/v2\/media\/123503"}],"wp:attachment":[{"href":"https:\/\/kinamihealth.com\/pl\/wp-json\/wp\/v2\/media?parent=123502"}],"wp:term":[{"taxonomy":"product_brand","embeddable":true,"href":"https:\/\/kinamihealth.com\/pl\/wp-json\/wp\/v2\/product_brand?post=123502"},{"taxonomy":"product_cat","embeddable":true,"href":"https:\/\/kinamihealth.com\/pl\/wp-json\/wp\/v2\/product_cat?post=123502"},{"taxonomy":"product_tag","embeddable":true,"href":"https:\/\/kinamihealth.com\/pl\/wp-json\/wp\/v2\/product_tag?post=123502"}],"curies":[{"name":"wp","href":"https:\/\/api.w.org\/{rel}","templated":true}]}}