{"id":123498,"date":"2025-02-15T16:54:03","date_gmt":"2025-02-15T16:54:03","guid":{"rendered":"https:\/\/kinamihealth.com\/product\/bcn-revita-ha\/"},"modified":"2025-11-27T15:00:52","modified_gmt":"2025-11-27T15:00:52","slug":"bcn-revita-ha","status":"publish","type":"product","link":"https:\/\/kinamihealth.com\/pl\/produkt\/bcn-revita-ha\/","title":{"rendered":"BCN REVITA-HA"},"content":{"rendered":"<p><span style=\"font-weight: 400;\">Rozwi\u0105zanie BCN REVITA zosta\u0142o opracowane dla lekarzy w celu rozwi\u0105zania wielu problem\u00f3w sk\u00f3rnych za pomoc\u0105 technik mezoterapii. Produkt Revita-ha <\/span><b>skutecznie zwalcza oznaki starzenia, w tym drobne linie i zmarszczki<\/b><span style=\"font-weight: 400;\">, jednocze\u015bnie poprawiaj\u0105c nawil\u017cenie sk\u00f3ry i jej og\u00f3ln\u0105 struktur\u0119.<\/span><\/p>\n","protected":false},"excerpt":{"rendered":"<p>Rozwi\u0105zanie BCN REVITA zosta\u0142o opracowane dla lekarzy w celu rozwi\u0105zania wielu problem\u00f3w sk\u00f3rnych za pomoc\u0105 technik mezoterapii. Produkt Revita-ha skutecznie zwalcza oznaki starzenia, w tym drobne linie i zmarszczki, jednocze\u015bnie poprawiaj\u0105c nawil\u017cenie sk\u00f3ry i jej og\u00f3ln\u0105 struktur\u0119.<\/p>\n","protected":false},"featured_media":123499,"comment_status":"closed","ping_status":"closed","template":"","meta":{"_acf_changed":false,"inline_featured_image":false},"product_brand":[2896],"product_cat":[4598],"product_tag":[4176],"class_list":{"0":"post-123498","1":"product","2":"type-product","3":"status-publish","4":"has-post-thumbnail","6":"product_brand-bcn","7":"product_cat-mesotherapy-pl","8":"product_tag-medical-devices-pl","10":"first","11":"instock","12":"taxable","13":"shipping-taxable","14":"purchasable","15":"product-type-simple","16":"add-to-wishlist-before_image"},"acf":[],"yoast_head":"<!-- This site is optimized with the Yoast SEO plugin v27.5 - https:\/\/yoast.com\/product\/yoast-seo-wordpress\/ -->\n<title>Zam\u00f3w BCN REVITA-HA online | Sklep internetowy | Kinami Health<\/title>\n<meta name=\"description\" content=\"Zam\u00f3w BCN REVITA-HA online do profesjonalnego stosowania w celu rewitalizacji nawil\u017cenia i elastyczno\u015bci sk\u00f3ry dzi\u0119ki niesieciowanemu kwasowi hialuronowemu i mikroelementom.\" \/>\n<meta name=\"robots\" content=\"index, follow, max-snippet:-1, max-image-preview:large, max-video-preview:-1\" \/>\n<link rel=\"canonical\" href=\"https:\/\/kinamihealth.com\/pl\/wp-json\/wp\/v2\/product\/123498\" \/>\n<meta property=\"og:locale\" content=\"pl_PL\" \/>\n<meta property=\"og:type\" content=\"article\" \/>\n<meta property=\"og:title\" content=\"Zam\u00f3w BCN REVITA-HA online | Sklep internetowy | Kinami Health\" \/>\n<meta property=\"og:description\" content=\"Zam\u00f3w BCN REVITA-HA online do profesjonalnego stosowania w celu rewitalizacji nawil\u017cenia i elastyczno\u015bci sk\u00f3ry dzi\u0119ki niesieciowanemu kwasowi hialuronowemu i mikroelementom.\" \/>\n<meta property=\"og:url\" content=\"https:\/\/kinamihealth.com\/pl\/produkt\/bcn-revita-ha\/\" \/>\n<meta property=\"og:site_name\" content=\"Kinami Health\" \/>\n<meta property=\"article:modified_time\" content=\"2025-11-27T15:00:52+00:00\" \/>\n<meta property=\"og:image\" content=\"https:\/\/kinamihealth.com\/wp-content\/uploads\/2025\/02\/BCN-REVITA-HA-01.webp\" \/>\n\t<meta property=\"og:image:width\" content=\"800\" \/>\n\t<meta property=\"og:image:height\" content=\"800\" \/>\n\t<meta property=\"og:image:type\" content=\"image\/webp\" \/>\n<meta name=\"twitter:card\" content=\"summary_large_image\" \/>\n<meta name=\"twitter:label1\" content=\"Szacowany czas czytania\" \/>\n\t<meta name=\"twitter:data1\" content=\"1 minuta\" \/>\n<!-- \/ Yoast SEO plugin. -->","yoast_head_json":{"title":"Zam\u00f3w BCN REVITA-HA online | Sklep internetowy | Kinami Health","description":"Zam\u00f3w BCN REVITA-HA online do profesjonalnego stosowania w celu rewitalizacji nawil\u017cenia i elastyczno\u015bci sk\u00f3ry dzi\u0119ki niesieciowanemu kwasowi hialuronowemu i mikroelementom.","robots":{"index":"index","follow":"follow","max-snippet":"max-snippet:-1","max-image-preview":"max-image-preview:large","max-video-preview":"max-video-preview:-1"},"canonical":"https:\/\/kinamihealth.com\/pl\/wp-json\/wp\/v2\/product\/123498","og_locale":"pl_PL","og_type":"article","og_title":"Zam\u00f3w BCN REVITA-HA online | Sklep internetowy | Kinami Health","og_description":"Zam\u00f3w BCN REVITA-HA online do profesjonalnego stosowania w celu rewitalizacji nawil\u017cenia i elastyczno\u015bci sk\u00f3ry dzi\u0119ki niesieciowanemu kwasowi hialuronowemu i mikroelementom.","og_url":"https:\/\/kinamihealth.com\/pl\/produkt\/bcn-revita-ha\/","og_site_name":"Kinami Health","article_modified_time":"2025-11-27T15:00:52+00:00","og_image":[{"width":800,"height":800,"url":"https:\/\/kinamihealth.com\/wp-content\/uploads\/2025\/02\/BCN-REVITA-HA-01.webp","type":"image\/webp"}],"twitter_card":"summary_large_image","twitter_misc":{"Szacowany czas czytania":"1 minuta"},"schema":{"@context":"https:\/\/schema.org","@graph":[{"@type":"WebPage","@id":"https:\/\/kinamihealth.com\/pl\/produkt\/bcn-revita-ha\/","url":"https:\/\/kinamihealth.com\/pl\/produkt\/bcn-revita-ha\/","name":"Zam\u00f3w BCN REVITA-HA online | Sklep internetowy | Kinami Health","isPartOf":{"@id":"https:\/\/kinamihealth.com\/#website"},"primaryImageOfPage":{"@id":"https:\/\/kinamihealth.com\/pl\/produkt\/bcn-revita-ha\/#primaryimage"},"image":{"@id":"https:\/\/kinamihealth.com\/pl\/produkt\/bcn-revita-ha\/#primaryimage"},"thumbnailUrl":"https:\/\/kinamihealth.com\/wp-content\/uploads\/2025\/02\/BCN-REVITA-HA-01.webp","datePublished":"2025-02-15T16:54:03+00:00","dateModified":"2025-11-27T15:00:52+00:00","description":"Zam\u00f3w BCN REVITA-HA online do profesjonalnego stosowania w celu rewitalizacji nawil\u017cenia i elastyczno\u015bci sk\u00f3ry dzi\u0119ki niesieciowanemu kwasowi hialuronowemu i mikroelementom.","breadcrumb":{"@id":"https:\/\/kinamihealth.com\/pl\/produkt\/bcn-revita-ha\/#breadcrumb"},"inLanguage":"pl-PL","potentialAction":[{"@type":"ReadAction","target":["https:\/\/kinamihealth.com\/pl\/produkt\/bcn-revita-ha\/"]}]},{"@type":"ImageObject","inLanguage":"pl-PL","@id":"https:\/\/kinamihealth.com\/pl\/produkt\/bcn-revita-ha\/#primaryimage","url":"https:\/\/kinamihealth.com\/wp-content\/uploads\/2025\/02\/BCN-REVITA-HA-01.webp","contentUrl":"https:\/\/kinamihealth.com\/wp-content\/uploads\/2025\/02\/BCN-REVITA-HA-01.webp","width":800,"height":800},{"@type":"BreadcrumbList","@id":"https:\/\/kinamihealth.com\/pl\/produkt\/bcn-revita-ha\/#breadcrumb","itemListElement":[{"@type":"ListItem","position":1,"name":"Strona g\u0142\u00f3wna","item":"https:\/\/kinamihealth.com\/sr\/"},{"@type":"ListItem","position":2,"name":"Sklep","item":"https:\/\/kinamihealth.com\/pl\/?page_id=128280"},{"@type":"ListItem","position":3,"name":"BCN REVITA-HA"}]},{"@type":"WebSite","@id":"https:\/\/kinamihealth.com\/#website","url":"https:\/\/kinamihealth.com\/","name":"Kinami Health","description":"","publisher":{"@id":"https:\/\/kinamihealth.com\/#organization"},"potentialAction":[{"@type":"SearchAction","target":{"@type":"EntryPoint","urlTemplate":"https:\/\/kinamihealth.com\/?s={search_term_string}"},"query-input":{"@type":"PropertyValueSpecification","valueRequired":true,"valueName":"search_term_string"}}],"inLanguage":"pl-PL"},{"@type":"Organization","@id":"https:\/\/kinamihealth.com\/#organization","name":"Kinami Health","url":"https:\/\/kinamihealth.com\/","logo":{"@type":"ImageObject","inLanguage":"pl-PL","@id":"https:\/\/kinamihealth.com\/#\/schema\/logo\/image\/","url":"https:\/\/kinamihealth.com\/wp-content\/uploads\/2025\/01\/KH_logo_black_2-1.png","contentUrl":"https:\/\/kinamihealth.com\/wp-content\/uploads\/2025\/01\/KH_logo_black_2-1.png","width":339,"height":34,"caption":"Kinami Health"},"image":{"@id":"https:\/\/kinamihealth.com\/#\/schema\/logo\/image\/"}}]}},"_links":{"self":[{"href":"https:\/\/kinamihealth.com\/pl\/wp-json\/wp\/v2\/product\/123498","targetHints":{"allow":["GET"]}}],"collection":[{"href":"https:\/\/kinamihealth.com\/pl\/wp-json\/wp\/v2\/product"}],"about":[{"href":"https:\/\/kinamihealth.com\/pl\/wp-json\/wp\/v2\/types\/product"}],"replies":[{"embeddable":true,"href":"https:\/\/kinamihealth.com\/pl\/wp-json\/wp\/v2\/comments?post=123498"}],"version-history":[{"count":0,"href":"https:\/\/kinamihealth.com\/pl\/wp-json\/wp\/v2\/product\/123498\/revisions"}],"wp:featuredmedia":[{"embeddable":true,"href":"https:\/\/kinamihealth.com\/pl\/wp-json\/wp\/v2\/media\/123499"}],"wp:attachment":[{"href":"https:\/\/kinamihealth.com\/pl\/wp-json\/wp\/v2\/media?parent=123498"}],"wp:term":[{"taxonomy":"product_brand","embeddable":true,"href":"https:\/\/kinamihealth.com\/pl\/wp-json\/wp\/v2\/product_brand?post=123498"},{"taxonomy":"product_cat","embeddable":true,"href":"https:\/\/kinamihealth.com\/pl\/wp-json\/wp\/v2\/product_cat?post=123498"},{"taxonomy":"product_tag","embeddable":true,"href":"https:\/\/kinamihealth.com\/pl\/wp-json\/wp\/v2\/product_tag?post=123498"}],"curies":[{"name":"wp","href":"https:\/\/api.w.org\/{rel}","templated":true}]}}