{"id":128349,"date":"2025-03-19T16:47:32","date_gmt":"2025-03-19T16:47:32","guid":{"rendered":"https:\/\/kinamihealth.com\/umowa-z-klientem\/"},"modified":"2025-12-18T20:54:37","modified_gmt":"2025-12-18T20:54:37","slug":"umowa-z-klientem","status":"publish","type":"page","link":"https:\/\/kinamihealth.com\/pl\/umowa-z-klientem\/","title":{"rendered":"Umowa z klientem"},"content":{"rendered":"\t\t<div data-elementor-type=\"wp-page\" data-elementor-id=\"128349\" class=\"elementor elementor-128349 elementor-103541\" data-elementor-post-type=\"page\">\n\t\t\t\t<div class=\"elementor-element elementor-element-706ea5c e-con-full e-flex e-con e-parent\" data-id=\"706ea5c\" data-element_type=\"container\">\n\t\t<div class=\"elementor-element elementor-element-097edac e-con-full e-flex e-con e-child\" data-id=\"097edac\" data-element_type=\"container\">\n\t\t\t\t<div class=\"elementor-element elementor-element-53d605c elementor-widget elementor-widget-heading\" data-id=\"53d605c\" data-element_type=\"widget\" data-widget_type=\"heading.default\">\n\t\t\t\t<div class=\"elementor-widget-container\">\n\t\t\t\t\t<h1 class=\"elementor-heading-title elementor-size-default\">Zrozumienie warunk\u00f3w umowy z klientem Kinami Health<\/h1>\t\t\t\t<\/div>\n\t\t\t\t<\/div>\n\t\t\t\t<div class=\"elementor-element elementor-element-ace4554 elementor-widget elementor-widget-text-editor\" data-id=\"ace4554\" data-element_type=\"widget\" data-widget_type=\"text-editor.default\">\n\t\t\t\t<div class=\"elementor-widget-container\">\n\t\t\t\t\t\t\t\t\t<p>Maj\u0105c ponad 21 lat, niniejszym zawieram t\u0119 umow\u0119 (&#8220;Umowa&#8221;) z Kinami Limited, w imieniu firmy Kinami i w jej imieniu oraz ka\u017cdego licencjonowanego dostawcy i moich agent\u00f3w (okre\u015blonych poni\u017cej), z zamiarem prawnego zobowi\u0105zania:<\/p><p>1.01 Zawieram t\u0119 umow\u0119 z Kinami Limited, poniewa\u017c chc\u0119 z\u0142o\u017cy\u0107 zam\u00f3wienie (&#8220;Moje zam\u00f3wienie&#8221;) na okre\u015blone leki i inne produkty (&#8220;Produkty&#8221;), zgodnie z warunkami okre\u015blonymi tutaj.<\/p><p>1.02 Chc\u0119 kupi\u0107 Produkty od licencjonowanego dostawcy i mie\u0107 realizacj\u0119 mojego zam\u00f3wienia w jednym lub kilku z nast\u0119puj\u0105cych kraj\u00f3w lub terytori\u00f3w geograficznych: Kanady, Europy i\/lub innych miejsc na \u015bwiecie.<\/p><p>1.03 Potwierdzam, potwierdzam i zgadzam si\u0119, \u017ce w ramach procesu Order wskaza\u0142em, \u017ce:<\/p><p>(a) Chc\u0119 kupi\u0107 leki i inne produkty od dostawcy z wi\u0119cej ni\u017c jednego z wymienionych kraj\u00f3w oraz mie\u0107 zrealizowane moje zam\u00f3wienie przez dostawc\u0119 w wi\u0119cej ni\u017c jednym z wymienionych kraj\u00f3w (wszystkie wybrane przeze mnie kraje nazywane s\u0105 dalej &#8220;Wybranym Krajem&#8221;), Kinami Limited, jako m\u00f3j agent w moim imieniu, wybierze dostawc\u0119 lub, je\u015bli to mo\u017cliwe, licencjonowanego dostawc\u0119 farmaceutycznego (ka\u017cdy,  &#8220;Licencjonowany Dostawca&#8221;) z jednego lub wi\u0119cej kraj\u00f3w do wydawania Produkt\u00f3w. Kinami Limited, jako m\u00f3j agent, podejmie decyzj\u0119, kt\u00f3ry jeden lub wi\u0119cej licencjonowanych dostawc\u00f3w b\u0119dzie wydawa\u0107 Produkty na podstawie dost\u0119pno\u015bci i\/lub ceny Produkt\u00f3w w wybranych krajach; oraz <\/p><p>(b) Chc\u0119 kupi\u0107 Produkty od licencjonowanego dostawcy w konkretnym wybranym kraju, a moje zam\u00f3wienie zostanie zrealizowane przez licencjonowanego dostawc\u0119 w tym wybranym kraju wybranym dla mnie przez Kinami Limited, jako mojego agenta.<\/p><p>1.04 Rozumiem, \u017ce Kinami Limited nie jest aptek\u0105 i \u017ce w ka\u017cdym przypadku kupuj\u0119 Produkty od Licencjonowanego Dostawcy, a Produkty b\u0119d\u0105 wysy\u0142ane bezpo\u015brednio do mnie przez Licencjonowanego Dostawc\u0119. Je\u015bli produkty s\u0105 kupowane w aptekach lub hurtowniach farmaceutycznych w r\u00f3\u017cnych krajach, zostan\u0105 one przes\u0142ane bezpo\u015brednio do mnie przez licencjonowanego dostawc\u0119 w tym kraju. <\/p><p>1.05 Potwierdzam, potwierdzam i zgadzam si\u0119, \u017ce je\u015bli Produkty zostan\u0105 wys\u0142ane do mnie z wi\u0119cej ni\u017c jednego miejsca, nie b\u0119d\u0119 obci\u0105\u017ca\u0107 osobnej op\u0142aty za wysy\u0142k\u0119 za ka\u017cd\u0105 przesy\u0142k\u0119.<\/p><p>1.06 Wyra\u017anie potwierdzam, potwierdzam i zgadzam si\u0119, \u017ce tytu\u0142 w\u0142asno\u015bci Produkt\u00f3w przechodzi na mnie od Licencjonowanego Dostawcy, gdy Produkty zostan\u0105 odebrane od Licencjonowanego Dostawcy przez Trzeciego Dostawc\u0119 Wysy\u0142kowego zatrudnionego w moim imieniu, oraz \u017ce (z zastrze\u017ceniem Sekcji 1.8 za\u0142\u0105cznika &#8220;A&#8221;) wszelkie umowy zawarte w trakcie zakupu Produkt\u00f3w s\u0105 i b\u0119d\u0105 uznawane za zawarte w odniesieniu do jakichkolwiek produkt\u00f3w zakupionych w Wybranym Kraju, w tym Wybranym Kraju, i odpowiednio b\u0119d\u0105 regulowane przez prawo tego Wybranego Kraju obowi\u0105zuj\u0105ce do takich um\u00f3w i um\u00f3w.<\/p><p>1.07 Wyra\u017anie potwierdzam, potwierdzam i zgadzam si\u0119, \u017ce (z zastrze\u017ceniem wyra\u017anie Sekcji 1.8 za\u0142\u0105cznika &#8220;A&#8221;) ka\u017cdy sp\u00f3r powsta\u0142y mi\u0119dzy mn\u0105 a Kinami Limited lub kt\u00f3rymkolwiek z moich Agent\u00f3w (okre\u015blonymi poni\u017cej), w zakresie, w jakim dotyczy kt\u00f3regokolwiek z moich Agent\u00f3w zlokalizowanych w Wybranym Kraju, b\u0119dzie regulowany przez prawo tego Wybranego Kraju obowi\u0105zuj\u0105ce do um\u00f3w zawartych w tym Wybranym Kraju oraz s\u0105dy tego Wybranego Kraju wy\u0142\u0105czna i wy\u0142\u0105czna jurysdykcja w takim sporze.<\/p><p>1.08 Dodatkowe Warunki i Zasady okre\u015blone w Za\u0142\u0105czniku &#8220;A&#8221; niniejszego dokumentu, kt\u00f3ry jest niniejszym w\u0142\u0105czony przez odwo\u0142anie, stanowi\u0105 integraln\u0105 cz\u0119\u015b\u0107 niniejszej Umowy, potwierdzam, \u017ce przeczyta\u0142em te warunki i \u017ce si\u0119 z nimi zgadzam.<\/p><p>Harmonogram &#8220;A&#8221;<\/p><p>CZ\u0118\u015a\u0106 I \u2013 UPOWA\u017bNIENIA I ZGODY<\/p><p>1.1 Upowa\u017cnienia, powo\u0142ania, uprawnienia do reprezentacji i zgody, kt\u00f3re niniejszym przekazuj\u0119 Kinami Limited oraz Moim Agentom, zaczynaj\u0105 obowi\u0105zywa\u0107 w dniu podpisania umowy i b\u0119d\u0105 obowi\u0105zywa\u0107 do ich anulowania. Rozumiem, \u017ce mog\u0119 w ka\u017cdej chwili anulowa\u0107 upowa\u017cnienia, wizyty i zgody, kt\u00f3re tutaj udzieli\u0142em. <\/p><p>1.2 Niniejszym upowa\u017cniam i powo\u0142uj\u0119 Kinami Limited oraz My Agents na moich agent\u00f3w i pe\u0142nomocnik\u00f3w w ograniczonym celu podj\u0119cia wszelkich krok\u00f3w i podpisania wszystkich dokument\u00f3w niezb\u0119dnych w moim imieniu do uzyskania Produkt\u00f3w, je\u015bli wymaga tego prawo w Wybranym Kraju, z kt\u00f3rego kupuj\u0119 Produkty, w takim samym stopniu, w jakim m\u00f3g\u0142bym osobi\u015bcie podejmowa\u0107 te kroki i podpisywa\u0107 te dokumenty. To upowa\u017cnienie obejmuje, ale nie ogranicza si\u0119 do: zbierania moich danych (okre\u015blonych poni\u017cej) o mnie lub o podmiotze prawnym, kt\u00f3ry reprezentuj\u0119; zbieranie podobnych informacji od mojego organu licencyjnego; oraz ujawnianie moich danych pracownikom, agentom, wykonawcom, podwykonawcom, podmiotom powi\u0105zanym i dostawcom us\u0142ug, w tym mi\u0119dzy innymi jakimkolwiek lekarzom agentom (opisanym poni\u017cej), licencjonowanemu dostawcy oraz farmaceucie w wybranym kraju zatrudnionym w moim imieniu (\u0142\u0105cznie &#8220;Moi Agenci&#8221;), w ograniczonym celu uzyskania Produkt\u00f3w oraz realizacji mojego zam\u00f3wienia. <\/p><p>1.3 W tej Umowie zaznacza si\u0119 nast\u0119puj\u0105ce warunki:<\/p><p>(a) &#8220;Moje Informacje&#8221; oznaczaj\u0105 informacje o mnie lub o osobie prawnej, kt\u00f3r\u0105 reprezentuj\u0119 (w tym, mi\u0119dzy innymi, histori\u0119 zam\u00f3wie\u0144, informacje o licencji), moje dane kontaktowe i demograficzne (w tym, mi\u0119dzy innymi, pe\u0142ne imi\u0119 i nazwisko, adres i numer telefonu) oraz informacje o p\u0142atno\u015bciach.<\/p><p>1.4 Dodatkowo wyra\u017cam zgod\u0119 na kontakt Kinami Limited i My Agents w celu om\u00f3wienia moich danych osobowych dotycz\u0105cych dostaw i wysy\u0142ki Produkt\u00f3w. Rozumiem, \u017ce powodem tej zgody jest zapewnienie Moim Agentom pe\u0142nej mo\u017cliwo\u015bci przeprowadzenia niezale\u017cnej analizy tego, czy Moje Rozkaz jest odpowiednie, oraz om\u00f3wienia ewentualnych komplikacji, kt\u00f3re mog\u0105 si\u0119 pojawi\u0107. Moje Informacje i informacje dotycz\u0105ce Mojego Zam\u00f3wienia zostan\u0105 r\u00f3wnie\u017c przekazane ka\u017cdej firmie marketingowej, w kt\u00f3rej imieniu Kinami Limited prowadzi swoje us\u0142ugi marketingowe i administracyjne, aby u\u0142atwi\u0107 przetwarzanie Mojego Zam\u00f3wienia oraz za\u0142o\u017cy\u0107 i utrzyma\u0107 moje konto klienta. Rozumiem r\u00f3wnie\u017c, \u017ce moje dane nie b\u0119d\u0105 wykorzystywane w \u017cadnym innym celu i b\u0119d\u0105 \u015bci\u015ble poufne.   <\/p><p>1.5 Niniejszym wyra\u017anie potwierdzam, \u017ce wiem, i\u017c Kinami Limited b\u0119dzie przesy\u0142a\u0107 moje informacje drog\u0105 elektroniczn\u0105 (na przyk\u0142ad faksem lub bezpiecznym internetem) do moich agent\u00f3w. Rozumiem, \u017ce u\u017cycie \u015brodk\u00f3w elektronicznych zwi\u0119kszy efektywno\u015b\u0107 i terminowo\u015b\u0107 przetwarzania My Order. Rozumiem r\u00f3wnie\u017c, \u017ce Kinami Limited, jako opiekun moich danych osobowych, podejmie \u015brodki ostro\u017cno\u015bci, aby chroni\u0107 je przed niew\u0142a\u015bciwym ujawnieniem lub wykorzystaniem. Niniejszym wyra\u017cam zgod\u0119 na przesy\u0142anie moich danych osobowych przez Kinami Limited drog\u0105 elektroniczn\u0105 do moich agent\u00f3w.   <\/p><p>1.6 Je\u015bli zosta\u0142em skierowany do us\u0142ug Kinami Limited przez po\u015brednika (na przyk\u0142ad mened\u017cera \u015bwiadcze\u0144 aptecznych, organizacj\u0119 zarz\u0105dzaj\u0105c\u0105 zdrowiem lub innego dostawc\u0119 us\u0142ug, albo program miejski, stanowy lub inny grupowy), niniejszym upowa\u017cniam Kinami Limited do udost\u0119pnienia danych osobowych takiemu po\u015brednikowi, je\u015bli jest to konieczne w celu zapewnienia jako\u015bci lub audytu, lub do umo\u017cliwienia przetwarzania wszelkich roszcze\u0144 w moim imieniu. Z tego co rozumiem, wszyscy tacy po\u015brednicy zapewni\u0105 Kinami Limited klauzule poufno\u015bci, na mocy kt\u00f3rych zobowi\u0105zuj\u0105 si\u0119 do zachowania takich informacji w \u015bcis\u0142ej tajemnicy oraz przestrzegania polityk prywatno\u015bci Kinami Limited dotycz\u0105cych ochrony moich danych. Wyra\u017cam wyra\u017an\u0105 zgod\u0119 na przekazywanie tych informacji takim po\u015brednikom drog\u0105 elektroniczn\u0105.  <\/p><p>1.7 Z zastrze\u017ceniem konkretnie artyku\u0142\u00f3w 1.05, 1.06 oraz Umowy, upowa\u017cniam i powo\u0142uj\u0119 Kinami Limited oraz Moich Agent\u00f3w na moich agent\u00f3w i prawnik\u00f3w w celu podj\u0119cia wszelkich krok\u00f3w i podpisania wszystkich dokument\u00f3w niezb\u0119dnych w moim imieniu do pakowania lub ponownego pakowania Produkt\u00f3w oraz zorganizowania ich dostarczania do mnie, w takim stopniu, w jakim m\u00f3g\u0142bym zrobi\u0107, gdybym osobi\u015bcie by\u0142 obecny i podpisywa\u0142 te dokumenty.<\/p><p>1.8 Potwierdzam, potwierdzam i zgadzam si\u0119, \u017ce nawi\u0105za\u0142em kontakt z Kinami Limited i \u017ce Kinami Limited nie znajduje si\u0119 w Stanach Zjednoczonych. Nie ograniczaj\u0105c tej sekcji Umowy, potwierdzam, potwierdzam i zgadzam si\u0119, \u017ce wszystkie us\u0142ugi, kt\u00f3re otrzymuj\u0119 od Kinami Limited, moich agent\u00f3w i licencjonowanych dostawc\u00f3w, s\u0105 odbierane poza granicami Stan\u00f3w Zjednoczonych, a wszelki transport i import towar\u00f3w s\u0105 wy\u0142\u0105cznie moj\u0105 odpowiedzialno\u015bci\u0105 i odpowiedzialno\u015bci\u0105. <\/p><p>CZ\u0118\u015a\u0106 2 \u2013 UJAWNIENIE I O\u015aWIADCZENIA<\/p><p>2.1 Niniejszym reprezentuj\u0119 i potwierdzam wobec Kinami Limited oraz ka\u017cdego z jej podmiot\u00f3w powi\u0105zanych, stowarzyszonych, powi\u0105zanych sp\u00f3\u0142ek, sp\u00f3\u0142ek zale\u017cnych i sp\u00f3\u0142ki matki, a tak\u017ce ka\u017cdego z ich dyrektor\u00f3w, cz\u0142onk\u00f3w zarz\u0105du, akcjonariuszy, pracownik\u00f3w, wykonawc\u00f3w, podwykonawc\u00f3w, nast\u0119pc\u00f3w i cesjonat\u00f3w oraz wobec Moich Agent\u00f3w, \u017ce:<\/p><p>(a) Produkty s\u0105 kupowane przeze mnie, kt\u00f3ry jest licencjonowanym specjalist\u0105 medycznym, lub dzia\u0142aj\u0105c w imieniu instytucji lub innego podmiotu prawnego i utrzymuj\u0105c wszystkie niezb\u0119dne licencje, pozwolenia i zgody w mojej jurysdykcji zarz\u0105dzaj\u0105cej, aby zamawia\u0107 i odbiera\u0107 produkty, o kt\u00f3re prosz\u0119 lub o kt\u00f3re b\u0119d\u0119 prosi\u0107. Przedstawi\u0119 Kinami Limited dow\u00f3d licencji w celu potwierdzenia mojej\/naszej pozycji jako podmiotu licencjonowanego oraz uprawnie\u0144 do zakupu od Kinami Limited. <\/p><p>(b) Mog\u0119 podejmowa\u0107 w\u0142asne decyzje dotycz\u0105ce zakupu Produkt\u00f3w lub jestem odpowiednio upowa\u017cniony do podejmowania prawnie wi\u0105\u017c\u0105cych decyzji w imieniu podmiotu prawnego, os\u00f3b fizycznych lub instytucji, kt\u00f3re reprezentuj\u0119, w tym mi\u0119dzy innymi zakupu Produkt\u00f3w i zawarcia tej umowy w ich imieniu.<\/p><p>(c) Nie poszukuj\u0119 ani nie opieram si\u0119 na \u017cadnych informacjach medycznych, poradach ani zatwierdzeniu od Kinami Limited ani My Agents.<\/p><p>(d) Potwierdzam, \u017ce Kinami Limited i Moi Agenci polegali i b\u0119d\u0105 nadal polega\u0107 na informacjach i dokumentacji, kt\u00f3re im przekazuj\u0119 (w tym Umowy, Moim Zleceniu i Profilu) oraz reprezentuj\u0119 i potwierdzam, \u017ce w pe\u0142ni i prawdziwie ujawni\u0142em Kinami Limited wszystkie istotne informacje i dokumentacj\u0119. Zgadzam si\u0119 powiadomi\u0107 Kinami Limited o wszelkich zmianach w moim licencjonowaniu lub licencjonowaniu podmiotu, w kt\u00f3rym jestem upowa\u017cniony do dzia\u0142ania, poprzez udost\u0119pnienie zaktualizowanego profilu. Rozumiem, \u017ce je\u015bli poda\u0142em nieprawid\u0142owe lub niepe\u0142ne informacje Kinami Limited lub My Agents, moje konto mo\u017ce zosta\u0107 natychmiast zako\u0144czone wed\u0142ug w\u0142asnego uznania Kinami Limited.  <\/p><p>(e)Po\u0142\u0105czenia mog\u0105 by\u0107 monitorowane, aby zapewni\u0107 wysok\u0105 jako\u015b\u0107 us\u0142ug.<\/p><p>CZ\u0118\u015a\u0106 3 \u2013 WARUNKI ZAKUPU I SPRZEDA\u017bY<\/p><p>3.1 Kinami Limited obci\u0105\u017cy moj\u0105 kart\u0119 kredytow\u0105 za po\u015brednictwem podmiotu trzeciego za cen\u0119 produkt\u00f3w i koszty wysy\u0142ki podane na stronie medsupplysolutions.com lub mniej wi\u0119cej w dniu przetworzenia zam\u00f3wienia oraz wszystkie inne dokumenty niezb\u0119dne do umo\u017cliwienia licencjonowanemu dostawcy realizacji mojego zam\u00f3wienia. W przypadku, gdy moja p\u0142atno\u015b\u0107 nie zostanie zatwierdzona, Kinami Limited ma prawo anulowa\u0107 moje zam\u00f3wienie i spr\u00f3bowa\u0107 powiadomi\u0107 mnie o takim anulowaniu. <\/p><p>3.2 Potwierdzam, uznaj\u0119 i zgadzam si\u0119, \u017ce:<\/p><p>(a) Ka\u017cdy z produkt\u00f3w kupowanych od licencjonowanego dostawcy b\u0119dzie pakowany zgodnie z wymogami prawa na terenie jurysdykcji licencjonowanego dostawcy.<\/p><p>(b) Produkty mog\u0105 zosta\u0107 zwr\u00f3cone lub wymienione w ci\u0105gu trzydziestu (30) dni od zakupu, je\u015bli to dotyczy. Je\u015bli b\u0119dzie konieczne zwr\u00f3cenie lub wymiana jakiegokolwiek produktu, zgadzam si\u0119, \u017ce skontaktuj\u0119 si\u0119 z Kinami Limited w celu uzyskania zgody przed podj\u0119ciem jakiejkolwiek pr\u00f3by zwrotu lub wymiany produktu. Zwroty lub wymiany b\u0119d\u0105 przyjmowane wy\u0142\u0105cznie wed\u0142ug uznania Kinami Limited.  <\/p><p>(c) Kinami Limited i My Agents zastrzega sobie prawo do odmowy pomocy w uzyskaniu mojego zam\u00f3wienia lub jakiegokolwiek innego zam\u00f3wienia wed\u0142ug w\u0142asnego uznania, w takim przypadku b\u0119d\u0119 uprawniony do zwrotu pieni\u0119dzy zap\u0142aconych za takie zam\u00f3wienie; oraz<\/p><p>(d) Ani Kinami Limited, ani My Agents nie \u015bwiadcz\u0105 swoich us\u0142ug agencyjnych ani prawniczych zamiast porady licencjonowanego prawnika<\/p><p>(e)Upowa\u017cniam Kinami Limited, My Agents i\/lub Licencjonowanego Dostawc\u0119 do za\u0142o\u017cenia konta w zewn\u0119trznej firmie wysy\u0142kowej i sortuj\u0105cej, abych m\u00f3g\u0142 otrzymywa\u0107 us\u0142ugi magazynowania, wysy\u0142ki oraz dodatkowych us\u0142ug administracyjnych od zewn\u0119trznego centrum wysy\u0142ki i sortowania.<\/p><p>(f)Wyra\u017anie upowa\u017cniam Kinami Limited, Moich Agent\u00f3w i\/lub Licencjonowanego Dostawc\u0119 do wyboru zewn\u0119trznego centrum wysy\u0142ki i sortowania na w\u0142asn\u0105 r\u0119k\u0119 w moim w\u0142asnym imenu. Wspomniane zewn\u0119trzne centrum wysy\u0142ki i sortowania mo\u017ce wykonywa\u0107 zadania takie jak wysy\u0142ka, magazynowanie i sortowanie zapas\u00f3w nale\u017c\u0105cych do mnie, kt\u00f3re s\u0105 wysy\u0142ane przez t\u0119 firm\u0119 w moim imieniu. <\/p><p>(g)Wiem, \u017ce dostawca wysy\u0142kowy odbiera go od licencjonowanego dostawcy, przechowuje i wysy\u0142a m\u00f3j towar na moje nazwisko i w moim imieniu oraz wysy\u0142a ten towar na moje \u017cyczenie.<\/p><p>(h)Potwierdzam, \u017ce ka\u017cda osoba trzecia wykorzystywana do transportu, przechowywania lub sortowania towar\u00f3w dla mnie ponosi odpowiedzialno\u015b\u0107 za wszelkie szkody powsta\u0142e w wyniku us\u0142ug \u015bwiadczonych przez t\u0119 osob\u0119 na moje zlecenie, poniewa\u017c ta osoba dzia\u0142a w moim imieniu i nie jest w\u0142asno\u015bci\u0105, operatorem ani kontrol\u0105 Kinami Limited. Dlatego zgadzam si\u0119 nie poci\u0105ga\u0107 Kinami Limited do odpowiedzialno\u015bci za jakiekolwiek szkody lub roszczenia, kt\u00f3re mog\u0105 wynikn\u0105\u0107 z dzia\u0142a\u0144 lub us\u0142ug \u015bwiadczonych przez t\u0119 osob\u0119 trzeci\u0105. Zgadzam si\u0119 i potwierdzam, \u017ce zawsze b\u0119d\u0119 importerem wszystkich produkt\u00f3w wysy\u0142anych przez podmioty trzecie. Zdaj\u0119 sobie spraw\u0119 i potwierdzam, \u017ce firma trzecia nie b\u0119dzie importowa\u0107 produkt\u00f3w wysy\u0142anych do mnie w moim imieniu, nie mo\u017ce \u015bwiadczy\u0107 us\u0142ug importowych ani brokerskich oraz nie mo\u017ce pomaga\u0107 w imporcie produkt\u00f3w wysy\u0142anych przez trzeci\u0105 firm\u0119 magazynow\u0105 i sortuj\u0105c\u0105 w moim imieniu.   <\/p><p>3.3 Potwierdzam, potwierdzam i zgadzam si\u0119, \u017ce w zakresie, w jakim moje konto klienta i dane mog\u0105 by\u0107 uznane za w\u0142asno\u015b\u0107 jakiejkolwiek osoby, to same b\u0119d\u0105 w\u0142asno\u015bci\u0105 Kinami Limited.<\/p><p>3.4 Wyra\u017anie potwierdzam, potwierdzam i zgadzam si\u0119, \u017ce ka\u017cdy z tych warunk\u00f3w (w tym, bez ogranicze\u0144, wybrany przeze mnie kraj(y), dostawc\u00f3w us\u0142ug wysy\u0142kowych stron trzecich oraz licencjonowanych dostawc\u00f3w)) b\u0119dzie automatycznie i bez dalszych dzia\u0142a\u0144 ze strony mnie lub Kinami Limited mia\u0142 zastosowanie do wszelkich przysz\u0142ych zam\u00f3wie\u0144 przeze mnie na leki lub inne produkty od Kinami Limited,  chyba \u017ce wyra\u017anie zaznacz\u0119 inaczej podczas zamawiania takich produkt\u00f3w. Nie ograniczaj\u0105c powy\u017cszego, ka\u017cda autoryzacja i zgoda udzielona przeze mnie w tej umowie b\u0119dzie obowi\u0105zywa\u0107 do momentu anulowania tego upowa\u017cnienia lub zgody (co mo\u017cna zrobi\u0107 w dowolnym momencie). <\/p>\t\t\t\t\t\t\t\t<\/div>\n\t\t\t\t<\/div>\n\t\t\t\t<\/div>\n\t\t\t\t<\/div>\n\t\t\t\t<\/div>\n\t\t","protected":false},"excerpt":{"rendered":"<p>Zrozumienie warunk\u00f3w umowy z klientem Kinami Health Maj\u0105c ponad 21 lat, niniejszym zawieram t\u0119 umow\u0119 (&#8220;Umowa&#8221;) z Kinami Limited, w imieniu firmy Kinami i w jej imieniu oraz ka\u017cdego licencjonowanego dostawcy i moich agent\u00f3w (okre\u015blonych poni\u017cej), z zamiarem prawnego zobowi\u0105zania: 1.01 Zawieram t\u0119 umow\u0119 z Kinami Limited, poniewa\u017c chc\u0119 z\u0142o\u017cy\u0107 zam\u00f3wienie (&#8220;Moje zam\u00f3wienie&#8221;) na okre\u015blone [&hellip;]<\/p>\n","protected":false},"author":1,"featured_media":0,"parent":0,"menu_order":0,"comment_status":"closed","ping_status":"closed","template":"elementor_header_footer","meta":{"_acf_changed":false,"inline_featured_image":false,"footnotes":""},"class_list":["post-128349","page","type-page","status-publish","hentry"],"acf":[],"yoast_head":"<!-- This site is optimized with the Yoast SEO plugin v27.3 - https:\/\/yoast.com\/product\/yoast-seo-wordpress\/ -->\n<title>Umowa z klientem - Kinami Health<\/title>\n<meta name=\"robots\" content=\"index, follow, max-snippet:-1, max-image-preview:large, max-video-preview:-1\" \/>\n<link rel=\"canonical\" href=\"https:\/\/kinamihealth.com\/pl\/wp-json\/wp\/v2\/pages\/128349\" \/>\n<meta property=\"og:locale\" content=\"pl_PL\" \/>\n<meta property=\"og:type\" content=\"article\" \/>\n<meta property=\"og:title\" content=\"Umowa z klientem - Kinami Health\" \/>\n<meta property=\"og:description\" content=\"Zrozumienie warunk\u00f3w umowy z klientem Kinami Health Maj\u0105c ponad 21 lat, niniejszym zawieram t\u0119 umow\u0119 (&#8220;Umowa&#8221;) z Kinami Limited, w imieniu firmy Kinami i w jej imieniu oraz ka\u017cdego licencjonowanego dostawcy i moich agent\u00f3w (okre\u015blonych poni\u017cej), z zamiarem prawnego zobowi\u0105zania: 1.01 Zawieram t\u0119 umow\u0119 z Kinami Limited, poniewa\u017c chc\u0119 z\u0142o\u017cy\u0107 zam\u00f3wienie (&#8220;Moje zam\u00f3wienie&#8221;) na okre\u015blone [&hellip;]\" \/>\n<meta property=\"og:url\" content=\"https:\/\/kinamihealth.com\/pl\/?page_id=128349\" \/>\n<meta property=\"og:site_name\" content=\"Kinami Health\" \/>\n<meta property=\"article:modified_time\" content=\"2025-12-18T20:54:37+00:00\" \/>\n<meta name=\"twitter:card\" content=\"summary_large_image\" \/>\n<meta name=\"twitter:label1\" content=\"Szacowany czas czytania\" \/>\n\t<meta name=\"twitter:data1\" content=\"12 minut\" \/>\n<!-- \/ Yoast SEO plugin. -->","yoast_head_json":{"title":"Umowa z klientem - Kinami Health","robots":{"index":"index","follow":"follow","max-snippet":"max-snippet:-1","max-image-preview":"max-image-preview:large","max-video-preview":"max-video-preview:-1"},"canonical":"https:\/\/kinamihealth.com\/pl\/wp-json\/wp\/v2\/pages\/128349","og_locale":"pl_PL","og_type":"article","og_title":"Umowa z klientem - Kinami Health","og_description":"Zrozumienie warunk\u00f3w umowy z klientem Kinami Health Maj\u0105c ponad 21 lat, niniejszym zawieram t\u0119 umow\u0119 (&#8220;Umowa&#8221;) z Kinami Limited, w imieniu firmy Kinami i w jej imieniu oraz ka\u017cdego licencjonowanego dostawcy i moich agent\u00f3w (okre\u015blonych poni\u017cej), z zamiarem prawnego zobowi\u0105zania: 1.01 Zawieram t\u0119 umow\u0119 z Kinami Limited, poniewa\u017c chc\u0119 z\u0142o\u017cy\u0107 zam\u00f3wienie (&#8220;Moje zam\u00f3wienie&#8221;) na okre\u015blone [&hellip;]","og_url":"https:\/\/kinamihealth.com\/pl\/?page_id=128349","og_site_name":"Kinami Health","article_modified_time":"2025-12-18T20:54:37+00:00","twitter_card":"summary_large_image","twitter_misc":{"Szacowany czas czytania":"12 minut"},"schema":{"@context":"https:\/\/schema.org","@graph":[{"@type":"WebPage","@id":"https:\/\/kinamihealth.com\/pl\/?page_id=128349","url":"https:\/\/kinamihealth.com\/pl\/?page_id=128349","name":"Umowa z klientem - Kinami Health","isPartOf":{"@id":"https:\/\/kinamihealth.com\/#website"},"datePublished":"2025-03-19T16:47:32+00:00","dateModified":"2025-12-18T20:54:37+00:00","breadcrumb":{"@id":"https:\/\/kinamihealth.com\/pl\/?page_id=128349#breadcrumb"},"inLanguage":"pl-PL","potentialAction":[{"@type":"ReadAction","target":["https:\/\/kinamihealth.com\/pl\/?page_id=128349"]}]},{"@type":"BreadcrumbList","@id":"https:\/\/kinamihealth.com\/pl\/?page_id=128349#breadcrumb","itemListElement":[{"@type":"ListItem","position":1,"name":"Strona g\u0142\u00f3wna","item":"https:\/\/kinamihealth.com\/sr\/"},{"@type":"ListItem","position":2,"name":"Umowa z klientem"}]},{"@type":"WebSite","@id":"https:\/\/kinamihealth.com\/#website","url":"https:\/\/kinamihealth.com\/","name":"Kinami Health","description":"","publisher":{"@id":"https:\/\/kinamihealth.com\/#organization"},"potentialAction":[{"@type":"SearchAction","target":{"@type":"EntryPoint","urlTemplate":"https:\/\/kinamihealth.com\/?s={search_term_string}"},"query-input":{"@type":"PropertyValueSpecification","valueRequired":true,"valueName":"search_term_string"}}],"inLanguage":"pl-PL"},{"@type":"Organization","@id":"https:\/\/kinamihealth.com\/#organization","name":"Kinami Health","url":"https:\/\/kinamihealth.com\/","logo":{"@type":"ImageObject","inLanguage":"pl-PL","@id":"https:\/\/kinamihealth.com\/#\/schema\/logo\/image\/","url":"https:\/\/kinamihealth.com\/wp-content\/uploads\/2025\/01\/KH_logo_black_2-1.png","contentUrl":"https:\/\/kinamihealth.com\/wp-content\/uploads\/2025\/01\/KH_logo_black_2-1.png","width":339,"height":34,"caption":"Kinami Health"},"image":{"@id":"https:\/\/kinamihealth.com\/#\/schema\/logo\/image\/"}}]}},"_links":{"self":[{"href":"https:\/\/kinamihealth.com\/pl\/wp-json\/wp\/v2\/pages\/128349","targetHints":{"allow":["GET"]}}],"collection":[{"href":"https:\/\/kinamihealth.com\/pl\/wp-json\/wp\/v2\/pages"}],"about":[{"href":"https:\/\/kinamihealth.com\/pl\/wp-json\/wp\/v2\/types\/page"}],"author":[{"embeddable":true,"href":"https:\/\/kinamihealth.com\/pl\/wp-json\/wp\/v2\/users\/1"}],"replies":[{"embeddable":true,"href":"https:\/\/kinamihealth.com\/pl\/wp-json\/wp\/v2\/comments?post=128349"}],"version-history":[{"count":0,"href":"https:\/\/kinamihealth.com\/pl\/wp-json\/wp\/v2\/pages\/128349\/revisions"}],"wp:attachment":[{"href":"https:\/\/kinamihealth.com\/pl\/wp-json\/wp\/v2\/media?parent=128349"}],"curies":[{"name":"wp","href":"https:\/\/api.w.org\/{rel}","templated":true}]}}