{"id":128334,"date":"2025-03-08T19:52:41","date_gmt":"2025-03-08T19:52:41","guid":{"rendered":"https:\/\/kinamihealth.com\/polityka-zwrotow\/"},"modified":"2025-12-18T20:54:37","modified_gmt":"2025-12-18T20:54:37","slug":"polityka-zwrotow","status":"publish","type":"page","link":"https:\/\/kinamihealth.com\/pl\/polityka-zwrotow\/","title":{"rendered":"Polityka zwrot\u00f3w"},"content":{"rendered":"\t\t<div data-elementor-type=\"wp-page\" data-elementor-id=\"128334\" class=\"elementor elementor-128334 elementor-102763\" data-elementor-post-type=\"page\">\n\t\t\t\t<div class=\"elementor-element elementor-element-aedcf2e e-con-full e-flex e-con e-parent\" data-id=\"aedcf2e\" data-element_type=\"container\">\n\t\t<div class=\"elementor-element elementor-element-0d116e2 e-con-full e-flex e-con e-child\" data-id=\"0d116e2\" data-element_type=\"container\">\n\t\t\t\t<div class=\"elementor-element elementor-element-a9b986f elementor-widget elementor-widget-heading\" data-id=\"a9b986f\" data-element_type=\"widget\" data-widget_type=\"heading.default\">\n\t\t\t\t<div class=\"elementor-widget-container\">\n\t\t\t\t\t<h1 class=\"elementor-heading-title elementor-size-default\">POLITYKA ZWROT\u00d3W<\/h1>\t\t\t\t<\/div>\n\t\t\t\t<\/div>\n\t\t\t\t<div class=\"elementor-element elementor-element-33cd301 elementor-widget elementor-widget-text-editor\" data-id=\"33cd301\" data-element_type=\"widget\" data-widget_type=\"text-editor.default\">\n\t\t\t\t<div class=\"elementor-widget-container\">\n\t\t\t\t\t\t\t\t\t<p>Je\u015bli napotkasz jakiekolwiek komplikacje zwi\u0105zane z zam\u00f3wieniem, prosimy o natychmiastowy kontakt z Kinami Health. Nasi przedstawiciele obs\u0142ugi klienta sprawdz\u0105, czy Twoje zam\u00f3wienie kwalifikuje si\u0119 do zwrotu pieni\u0119dzy. Zwroty s\u0105 w zale\u017cno\u015bci od decyzji Kinami Health i nie gwarantujemy, \u017ce zapewnimy zwrot we wszystkich okoliczno\u015bciach.  <\/p>\t\t\t\t\t\t\t\t<\/div>\n\t\t\t\t<\/div>\n\t\t\t\t<div class=\"elementor-element elementor-element-6ea1ece elementor-widget elementor-widget-heading\" data-id=\"6ea1ece\" data-element_type=\"widget\" data-widget_type=\"heading.default\">\n\t\t\t\t<div class=\"elementor-widget-container\">\n\t\t\t\t\t<h3 class=\"elementor-heading-title elementor-size-default\">Kt\u00f3re zam\u00f3wienia mog\u0105 kwalifikowa\u0107 si\u0119 do zwrotu pieni\u0119dzy?<\/h3>\t\t\t\t<\/div>\n\t\t\t\t<\/div>\n\t\t\t\t<div class=\"elementor-element elementor-element-5059d05 elementor-widget elementor-widget-text-editor\" data-id=\"5059d05\" data-element_type=\"widget\" data-widget_type=\"text-editor.default\">\n\t\t\t\t<div class=\"elementor-widget-container\">\n\t\t\t\t\t\t\t\t\t<p>W ma\u0142o prawdopodobnym przypadku nie jeste\u015b zadowolony z otrzymanego zam\u00f3wienia, skontaktuj si\u0119 z Kinami Health. Zwroty b\u0119dziemy wyp\u0142aca\u0107 tylko w nast\u0119puj\u0105cych przypadkach: je\u015bli podczas sk\u0142adania zam\u00f3wienia fa\u0142szywie przedstawili\u015bmy opakowanie produktu; je\u015bli otrzyma\u0142e\u015b uszkodzon\u0105 paczk\u0119; Je\u015bli produkt zostanie udowodniony jako nieaktywny w momencie pierwszego u\u017cycia. W ka\u017cdym z tych przypadk\u00f3w powiniene\u015b wstrzyma\u0107 produkty do czasu otrzymania dalszych instrukcji od Kinami Health. Je\u015bli uznamy, \u017ce powiniene\u015b otrzyma\u0107 zwrot, mo\u017cesz poprosi\u0107 o wymian\u0119 lub otrzyma\u0107 pe\u0142ny zwrot lub kredyt na koncie za dany produkt.   <\/p>\t\t\t\t\t\t\t\t<\/div>\n\t\t\t\t<\/div>\n\t\t\t\t<div class=\"elementor-element elementor-element-0ba7f55 elementor-widget elementor-widget-heading\" data-id=\"0ba7f55\" data-element_type=\"widget\" data-widget_type=\"heading.default\">\n\t\t\t\t<div class=\"elementor-widget-container\">\n\t\t\t\t\t<h3 class=\"elementor-heading-title elementor-size-default\">Jakie informacje potrzebuj\u0119, aby zwr\u00f3ci\u0107 produkt?<\/h3>\t\t\t\t<\/div>\n\t\t\t\t<\/div>\n\t\t\t\t<div class=\"elementor-element elementor-element-a599cca elementor-widget elementor-widget-text-editor\" data-id=\"a599cca\" data-element_type=\"widget\" data-widget_type=\"text-editor.default\">\n\t\t\t\t<div class=\"elementor-widget-container\">\n\t\t\t\t\t\t\t\t\t<p>Kinami Health nie przyjmuje zwrot\u00f3w produkt\u00f3w. Nie wahaj si\u0119 skontaktowa\u0107 z obs\u0142ug\u0105 klienta po porad\u0119. Je\u015bli u\u017cywa\u0142e\u015b urz\u0105dzenia medycznego i okaza\u0142o si\u0119 wadliwe w trakcie procesu, zachowaj numer partii i dat\u0119 wa\u017cno\u015bci w aktach klienta.  <\/p>\t\t\t\t\t\t\t\t<\/div>\n\t\t\t\t<\/div>\n\t\t\t\t<div class=\"elementor-element elementor-element-4a00179 elementor-widget elementor-widget-heading\" data-id=\"4a00179\" data-element_type=\"widget\" data-widget_type=\"heading.default\">\n\t\t\t\t<div class=\"elementor-widget-container\">\n\t\t\t\t\t<h3 class=\"elementor-heading-title elementor-size-default\">Jak mog\u0119 uzyska\u0107 zwrot pieni\u0119dzy?<\/h3>\t\t\t\t<\/div>\n\t\t\t\t<\/div>\n\t\t\t\t<div class=\"elementor-element elementor-element-ebc5921 elementor-widget elementor-widget-text-editor\" data-id=\"ebc5921\" data-element_type=\"widget\" data-widget_type=\"text-editor.default\">\n\t\t\t\t<div class=\"elementor-widget-container\">\n\t\t\t\t\t\t\t\t\t<p>W zale\u017cno\u015bci od okoliczno\u015bci mo\u017cesz otrzyma\u0107 zwrot pieni\u0119dzy zgodnie z naszymi instrukcjami. Mo\u017cesz poprosi\u0107 o wys\u0142anie zamiennika na ten sam adres wysy\u0142kowy co oryginalny produkt lub otrzyma\u0107 pe\u0142ny zwrot pieni\u0119dzy lub kredyt na koncie za ten produkt. Ten kredyt na konto ma zastosowanie przy ka\u017cdym przysz\u0142ym zakupie tego samego lub innego produktu.  <\/p><p>Prosimy pami\u0119ta\u0107, \u017ce wszelkie wady lub problemy produktu musz\u0105 zosta\u0107 zg\u0142oszone w ci\u0105gu 6 miesi\u0119cy od daty zakupu, aby otrzyma\u0107 wymian\u0119 lub zwrot pieni\u0119dzy. Nie wymienimy ani nie zwr\u00f3cimy zwrot\u00f3w za przedmioty, na kt\u00f3re zwr\u00f3cimy uwag\u0119 po up\u0142ywie tego okresu. <\/p>\t\t\t\t\t\t\t\t<\/div>\n\t\t\t\t<\/div>\n\t\t\t\t<div class=\"elementor-element elementor-element-997b036 elementor-widget elementor-widget-heading\" data-id=\"997b036\" data-element_type=\"widget\" data-widget_type=\"heading.default\">\n\t\t\t\t<div class=\"elementor-widget-container\">\n\t\t\t\t\t<h3 class=\"elementor-heading-title elementor-size-default\">Czy zawsze b\u0119d\u0119 kwalifikowa\u0142 si\u0119 do zwrotu pieni\u0119dzy?<\/h3>\t\t\t\t<\/div>\n\t\t\t\t<\/div>\n\t\t\t\t<div class=\"elementor-element elementor-element-c7f4c64 elementor-widget elementor-widget-text-editor\" data-id=\"c7f4c64\" data-element_type=\"widget\" data-widget_type=\"text-editor.default\">\n\t\t\t\t<div class=\"elementor-widget-container\">\n\t\t\t\t\t\t\t\t\t<p>Kinami Health oferuje zwroty wed\u0142ug w\u0142asnego uznania. Nie mo\u017cemy zagwarantowa\u0107, \u017ce w ka\u017cdej sytuacji zaoferujemy zwrot pieni\u0119dzy. Jednak robimy wszystko, aby\u015b by\u0142 zadowolony ze swojego zam\u00f3wienia na materia\u0142y medyczne. Je\u015bli masz jakiekolwiek pytania lub w\u0105tpliwo\u015bci dotycz\u0105ce tej polityki, skontaktuj si\u0119 z nami po wi\u0119cej informacji.   <\/p>\t\t\t\t\t\t\t\t<\/div>\n\t\t\t\t<\/div>\n\t\t\t\t<\/div>\n\t\t\t\t<\/div>\n\t\t\t\t<\/div>\n\t\t","protected":false},"excerpt":{"rendered":"<p>POLITYKA ZWROT\u00d3W Je\u015bli napotkasz jakiekolwiek komplikacje zwi\u0105zane z zam\u00f3wieniem, prosimy o natychmiastowy kontakt z Kinami Health. Nasi przedstawiciele obs\u0142ugi klienta sprawdz\u0105, czy Twoje zam\u00f3wienie kwalifikuje si\u0119 do zwrotu pieni\u0119dzy. Zwroty s\u0105 w zale\u017cno\u015bci od decyzji Kinami Health i nie gwarantujemy, \u017ce zapewnimy zwrot we wszystkich okoliczno\u015bciach. Kt\u00f3re zam\u00f3wienia mog\u0105 kwalifikowa\u0107 si\u0119 do zwrotu pieni\u0119dzy? W [&hellip;]<\/p>\n","protected":false},"author":1,"featured_media":0,"parent":0,"menu_order":0,"comment_status":"closed","ping_status":"closed","template":"elementor_header_footer","meta":{"_acf_changed":false,"inline_featured_image":false,"footnotes":""},"class_list":["post-128334","page","type-page","status-publish","hentry"],"acf":[],"yoast_head":"<!-- This site is optimized with the Yoast SEO plugin v27.5 - https:\/\/yoast.com\/product\/yoast-seo-wordpress\/ -->\n<title>Polityka zwrot\u00f3w - Kinami Health<\/title>\n<meta name=\"description\" content=\"Polityka zwrot\u00f3w jasno okre\u015bla warunki i procedury Kinami Health dotycz\u0105ce zwrot\u00f3w lub wymiany produkt\u00f3w zakupionych online.\" \/>\n<meta name=\"robots\" content=\"index, follow, max-snippet:-1, max-image-preview:large, max-video-preview:-1\" \/>\n<link rel=\"canonical\" href=\"https:\/\/kinamihealth.com\/pl\/wp-json\/wp\/v2\/pages\/128334\" \/>\n<meta property=\"og:locale\" content=\"pl_PL\" \/>\n<meta property=\"og:type\" content=\"article\" \/>\n<meta property=\"og:title\" content=\"Polityka zwrot\u00f3w - Kinami Health\" \/>\n<meta property=\"og:description\" content=\"Polityka zwrot\u00f3w jasno okre\u015bla warunki i procedury Kinami Health dotycz\u0105ce zwrot\u00f3w lub wymiany produkt\u00f3w zakupionych online.\" \/>\n<meta property=\"og:url\" content=\"https:\/\/kinamihealth.com\/pl\/?page_id=128334\" \/>\n<meta property=\"og:site_name\" content=\"Kinami Health\" \/>\n<meta property=\"article:modified_time\" content=\"2025-12-18T20:54:37+00:00\" \/>\n<meta name=\"twitter:card\" content=\"summary_large_image\" \/>\n<meta name=\"twitter:label1\" content=\"Szacowany czas czytania\" \/>\n\t<meta name=\"twitter:data1\" content=\"2 minuty\" \/>\n<!-- \/ Yoast SEO plugin. -->","yoast_head_json":{"title":"Polityka zwrot\u00f3w - Kinami Health","description":"Polityka zwrot\u00f3w jasno okre\u015bla warunki i procedury Kinami Health dotycz\u0105ce zwrot\u00f3w lub wymiany produkt\u00f3w zakupionych online.","robots":{"index":"index","follow":"follow","max-snippet":"max-snippet:-1","max-image-preview":"max-image-preview:large","max-video-preview":"max-video-preview:-1"},"canonical":"https:\/\/kinamihealth.com\/pl\/wp-json\/wp\/v2\/pages\/128334","og_locale":"pl_PL","og_type":"article","og_title":"Polityka zwrot\u00f3w - Kinami Health","og_description":"Polityka zwrot\u00f3w jasno okre\u015bla warunki i procedury Kinami Health dotycz\u0105ce zwrot\u00f3w lub wymiany produkt\u00f3w zakupionych online.","og_url":"https:\/\/kinamihealth.com\/pl\/?page_id=128334","og_site_name":"Kinami Health","article_modified_time":"2025-12-18T20:54:37+00:00","twitter_card":"summary_large_image","twitter_misc":{"Szacowany czas czytania":"2 minuty"},"schema":{"@context":"https:\/\/schema.org","@graph":[{"@type":"WebPage","@id":"https:\/\/kinamihealth.com\/pl\/?page_id=128334","url":"https:\/\/kinamihealth.com\/pl\/?page_id=128334","name":"Polityka zwrot\u00f3w - Kinami Health","isPartOf":{"@id":"https:\/\/kinamihealth.com\/#website"},"datePublished":"2025-03-08T19:52:41+00:00","dateModified":"2025-12-18T20:54:37+00:00","description":"Polityka zwrot\u00f3w jasno okre\u015bla warunki i procedury Kinami Health dotycz\u0105ce zwrot\u00f3w lub wymiany produkt\u00f3w zakupionych online.","breadcrumb":{"@id":"https:\/\/kinamihealth.com\/pl\/?page_id=128334#breadcrumb"},"inLanguage":"pl-PL","potentialAction":[{"@type":"ReadAction","target":["https:\/\/kinamihealth.com\/pl\/?page_id=128334"]}]},{"@type":"BreadcrumbList","@id":"https:\/\/kinamihealth.com\/pl\/?page_id=128334#breadcrumb","itemListElement":[{"@type":"ListItem","position":1,"name":"Strona g\u0142\u00f3wna","item":"https:\/\/kinamihealth.com\/sr\/"},{"@type":"ListItem","position":2,"name":"Polityka zwrot\u00f3w"}]},{"@type":"WebSite","@id":"https:\/\/kinamihealth.com\/#website","url":"https:\/\/kinamihealth.com\/","name":"Kinami Health","description":"","publisher":{"@id":"https:\/\/kinamihealth.com\/#organization"},"potentialAction":[{"@type":"SearchAction","target":{"@type":"EntryPoint","urlTemplate":"https:\/\/kinamihealth.com\/?s={search_term_string}"},"query-input":{"@type":"PropertyValueSpecification","valueRequired":true,"valueName":"search_term_string"}}],"inLanguage":"pl-PL"},{"@type":"Organization","@id":"https:\/\/kinamihealth.com\/#organization","name":"Kinami Health","url":"https:\/\/kinamihealth.com\/","logo":{"@type":"ImageObject","inLanguage":"pl-PL","@id":"https:\/\/kinamihealth.com\/#\/schema\/logo\/image\/","url":"https:\/\/kinamihealth.com\/wp-content\/uploads\/2025\/01\/KH_logo_black_2-1.png","contentUrl":"https:\/\/kinamihealth.com\/wp-content\/uploads\/2025\/01\/KH_logo_black_2-1.png","width":339,"height":34,"caption":"Kinami Health"},"image":{"@id":"https:\/\/kinamihealth.com\/#\/schema\/logo\/image\/"}}]}},"_links":{"self":[{"href":"https:\/\/kinamihealth.com\/pl\/wp-json\/wp\/v2\/pages\/128334","targetHints":{"allow":["GET"]}}],"collection":[{"href":"https:\/\/kinamihealth.com\/pl\/wp-json\/wp\/v2\/pages"}],"about":[{"href":"https:\/\/kinamihealth.com\/pl\/wp-json\/wp\/v2\/types\/page"}],"author":[{"embeddable":true,"href":"https:\/\/kinamihealth.com\/pl\/wp-json\/wp\/v2\/users\/1"}],"replies":[{"embeddable":true,"href":"https:\/\/kinamihealth.com\/pl\/wp-json\/wp\/v2\/comments?post=128334"}],"version-history":[{"count":0,"href":"https:\/\/kinamihealth.com\/pl\/wp-json\/wp\/v2\/pages\/128334\/revisions"}],"wp:attachment":[{"href":"https:\/\/kinamihealth.com\/pl\/wp-json\/wp\/v2\/media?parent=128334"}],"curies":[{"name":"wp","href":"https:\/\/api.w.org\/{rel}","templated":true}]}}