{"id":128275,"date":"2025-01-24T11:35:07","date_gmt":"2025-01-24T11:35:07","guid":{"rendered":"https:\/\/kinamihealth.com\/polityka-wysylkowa\/"},"modified":"2025-12-18T20:54:25","modified_gmt":"2025-12-18T20:54:25","slug":"polityka-wysylkowa","status":"publish","type":"page","link":"https:\/\/kinamihealth.com\/pl\/polityka-wysylkowa\/","title":{"rendered":"Polityka wysy\u0142kowa"},"content":{"rendered":"\t\t<div data-elementor-type=\"wp-page\" data-elementor-id=\"128275\" class=\"elementor elementor-128275 elementor-177\" data-elementor-post-type=\"page\">\n\t\t\t\t<div class=\"elementor-element elementor-element-ca6624d e-con-full e-flex e-con e-parent\" data-id=\"ca6624d\" data-element_type=\"container\">\n\t\t\t\t<div class=\"elementor-element elementor-element-d6d5e04 elementor-widget elementor-widget-heading\" data-id=\"d6d5e04\" data-element_type=\"widget\" data-widget_type=\"heading.default\">\n\t\t\t\t<div class=\"elementor-widget-container\">\n\t\t\t\t\t<h1 class=\"elementor-heading-title elementor-size-default\">POLITYKA WYSY\u0141KOWA<\/h1>\t\t\t\t<\/div>\n\t\t\t\t<\/div>\n\t\t\t\t<div class=\"elementor-element elementor-element-5e87a57 elementor-widget elementor-widget-heading\" data-id=\"5e87a57\" data-element_type=\"widget\" data-widget_type=\"heading.default\">\n\t\t\t\t<div class=\"elementor-widget-container\">\n\t\t\t\t\t<h3 class=\"elementor-heading-title elementor-size-default\">Gdzie wysy\u0142a Kinami Health?<\/h3>\t\t\t\t<\/div>\n\t\t\t\t<\/div>\n\t\t\t\t<div class=\"elementor-element elementor-element-f797653 elementor-widget elementor-widget-text-editor\" data-id=\"f797653\" data-element_type=\"widget\" data-widget_type=\"text-editor.default\">\n\t\t\t\t<div class=\"elementor-widget-container\">\n\t\t\t\t\t\t\t\t\t<p>Kinami Health wysy\u0142a na rynki UE i Azji.<\/p>\t\t\t\t\t\t\t\t<\/div>\n\t\t\t\t<\/div>\n\t\t\t\t<div class=\"elementor-element elementor-element-c0c404d elementor-widget elementor-widget-heading\" data-id=\"c0c404d\" data-element_type=\"widget\" data-widget_type=\"heading.default\">\n\t\t\t\t<div class=\"elementor-widget-container\">\n\t\t\t\t\t<h3 class=\"elementor-heading-title elementor-size-default\">Ile kosztuje wysy\u0142ka?<\/h3>\t\t\t\t<\/div>\n\t\t\t\t<\/div>\n\t\t\t\t<div class=\"elementor-element elementor-element-f371d18 elementor-widget elementor-widget-text-editor\" data-id=\"f371d18\" data-element_type=\"widget\" data-widget_type=\"text-editor.default\">\n\t\t\t\t<div class=\"elementor-widget-container\">\n\t\t\t\t\t\t\t\t\t<p>Wysy\u0142ka jest bezp\u0142atna przy zam\u00f3wieniach powy\u017cej 1000 EUR. Za zam\u00f3wienia poni\u017cej 1000 EUR obowi\u0105zuje op\u0142ata za wysy\u0142k\u0119 w wysoko\u015bci 20 EUR. <\/p>\t\t\t\t\t\t\t\t<\/div>\n\t\t\t\t<\/div>\n\t\t\t\t<div class=\"elementor-element elementor-element-22e1622 elementor-widget elementor-widget-heading\" data-id=\"22e1622\" data-element_type=\"widget\" data-widget_type=\"heading.default\">\n\t\t\t\t<div class=\"elementor-widget-container\">\n\t\t\t\t\t<h3 class=\"elementor-heading-title elementor-size-default\">Z jakiej firmy transportowej korzysta Kinami Health?<\/h3>\t\t\t\t<\/div>\n\t\t\t\t<\/div>\n\t\t\t\t<div class=\"elementor-element elementor-element-b19428c elementor-widget elementor-widget-text-editor\" data-id=\"b19428c\" data-element_type=\"widget\" data-widget_type=\"text-editor.default\">\n\t\t\t\t<div class=\"elementor-widget-container\">\n\t\t\t\t\t\t\t\t\t<p>Mo\u017ce si\u0119 to r\u00f3\u017cni\u0107 w zale\u017cno\u015bci od dost\u0119pnych lokalnych us\u0142ug wysy\u0142kowych. Poinformujemy Ci\u0119 o numerze \u015bledzenia i metodzie wysy\u0142ki po przetworzeniu zam\u00f3wienia. <\/p>\t\t\t\t\t\t\t\t<\/div>\n\t\t\t\t<\/div>\n\t\t\t\t<div class=\"elementor-element elementor-element-fe15c5f elementor-widget elementor-widget-heading\" data-id=\"fe15c5f\" data-element_type=\"widget\" data-widget_type=\"heading.default\">\n\t\t\t\t<div class=\"elementor-widget-container\">\n\t\t\t\t\t<h3 class=\"elementor-heading-title elementor-size-default\">Kiedy przyjdzie moje zam\u00f3wienie?<\/h3>\t\t\t\t<\/div>\n\t\t\t\t<\/div>\n\t\t\t\t<div class=\"elementor-element elementor-element-ac31632 elementor-widget elementor-widget-text-editor\" data-id=\"ac31632\" data-element_type=\"widget\" data-widget_type=\"text-editor.default\">\n\t\t\t\t<div class=\"elementor-widget-container\">\n\t\t\t\t\t\t\t\t\t<p>Po przetworzeniu zam\u00f3wienia produkt zostanie wys\u0142any w ci\u0105gu 24 godzin (od poniedzia\u0142ku do pi\u0105tku, z wyj\u0105tkiem dni \u015bwi\u0105tecznych). Dostawa w UE zazwyczaj trwa 48 godzin, podczas gdy mi\u0119dzynarodowa \u015brednio 7 do 10 dni roboczych. Gwarantowany czas dostawy to w ci\u0105gu 14 dni. W rzadkich przypadkach, gdy zapas nie jest od razu dost\u0119pny, otrzymasz powiadomienie, gdy zam\u00f3wienie ma zosta\u0107 wys\u0142ane. Jednak czas przej\u015bcia mo\u017ce si\u0119 r\u00f3\u017cni\u0107 w zale\u017cno\u015bci od regionu. Zalecamy kontakt z nasz\u0105 przyjazn\u0105 obs\u0142ug\u0105 klienta, aby dowiedzie\u0107 si\u0119, ile czasu zajmie dotarcie do Pa\u0144stwa zam\u00f3wienia.     <\/p>\t\t\t\t\t\t\t\t<\/div>\n\t\t\t\t<\/div>\n\t\t\t\t<\/div>\n\t\t\t\t<\/div>\n\t\t","protected":false},"excerpt":{"rendered":"<p>POLITYKA WYSY\u0141KOWA Gdzie wysy\u0142a Kinami Health? Kinami Health wysy\u0142a na rynki UE i Azji. Ile kosztuje wysy\u0142ka? Wysy\u0142ka jest bezp\u0142atna przy zam\u00f3wieniach powy\u017cej 1000 EUR. Za zam\u00f3wienia poni\u017cej 1000 EUR obowi\u0105zuje op\u0142ata za wysy\u0142k\u0119 w wysoko\u015bci 20 EUR. Z jakiej firmy transportowej korzysta Kinami Health? Mo\u017ce si\u0119 to r\u00f3\u017cni\u0107 w zale\u017cno\u015bci od dost\u0119pnych lokalnych us\u0142ug [&hellip;]<\/p>\n","protected":false},"author":1,"featured_media":0,"parent":0,"menu_order":0,"comment_status":"closed","ping_status":"closed","template":"elementor_header_footer","meta":{"_acf_changed":false,"inline_featured_image":false,"footnotes":""},"class_list":["post-128275","page","type-page","status-publish","hentry"],"acf":[],"yoast_head":"<!-- This site is optimized with the Yoast SEO plugin v27.5 - https:\/\/yoast.com\/product\/yoast-seo-wordpress\/ -->\n<title>Polityka wysy\u0142kowa - Kinami Health<\/title>\n<meta name=\"description\" content=\"Polityka wysy\u0142ki szczeg\u00f3\u0142owo opisuje opcje dostawy, czasy przetwarzania, us\u0142ugi wysy\u0142ki mi\u0119dzynarodowej oraz warunki.\" \/>\n<meta name=\"robots\" content=\"index, follow, max-snippet:-1, max-image-preview:large, max-video-preview:-1\" \/>\n<link rel=\"canonical\" href=\"https:\/\/kinamihealth.com\/pl\/wp-json\/wp\/v2\/pages\/128275\" \/>\n<meta property=\"og:locale\" content=\"pl_PL\" \/>\n<meta property=\"og:type\" content=\"article\" \/>\n<meta property=\"og:title\" content=\"Polityka wysy\u0142kowa - Kinami Health\" \/>\n<meta property=\"og:description\" content=\"Polityka wysy\u0142ki szczeg\u00f3\u0142owo opisuje opcje dostawy, czasy przetwarzania, us\u0142ugi wysy\u0142ki mi\u0119dzynarodowej oraz warunki.\" \/>\n<meta property=\"og:url\" content=\"https:\/\/kinamihealth.com\/pl\/?page_id=128275\" \/>\n<meta property=\"og:site_name\" content=\"Kinami Health\" \/>\n<meta property=\"article:modified_time\" content=\"2025-12-18T20:54:25+00:00\" \/>\n<meta name=\"twitter:card\" content=\"summary_large_image\" \/>\n<meta name=\"twitter:label1\" content=\"Szacowany czas czytania\" \/>\n\t<meta name=\"twitter:data1\" content=\"1 minuta\" \/>\n<!-- \/ Yoast SEO plugin. -->","yoast_head_json":{"title":"Polityka wysy\u0142kowa - Kinami Health","description":"Polityka wysy\u0142ki szczeg\u00f3\u0142owo opisuje opcje dostawy, czasy przetwarzania, us\u0142ugi wysy\u0142ki mi\u0119dzynarodowej oraz warunki.","robots":{"index":"index","follow":"follow","max-snippet":"max-snippet:-1","max-image-preview":"max-image-preview:large","max-video-preview":"max-video-preview:-1"},"canonical":"https:\/\/kinamihealth.com\/pl\/wp-json\/wp\/v2\/pages\/128275","og_locale":"pl_PL","og_type":"article","og_title":"Polityka wysy\u0142kowa - Kinami Health","og_description":"Polityka wysy\u0142ki szczeg\u00f3\u0142owo opisuje opcje dostawy, czasy przetwarzania, us\u0142ugi wysy\u0142ki mi\u0119dzynarodowej oraz warunki.","og_url":"https:\/\/kinamihealth.com\/pl\/?page_id=128275","og_site_name":"Kinami Health","article_modified_time":"2025-12-18T20:54:25+00:00","twitter_card":"summary_large_image","twitter_misc":{"Szacowany czas czytania":"1 minuta"},"schema":{"@context":"https:\/\/schema.org","@graph":[{"@type":"WebPage","@id":"https:\/\/kinamihealth.com\/pl\/?page_id=128275","url":"https:\/\/kinamihealth.com\/pl\/?page_id=128275","name":"Polityka wysy\u0142kowa - Kinami Health","isPartOf":{"@id":"https:\/\/kinamihealth.com\/#website"},"datePublished":"2025-01-24T11:35:07+00:00","dateModified":"2025-12-18T20:54:25+00:00","description":"Polityka wysy\u0142ki szczeg\u00f3\u0142owo opisuje opcje dostawy, czasy przetwarzania, us\u0142ugi wysy\u0142ki mi\u0119dzynarodowej oraz warunki.","breadcrumb":{"@id":"https:\/\/kinamihealth.com\/pl\/?page_id=128275#breadcrumb"},"inLanguage":"pl-PL","potentialAction":[{"@type":"ReadAction","target":["https:\/\/kinamihealth.com\/pl\/?page_id=128275"]}]},{"@type":"BreadcrumbList","@id":"https:\/\/kinamihealth.com\/pl\/?page_id=128275#breadcrumb","itemListElement":[{"@type":"ListItem","position":1,"name":"Strona g\u0142\u00f3wna","item":"https:\/\/kinamihealth.com\/sr\/"},{"@type":"ListItem","position":2,"name":"Polityka wysy\u0142kowa"}]},{"@type":"WebSite","@id":"https:\/\/kinamihealth.com\/#website","url":"https:\/\/kinamihealth.com\/","name":"Kinami Health","description":"","publisher":{"@id":"https:\/\/kinamihealth.com\/#organization"},"potentialAction":[{"@type":"SearchAction","target":{"@type":"EntryPoint","urlTemplate":"https:\/\/kinamihealth.com\/?s={search_term_string}"},"query-input":{"@type":"PropertyValueSpecification","valueRequired":true,"valueName":"search_term_string"}}],"inLanguage":"pl-PL"},{"@type":"Organization","@id":"https:\/\/kinamihealth.com\/#organization","name":"Kinami Health","url":"https:\/\/kinamihealth.com\/","logo":{"@type":"ImageObject","inLanguage":"pl-PL","@id":"https:\/\/kinamihealth.com\/#\/schema\/logo\/image\/","url":"https:\/\/kinamihealth.com\/wp-content\/uploads\/2025\/01\/KH_logo_black_2-1.png","contentUrl":"https:\/\/kinamihealth.com\/wp-content\/uploads\/2025\/01\/KH_logo_black_2-1.png","width":339,"height":34,"caption":"Kinami Health"},"image":{"@id":"https:\/\/kinamihealth.com\/#\/schema\/logo\/image\/"}}]}},"_links":{"self":[{"href":"https:\/\/kinamihealth.com\/pl\/wp-json\/wp\/v2\/pages\/128275","targetHints":{"allow":["GET"]}}],"collection":[{"href":"https:\/\/kinamihealth.com\/pl\/wp-json\/wp\/v2\/pages"}],"about":[{"href":"https:\/\/kinamihealth.com\/pl\/wp-json\/wp\/v2\/types\/page"}],"author":[{"embeddable":true,"href":"https:\/\/kinamihealth.com\/pl\/wp-json\/wp\/v2\/users\/1"}],"replies":[{"embeddable":true,"href":"https:\/\/kinamihealth.com\/pl\/wp-json\/wp\/v2\/comments?post=128275"}],"version-history":[{"count":0,"href":"https:\/\/kinamihealth.com\/pl\/wp-json\/wp\/v2\/pages\/128275\/revisions"}],"wp:attachment":[{"href":"https:\/\/kinamihealth.com\/pl\/wp-json\/wp\/v2\/media?parent=128275"}],"curies":[{"name":"wp","href":"https:\/\/api.w.org\/{rel}","templated":true}]}}