{"id":128178,"date":"2025-05-20T12:01:22","date_gmt":"2025-05-20T12:01:22","guid":{"rendered":"https:\/\/kinamihealth.com\/polityka-plikow-cookie\/"},"modified":"2025-12-18T17:11:16","modified_gmt":"2025-12-18T17:11:16","slug":"polityka-plikow-cookie","status":"publish","type":"page","link":"https:\/\/kinamihealth.com\/pl\/polityka-plikow-cookie\/","title":{"rendered":"Polityka plik\u00f3w cookie"},"content":{"rendered":"\t\t<div data-elementor-type=\"wp-page\" data-elementor-id=\"128178\" class=\"elementor elementor-128178 elementor-105541\" data-elementor-post-type=\"page\">\n\t\t\t\t<div class=\"elementor-element elementor-element-0a740fa e-flex e-con-boxed e-con e-parent\" data-id=\"0a740fa\" data-element_type=\"container\">\n\t\t\t\t\t<div class=\"e-con-inner\">\n\t\t\t\t<div class=\"elementor-element elementor-element-8540daf elementor-widget elementor-widget-text-editor\" data-id=\"8540daf\" data-element_type=\"widget\" data-widget_type=\"text-editor.default\">\n\t\t\t\t<div class=\"elementor-widget-container\">\n\t\t\t\t\t\t\t\t\t<p><span style=\"font-weight: 400;\">Witamy w Kinami Limited (&#8220;Strona internetowa&#8221; lub &#8220;Strona&#8221;). Kinami Limited jest wy\u0142\u0105cznym w\u0142a\u015bcicielem strony internetowej oraz ca\u0142ej jej zawarto\u015bci. <\/span><\/p><p><span style=\"font-weight: 400;\">Ta strona u\u017cywa plik\u00f3w cookie (&#8220;Cookies&#8221;). U\u017cywamy plik\u00f3w cookie, aby dowiedzie\u0107 si\u0119, jak mo\u017cemy poprawi\u0107 Twoje do\u015bwiadczenie u\u017cytkownika podczas wizyty na naszej stronie internetowej. Ta Polityka Plik\u00f3w Cookie (&#8220;Polityka Plik\u00f3w Cookie&#8221;) okre\u015bla, jakich plik\u00f3w cookie u\u017cywamy, dlaczego ich u\u017cywamy oraz jak zarz\u0105dza\u0107 ustawieniami plik\u00f3w cookie.  <\/span><\/p><p><span style=\"font-weight: 400;\">Nasze Warunki i Zasady Prywatno\u015bci uzupe\u0142niaj\u0105 nasz\u0105 Polityk\u0119 plik\u00f3w cookie.<\/span><\/p><p><b>Czym s\u0105 ciasteczka<\/b><\/p><p><span style=\"font-weight: 400;\">Ciasteczka to ma\u0142e pliki tekstowe, kt\u00f3re strona internetowa przesy\u0142a na Tw\u00f3j komputer lub urz\u0105dzenie mobilne, aby zebra\u0107 ograniczone informacje. Przechowywane w Twojej przegl\u0105darce, umo\u017cliwiaj\u0105 r\u00f3\u017cne funkcje i mo\u017cliwo\u015bci na naszej stronie internetowej, pozwalaj\u0105c nam rozpozna\u0107 Ci\u0119 i poprawi\u0107 Twoje do\u015bwiadczenie u\u017cytkownika. <\/span><\/p><p><b>Rodzaje ciasteczek:<\/b><\/p><p><span style=\"font-weight: 400;\">Niezb\u0119dne a niepotrzebne pliki cookie: Niezb\u0119dne pliki cookie s\u0105 niezb\u0119dne do prawid\u0142owego funkcjonowania strony, zapewniaj\u0105c podstawowe funkcje i bezpiecze\u0144stwo bez przechowywania danych osobowych. Niepotrzebne pliki cookie oferuj\u0105 dodatkowe us\u0142ugi lub funkcje, kt\u00f3re poprawiaj\u0105 do\u015bwiadczenie u\u017cytkownika, ale nie s\u0105 kluczowe dla funkcjonalno\u015bci strony. <\/span><\/p><p><span style=\"font-weight: 400;\">Ciasteczka oparte na sesji vs. trwa\u0142e: Ciasteczka sesyjne s\u0105 tymczasowe i istniej\u0105 tylko wtedy, gdy przegl\u0105darka jest otwarta, znikaj\u0105c po jej zamkni\u0119ciu strony. Natomiast trwa\u0142e ciasteczka s\u0105 przechowywane na Twoim urz\u0105dzeniu do momentu wyga\u015bni\u0119cia lub r\u0119cznego usuni\u0119cia z przegl\u0105darki. <\/span><\/p><p><span style=\"font-weight: 400;\">Pliki cookie od strony pierwszej i trzeciej: Pliki cookie pierwszej strony s\u0105 tworzone przez odwiedzan\u0105 przez Ciebie stron\u0119, natomiast pliki cookie stron trzecich s\u0105 ustawiane przez zewn\u0119trznych dostawc\u00f3w us\u0142ug oferuj\u0105cych us\u0142ugi przez lub na stronie internetowej.<\/span><\/p><p><span style=\"font-weight: 400;\">Ciasteczka preferencyjne: Te pliki cookie pozwalaj\u0105 stronie zapami\u0119tywa\u0107 preferencje u\u017cytkownika, takie jak ustawienia j\u0119zykowe czy wybory regionalne, co zapewnia bardziej spersonalizowane do\u015bwiadczenie.<\/span><\/p><p><span style=\"font-weight: 400;\">Analityczne ciasteczka: Te pliki cookie zbieraj\u0105 i raportuj\u0105 dane anonimowo, pomagaj\u0105c w\u0142a\u015bcicielom stron zrozumie\u0107 zachowania odwiedzaj\u0105cych oraz poprawia\u0107 funkcjonalno\u015b\u0107 i do\u015bwiadczenie u\u017cytkownika.<\/span><\/p><p><span style=\"font-weight: 400;\">Marketingowe ciasteczka: Te pliki cookie s\u0142u\u017c\u0105 do \u015bledzenia odwiedzaj\u0105cych na r\u00f3\u017cnych stronach internetowych i pomagaj\u0105 dostarcza\u0107 trafne i anga\u017cuj\u0105ce reklamy.<\/span><\/p><p><b>Dlaczego u\u017cywamy plik\u00f3w cookie<\/b><\/p><p><span style=\"font-weight: 400;\">Pliki cookie pomagaj\u0105 nam rozpoznawa\u0107 u\u017cytkownik\u00f3w podczas wizyty na naszej stronie internetowej. U\u017cywamy ich do: <\/span><\/p><p><span style=\"font-weight: 400;\">Bezpiecze\u0144stwo: Wspieranie funkcji bezpiecze\u0144stwa oraz wykrywanie z\u0142o\u015bliwych dzia\u0142a\u0144 lub oszustw.<\/span><\/p><p><span style=\"font-weight: 400;\">Preferencje: Dostarczanie odpowiednich tre\u015bci, ulepszonych funkcji, medi\u00f3w online oraz opcji udost\u0119pniania w spo\u0142eczno\u015bciach spo\u0142eczno\u015bciowych. U\u0142atwiaj\u0105 tak\u017ce wype\u0142nianie formularzy, zapami\u0119tuj\u0105c wcze\u015bniej wprowadzone informacje. <\/span><\/p><p><span style=\"font-weight: 400;\">Marketing: Wraz z innymi technologiami reklamowymi, takimi jak beacony, piksele i tagi, ciasteczka pomagaj\u0105 nam dotrze\u0107 do u\u017cytkownik\u00f3w zainteresowanych naszymi us\u0142ugami poprzez zrozumienie ich preferencji i dostarczanie odpowiednich komunikat\u00f3w. Dostarczaj\u0105 tak\u017ce zagregowane dane o tym, kiedy pojawi\u0142y si\u0119 tre\u015bci marketingowe. <\/span><\/p><p><span style=\"font-weight: 400;\">Analiza efektywno\u015bci: \u015aledzenie liczby odwiedzaj\u0105cych, \u017ar\u00f3de\u0142 ruchu, ods\u0142on stron i log\u00f3w, aby ulepszy\u0107 nasz\u0105 stron\u0119 internetow\u0105 i us\u0142ugi.<\/span><\/p><p><b>Tabela Imion Ciasteczek<\/b><\/p>\t\t\t\t\t\t\t\t<\/div>\n\t\t\t\t<\/div>\n\t\t\t\t<div class=\"elementor-element elementor-element-688e08b elementor-widget elementor-widget-html\" data-id=\"688e08b\" data-element_type=\"widget\" data-widget_type=\"html.default\">\n\t\t\t\t<div class=\"elementor-widget-container\">\n\t\t\t\t\t<table border=\"1\" cellspacing=\"0\" cellpadding=\"10\" style=\"width: 100%; border-collapse: collapse;  \">\n    <thead>\n        <tr>\n            Nazwa \n <th>ciasteczka<\/th><th>Dostawca<\/th>\n<th>Kategoria<\/th>\n<th>Okres wa\u017cno\u015bci<\/th>                                    \n        <\/tr>\n    <\/thead>\n    <tbody>\n        <tr><td>sbjs_current Sesja<\/td> <td>\u015bledzenia<\/td><td> <\/td><td>Kinami<\/td><\/tr>\n        <tr><td>sbjs_current_add Sesja<\/td> <td>\u015bledzenia<\/td><td> <\/td><td>Kinami<\/td><\/tr>\n        <tr><td>sbjs_first Sesja<\/td> <td>\u015bledzenia<\/td><td> <\/td><td>Kinami<\/td><\/tr>\n        <tr><td>sbjs_first_add Sesja<\/td> <td>\u015bledzenia<\/td><td> <\/td><td>Kinami<\/td><\/tr>\n        <tr><td>sbjs_migrations Sesja<\/td> <td>\u015aledzenia<\/td><td> <\/td><td>Kinami<\/td><\/tr>\n        <tr><td>sbjs_session<\/td><td>\u015aledzenie<\/td><td>Kinami<\/td><td>30 minut<\/td><\/tr>\n        <tr><td>sbjs_udata Sesja<\/td> <td>\u015bledzenia<\/td><td> <\/td><td>Kinami<\/td><\/tr>\n        <tr><td>shopengine_recent_viewed_product<\/td><td>Kinami<\/td><td>Funkcjonalny<\/td><td>1 miesi\u0105c<\/td><\/tr>\n        <tr><td>tk_ai<\/td><td>Sesja<\/td> <td>Analityka<\/td><td>WooCommerce<\/td><\/tr>\n        <tr><td>tk_qs<\/td><td>WooCommerce<\/td><td>Analytics<\/td><td>1 dzie\u0144<\/td><\/tr>\n        <tr><td>woocommerce_cart_hash<\/td><td>Sesja Funkcjonalna<\/td><td> <\/td><td>WooCommerce<\/td><\/tr>\n        <tr><td>woocommerce_items_in_cart<\/td><td>Sesja Funkcjonalna<\/td><td> <\/td><td>WooCommerce<\/td><\/tr>\n        <tr><td>wordpress_logged_in_[hash]<\/td><td>Sesja uwierzytelniania<\/td><td> <\/td><td>WordPressa<\/td><\/tr>\n        <tr><td>wordpress_sec_[hash]<\/td><td>Sesja<\/td> <td>bezpiecze\u0144stwa<\/td> <td>WordPressa<\/td><\/tr>\n        <tr><td>wordpress_test_cookie<\/td><td>Sesja Funkcjonalna<\/td><td> <\/td><td>WordPress<\/td><\/tr>\n        <tr><td>wp_woocommerce_session_[hash]<\/td><td>WooCommerce<\/td><td>Funkcjonalno\u015b\u0107<\/td><td>1 dzie\u0144<\/td><\/tr>\n        <tr><td>wp-settings-[UID]<\/td><td><\/td><td>WordPress Funkcjonalny<\/td> 1 <td>rok<\/td><\/tr>\n        <tr><td>wp-settings-time-[UID]<\/td><td>WordPress<\/td><td>Funkcjonalny<\/td><td>1 rok<\/td><\/tr>\n        <tr><td><\/td><td>Funkcjonalna sesja<\/td> <td>WPML<\/td> <td>wp-wpml_current_language<\/td><\/tr>\n    <\/tbody>\n<\/table>\n\t\t\t\t<\/div>\n\t\t\t\t<\/div>\n\t\t\t\t<div class=\"elementor-element elementor-element-f4fb256 elementor-widget elementor-widget-text-editor\" data-id=\"f4fb256\" data-element_type=\"widget\" data-widget_type=\"text-editor.default\">\n\t\t\t\t<div class=\"elementor-widget-container\">\n\t\t\t\t\t\t\t\t\t<p><b>Jak zarz\u0105dza\u0107 plikami cookie<\/b><\/p><p><span style=\"font-weight: 400;\">Masz mo\u017cliwo\u015b\u0107 zaakceptowania, odrzucenia, usuni\u0119cia lub rezygnacji z naszych plik\u00f3w cookie w dowolnym momencie, z wyj\u0105tkiem sytuacji, gdy s\u0105 one niezb\u0119dne do \u015bwiadczenia naszych us\u0142ug lub utrzymania bezpiecze\u0144stwa strony. Klikaj\u0105c &#8220;Akceptuj&#8221; na banerze Cookie, zgadzasz si\u0119 na korzystanie z plik\u00f3w cookie przez Kinami Limited zgodnie z opisaniem w niniejszej Polityce. <\/span><\/p><p><span style=\"font-weight: 400;\">Je\u015bli zdecydujesz si\u0119 odrzuci\u0107, usun\u0105\u0107 lub zrezygnowa\u0107 z nieistotnych plik\u00f3w cookie, nadal mo\u017cesz przegl\u0105da\u0107 nasz\u0105 stron\u0119 internetow\u0105, cho\u0107 niekt\u00f3re funkcje lub us\u0142ugi mog\u0105 by\u0107 niedost\u0119pne. Mo\u017cesz zarz\u0105dza\u0107 preferencjami plik\u00f3w cookie za pomoc\u0105 przegl\u0105darki internetowej lub baneru zgody na ciasteczka na naszej stronie internetowej. <\/span><\/p><p><span style=\"font-weight: 400;\">Aby usun\u0105\u0107 wcze\u015bniej przechowywane pliki cookie, usu\u0144 je w przegl\u0105darce i dostosuj ustawienia, aby zapobiec ich dalszemu umieszczaniu.<\/span><\/p><p><b>Kontakt<\/b><\/p><p><span style=\"font-weight: 400;\">Je\u015bli masz jakiekolwiek pytania, skontaktuj si\u0119 z nami przez nasz formularz kontaktowy lub przez:<\/span><\/p><p><span style=\"font-weight: 400;\">E-mail: <\/span><a href=\"mailto:info@kinamihealth.com\"><span style=\"font-weight: 400;\">info@kinamihealth.com<\/span><\/a><\/p><p><span style=\"font-weight: 400;\">Telefon: +44 7488 890499<\/span><\/p>\t\t\t\t\t\t\t\t<\/div>\n\t\t\t\t<\/div>\n\t\t\t\t\t<\/div>\n\t\t\t\t<\/div>\n\t\t\t\t<\/div>\n\t\t","protected":false},"excerpt":{"rendered":"<p>Witamy w Kinami Limited (&#8220;Strona internetowa&#8221; lub &#8220;Strona&#8221;). Kinami Limited jest wy\u0142\u0105cznym w\u0142a\u015bcicielem strony internetowej oraz ca\u0142ej jej zawarto\u015bci. Ta strona u\u017cywa plik\u00f3w cookie (&#8220;Cookies&#8221;). U\u017cywamy plik\u00f3w cookie, aby dowiedzie\u0107 si\u0119, jak mo\u017cemy poprawi\u0107 Twoje do\u015bwiadczenie u\u017cytkownika podczas wizyty na naszej stronie internetowej. Ta Polityka Plik\u00f3w Cookie (&#8220;Polityka Plik\u00f3w Cookie&#8221;) okre\u015bla, jakich plik\u00f3w cookie u\u017cywamy, [&hellip;]<\/p>\n","protected":false},"author":24,"featured_media":0,"parent":0,"menu_order":0,"comment_status":"closed","ping_status":"closed","template":"","meta":{"_acf_changed":false,"inline_featured_image":false,"footnotes":""},"class_list":["post-128178","page","type-page","status-publish","hentry"],"acf":[],"yoast_head":"<!-- This site is optimized with the Yoast SEO plugin v27.3 - https:\/\/yoast.com\/product\/yoast-seo-wordpress\/ -->\n<title>Polityka plik\u00f3w cookie - Kinami Health<\/title>\n<meta name=\"robots\" content=\"index, follow, max-snippet:-1, max-image-preview:large, max-video-preview:-1\" \/>\n<link rel=\"canonical\" href=\"https:\/\/kinamihealth.com\/pl\/wp-json\/wp\/v2\/pages\/128178\" \/>\n<meta property=\"og:locale\" content=\"pl_PL\" \/>\n<meta property=\"og:type\" content=\"article\" \/>\n<meta property=\"og:title\" content=\"Polityka plik\u00f3w cookie - Kinami Health\" \/>\n<meta property=\"og:description\" content=\"Witamy w Kinami Limited (&#8220;Strona internetowa&#8221; lub &#8220;Strona&#8221;). Kinami Limited jest wy\u0142\u0105cznym w\u0142a\u015bcicielem strony internetowej oraz ca\u0142ej jej zawarto\u015bci. Ta strona u\u017cywa plik\u00f3w cookie (&#8220;Cookies&#8221;). U\u017cywamy plik\u00f3w cookie, aby dowiedzie\u0107 si\u0119, jak mo\u017cemy poprawi\u0107 Twoje do\u015bwiadczenie u\u017cytkownika podczas wizyty na naszej stronie internetowej. Ta Polityka Plik\u00f3w Cookie (&#8220;Polityka Plik\u00f3w Cookie&#8221;) okre\u015bla, jakich plik\u00f3w cookie u\u017cywamy, [&hellip;]\" \/>\n<meta property=\"og:url\" content=\"https:\/\/kinamihealth.com\/pl\/?page_id=128178\" \/>\n<meta property=\"og:site_name\" content=\"Kinami Health\" \/>\n<meta property=\"article:modified_time\" content=\"2025-12-18T17:11:16+00:00\" \/>\n<meta name=\"twitter:card\" content=\"summary_large_image\" \/>\n<meta name=\"twitter:label1\" content=\"Szacowany czas czytania\" \/>\n\t<meta name=\"twitter:data1\" content=\"4 minuty\" \/>\n<!-- \/ Yoast SEO plugin. -->","yoast_head_json":{"title":"Polityka plik\u00f3w cookie - Kinami Health","robots":{"index":"index","follow":"follow","max-snippet":"max-snippet:-1","max-image-preview":"max-image-preview:large","max-video-preview":"max-video-preview:-1"},"canonical":"https:\/\/kinamihealth.com\/pl\/wp-json\/wp\/v2\/pages\/128178","og_locale":"pl_PL","og_type":"article","og_title":"Polityka plik\u00f3w cookie - Kinami Health","og_description":"Witamy w Kinami Limited (&#8220;Strona internetowa&#8221; lub &#8220;Strona&#8221;). Kinami Limited jest wy\u0142\u0105cznym w\u0142a\u015bcicielem strony internetowej oraz ca\u0142ej jej zawarto\u015bci. Ta strona u\u017cywa plik\u00f3w cookie (&#8220;Cookies&#8221;). U\u017cywamy plik\u00f3w cookie, aby dowiedzie\u0107 si\u0119, jak mo\u017cemy poprawi\u0107 Twoje do\u015bwiadczenie u\u017cytkownika podczas wizyty na naszej stronie internetowej. Ta Polityka Plik\u00f3w Cookie (&#8220;Polityka Plik\u00f3w Cookie&#8221;) okre\u015bla, jakich plik\u00f3w cookie u\u017cywamy, [&hellip;]","og_url":"https:\/\/kinamihealth.com\/pl\/?page_id=128178","og_site_name":"Kinami Health","article_modified_time":"2025-12-18T17:11:16+00:00","twitter_card":"summary_large_image","twitter_misc":{"Szacowany czas czytania":"4 minuty"},"schema":{"@context":"https:\/\/schema.org","@graph":[{"@type":"WebPage","@id":"https:\/\/kinamihealth.com\/pl\/?page_id=128178","url":"https:\/\/kinamihealth.com\/pl\/?page_id=128178","name":"Polityka plik\u00f3w cookie - Kinami Health","isPartOf":{"@id":"https:\/\/kinamihealth.com\/#website"},"datePublished":"2025-05-20T12:01:22+00:00","dateModified":"2025-12-18T17:11:16+00:00","breadcrumb":{"@id":"https:\/\/kinamihealth.com\/pl\/?page_id=128178#breadcrumb"},"inLanguage":"pl-PL","potentialAction":[{"@type":"ReadAction","target":["https:\/\/kinamihealth.com\/pl\/?page_id=128178"]}]},{"@type":"BreadcrumbList","@id":"https:\/\/kinamihealth.com\/pl\/?page_id=128178#breadcrumb","itemListElement":[{"@type":"ListItem","position":1,"name":"Strona g\u0142\u00f3wna","item":"https:\/\/kinamihealth.com\/sr\/"},{"@type":"ListItem","position":2,"name":"Polityka plik\u00f3w cookie"}]},{"@type":"WebSite","@id":"https:\/\/kinamihealth.com\/#website","url":"https:\/\/kinamihealth.com\/","name":"Kinami Health","description":"","publisher":{"@id":"https:\/\/kinamihealth.com\/#organization"},"potentialAction":[{"@type":"SearchAction","target":{"@type":"EntryPoint","urlTemplate":"https:\/\/kinamihealth.com\/?s={search_term_string}"},"query-input":{"@type":"PropertyValueSpecification","valueRequired":true,"valueName":"search_term_string"}}],"inLanguage":"pl-PL"},{"@type":"Organization","@id":"https:\/\/kinamihealth.com\/#organization","name":"Kinami Health","url":"https:\/\/kinamihealth.com\/","logo":{"@type":"ImageObject","inLanguage":"pl-PL","@id":"https:\/\/kinamihealth.com\/#\/schema\/logo\/image\/","url":"https:\/\/kinamihealth.com\/wp-content\/uploads\/2025\/01\/KH_logo_black_2-1.png","contentUrl":"https:\/\/kinamihealth.com\/wp-content\/uploads\/2025\/01\/KH_logo_black_2-1.png","width":339,"height":34,"caption":"Kinami Health"},"image":{"@id":"https:\/\/kinamihealth.com\/#\/schema\/logo\/image\/"}}]}},"_links":{"self":[{"href":"https:\/\/kinamihealth.com\/pl\/wp-json\/wp\/v2\/pages\/128178","targetHints":{"allow":["GET"]}}],"collection":[{"href":"https:\/\/kinamihealth.com\/pl\/wp-json\/wp\/v2\/pages"}],"about":[{"href":"https:\/\/kinamihealth.com\/pl\/wp-json\/wp\/v2\/types\/page"}],"author":[{"embeddable":true,"href":"https:\/\/kinamihealth.com\/pl\/wp-json\/wp\/v2\/users\/24"}],"replies":[{"embeddable":true,"href":"https:\/\/kinamihealth.com\/pl\/wp-json\/wp\/v2\/comments?post=128178"}],"version-history":[{"count":0,"href":"https:\/\/kinamihealth.com\/pl\/wp-json\/wp\/v2\/pages\/128178\/revisions"}],"wp:attachment":[{"href":"https:\/\/kinamihealth.com\/pl\/wp-json\/wp\/v2\/media?parent=128178"}],"curies":[{"name":"wp","href":"https:\/\/api.w.org\/{rel}","templated":true}]}}