{"id":117943,"date":"2025-10-23T12:55:26","date_gmt":"2025-10-23T12:55:26","guid":{"rendered":"https:\/\/kinamihealth.com\/?post_type=product&#038;p=117943"},"modified":"2026-01-23T10:34:57","modified_gmt":"2026-01-23T10:34:57","slug":"viscoderm-skinko-e-viscoderm-skinko-kit","status":"publish","type":"product","link":"https:\/\/kinamihealth.com\/it\/prodotto\/viscoderm-skinko-e-viscoderm-skinko-kit\/","title":{"rendered":"VISCODERM\u00ae SKINK\u00d2 E + VISCODERM\u00ae SKINK\u00d2 KIT"},"content":{"rendered":"<p>Viscoderm Skink\u00f2 E \u00e8 un complesso anti-et\u00e0 contenente oltre 50 elementi dermofunzionali tra cui acido ialuronico non reticolato, vitamine, minerali e aminoacidi indicati per mantenere e migliorare il trofismo cellulare dell&#8217;epidermide e del derma papillare. Viscoderm Skink\u00f2 E \u00e8 adatto a tutti i tipi di pelle, per pazienti di tutte le et\u00e0 e da piccole a grandi aree del corpo. Il risultato \u00e8 una pelle visibilmente pi\u00f9 giovane, pi\u00f9 sana, con maggiore luminosit\u00e0 e colore omogeneo. L&#8217;azione profonda sui fibroblasti permette di mantenere l&#8217;elasticit\u00e0 cutanea, mentre l&#8217;azione superficiale sui cheratinociti migliora la barriera protettiva dai danni esterni.<\/p>\n","protected":false},"excerpt":{"rendered":"<p>Viscoderm Skink\u00f2 E \u00e8 un complesso anti-et\u00e0 contenente oltre 50 elementi dermofunzionali tra cui acido ialuronico non reticolato, vitamine, minerali e aminoacidi indicati per mantenere e migliorare il trofismo cellulare dell&#8217;epidermide e del derma papillare. Viscoderm Skink\u00f2 E \u00e8 adatto a tutti i tipi di pelle, per pazienti di tutte le et\u00e0 e da piccole [&hellip;]<\/p>\n","protected":false},"featured_media":111748,"comment_status":"closed","ping_status":"closed","template":"","meta":{"_acf_changed":false,"inline_featured_image":false},"product_brand":[1550],"product_cat":[1367],"product_tag":[1216],"class_list":{"0":"post-117943","1":"product","2":"type-product","3":"status-publish","4":"has-post-thumbnail","6":"product_brand-viscoderm","7":"product_cat-iniezioni-di-mesoterapia","8":"product_tag-dispositivi-medici","10":"first","11":"instock","12":"taxable","13":"shipping-taxable","14":"purchasable","15":"product-type-simple","16":"add-to-wishlist-before_image"},"acf":[],"yoast_head":"<!-- This site is optimized with the Yoast SEO plugin v27.1.1 - https:\/\/yoast.com\/product\/yoast-seo-wordpress\/ -->\n<title>Acquista VISCODERM\u00ae SKINK\u00d2 E + VISCODERM\u00ae SKINK\u00d2 KIT per la rivitalizzazione della pelle | Kinami Health<\/title>\n<meta name=\"description\" content=\"Acquista online VISCODERM\u00ae SKINK\u00d2 E + VISCODERM\u00ae SKINK\u00d2 KIT per un sistema completo di rivitalizzazione della pelle che migliora l&#039;idratazione e favorisce una pelle sana e giovane.\" \/>\n<meta name=\"robots\" content=\"index, follow, max-snippet:-1, max-image-preview:large, max-video-preview:-1\" \/>\n<link rel=\"canonical\" href=\"https:\/\/kinamihealth.com\/it\/wp-json\/wp\/v2\/product\/117943\" \/>\n<meta property=\"og:locale\" content=\"it_IT\" \/>\n<meta property=\"og:type\" content=\"article\" \/>\n<meta property=\"og:title\" content=\"Acquista VISCODERM\u00ae SKINK\u00d2 E + VISCODERM\u00ae SKINK\u00d2 KIT per la rivitalizzazione della pelle | Kinami Health\" \/>\n<meta property=\"og:description\" content=\"Acquista online VISCODERM\u00ae SKINK\u00d2 E + VISCODERM\u00ae SKINK\u00d2 KIT per un sistema completo di rivitalizzazione della pelle che migliora l&#039;idratazione e favorisce una pelle sana e giovane.\" \/>\n<meta property=\"og:url\" content=\"https:\/\/kinamihealth.com\/it\/prodotto\/viscoderm-skinko-e-viscoderm-skinko-kit\/\" \/>\n<meta property=\"og:site_name\" content=\"Kinami Health\" \/>\n<meta property=\"article:modified_time\" content=\"2026-01-23T10:34:57+00:00\" \/>\n<meta property=\"og:image\" content=\"https:\/\/kinamihealth.com\/wp-content\/uploads\/2025\/02\/VISCODERM-SKINKO-SKINKOKIT-05.jpg\" \/>\n\t<meta property=\"og:image:width\" content=\"1000\" \/>\n\t<meta property=\"og:image:height\" content=\"1000\" \/>\n\t<meta property=\"og:image:type\" content=\"image\/jpeg\" \/>\n<meta name=\"twitter:card\" content=\"summary_large_image\" \/>\n<meta name=\"twitter:label1\" content=\"Tempo di lettura stimato\" \/>\n\t<meta name=\"twitter:data1\" content=\"1 minuto\" \/>\n<!-- \/ Yoast SEO plugin. -->","yoast_head_json":{"title":"Acquista VISCODERM\u00ae SKINK\u00d2 E + VISCODERM\u00ae SKINK\u00d2 KIT per la rivitalizzazione della pelle | Kinami Health","description":"Acquista online VISCODERM\u00ae SKINK\u00d2 E + VISCODERM\u00ae SKINK\u00d2 KIT per un sistema completo di rivitalizzazione della pelle che migliora l'idratazione e favorisce una pelle sana e giovane.","robots":{"index":"index","follow":"follow","max-snippet":"max-snippet:-1","max-image-preview":"max-image-preview:large","max-video-preview":"max-video-preview:-1"},"canonical":"https:\/\/kinamihealth.com\/it\/wp-json\/wp\/v2\/product\/117943","og_locale":"it_IT","og_type":"article","og_title":"Acquista VISCODERM\u00ae SKINK\u00d2 E + VISCODERM\u00ae SKINK\u00d2 KIT per la rivitalizzazione della pelle | Kinami Health","og_description":"Acquista online VISCODERM\u00ae SKINK\u00d2 E + VISCODERM\u00ae SKINK\u00d2 KIT per un sistema completo di rivitalizzazione della pelle che migliora l'idratazione e favorisce una pelle sana e giovane.","og_url":"https:\/\/kinamihealth.com\/it\/prodotto\/viscoderm-skinko-e-viscoderm-skinko-kit\/","og_site_name":"Kinami Health","article_modified_time":"2026-01-23T10:34:57+00:00","og_image":[{"width":1000,"height":1000,"url":"https:\/\/kinamihealth.com\/wp-content\/uploads\/2025\/02\/VISCODERM-SKINKO-SKINKOKIT-05.jpg","type":"image\/jpeg"}],"twitter_card":"summary_large_image","twitter_misc":{"Tempo di lettura stimato":"1 minuto"},"schema":{"@context":"https:\/\/schema.org","@graph":[{"@type":"WebPage","@id":"https:\/\/kinamihealth.com\/it\/prodotto\/viscoderm-skinko-e-viscoderm-skinko-kit\/","url":"https:\/\/kinamihealth.com\/it\/prodotto\/viscoderm-skinko-e-viscoderm-skinko-kit\/","name":"Acquista VISCODERM\u00ae SKINK\u00d2 E + VISCODERM\u00ae SKINK\u00d2 KIT per la rivitalizzazione della pelle | Kinami Health","isPartOf":{"@id":"https:\/\/kinamihealth.com\/#website"},"primaryImageOfPage":{"@id":"https:\/\/kinamihealth.com\/it\/prodotto\/viscoderm-skinko-e-viscoderm-skinko-kit\/#primaryimage"},"image":{"@id":"https:\/\/kinamihealth.com\/it\/prodotto\/viscoderm-skinko-e-viscoderm-skinko-kit\/#primaryimage"},"thumbnailUrl":"https:\/\/kinamihealth.com\/wp-content\/uploads\/2025\/02\/VISCODERM-SKINKO-SKINKOKIT-05.jpg","datePublished":"2025-10-23T12:55:26+00:00","dateModified":"2026-01-23T10:34:57+00:00","description":"Acquista online VISCODERM\u00ae SKINK\u00d2 E + VISCODERM\u00ae SKINK\u00d2 KIT per un sistema completo di rivitalizzazione della pelle che migliora l'idratazione e favorisce una pelle sana e giovane.","breadcrumb":{"@id":"https:\/\/kinamihealth.com\/it\/prodotto\/viscoderm-skinko-e-viscoderm-skinko-kit\/#breadcrumb"},"inLanguage":"it-IT","potentialAction":[{"@type":"ReadAction","target":["https:\/\/kinamihealth.com\/it\/prodotto\/viscoderm-skinko-e-viscoderm-skinko-kit\/"]}]},{"@type":"ImageObject","inLanguage":"it-IT","@id":"https:\/\/kinamihealth.com\/it\/prodotto\/viscoderm-skinko-e-viscoderm-skinko-kit\/#primaryimage","url":"https:\/\/kinamihealth.com\/wp-content\/uploads\/2025\/02\/VISCODERM-SKINKO-SKINKOKIT-05.jpg","contentUrl":"https:\/\/kinamihealth.com\/wp-content\/uploads\/2025\/02\/VISCODERM-SKINKO-SKINKOKIT-05.jpg","width":1000,"height":1000},{"@type":"BreadcrumbList","@id":"https:\/\/kinamihealth.com\/it\/prodotto\/viscoderm-skinko-e-viscoderm-skinko-kit\/#breadcrumb","itemListElement":[{"@type":"ListItem","position":1,"name":"Pagina iniziale","item":"https:\/\/kinamihealth.com\/"},{"@type":"ListItem","position":2,"name":"Acquista","item":"https:\/\/kinamihealth.com\/shop\/"},{"@type":"ListItem","position":3,"name":"VISCODERM\u00ae SKINK\u00d2 E + VISCODERM\u00ae SKINK\u00d2 KIT"}]},{"@type":"WebSite","@id":"https:\/\/kinamihealth.com\/#website","url":"https:\/\/kinamihealth.com\/","name":"Kinami Health","description":"","publisher":{"@id":"https:\/\/kinamihealth.com\/#organization"},"potentialAction":[{"@type":"SearchAction","target":{"@type":"EntryPoint","urlTemplate":"https:\/\/kinamihealth.com\/?s={search_term_string}"},"query-input":{"@type":"PropertyValueSpecification","valueRequired":true,"valueName":"search_term_string"}}],"inLanguage":"it-IT"},{"@type":"Organization","@id":"https:\/\/kinamihealth.com\/#organization","name":"Kinami Health","url":"https:\/\/kinamihealth.com\/","logo":{"@type":"ImageObject","inLanguage":"it-IT","@id":"https:\/\/kinamihealth.com\/#\/schema\/logo\/image\/","url":"https:\/\/kinamihealth.com\/wp-content\/uploads\/2025\/01\/KH_logo_black_2-1.png","contentUrl":"https:\/\/kinamihealth.com\/wp-content\/uploads\/2025\/01\/KH_logo_black_2-1.png","width":339,"height":34,"caption":"Kinami Health"},"image":{"@id":"https:\/\/kinamihealth.com\/#\/schema\/logo\/image\/"}}]}},"_links":{"self":[{"href":"https:\/\/kinamihealth.com\/it\/wp-json\/wp\/v2\/product\/117943","targetHints":{"allow":["GET"]}}],"collection":[{"href":"https:\/\/kinamihealth.com\/it\/wp-json\/wp\/v2\/product"}],"about":[{"href":"https:\/\/kinamihealth.com\/it\/wp-json\/wp\/v2\/types\/product"}],"replies":[{"embeddable":true,"href":"https:\/\/kinamihealth.com\/it\/wp-json\/wp\/v2\/comments?post=117943"}],"version-history":[{"count":0,"href":"https:\/\/kinamihealth.com\/it\/wp-json\/wp\/v2\/product\/117943\/revisions"}],"wp:featuredmedia":[{"embeddable":true,"href":"https:\/\/kinamihealth.com\/it\/wp-json\/wp\/v2\/media\/111748"}],"wp:attachment":[{"href":"https:\/\/kinamihealth.com\/it\/wp-json\/wp\/v2\/media?parent=117943"}],"wp:term":[{"taxonomy":"product_brand","embeddable":true,"href":"https:\/\/kinamihealth.com\/it\/wp-json\/wp\/v2\/product_brand?post=117943"},{"taxonomy":"product_cat","embeddable":true,"href":"https:\/\/kinamihealth.com\/it\/wp-json\/wp\/v2\/product_cat?post=117943"},{"taxonomy":"product_tag","embeddable":true,"href":"https:\/\/kinamihealth.com\/it\/wp-json\/wp\/v2\/product_tag?post=117943"}],"curies":[{"name":"wp","href":"https:\/\/api.w.org\/{rel}","templated":true}]}}