{"id":117867,"date":"2025-10-23T14:06:31","date_gmt":"2025-10-23T14:06:31","guid":{"rendered":"https:\/\/kinamihealth.com\/?post_type=product&#038;p=117867"},"modified":"2026-01-23T11:21:48","modified_gmt":"2026-01-23T11:21:48","slug":"revanesse-pure-con-lidocaina","status":"publish","type":"product","link":"https:\/\/kinamihealth.com\/it\/prodotto\/revanesse-pure-con-lidocaina\/","title":{"rendered":"REVANESSE\u00ae PURE\u2122 con lidocaina"},"content":{"rendered":"<p>Revanesse Pure \u00e8 un gel unico a base di acido ialuronico non reticolato. Revanesse Pure \u00e8 il gel non reticolato pi\u00f9 puro della gamma Revanesse. Revanesse Pure va iniettato nel derma superficiale e viene utilizzato per reidratare la pelle del viso, del collo, delle mani e del d\u00e9collet\u00e9. La pelle rimane idratata e, con il tempo, l&#8217;elasticit\u00e0 cutanea viene ripristinata e la pelle appare pi\u00f9 soda, pi\u00f9 sana e pi\u00f9 giovane.<\/p>\n","protected":false},"excerpt":{"rendered":"<p>Revanesse Pure \u00e8 un gel unico a base di acido ialuronico non reticolato. Revanesse Pure \u00e8 il gel non reticolato pi\u00f9 puro della gamma Revanesse. Revanesse Pure va iniettato nel derma superficiale e viene utilizzato per reidratare la pelle del viso, del collo, delle mani e del d\u00e9collet\u00e9. La pelle rimane idratata e, con il [&hellip;]<\/p>\n","protected":false},"featured_media":112019,"comment_status":"closed","ping_status":"closed","template":"","meta":{"_acf_changed":false,"inline_featured_image":false},"product_brand":[1597],"product_cat":[1211],"product_tag":[1216],"class_list":{"0":"post-117867","1":"product","2":"type-product","3":"status-publish","4":"has-post-thumbnail","6":"product_brand-revanesse","7":"product_cat-filler-dermici","8":"product_tag-dispositivi-medici","10":"first","11":"instock","12":"taxable","13":"shipping-taxable","14":"purchasable","15":"product-type-simple","16":"add-to-wishlist-before_image"},"acf":[],"yoast_head":"<!-- This site is optimized with the Yoast SEO plugin v27.3 - https:\/\/yoast.com\/product\/yoast-seo-wordpress\/ -->\n<title>Acquista Revanesse Pure con lidocaina online per idratare e ringiovanire la pelle<\/title>\n<meta name=\"description\" content=\"Acquista online Revanesse Pure con lidocaina per un&#039;idratazione mirata della pelle e la riduzione delle rughe sottili con un filler di grado medico. Ora disponibile presso Kinami Health.\" \/>\n<meta name=\"robots\" content=\"index, follow, max-snippet:-1, max-image-preview:large, max-video-preview:-1\" \/>\n<link rel=\"canonical\" href=\"https:\/\/kinamihealth.com\/it\/wp-json\/wp\/v2\/product\/117867\" \/>\n<meta property=\"og:locale\" content=\"it_IT\" \/>\n<meta property=\"og:type\" content=\"article\" \/>\n<meta property=\"og:title\" content=\"Acquista Revanesse Pure con lidocaina online per idratare e ringiovanire la pelle\" \/>\n<meta property=\"og:description\" content=\"Acquista online Revanesse Pure con lidocaina per un&#039;idratazione mirata della pelle e la riduzione delle rughe sottili con un filler di grado medico. Ora disponibile presso Kinami Health.\" \/>\n<meta property=\"og:url\" content=\"https:\/\/kinamihealth.com\/it\/prodotto\/revanesse-pure-con-lidocaina\/\" \/>\n<meta property=\"og:site_name\" content=\"Kinami Health\" \/>\n<meta property=\"article:modified_time\" content=\"2026-01-23T11:21:48+00:00\" \/>\n<meta property=\"og:image\" content=\"https:\/\/kinamihealth.com\/wp-content\/uploads\/2025\/02\/REVANESSE-PURE-LIDOCAINE-01.jpg\" \/>\n\t<meta property=\"og:image:width\" content=\"800\" \/>\n\t<meta property=\"og:image:height\" content=\"800\" \/>\n\t<meta property=\"og:image:type\" content=\"image\/jpeg\" \/>\n<meta name=\"twitter:card\" content=\"summary_large_image\" \/>\n<meta name=\"twitter:label1\" content=\"Tempo di lettura stimato\" \/>\n\t<meta name=\"twitter:data1\" content=\"1 minuto\" \/>\n<!-- \/ Yoast SEO plugin. -->","yoast_head_json":{"title":"Acquista Revanesse Pure con lidocaina online per idratare e ringiovanire la pelle","description":"Acquista online Revanesse Pure con lidocaina per un'idratazione mirata della pelle e la riduzione delle rughe sottili con un filler di grado medico. Ora disponibile presso Kinami Health.","robots":{"index":"index","follow":"follow","max-snippet":"max-snippet:-1","max-image-preview":"max-image-preview:large","max-video-preview":"max-video-preview:-1"},"canonical":"https:\/\/kinamihealth.com\/it\/wp-json\/wp\/v2\/product\/117867","og_locale":"it_IT","og_type":"article","og_title":"Acquista Revanesse Pure con lidocaina online per idratare e ringiovanire la pelle","og_description":"Acquista online Revanesse Pure con lidocaina per un'idratazione mirata della pelle e la riduzione delle rughe sottili con un filler di grado medico. Ora disponibile presso Kinami Health.","og_url":"https:\/\/kinamihealth.com\/it\/prodotto\/revanesse-pure-con-lidocaina\/","og_site_name":"Kinami Health","article_modified_time":"2026-01-23T11:21:48+00:00","og_image":[{"width":800,"height":800,"url":"https:\/\/kinamihealth.com\/wp-content\/uploads\/2025\/02\/REVANESSE-PURE-LIDOCAINE-01.jpg","type":"image\/jpeg"}],"twitter_card":"summary_large_image","twitter_misc":{"Tempo di lettura stimato":"1 minuto"},"schema":{"@context":"https:\/\/schema.org","@graph":[{"@type":"WebPage","@id":"https:\/\/kinamihealth.com\/it\/prodotto\/revanesse-pure-con-lidocaina\/","url":"https:\/\/kinamihealth.com\/it\/prodotto\/revanesse-pure-con-lidocaina\/","name":"Acquista Revanesse Pure con lidocaina online per idratare e ringiovanire la pelle","isPartOf":{"@id":"https:\/\/kinamihealth.com\/#website"},"primaryImageOfPage":{"@id":"https:\/\/kinamihealth.com\/it\/prodotto\/revanesse-pure-con-lidocaina\/#primaryimage"},"image":{"@id":"https:\/\/kinamihealth.com\/it\/prodotto\/revanesse-pure-con-lidocaina\/#primaryimage"},"thumbnailUrl":"https:\/\/kinamihealth.com\/wp-content\/uploads\/2025\/02\/REVANESSE-PURE-LIDOCAINE-01.jpg","datePublished":"2025-10-23T14:06:31+00:00","dateModified":"2026-01-23T11:21:48+00:00","description":"Acquista online Revanesse Pure con lidocaina per un'idratazione mirata della pelle e la riduzione delle rughe sottili con un filler di grado medico. Ora disponibile presso Kinami Health.","breadcrumb":{"@id":"https:\/\/kinamihealth.com\/it\/prodotto\/revanesse-pure-con-lidocaina\/#breadcrumb"},"inLanguage":"it-IT","potentialAction":[{"@type":"ReadAction","target":["https:\/\/kinamihealth.com\/it\/prodotto\/revanesse-pure-con-lidocaina\/"]}]},{"@type":"ImageObject","inLanguage":"it-IT","@id":"https:\/\/kinamihealth.com\/it\/prodotto\/revanesse-pure-con-lidocaina\/#primaryimage","url":"https:\/\/kinamihealth.com\/wp-content\/uploads\/2025\/02\/REVANESSE-PURE-LIDOCAINE-01.jpg","contentUrl":"https:\/\/kinamihealth.com\/wp-content\/uploads\/2025\/02\/REVANESSE-PURE-LIDOCAINE-01.jpg","width":800,"height":800},{"@type":"BreadcrumbList","@id":"https:\/\/kinamihealth.com\/it\/prodotto\/revanesse-pure-con-lidocaina\/#breadcrumb","itemListElement":[{"@type":"ListItem","position":1,"name":"Pagina iniziale","item":"https:\/\/kinamihealth.com\/"},{"@type":"ListItem","position":2,"name":"Acquista","item":"https:\/\/kinamihealth.com\/shop\/"},{"@type":"ListItem","position":3,"name":"REVANESSE\u00ae PURE\u2122 con lidocaina"}]},{"@type":"WebSite","@id":"https:\/\/kinamihealth.com\/#website","url":"https:\/\/kinamihealth.com\/","name":"Kinami Health","description":"","publisher":{"@id":"https:\/\/kinamihealth.com\/#organization"},"potentialAction":[{"@type":"SearchAction","target":{"@type":"EntryPoint","urlTemplate":"https:\/\/kinamihealth.com\/?s={search_term_string}"},"query-input":{"@type":"PropertyValueSpecification","valueRequired":true,"valueName":"search_term_string"}}],"inLanguage":"it-IT"},{"@type":"Organization","@id":"https:\/\/kinamihealth.com\/#organization","name":"Kinami Health","url":"https:\/\/kinamihealth.com\/","logo":{"@type":"ImageObject","inLanguage":"it-IT","@id":"https:\/\/kinamihealth.com\/#\/schema\/logo\/image\/","url":"https:\/\/kinamihealth.com\/wp-content\/uploads\/2025\/01\/KH_logo_black_2-1.png","contentUrl":"https:\/\/kinamihealth.com\/wp-content\/uploads\/2025\/01\/KH_logo_black_2-1.png","width":339,"height":34,"caption":"Kinami Health"},"image":{"@id":"https:\/\/kinamihealth.com\/#\/schema\/logo\/image\/"}}]}},"_links":{"self":[{"href":"https:\/\/kinamihealth.com\/it\/wp-json\/wp\/v2\/product\/117867","targetHints":{"allow":["GET"]}}],"collection":[{"href":"https:\/\/kinamihealth.com\/it\/wp-json\/wp\/v2\/product"}],"about":[{"href":"https:\/\/kinamihealth.com\/it\/wp-json\/wp\/v2\/types\/product"}],"replies":[{"embeddable":true,"href":"https:\/\/kinamihealth.com\/it\/wp-json\/wp\/v2\/comments?post=117867"}],"version-history":[{"count":0,"href":"https:\/\/kinamihealth.com\/it\/wp-json\/wp\/v2\/product\/117867\/revisions"}],"wp:featuredmedia":[{"embeddable":true,"href":"https:\/\/kinamihealth.com\/it\/wp-json\/wp\/v2\/media\/112019"}],"wp:attachment":[{"href":"https:\/\/kinamihealth.com\/it\/wp-json\/wp\/v2\/media?parent=117867"}],"wp:term":[{"taxonomy":"product_brand","embeddable":true,"href":"https:\/\/kinamihealth.com\/it\/wp-json\/wp\/v2\/product_brand?post=117867"},{"taxonomy":"product_cat","embeddable":true,"href":"https:\/\/kinamihealth.com\/it\/wp-json\/wp\/v2\/product_cat?post=117867"},{"taxonomy":"product_tag","embeddable":true,"href":"https:\/\/kinamihealth.com\/it\/wp-json\/wp\/v2\/product_tag?post=117867"}],"curies":[{"name":"wp","href":"https:\/\/api.w.org\/{rel}","templated":true}]}}