{"id":117853,"date":"2025-10-23T13:57:03","date_gmt":"2025-10-23T13:57:03","guid":{"rendered":"https:\/\/kinamihealth.com\/?post_type=product&#038;p=117853"},"modified":"2026-01-23T11:27:31","modified_gmt":"2026-01-23T11:27:31","slug":"refine-ultra-soft","status":"publish","type":"product","link":"https:\/\/kinamihealth.com\/it\/prodotto\/refine-ultra-soft\/","title":{"rendered":"REFINE + ULTRA SOFT"},"content":{"rendered":"<p>Refine+ Filler Ultra Soft \u00e8 un booster per la pelle, un tipo di filler dermico progettato per fornire idratazione immediata e migliorare la qualit\u00e0 complessiva della pelle. Grazie alla sua speciale propriet\u00e0 bioriassorbibile, Refine+ Filler Ultra Soft corregge le piccole depressioni della pelle del viso e stimola la produzione di nuovo collagene nella pelle. Ci\u00f2 si traduce in un miglioramento della texture e del tono della pelle, una riduzione delle rughe sottili e un aspetto complessivamente pi\u00f9 giovane e ringiovanito.<\/p>\n","protected":false},"excerpt":{"rendered":"<p>Refine+ Filler Ultra Soft \u00e8 un booster per la pelle, un tipo di filler dermico progettato per fornire idratazione immediata e migliorare la qualit\u00e0 complessiva della pelle. Grazie alla sua speciale propriet\u00e0 bioriassorbibile, Refine+ Filler Ultra Soft corregge le piccole depressioni della pelle del viso e stimola la produzione di nuovo collagene nella pelle. Ci\u00f2 [&hellip;]<\/p>\n","protected":false},"featured_media":110969,"comment_status":"closed","ping_status":"closed","template":"","meta":{"_acf_changed":false,"inline_featured_image":false},"product_brand":[1561],"product_cat":[1211],"product_tag":[1216],"class_list":{"0":"post-117853","1":"product","2":"type-product","3":"status-publish","4":"has-post-thumbnail","6":"product_brand-refine","7":"product_cat-filler-dermici","8":"product_tag-dispositivi-medici","10":"first","11":"instock","12":"taxable","13":"shipping-taxable","14":"purchasable","15":"product-type-simple","16":"add-to-wishlist-before_image"},"acf":[],"yoast_head":"<!-- This site is optimized with the Yoast SEO plugin v27.4 - https:\/\/yoast.com\/product\/yoast-seo-wordpress\/ -->\n<title>Acquista Refine+ Ultra Soft \u2013 Filler all&#039;acido ialuronico | Kinami Health<\/title>\n<meta name=\"description\" content=\"Acquista Refine+ Ultra Soft e ridona volume e leviga le rughe sottili. Ottieni risultati dall&#039;aspetto naturale. Ordina ora su Kinami Health!\" \/>\n<meta name=\"robots\" content=\"index, follow, max-snippet:-1, max-image-preview:large, max-video-preview:-1\" \/>\n<link rel=\"canonical\" href=\"https:\/\/kinamihealth.com\/it\/wp-json\/wp\/v2\/product\/117853\" \/>\n<meta property=\"og:locale\" content=\"it_IT\" \/>\n<meta property=\"og:type\" content=\"article\" \/>\n<meta property=\"og:title\" content=\"Acquista Refine+ Ultra Soft \u2013 Filler all&#039;acido ialuronico | Kinami Health\" \/>\n<meta property=\"og:description\" content=\"Acquista Refine+ Ultra Soft e ridona volume e leviga le rughe sottili. Ottieni risultati dall&#039;aspetto naturale. Ordina ora su Kinami Health!\" \/>\n<meta property=\"og:url\" content=\"https:\/\/kinamihealth.com\/it\/prodotto\/refine-ultra-soft\/\" \/>\n<meta property=\"og:site_name\" content=\"Kinami Health\" \/>\n<meta property=\"article:modified_time\" content=\"2026-01-23T11:27:31+00:00\" \/>\n<meta property=\"og:image\" content=\"https:\/\/kinamihealth.com\/wp-content\/uploads\/2025\/02\/REFINE-PLUS-ULTRASOFT-03.jpg\" \/>\n\t<meta property=\"og:image:width\" content=\"800\" \/>\n\t<meta property=\"og:image:height\" content=\"800\" \/>\n\t<meta property=\"og:image:type\" content=\"image\/jpeg\" \/>\n<meta name=\"twitter:card\" content=\"summary_large_image\" \/>\n<meta name=\"twitter:label1\" content=\"Tempo di lettura stimato\" \/>\n\t<meta name=\"twitter:data1\" content=\"1 minuto\" \/>\n<!-- \/ Yoast SEO plugin. -->","yoast_head_json":{"title":"Acquista Refine+ Ultra Soft \u2013 Filler all'acido ialuronico | Kinami Health","description":"Acquista Refine+ Ultra Soft e ridona volume e leviga le rughe sottili. Ottieni risultati dall'aspetto naturale. Ordina ora su Kinami Health!","robots":{"index":"index","follow":"follow","max-snippet":"max-snippet:-1","max-image-preview":"max-image-preview:large","max-video-preview":"max-video-preview:-1"},"canonical":"https:\/\/kinamihealth.com\/it\/wp-json\/wp\/v2\/product\/117853","og_locale":"it_IT","og_type":"article","og_title":"Acquista Refine+ Ultra Soft \u2013 Filler all'acido ialuronico | Kinami Health","og_description":"Acquista Refine+ Ultra Soft e ridona volume e leviga le rughe sottili. Ottieni risultati dall'aspetto naturale. Ordina ora su Kinami Health!","og_url":"https:\/\/kinamihealth.com\/it\/prodotto\/refine-ultra-soft\/","og_site_name":"Kinami Health","article_modified_time":"2026-01-23T11:27:31+00:00","og_image":[{"width":800,"height":800,"url":"https:\/\/kinamihealth.com\/wp-content\/uploads\/2025\/02\/REFINE-PLUS-ULTRASOFT-03.jpg","type":"image\/jpeg"}],"twitter_card":"summary_large_image","twitter_misc":{"Tempo di lettura stimato":"1 minuto"},"schema":{"@context":"https:\/\/schema.org","@graph":[{"@type":"WebPage","@id":"https:\/\/kinamihealth.com\/it\/prodotto\/refine-ultra-soft\/","url":"https:\/\/kinamihealth.com\/it\/prodotto\/refine-ultra-soft\/","name":"Acquista Refine+ Ultra Soft \u2013 Filler all'acido ialuronico | Kinami Health","isPartOf":{"@id":"https:\/\/kinamihealth.com\/#website"},"primaryImageOfPage":{"@id":"https:\/\/kinamihealth.com\/it\/prodotto\/refine-ultra-soft\/#primaryimage"},"image":{"@id":"https:\/\/kinamihealth.com\/it\/prodotto\/refine-ultra-soft\/#primaryimage"},"thumbnailUrl":"https:\/\/kinamihealth.com\/wp-content\/uploads\/2025\/02\/REFINE-PLUS-ULTRASOFT-03.jpg","datePublished":"2025-10-23T13:57:03+00:00","dateModified":"2026-01-23T11:27:31+00:00","description":"Acquista Refine+ Ultra Soft e ridona volume e leviga le rughe sottili. Ottieni risultati dall'aspetto naturale. Ordina ora su Kinami Health!","breadcrumb":{"@id":"https:\/\/kinamihealth.com\/it\/prodotto\/refine-ultra-soft\/#breadcrumb"},"inLanguage":"it-IT","potentialAction":[{"@type":"ReadAction","target":["https:\/\/kinamihealth.com\/it\/prodotto\/refine-ultra-soft\/"]}]},{"@type":"ImageObject","inLanguage":"it-IT","@id":"https:\/\/kinamihealth.com\/it\/prodotto\/refine-ultra-soft\/#primaryimage","url":"https:\/\/kinamihealth.com\/wp-content\/uploads\/2025\/02\/REFINE-PLUS-ULTRASOFT-03.jpg","contentUrl":"https:\/\/kinamihealth.com\/wp-content\/uploads\/2025\/02\/REFINE-PLUS-ULTRASOFT-03.jpg","width":800,"height":800},{"@type":"BreadcrumbList","@id":"https:\/\/kinamihealth.com\/it\/prodotto\/refine-ultra-soft\/#breadcrumb","itemListElement":[{"@type":"ListItem","position":1,"name":"Pagina iniziale","item":"https:\/\/kinamihealth.com\/"},{"@type":"ListItem","position":2,"name":"Acquista","item":"https:\/\/kinamihealth.com\/shop\/"},{"@type":"ListItem","position":3,"name":"REFINE + ULTRA SOFT"}]},{"@type":"WebSite","@id":"https:\/\/kinamihealth.com\/#website","url":"https:\/\/kinamihealth.com\/","name":"Kinami Health","description":"","publisher":{"@id":"https:\/\/kinamihealth.com\/#organization"},"potentialAction":[{"@type":"SearchAction","target":{"@type":"EntryPoint","urlTemplate":"https:\/\/kinamihealth.com\/?s={search_term_string}"},"query-input":{"@type":"PropertyValueSpecification","valueRequired":true,"valueName":"search_term_string"}}],"inLanguage":"it-IT"},{"@type":"Organization","@id":"https:\/\/kinamihealth.com\/#organization","name":"Kinami Health","url":"https:\/\/kinamihealth.com\/","logo":{"@type":"ImageObject","inLanguage":"it-IT","@id":"https:\/\/kinamihealth.com\/#\/schema\/logo\/image\/","url":"https:\/\/kinamihealth.com\/wp-content\/uploads\/2025\/01\/KH_logo_black_2-1.png","contentUrl":"https:\/\/kinamihealth.com\/wp-content\/uploads\/2025\/01\/KH_logo_black_2-1.png","width":339,"height":34,"caption":"Kinami Health"},"image":{"@id":"https:\/\/kinamihealth.com\/#\/schema\/logo\/image\/"}}]}},"_links":{"self":[{"href":"https:\/\/kinamihealth.com\/it\/wp-json\/wp\/v2\/product\/117853","targetHints":{"allow":["GET"]}}],"collection":[{"href":"https:\/\/kinamihealth.com\/it\/wp-json\/wp\/v2\/product"}],"about":[{"href":"https:\/\/kinamihealth.com\/it\/wp-json\/wp\/v2\/types\/product"}],"replies":[{"embeddable":true,"href":"https:\/\/kinamihealth.com\/it\/wp-json\/wp\/v2\/comments?post=117853"}],"version-history":[{"count":0,"href":"https:\/\/kinamihealth.com\/it\/wp-json\/wp\/v2\/product\/117853\/revisions"}],"wp:featuredmedia":[{"embeddable":true,"href":"https:\/\/kinamihealth.com\/it\/wp-json\/wp\/v2\/media\/110969"}],"wp:attachment":[{"href":"https:\/\/kinamihealth.com\/it\/wp-json\/wp\/v2\/media?parent=117853"}],"wp:term":[{"taxonomy":"product_brand","embeddable":true,"href":"https:\/\/kinamihealth.com\/it\/wp-json\/wp\/v2\/product_brand?post=117853"},{"taxonomy":"product_cat","embeddable":true,"href":"https:\/\/kinamihealth.com\/it\/wp-json\/wp\/v2\/product_cat?post=117853"},{"taxonomy":"product_tag","embeddable":true,"href":"https:\/\/kinamihealth.com\/it\/wp-json\/wp\/v2\/product_tag?post=117853"}],"curies":[{"name":"wp","href":"https:\/\/api.w.org\/{rel}","templated":true}]}}