{"id":117782,"date":"2025-10-23T13:21:42","date_gmt":"2025-10-23T13:21:42","guid":{"rendered":"https:\/\/kinamihealth.com\/?post_type=product&#038;p=117782"},"modified":"2026-01-23T11:26:59","modified_gmt":"2026-01-23T11:26:59","slug":"mediderma-fr-antiox-md-anti-pollution-protect-facial-cream-gel","status":"publish","type":"product","link":"https:\/\/kinamihealth.com\/it\/prodotto\/mediderma-fr-antiox-md-anti-pollution-protect-facial-cream-gel\/","title":{"rendered":"MEDIDERMA\u00ae FR-ANTIOX MD ANTI-POLLUTION PROTECT FACIAL CREAM GEL"},"content":{"rendered":"<p>La crema viso FR-ANTIOX MD ANTI-POLLUTION \u00e8 il prodotto ideale per combattere i danni causati dal sole. Grazie al suo elevato potere antiossidante, anti-invecchiamento e depigmentante, alla sua elevata tollerabilit\u00e0 e alla sua capacit\u00e0 di stimolare la produzione di nuovo collagene, elastina e acido ialuronico, questo prodotto \u00e8 adatto a tutti i tipi di pelle, con meno irritazioni e arrossamenti e senza rischio di iperpigmentazione.<\/p>\n","protected":false},"excerpt":{"rendered":"<p>La crema viso FR-ANTIOX MD ANTI-POLLUTION \u00e8 il prodotto ideale per combattere i danni causati dal sole. Grazie al suo elevato potere antiossidante, anti-invecchiamento e depigmentante, alla sua elevata tollerabilit\u00e0 e alla sua capacit\u00e0 di stimolare la produzione di nuovo collagene, elastina e acido ialuronico, questo prodotto \u00e8 adatto a tutti i tipi di pelle, [&hellip;]<\/p>\n","protected":false},"featured_media":112094,"comment_status":"closed","ping_status":"closed","template":"","meta":{"_acf_changed":false,"inline_featured_image":false},"product_brand":[1552],"product_cat":[1370],"product_tag":[1216],"class_list":{"0":"post-117782","1":"product","2":"type-product","3":"status-publish","4":"has-post-thumbnail","6":"product_brand-mediderma","7":"product_cat-cura-della-pelle","8":"product_tag-dispositivi-medici","10":"first","11":"instock","12":"taxable","13":"shipping-taxable","14":"purchasable","15":"product-type-simple","16":"add-to-wishlist-before_image"},"acf":[],"yoast_head":"<!-- This site is optimized with the Yoast SEO plugin v27.1.1 - https:\/\/yoast.com\/product\/yoast-seo-wordpress\/ -->\n<title>Acquista FR-ANTIOX MD Crema Gel Viso Anti-Inquinamento 50 ml - crema viso<\/title>\n<meta name=\"description\" content=\"Acquista online FR-ANTIOX MD Crema Gel Viso Anti-Inquinamento 50 ml e scopri le propriet\u00e0 protettive e idratanti di questo gel antiossidante.\" \/>\n<meta name=\"robots\" content=\"index, follow, max-snippet:-1, max-image-preview:large, max-video-preview:-1\" \/>\n<link rel=\"canonical\" href=\"https:\/\/kinamihealth.com\/it\/wp-json\/wp\/v2\/product\/117782\" \/>\n<meta property=\"og:locale\" content=\"it_IT\" \/>\n<meta property=\"og:type\" content=\"article\" \/>\n<meta property=\"og:title\" content=\"Acquista FR-ANTIOX MD Crema Gel Viso Anti-Inquinamento 50 ml - crema viso\" \/>\n<meta property=\"og:description\" content=\"Acquista online FR-ANTIOX MD Crema Gel Viso Anti-Inquinamento 50 ml e scopri le propriet\u00e0 protettive e idratanti di questo gel antiossidante.\" \/>\n<meta property=\"og:url\" content=\"https:\/\/kinamihealth.com\/it\/prodotto\/mediderma-fr-antiox-md-anti-pollution-protect-facial-cream-gel\/\" \/>\n<meta property=\"og:site_name\" content=\"Kinami Health\" \/>\n<meta property=\"article:modified_time\" content=\"2026-01-23T11:26:59+00:00\" \/>\n<meta property=\"og:image\" content=\"https:\/\/kinamihealth.com\/wp-content\/uploads\/2025\/02\/MEDIDERMA-FR-ANTIOX-MD-ANTI-POLLUTION-PROTECT-FACIAL-CREAM-GEL-01.jpg\" \/>\n\t<meta property=\"og:image:width\" content=\"800\" \/>\n\t<meta property=\"og:image:height\" content=\"800\" \/>\n\t<meta property=\"og:image:type\" content=\"image\/jpeg\" \/>\n<meta name=\"twitter:card\" content=\"summary_large_image\" \/>\n<meta name=\"twitter:label1\" content=\"Tempo di lettura stimato\" \/>\n\t<meta name=\"twitter:data1\" content=\"1 minuto\" \/>\n<!-- \/ Yoast SEO plugin. -->","yoast_head_json":{"title":"Acquista FR-ANTIOX MD Crema Gel Viso Anti-Inquinamento 50 ml - crema viso","description":"Acquista online FR-ANTIOX MD Crema Gel Viso Anti-Inquinamento 50 ml e scopri le propriet\u00e0 protettive e idratanti di questo gel antiossidante.","robots":{"index":"index","follow":"follow","max-snippet":"max-snippet:-1","max-image-preview":"max-image-preview:large","max-video-preview":"max-video-preview:-1"},"canonical":"https:\/\/kinamihealth.com\/it\/wp-json\/wp\/v2\/product\/117782","og_locale":"it_IT","og_type":"article","og_title":"Acquista FR-ANTIOX MD Crema Gel Viso Anti-Inquinamento 50 ml - crema viso","og_description":"Acquista online FR-ANTIOX MD Crema Gel Viso Anti-Inquinamento 50 ml e scopri le propriet\u00e0 protettive e idratanti di questo gel antiossidante.","og_url":"https:\/\/kinamihealth.com\/it\/prodotto\/mediderma-fr-antiox-md-anti-pollution-protect-facial-cream-gel\/","og_site_name":"Kinami Health","article_modified_time":"2026-01-23T11:26:59+00:00","og_image":[{"width":800,"height":800,"url":"https:\/\/kinamihealth.com\/wp-content\/uploads\/2025\/02\/MEDIDERMA-FR-ANTIOX-MD-ANTI-POLLUTION-PROTECT-FACIAL-CREAM-GEL-01.jpg","type":"image\/jpeg"}],"twitter_card":"summary_large_image","twitter_misc":{"Tempo di lettura stimato":"1 minuto"},"schema":{"@context":"https:\/\/schema.org","@graph":[{"@type":"WebPage","@id":"https:\/\/kinamihealth.com\/it\/prodotto\/mediderma-fr-antiox-md-anti-pollution-protect-facial-cream-gel\/","url":"https:\/\/kinamihealth.com\/it\/prodotto\/mediderma-fr-antiox-md-anti-pollution-protect-facial-cream-gel\/","name":"Acquista FR-ANTIOX MD Crema Gel Viso Anti-Inquinamento 50 ml - crema viso","isPartOf":{"@id":"https:\/\/kinamihealth.com\/#website"},"primaryImageOfPage":{"@id":"https:\/\/kinamihealth.com\/it\/prodotto\/mediderma-fr-antiox-md-anti-pollution-protect-facial-cream-gel\/#primaryimage"},"image":{"@id":"https:\/\/kinamihealth.com\/it\/prodotto\/mediderma-fr-antiox-md-anti-pollution-protect-facial-cream-gel\/#primaryimage"},"thumbnailUrl":"https:\/\/kinamihealth.com\/wp-content\/uploads\/2025\/02\/MEDIDERMA-FR-ANTIOX-MD-ANTI-POLLUTION-PROTECT-FACIAL-CREAM-GEL-01.jpg","datePublished":"2025-10-23T13:21:42+00:00","dateModified":"2026-01-23T11:26:59+00:00","description":"Acquista online FR-ANTIOX MD Crema Gel Viso Anti-Inquinamento 50 ml e scopri le propriet\u00e0 protettive e idratanti di questo gel antiossidante.","breadcrumb":{"@id":"https:\/\/kinamihealth.com\/it\/prodotto\/mediderma-fr-antiox-md-anti-pollution-protect-facial-cream-gel\/#breadcrumb"},"inLanguage":"it-IT","potentialAction":[{"@type":"ReadAction","target":["https:\/\/kinamihealth.com\/it\/prodotto\/mediderma-fr-antiox-md-anti-pollution-protect-facial-cream-gel\/"]}]},{"@type":"ImageObject","inLanguage":"it-IT","@id":"https:\/\/kinamihealth.com\/it\/prodotto\/mediderma-fr-antiox-md-anti-pollution-protect-facial-cream-gel\/#primaryimage","url":"https:\/\/kinamihealth.com\/wp-content\/uploads\/2025\/02\/MEDIDERMA-FR-ANTIOX-MD-ANTI-POLLUTION-PROTECT-FACIAL-CREAM-GEL-01.jpg","contentUrl":"https:\/\/kinamihealth.com\/wp-content\/uploads\/2025\/02\/MEDIDERMA-FR-ANTIOX-MD-ANTI-POLLUTION-PROTECT-FACIAL-CREAM-GEL-01.jpg","width":800,"height":800},{"@type":"BreadcrumbList","@id":"https:\/\/kinamihealth.com\/it\/prodotto\/mediderma-fr-antiox-md-anti-pollution-protect-facial-cream-gel\/#breadcrumb","itemListElement":[{"@type":"ListItem","position":1,"name":"Pagina iniziale","item":"https:\/\/kinamihealth.com\/"},{"@type":"ListItem","position":2,"name":"Acquista","item":"https:\/\/kinamihealth.com\/shop\/"},{"@type":"ListItem","position":3,"name":"MEDIDERMA\u00ae FR-ANTIOX MD ANTI-POLLUTION PROTECT FACIAL CREAM GEL"}]},{"@type":"WebSite","@id":"https:\/\/kinamihealth.com\/#website","url":"https:\/\/kinamihealth.com\/","name":"Kinami Health","description":"","publisher":{"@id":"https:\/\/kinamihealth.com\/#organization"},"potentialAction":[{"@type":"SearchAction","target":{"@type":"EntryPoint","urlTemplate":"https:\/\/kinamihealth.com\/?s={search_term_string}"},"query-input":{"@type":"PropertyValueSpecification","valueRequired":true,"valueName":"search_term_string"}}],"inLanguage":"it-IT"},{"@type":"Organization","@id":"https:\/\/kinamihealth.com\/#organization","name":"Kinami Health","url":"https:\/\/kinamihealth.com\/","logo":{"@type":"ImageObject","inLanguage":"it-IT","@id":"https:\/\/kinamihealth.com\/#\/schema\/logo\/image\/","url":"https:\/\/kinamihealth.com\/wp-content\/uploads\/2025\/01\/KH_logo_black_2-1.png","contentUrl":"https:\/\/kinamihealth.com\/wp-content\/uploads\/2025\/01\/KH_logo_black_2-1.png","width":339,"height":34,"caption":"Kinami Health"},"image":{"@id":"https:\/\/kinamihealth.com\/#\/schema\/logo\/image\/"}}]}},"_links":{"self":[{"href":"https:\/\/kinamihealth.com\/it\/wp-json\/wp\/v2\/product\/117782","targetHints":{"allow":["GET"]}}],"collection":[{"href":"https:\/\/kinamihealth.com\/it\/wp-json\/wp\/v2\/product"}],"about":[{"href":"https:\/\/kinamihealth.com\/it\/wp-json\/wp\/v2\/types\/product"}],"replies":[{"embeddable":true,"href":"https:\/\/kinamihealth.com\/it\/wp-json\/wp\/v2\/comments?post=117782"}],"version-history":[{"count":0,"href":"https:\/\/kinamihealth.com\/it\/wp-json\/wp\/v2\/product\/117782\/revisions"}],"wp:featuredmedia":[{"embeddable":true,"href":"https:\/\/kinamihealth.com\/it\/wp-json\/wp\/v2\/media\/112094"}],"wp:attachment":[{"href":"https:\/\/kinamihealth.com\/it\/wp-json\/wp\/v2\/media?parent=117782"}],"wp:term":[{"taxonomy":"product_brand","embeddable":true,"href":"https:\/\/kinamihealth.com\/it\/wp-json\/wp\/v2\/product_brand?post=117782"},{"taxonomy":"product_cat","embeddable":true,"href":"https:\/\/kinamihealth.com\/it\/wp-json\/wp\/v2\/product_cat?post=117782"},{"taxonomy":"product_tag","embeddable":true,"href":"https:\/\/kinamihealth.com\/it\/wp-json\/wp\/v2\/product_tag?post=117782"}],"curies":[{"name":"wp","href":"https:\/\/api.w.org\/{rel}","templated":true}]}}