{"id":117661,"date":"2025-10-23T12:29:16","date_gmt":"2025-10-23T12:29:16","guid":{"rendered":"https:\/\/kinamihealth.com\/?post_type=product&#038;p=117661"},"modified":"2026-01-23T10:21:48","modified_gmt":"2026-01-23T10:21:48","slug":"biorepeelcl3-fnd","status":"publish","type":"product","link":"https:\/\/kinamihealth.com\/it\/prodotto\/biorepeelcl3-fnd\/","title":{"rendered":"BIOREPEELCL3\u00ae FND"},"content":{"rendered":"<p>BIOREPEELCL3\u00ae FND \u00e8 un peeling biostimolante avanzato di grado medico formulato con acido tricloroacetico al 35% e 14 ingredienti attivi complementari.<span style=\"font-weight: 400;\"> Questo innovativo trattamento bifasico combina l&#8217;esfoliazione chimica con la rigenerazione dermica ed \u00e8 specificamente progettato per l&#8217;<\/span>applicazione professionale su pelle del viso, collo e d\u00e9collet\u00e9<span style=\"font-weight: 400;\">. Il prodotto utilizza una tecnologia brevettata per garantire un peeling controllato senza i tradizionali tempi di recupero, rendendolo adatto all&#8217;uso durante tutto l&#8217;anno su tutti i tipi di pelle.<\/span><\/p>\n","protected":false},"excerpt":{"rendered":"<p>BIOREPEELCL3\u00ae FND \u00e8 un peeling biostimolante avanzato di grado medico formulato con acido tricloroacetico al 35% e 14 ingredienti attivi complementari. Questo innovativo trattamento bifasico combina l&#8217;esfoliazione chimica con la rigenerazione dermica ed \u00e8 specificamente progettato per l&#8217;applicazione professionale su pelle del viso, collo e d\u00e9collet\u00e9. Il prodotto utilizza una tecnologia brevettata per garantire un [&hellip;]<\/p>\n","protected":false},"featured_media":111785,"comment_status":"closed","ping_status":"closed","template":"","meta":{"_acf_changed":false,"inline_featured_image":false},"product_brand":[1640],"product_cat":[1368],"product_tag":[1216],"class_list":{"0":"post-117661","1":"product","2":"type-product","3":"status-publish","4":"has-post-thumbnail","6":"product_brand-biorepeel","7":"product_cat-peeling-e-maschere","8":"product_tag-dispositivi-medici","10":"first","11":"instock","12":"taxable","13":"shipping-taxable","14":"purchasable","15":"product-type-simple","16":"add-to-wishlist-before_image"},"acf":[],"yoast_head":"<!-- This site is optimized with the Yoast SEO plugin v27.3 - https:\/\/yoast.com\/product\/yoast-seo-wordpress\/ -->\n<title>Ordina BIOREPEELCL3\u00ae FND online | Negozio online | Kinami Health<\/title>\n<meta name=\"description\" content=\"Ordina BIOREPEELCL3\u00ae FND online per trattare l&#039;invecchiamento cutaneo del viso, le rughe sottili e l&#039;acne con una formula TCA biostimolante senza peeling, adatta a tutte le stagioni.\" \/>\n<meta name=\"robots\" content=\"index, follow, max-snippet:-1, max-image-preview:large, max-video-preview:-1\" \/>\n<link rel=\"canonical\" href=\"https:\/\/kinamihealth.com\/it\/wp-json\/wp\/v2\/product\/117661\" \/>\n<meta property=\"og:locale\" content=\"it_IT\" \/>\n<meta property=\"og:type\" content=\"article\" \/>\n<meta property=\"og:title\" content=\"Ordina BIOREPEELCL3\u00ae FND online | Negozio online | Kinami Health\" \/>\n<meta property=\"og:description\" content=\"Ordina BIOREPEELCL3\u00ae FND online per trattare l&#039;invecchiamento cutaneo del viso, le rughe sottili e l&#039;acne con una formula TCA biostimolante senza peeling, adatta a tutte le stagioni.\" \/>\n<meta property=\"og:url\" content=\"https:\/\/kinamihealth.com\/it\/prodotto\/biorepeelcl3-fnd\/\" \/>\n<meta property=\"og:site_name\" content=\"Kinami Health\" \/>\n<meta property=\"article:modified_time\" content=\"2026-01-23T10:21:48+00:00\" \/>\n<meta property=\"og:image\" content=\"https:\/\/kinamihealth.com\/wp-content\/uploads\/2025\/02\/BIOREPEEL-FND-02.jpg\" \/>\n\t<meta property=\"og:image:width\" content=\"800\" \/>\n\t<meta property=\"og:image:height\" content=\"800\" \/>\n\t<meta property=\"og:image:type\" content=\"image\/jpeg\" \/>\n<meta name=\"twitter:card\" content=\"summary_large_image\" \/>\n<meta name=\"twitter:label1\" content=\"Tempo di lettura stimato\" \/>\n\t<meta name=\"twitter:data1\" content=\"1 minuto\" \/>\n<!-- \/ Yoast SEO plugin. -->","yoast_head_json":{"title":"Ordina BIOREPEELCL3\u00ae FND online | Negozio online | Kinami Health","description":"Ordina BIOREPEELCL3\u00ae FND online per trattare l'invecchiamento cutaneo del viso, le rughe sottili e l'acne con una formula TCA biostimolante senza peeling, adatta a tutte le stagioni.","robots":{"index":"index","follow":"follow","max-snippet":"max-snippet:-1","max-image-preview":"max-image-preview:large","max-video-preview":"max-video-preview:-1"},"canonical":"https:\/\/kinamihealth.com\/it\/wp-json\/wp\/v2\/product\/117661","og_locale":"it_IT","og_type":"article","og_title":"Ordina BIOREPEELCL3\u00ae FND online | Negozio online | Kinami Health","og_description":"Ordina BIOREPEELCL3\u00ae FND online per trattare l'invecchiamento cutaneo del viso, le rughe sottili e l'acne con una formula TCA biostimolante senza peeling, adatta a tutte le stagioni.","og_url":"https:\/\/kinamihealth.com\/it\/prodotto\/biorepeelcl3-fnd\/","og_site_name":"Kinami Health","article_modified_time":"2026-01-23T10:21:48+00:00","og_image":[{"width":800,"height":800,"url":"https:\/\/kinamihealth.com\/wp-content\/uploads\/2025\/02\/BIOREPEEL-FND-02.jpg","type":"image\/jpeg"}],"twitter_card":"summary_large_image","twitter_misc":{"Tempo di lettura stimato":"1 minuto"},"schema":{"@context":"https:\/\/schema.org","@graph":[{"@type":"WebPage","@id":"https:\/\/kinamihealth.com\/it\/prodotto\/biorepeelcl3-fnd\/","url":"https:\/\/kinamihealth.com\/it\/prodotto\/biorepeelcl3-fnd\/","name":"Ordina BIOREPEELCL3\u00ae FND online | Negozio online | Kinami Health","isPartOf":{"@id":"https:\/\/kinamihealth.com\/#website"},"primaryImageOfPage":{"@id":"https:\/\/kinamihealth.com\/it\/prodotto\/biorepeelcl3-fnd\/#primaryimage"},"image":{"@id":"https:\/\/kinamihealth.com\/it\/prodotto\/biorepeelcl3-fnd\/#primaryimage"},"thumbnailUrl":"https:\/\/kinamihealth.com\/wp-content\/uploads\/2025\/02\/BIOREPEEL-FND-02.jpg","datePublished":"2025-10-23T12:29:16+00:00","dateModified":"2026-01-23T10:21:48+00:00","description":"Ordina BIOREPEELCL3\u00ae FND online per trattare l'invecchiamento cutaneo del viso, le rughe sottili e l'acne con una formula TCA biostimolante senza peeling, adatta a tutte le stagioni.","breadcrumb":{"@id":"https:\/\/kinamihealth.com\/it\/prodotto\/biorepeelcl3-fnd\/#breadcrumb"},"inLanguage":"it-IT","potentialAction":[{"@type":"ReadAction","target":["https:\/\/kinamihealth.com\/it\/prodotto\/biorepeelcl3-fnd\/"]}]},{"@type":"ImageObject","inLanguage":"it-IT","@id":"https:\/\/kinamihealth.com\/it\/prodotto\/biorepeelcl3-fnd\/#primaryimage","url":"https:\/\/kinamihealth.com\/wp-content\/uploads\/2025\/02\/BIOREPEEL-FND-02.jpg","contentUrl":"https:\/\/kinamihealth.com\/wp-content\/uploads\/2025\/02\/BIOREPEEL-FND-02.jpg","width":800,"height":800},{"@type":"BreadcrumbList","@id":"https:\/\/kinamihealth.com\/it\/prodotto\/biorepeelcl3-fnd\/#breadcrumb","itemListElement":[{"@type":"ListItem","position":1,"name":"Pagina iniziale","item":"https:\/\/kinamihealth.com\/"},{"@type":"ListItem","position":2,"name":"Acquista","item":"https:\/\/kinamihealth.com\/shop\/"},{"@type":"ListItem","position":3,"name":"BIOREPEELCL3\u00ae FND"}]},{"@type":"WebSite","@id":"https:\/\/kinamihealth.com\/#website","url":"https:\/\/kinamihealth.com\/","name":"Kinami Health","description":"","publisher":{"@id":"https:\/\/kinamihealth.com\/#organization"},"potentialAction":[{"@type":"SearchAction","target":{"@type":"EntryPoint","urlTemplate":"https:\/\/kinamihealth.com\/?s={search_term_string}"},"query-input":{"@type":"PropertyValueSpecification","valueRequired":true,"valueName":"search_term_string"}}],"inLanguage":"it-IT"},{"@type":"Organization","@id":"https:\/\/kinamihealth.com\/#organization","name":"Kinami Health","url":"https:\/\/kinamihealth.com\/","logo":{"@type":"ImageObject","inLanguage":"it-IT","@id":"https:\/\/kinamihealth.com\/#\/schema\/logo\/image\/","url":"https:\/\/kinamihealth.com\/wp-content\/uploads\/2025\/01\/KH_logo_black_2-1.png","contentUrl":"https:\/\/kinamihealth.com\/wp-content\/uploads\/2025\/01\/KH_logo_black_2-1.png","width":339,"height":34,"caption":"Kinami Health"},"image":{"@id":"https:\/\/kinamihealth.com\/#\/schema\/logo\/image\/"}}]}},"_links":{"self":[{"href":"https:\/\/kinamihealth.com\/it\/wp-json\/wp\/v2\/product\/117661","targetHints":{"allow":["GET"]}}],"collection":[{"href":"https:\/\/kinamihealth.com\/it\/wp-json\/wp\/v2\/product"}],"about":[{"href":"https:\/\/kinamihealth.com\/it\/wp-json\/wp\/v2\/types\/product"}],"replies":[{"embeddable":true,"href":"https:\/\/kinamihealth.com\/it\/wp-json\/wp\/v2\/comments?post=117661"}],"version-history":[{"count":0,"href":"https:\/\/kinamihealth.com\/it\/wp-json\/wp\/v2\/product\/117661\/revisions"}],"wp:featuredmedia":[{"embeddable":true,"href":"https:\/\/kinamihealth.com\/it\/wp-json\/wp\/v2\/media\/111785"}],"wp:attachment":[{"href":"https:\/\/kinamihealth.com\/it\/wp-json\/wp\/v2\/media?parent=117661"}],"wp:term":[{"taxonomy":"product_brand","embeddable":true,"href":"https:\/\/kinamihealth.com\/it\/wp-json\/wp\/v2\/product_brand?post=117661"},{"taxonomy":"product_cat","embeddable":true,"href":"https:\/\/kinamihealth.com\/it\/wp-json\/wp\/v2\/product_cat?post=117661"},{"taxonomy":"product_tag","embeddable":true,"href":"https:\/\/kinamihealth.com\/it\/wp-json\/wp\/v2\/product_tag?post=117661"}],"curies":[{"name":"wp","href":"https:\/\/api.w.org\/{rel}","templated":true}]}}