{"id":117618,"date":"2025-10-23T10:50:18","date_gmt":"2025-10-23T10:50:18","guid":{"rendered":"https:\/\/kinamihealth.com\/?post_type=product&#038;p=117618"},"modified":"2026-01-23T10:16:26","modified_gmt":"2026-01-23T10:16:26","slug":"bcn-tensis-peptides","status":"publish","type":"product","link":"https:\/\/kinamihealth.com\/it\/prodotto\/bcn-tensis-peptides\/","title":{"rendered":"BCN TENSIS PEPTIDES"},"content":{"rendered":"<p><b>BCN TENSIS PEPTIDES \u00e8 un cocktail rassodante avanzato formulato per combattere la flaccidit\u00e0 della pelle e migliorarne l&#8217;elasticit\u00e0<\/b><span style=\"font-weight: 400;\">. Questo innovativo prodotto a base di peptidi combina una miscela sinergica di peptidi di nuova generazione e principi attivi classici per offrire un ringiovanimento completo del viso e del corpo. <\/span><b>La formula agisce su tutti gli elementi della matrice extracellulare (ECM), tra cui sintesi, degradazione, contrattilit\u00e0, adesione cellulare e tono muscolare.<\/b><\/p>\n","protected":false},"excerpt":{"rendered":"<p>BCN TENSIS PEPTIDES \u00e8 un cocktail rassodante avanzato formulato per combattere la flaccidit\u00e0 della pelle e migliorarne l&#8217;elasticit\u00e0. Questo innovativo prodotto a base di peptidi combina una miscela sinergica di peptidi di nuova generazione e principi attivi classici per offrire un ringiovanimento completo del viso e del corpo. La formula agisce su tutti gli elementi [&hellip;]<\/p>\n","protected":false},"featured_media":111886,"comment_status":"closed","ping_status":"closed","template":"","meta":{"_acf_changed":false,"inline_featured_image":false},"product_brand":[1559],"product_cat":[1367],"product_tag":[1216],"class_list":{"0":"post-117618","1":"product","2":"type-product","3":"status-publish","4":"has-post-thumbnail","6":"product_brand-bcn","7":"product_cat-iniezioni-di-mesoterapia","8":"product_tag-dispositivi-medici","10":"first","11":"instock","12":"taxable","13":"shipping-taxable","14":"purchasable","15":"product-type-simple","16":"add-to-wishlist-before_image"},"acf":[],"yoast_head":"<!-- This site is optimized with the Yoast SEO plugin v27.5 - https:\/\/yoast.com\/product\/yoast-seo-wordpress\/ -->\n<title>Ordina BCN TENSIS PEPTIDES | Acquista online | Kinami Health<\/title>\n<meta name=\"description\" content=\"Ordina online BCN TENSIS PEPTIDES per uso professionale nel rassodamento e nella ristrutturazione della pelle con peptidi mirati e attivit\u00e0 biomimetiche.\" \/>\n<meta name=\"robots\" content=\"index, follow, max-snippet:-1, max-image-preview:large, max-video-preview:-1\" \/>\n<link rel=\"canonical\" href=\"https:\/\/kinamihealth.com\/it\/wp-json\/wp\/v2\/product\/117618\" \/>\n<meta property=\"og:locale\" content=\"it_IT\" \/>\n<meta property=\"og:type\" content=\"article\" \/>\n<meta property=\"og:title\" content=\"Ordina BCN TENSIS PEPTIDES | Acquista online | Kinami Health\" \/>\n<meta property=\"og:description\" content=\"Ordina online BCN TENSIS PEPTIDES per uso professionale nel rassodamento e nella ristrutturazione della pelle con peptidi mirati e attivit\u00e0 biomimetiche.\" \/>\n<meta property=\"og:url\" content=\"https:\/\/kinamihealth.com\/it\/prodotto\/bcn-tensis-peptides\/\" \/>\n<meta property=\"og:site_name\" content=\"Kinami Health\" \/>\n<meta property=\"article:modified_time\" content=\"2026-01-23T10:16:26+00:00\" \/>\n<meta property=\"og:image\" content=\"https:\/\/kinamihealth.com\/wp-content\/uploads\/2025\/02\/BCN-TENSIS-PEPTIDES-01.webp\" \/>\n\t<meta property=\"og:image:width\" content=\"800\" \/>\n\t<meta property=\"og:image:height\" content=\"800\" \/>\n\t<meta property=\"og:image:type\" content=\"image\/webp\" \/>\n<meta name=\"twitter:card\" content=\"summary_large_image\" \/>\n<meta name=\"twitter:label1\" content=\"Tempo di lettura stimato\" \/>\n\t<meta name=\"twitter:data1\" content=\"1 minuto\" \/>\n<!-- \/ Yoast SEO plugin. -->","yoast_head_json":{"title":"Ordina BCN TENSIS PEPTIDES | Acquista online | Kinami Health","description":"Ordina online BCN TENSIS PEPTIDES per uso professionale nel rassodamento e nella ristrutturazione della pelle con peptidi mirati e attivit\u00e0 biomimetiche.","robots":{"index":"index","follow":"follow","max-snippet":"max-snippet:-1","max-image-preview":"max-image-preview:large","max-video-preview":"max-video-preview:-1"},"canonical":"https:\/\/kinamihealth.com\/it\/wp-json\/wp\/v2\/product\/117618","og_locale":"it_IT","og_type":"article","og_title":"Ordina BCN TENSIS PEPTIDES | Acquista online | Kinami Health","og_description":"Ordina online BCN TENSIS PEPTIDES per uso professionale nel rassodamento e nella ristrutturazione della pelle con peptidi mirati e attivit\u00e0 biomimetiche.","og_url":"https:\/\/kinamihealth.com\/it\/prodotto\/bcn-tensis-peptides\/","og_site_name":"Kinami Health","article_modified_time":"2026-01-23T10:16:26+00:00","og_image":[{"width":800,"height":800,"url":"https:\/\/kinamihealth.com\/wp-content\/uploads\/2025\/02\/BCN-TENSIS-PEPTIDES-01.webp","type":"image\/webp"}],"twitter_card":"summary_large_image","twitter_misc":{"Tempo di lettura stimato":"1 minuto"},"schema":{"@context":"https:\/\/schema.org","@graph":[{"@type":"WebPage","@id":"https:\/\/kinamihealth.com\/it\/prodotto\/bcn-tensis-peptides\/","url":"https:\/\/kinamihealth.com\/it\/prodotto\/bcn-tensis-peptides\/","name":"Ordina BCN TENSIS PEPTIDES | Acquista online | Kinami Health","isPartOf":{"@id":"https:\/\/kinamihealth.com\/#website"},"primaryImageOfPage":{"@id":"https:\/\/kinamihealth.com\/it\/prodotto\/bcn-tensis-peptides\/#primaryimage"},"image":{"@id":"https:\/\/kinamihealth.com\/it\/prodotto\/bcn-tensis-peptides\/#primaryimage"},"thumbnailUrl":"https:\/\/kinamihealth.com\/wp-content\/uploads\/2025\/02\/BCN-TENSIS-PEPTIDES-01.webp","datePublished":"2025-10-23T10:50:18+00:00","dateModified":"2026-01-23T10:16:26+00:00","description":"Ordina online BCN TENSIS PEPTIDES per uso professionale nel rassodamento e nella ristrutturazione della pelle con peptidi mirati e attivit\u00e0 biomimetiche.","breadcrumb":{"@id":"https:\/\/kinamihealth.com\/it\/prodotto\/bcn-tensis-peptides\/#breadcrumb"},"inLanguage":"it-IT","potentialAction":[{"@type":"ReadAction","target":["https:\/\/kinamihealth.com\/it\/prodotto\/bcn-tensis-peptides\/"]}]},{"@type":"ImageObject","inLanguage":"it-IT","@id":"https:\/\/kinamihealth.com\/it\/prodotto\/bcn-tensis-peptides\/#primaryimage","url":"https:\/\/kinamihealth.com\/wp-content\/uploads\/2025\/02\/BCN-TENSIS-PEPTIDES-01.webp","contentUrl":"https:\/\/kinamihealth.com\/wp-content\/uploads\/2025\/02\/BCN-TENSIS-PEPTIDES-01.webp","width":800,"height":800},{"@type":"BreadcrumbList","@id":"https:\/\/kinamihealth.com\/it\/prodotto\/bcn-tensis-peptides\/#breadcrumb","itemListElement":[{"@type":"ListItem","position":1,"name":"Pagina iniziale","item":"https:\/\/kinamihealth.com\/"},{"@type":"ListItem","position":2,"name":"Acquista","item":"https:\/\/kinamihealth.com\/shop\/"},{"@type":"ListItem","position":3,"name":"BCN TENSIS PEPTIDES"}]},{"@type":"WebSite","@id":"https:\/\/kinamihealth.com\/#website","url":"https:\/\/kinamihealth.com\/","name":"Kinami Health","description":"","publisher":{"@id":"https:\/\/kinamihealth.com\/#organization"},"potentialAction":[{"@type":"SearchAction","target":{"@type":"EntryPoint","urlTemplate":"https:\/\/kinamihealth.com\/?s={search_term_string}"},"query-input":{"@type":"PropertyValueSpecification","valueRequired":true,"valueName":"search_term_string"}}],"inLanguage":"it-IT"},{"@type":"Organization","@id":"https:\/\/kinamihealth.com\/#organization","name":"Kinami Health","url":"https:\/\/kinamihealth.com\/","logo":{"@type":"ImageObject","inLanguage":"it-IT","@id":"https:\/\/kinamihealth.com\/#\/schema\/logo\/image\/","url":"https:\/\/kinamihealth.com\/wp-content\/uploads\/2025\/01\/KH_logo_black_2-1.png","contentUrl":"https:\/\/kinamihealth.com\/wp-content\/uploads\/2025\/01\/KH_logo_black_2-1.png","width":339,"height":34,"caption":"Kinami Health"},"image":{"@id":"https:\/\/kinamihealth.com\/#\/schema\/logo\/image\/"}}]}},"_links":{"self":[{"href":"https:\/\/kinamihealth.com\/it\/wp-json\/wp\/v2\/product\/117618","targetHints":{"allow":["GET"]}}],"collection":[{"href":"https:\/\/kinamihealth.com\/it\/wp-json\/wp\/v2\/product"}],"about":[{"href":"https:\/\/kinamihealth.com\/it\/wp-json\/wp\/v2\/types\/product"}],"replies":[{"embeddable":true,"href":"https:\/\/kinamihealth.com\/it\/wp-json\/wp\/v2\/comments?post=117618"}],"version-history":[{"count":0,"href":"https:\/\/kinamihealth.com\/it\/wp-json\/wp\/v2\/product\/117618\/revisions"}],"wp:featuredmedia":[{"embeddable":true,"href":"https:\/\/kinamihealth.com\/it\/wp-json\/wp\/v2\/media\/111886"}],"wp:attachment":[{"href":"https:\/\/kinamihealth.com\/it\/wp-json\/wp\/v2\/media?parent=117618"}],"wp:term":[{"taxonomy":"product_brand","embeddable":true,"href":"https:\/\/kinamihealth.com\/it\/wp-json\/wp\/v2\/product_brand?post=117618"},{"taxonomy":"product_cat","embeddable":true,"href":"https:\/\/kinamihealth.com\/it\/wp-json\/wp\/v2\/product_cat?post=117618"},{"taxonomy":"product_tag","embeddable":true,"href":"https:\/\/kinamihealth.com\/it\/wp-json\/wp\/v2\/product_tag?post=117618"}],"curies":[{"name":"wp","href":"https:\/\/api.w.org\/{rel}","templated":true}]}}