{"id":134939,"date":"2026-04-24T14:56:55","date_gmt":"2026-04-24T14:56:55","guid":{"rendered":"https:\/\/kinamihealth.com\/?post_type=product&#038;p=134939"},"modified":"2026-04-24T14:56:55","modified_gmt":"2026-04-24T14:56:55","slug":"plinest-fast-2ml","status":"publish","type":"product","link":"https:\/\/kinamihealth.com\/hu\/termek\/plinest-fast-2ml\/","title":{"rendered":"PLINEST\u00ae FAST (2ml)"},"content":{"rendered":"","protected":false},"excerpt":{"rendered":"","protected":false},"featured_media":133802,"comment_status":"open","ping_status":"closed","template":"","meta":{"_acf_changed":false,"inline_featured_image":false},"product_brand":[6163],"product_cat":[2997,3387],"product_tag":[2979],"class_list":{"0":"post-134939","1":"product","2":"type-product","3":"status-publish","4":"has-post-thumbnail","6":"product_brand-plinest","7":"product_cat-dermalis-toltoanyagok","8":"product_cat-polinukleotidok","9":"product_tag-orvostechnikai-eszkozok","11":"first","12":"instock","13":"taxable","14":"shipping-taxable","15":"purchasable","16":"product-type-simple","17":"add-to-wishlist-before_image"},"acf":[],"yoast_head":"<!-- This site is optimized with the Yoast SEO plugin v27.4 - https:\/\/yoast.com\/product\/yoast-seo-wordpress\/ -->\n<title>V\u00e1s\u00e1roljon Plinest Fast 2 ml-es polinukleotid injekci\u00f3t<\/title>\n<meta name=\"description\" content=\"Rendeljen Plinest Fast-ot a b\u0151r gyors regener\u00e1l\u00f3d\u00e1s\u00e1hoz \u00e9s hidrat\u00e1l\u00e1s\u00e1hoz. Klinik\u00e1k \u00e1ltal aj\u00e1nlott. Nagykereskedelmi lehet\u0151s\u00e9gek el\u00e9rhet\u0151k.\" \/>\n<meta name=\"robots\" content=\"index, follow, max-snippet:-1, max-image-preview:large, max-video-preview:-1\" \/>\n<link rel=\"canonical\" href=\"https:\/\/kinamihealth.com\/hu\/wp-json\/wp\/v2\/product\/134939\" \/>\n<meta property=\"og:locale\" content=\"hu_HU\" \/>\n<meta property=\"og:type\" content=\"article\" \/>\n<meta property=\"og:title\" content=\"V\u00e1s\u00e1roljon Plinest Fast 2 ml-es polinukleotid injekci\u00f3t\" \/>\n<meta property=\"og:description\" content=\"Rendeljen Plinest Fast-ot a b\u0151r gyors regener\u00e1l\u00f3d\u00e1s\u00e1hoz \u00e9s hidrat\u00e1l\u00e1s\u00e1hoz. Klinik\u00e1k \u00e1ltal aj\u00e1nlott. Nagykereskedelmi lehet\u0151s\u00e9gek el\u00e9rhet\u0151k.\" \/>\n<meta property=\"og:url\" content=\"https:\/\/kinamihealth.com\/hu\/termek\/plinest-fast-2ml\/\" \/>\n<meta property=\"og:site_name\" content=\"Kinami Health\" \/>\n<meta property=\"og:image\" content=\"https:\/\/kinamihealth.com\/wp-content\/uploads\/2026\/03\/Plinest-Fast-webres.png\" \/>\n\t<meta property=\"og:image:width\" content=\"1005\" \/>\n\t<meta property=\"og:image:height\" content=\"1005\" \/>\n\t<meta property=\"og:image:type\" content=\"image\/png\" \/>\n<meta name=\"twitter:card\" content=\"summary_large_image\" \/>\n<meta name=\"twitter:label1\" content=\"Becs\u00fclt olvas\u00e1si id\u0151\" \/>\n\t<meta name=\"twitter:data1\" content=\"1 perc\" \/>\n<!-- \/ Yoast SEO plugin. -->","yoast_head_json":{"title":"V\u00e1s\u00e1roljon Plinest Fast 2 ml-es polinukleotid injekci\u00f3t","description":"Rendeljen Plinest Fast-ot a b\u0151r gyors regener\u00e1l\u00f3d\u00e1s\u00e1hoz \u00e9s hidrat\u00e1l\u00e1s\u00e1hoz. Klinik\u00e1k \u00e1ltal aj\u00e1nlott. Nagykereskedelmi lehet\u0151s\u00e9gek el\u00e9rhet\u0151k.","robots":{"index":"index","follow":"follow","max-snippet":"max-snippet:-1","max-image-preview":"max-image-preview:large","max-video-preview":"max-video-preview:-1"},"canonical":"https:\/\/kinamihealth.com\/hu\/wp-json\/wp\/v2\/product\/134939","og_locale":"hu_HU","og_type":"article","og_title":"V\u00e1s\u00e1roljon Plinest Fast 2 ml-es polinukleotid injekci\u00f3t","og_description":"Rendeljen Plinest Fast-ot a b\u0151r gyors regener\u00e1l\u00f3d\u00e1s\u00e1hoz \u00e9s hidrat\u00e1l\u00e1s\u00e1hoz. Klinik\u00e1k \u00e1ltal aj\u00e1nlott. Nagykereskedelmi lehet\u0151s\u00e9gek el\u00e9rhet\u0151k.","og_url":"https:\/\/kinamihealth.com\/hu\/termek\/plinest-fast-2ml\/","og_site_name":"Kinami Health","og_image":[{"width":1005,"height":1005,"url":"https:\/\/kinamihealth.com\/wp-content\/uploads\/2026\/03\/Plinest-Fast-webres.png","type":"image\/png"}],"twitter_card":"summary_large_image","twitter_misc":{"Becs\u00fclt olvas\u00e1si id\u0151":"1 perc"},"schema":{"@context":"https:\/\/schema.org","@graph":[{"@type":"WebPage","@id":"https:\/\/kinamihealth.com\/hu\/termek\/plinest-fast-2ml\/","url":"https:\/\/kinamihealth.com\/hu\/termek\/plinest-fast-2ml\/","name":"V\u00e1s\u00e1roljon Plinest Fast 2 ml-es polinukleotid injekci\u00f3t","isPartOf":{"@id":"https:\/\/kinamihealth.com\/#website"},"primaryImageOfPage":{"@id":"https:\/\/kinamihealth.com\/hu\/termek\/plinest-fast-2ml\/#primaryimage"},"image":{"@id":"https:\/\/kinamihealth.com\/hu\/termek\/plinest-fast-2ml\/#primaryimage"},"thumbnailUrl":"https:\/\/kinamihealth.com\/wp-content\/uploads\/2026\/03\/Plinest-Fast-webres.png","datePublished":"2026-04-24T14:56:55+00:00","description":"Rendeljen Plinest Fast-ot a b\u0151r gyors regener\u00e1l\u00f3d\u00e1s\u00e1hoz \u00e9s hidrat\u00e1l\u00e1s\u00e1hoz. Klinik\u00e1k \u00e1ltal aj\u00e1nlott. Nagykereskedelmi lehet\u0151s\u00e9gek el\u00e9rhet\u0151k.","breadcrumb":{"@id":"https:\/\/kinamihealth.com\/hu\/termek\/plinest-fast-2ml\/#breadcrumb"},"inLanguage":"hu","potentialAction":[{"@type":"ReadAction","target":["https:\/\/kinamihealth.com\/hu\/termek\/plinest-fast-2ml\/"]}]},{"@type":"ImageObject","inLanguage":"hu","@id":"https:\/\/kinamihealth.com\/hu\/termek\/plinest-fast-2ml\/#primaryimage","url":"https:\/\/kinamihealth.com\/wp-content\/uploads\/2026\/03\/Plinest-Fast-webres.png","contentUrl":"https:\/\/kinamihealth.com\/wp-content\/uploads\/2026\/03\/Plinest-Fast-webres.png","width":1005,"height":1005},{"@type":"BreadcrumbList","@id":"https:\/\/kinamihealth.com\/hu\/termek\/plinest-fast-2ml\/#breadcrumb","itemListElement":[{"@type":"ListItem","position":1,"name":"Kezd\u0151lap","item":"https:\/\/kinamihealth.com\/"},{"@type":"ListItem","position":2,"name":"Bolt","item":"https:\/\/kinamihealth.com\/shop\/"},{"@type":"ListItem","position":3,"name":"PLINEST\u00ae FAST (2ml)"}]},{"@type":"WebSite","@id":"https:\/\/kinamihealth.com\/#website","url":"https:\/\/kinamihealth.com\/","name":"Kinami Health","description":"","publisher":{"@id":"https:\/\/kinamihealth.com\/#organization"},"potentialAction":[{"@type":"SearchAction","target":{"@type":"EntryPoint","urlTemplate":"https:\/\/kinamihealth.com\/?s={search_term_string}"},"query-input":{"@type":"PropertyValueSpecification","valueRequired":true,"valueName":"search_term_string"}}],"inLanguage":"hu"},{"@type":"Organization","@id":"https:\/\/kinamihealth.com\/#organization","name":"Kinami Health","url":"https:\/\/kinamihealth.com\/","logo":{"@type":"ImageObject","inLanguage":"hu","@id":"https:\/\/kinamihealth.com\/#\/schema\/logo\/image\/","url":"https:\/\/kinamihealth.com\/wp-content\/uploads\/2025\/01\/KH_logo_black_2-1.png","contentUrl":"https:\/\/kinamihealth.com\/wp-content\/uploads\/2025\/01\/KH_logo_black_2-1.png","width":339,"height":34,"caption":"Kinami Health"},"image":{"@id":"https:\/\/kinamihealth.com\/#\/schema\/logo\/image\/"}}]}},"_links":{"self":[{"href":"https:\/\/kinamihealth.com\/hu\/wp-json\/wp\/v2\/product\/134939","targetHints":{"allow":["GET"]}}],"collection":[{"href":"https:\/\/kinamihealth.com\/hu\/wp-json\/wp\/v2\/product"}],"about":[{"href":"https:\/\/kinamihealth.com\/hu\/wp-json\/wp\/v2\/types\/product"}],"replies":[{"embeddable":true,"href":"https:\/\/kinamihealth.com\/hu\/wp-json\/wp\/v2\/comments?post=134939"}],"version-history":[{"count":1,"href":"https:\/\/kinamihealth.com\/hu\/wp-json\/wp\/v2\/product\/134939\/revisions"}],"predecessor-version":[{"id":134941,"href":"https:\/\/kinamihealth.com\/hu\/wp-json\/wp\/v2\/product\/134939\/revisions\/134941"}],"wp:featuredmedia":[{"embeddable":true,"href":"https:\/\/kinamihealth.com\/hu\/wp-json\/wp\/v2\/media\/133802"}],"wp:attachment":[{"href":"https:\/\/kinamihealth.com\/hu\/wp-json\/wp\/v2\/media?parent=134939"}],"wp:term":[{"taxonomy":"product_brand","embeddable":true,"href":"https:\/\/kinamihealth.com\/hu\/wp-json\/wp\/v2\/product_brand?post=134939"},{"taxonomy":"product_cat","embeddable":true,"href":"https:\/\/kinamihealth.com\/hu\/wp-json\/wp\/v2\/product_cat?post=134939"},{"taxonomy":"product_tag","embeddable":true,"href":"https:\/\/kinamihealth.com\/hu\/wp-json\/wp\/v2\/product_tag?post=134939"}],"curies":[{"name":"wp","href":"https:\/\/api.w.org\/{rel}","templated":true}]}}