{"id":134936,"date":"2026-04-24T15:02:21","date_gmt":"2026-04-24T15:02:21","guid":{"rendered":"https:\/\/kinamihealth.com\/?post_type=product&#038;p=134936"},"modified":"2026-04-24T15:02:21","modified_gmt":"2026-04-24T15:02:21","slug":"meso-relle-32g-6mm","status":"publish","type":"product","link":"https:\/\/kinamihealth.com\/hu\/termek\/meso-relle-32g-6mm\/","title":{"rendered":"MESO-RELLE\u00ae 32G &#8211; 6mm"},"content":{"rendered":"<p>Azok a klinik\u00e1k, amelyek c\u00e9lja\u00a0<strong>a pontos, kiss\u00e9 m\u00e9lyebb behatol\u00e1s\u00fa injekci\u00f3k bead\u00e1sa a p\u00e1ciens k\u00e9nyelm\u00e9nek meg\u0151rz\u00e9se mellett<\/strong>, a MESO-RELLE\u00ae 32G &#8211; 6 mm-t v\u00e1lasztj\u00e1k, mint sokoldal\u00fa megold\u00e1st a mezoter\u00e1pi\u00e1s \u00e9s eszt\u00e9tikai beavatkoz\u00e1sokhoz. A r\u00f6videbb, 4 mm-es t\u0171kh\u00f6z k\u00e9pest ez a konfigur\u00e1ci\u00f3 lehet\u0151v\u00e9 teszi a szakemberek sz\u00e1m\u00e1ra, hogy hat\u00e9konyabban dolgozzanak\u00a0<strong>mind a fel\u00fcleti, mind a k\u00f6z\u00e9ps\u0151 b\u0151rr\u00e9tegekben<\/strong>, \u00edgy alkalmas sz\u00e9lesebb k\u00f6r\u0171 kezel\u00e9sekre, ahol elengedhetetlen a\u00a0<a href=\"https:\/\/kinamihealth.com\/product-category\/cannulas-and-needles\/\">t\u0171k \u00e9s kan\u00fcl\u00f6k<\/a>\u00a0szab\u00e1lyozott m\u00e9lys\u00e9ge \u00e9s pontoss\u00e1ga.<\/p>\n","protected":false},"excerpt":{"rendered":"<p>Azok a klinik\u00e1k, amelyek c\u00e9lja\u00a0a pontos, kiss\u00e9 m\u00e9lyebb behatol\u00e1s\u00fa injekci\u00f3k bead\u00e1sa a p\u00e1ciens k\u00e9nyelm\u00e9nek meg\u0151rz\u00e9se mellett, a MESO-RELLE\u00ae 32G &#8211; 6 mm-t v\u00e1lasztj\u00e1k, mint sokoldal\u00fa megold\u00e1st a mezoter\u00e1pi\u00e1s \u00e9s eszt\u00e9tikai beavatkoz\u00e1sokhoz. A r\u00f6videbb, 4 mm-es t\u0171kh\u00f6z k\u00e9pest ez a konfigur\u00e1ci\u00f3 lehet\u0151v\u00e9 teszi a szakemberek sz\u00e1m\u00e1ra, hogy hat\u00e9konyabban dolgozzanak\u00a0mind a fel\u00fcleti, mind a k\u00f6z\u00e9ps\u0151 b\u0151rr\u00e9tegekben, \u00edgy [&hellip;]<\/p>\n","protected":false},"featured_media":14,"comment_status":"open","ping_status":"closed","template":"","meta":{"_acf_changed":false,"inline_featured_image":false},"product_brand":[],"product_cat":[3209],"product_tag":[2979],"class_list":{"0":"post-134936","1":"product","2":"type-product","3":"status-publish","4":"has-post-thumbnail","6":"product_cat-kanulok-es-tuk","7":"product_tag-orvostechnikai-eszkozok","9":"first","10":"instock","11":"taxable","12":"shipping-taxable","13":"purchasable","14":"product-type-simple","15":"add-to-wishlist-before_image"},"acf":[],"yoast_head":"<!-- This site is optimized with the Yoast SEO plugin v27.5 - https:\/\/yoast.com\/product\/yoast-seo-wordpress\/ -->\n<title>Buy MESO-RELLE\u00ae 32G - 6mm Online | Kinami Health<\/title>\n<meta name=\"description\" content=\"Buy MESO-RELLE\u00ae 32G - 6mm mesotherapy needles online at Kinami Health. Ultra-fine needles for precise, controlled aesthetic injections.\" \/>\n<meta name=\"robots\" content=\"index, follow, max-snippet:-1, max-image-preview:large, max-video-preview:-1\" \/>\n<link rel=\"canonical\" href=\"https:\/\/kinamihealth.com\/hu\/wp-json\/wp\/v2\/product\/134936\" \/>\n<meta property=\"og:locale\" content=\"hu_HU\" \/>\n<meta property=\"og:type\" content=\"article\" \/>\n<meta property=\"og:title\" content=\"Buy MESO-RELLE\u00ae 32G - 6mm Online | Kinami Health\" \/>\n<meta property=\"og:description\" content=\"Buy MESO-RELLE\u00ae 32G - 6mm mesotherapy needles online at Kinami Health. Ultra-fine needles for precise, controlled aesthetic injections.\" \/>\n<meta property=\"og:url\" content=\"https:\/\/kinamihealth.com\/hu\/termek\/meso-relle-32g-6mm\/\" \/>\n<meta property=\"og:site_name\" content=\"Kinami Health\" \/>\n<meta property=\"og:image\" content=\"https:\/\/kinamihealth.com\/wp-content\/uploads\/woocommerce-placeholder.png\" \/>\n\t<meta property=\"og:image:width\" content=\"1200\" \/>\n\t<meta property=\"og:image:height\" content=\"1200\" \/>\n\t<meta property=\"og:image:type\" content=\"image\/png\" \/>\n<meta name=\"twitter:card\" content=\"summary_large_image\" \/>\n<meta name=\"twitter:label1\" content=\"Becs\u00fclt olvas\u00e1si id\u0151\" \/>\n\t<meta name=\"twitter:data1\" content=\"1 perc\" \/>\n<!-- \/ Yoast SEO plugin. -->","yoast_head_json":{"title":"Buy MESO-RELLE\u00ae 32G - 6mm Online | Kinami Health","description":"Buy MESO-RELLE\u00ae 32G - 6mm mesotherapy needles online at Kinami Health. Ultra-fine needles for precise, controlled aesthetic injections.","robots":{"index":"index","follow":"follow","max-snippet":"max-snippet:-1","max-image-preview":"max-image-preview:large","max-video-preview":"max-video-preview:-1"},"canonical":"https:\/\/kinamihealth.com\/hu\/wp-json\/wp\/v2\/product\/134936","og_locale":"hu_HU","og_type":"article","og_title":"Buy MESO-RELLE\u00ae 32G - 6mm Online | Kinami Health","og_description":"Buy MESO-RELLE\u00ae 32G - 6mm mesotherapy needles online at Kinami Health. Ultra-fine needles for precise, controlled aesthetic injections.","og_url":"https:\/\/kinamihealth.com\/hu\/termek\/meso-relle-32g-6mm\/","og_site_name":"Kinami Health","og_image":[{"width":1200,"height":1200,"url":"https:\/\/kinamihealth.com\/wp-content\/uploads\/woocommerce-placeholder.png","type":"image\/png"}],"twitter_card":"summary_large_image","twitter_misc":{"Becs\u00fclt olvas\u00e1si id\u0151":"1 perc"},"schema":{"@context":"https:\/\/schema.org","@graph":[{"@type":"WebPage","@id":"https:\/\/kinamihealth.com\/hu\/termek\/meso-relle-32g-6mm\/","url":"https:\/\/kinamihealth.com\/hu\/termek\/meso-relle-32g-6mm\/","name":"Buy MESO-RELLE\u00ae 32G - 6mm Online | Kinami Health","isPartOf":{"@id":"https:\/\/kinamihealth.com\/#website"},"primaryImageOfPage":{"@id":"https:\/\/kinamihealth.com\/hu\/termek\/meso-relle-32g-6mm\/#primaryimage"},"image":{"@id":"https:\/\/kinamihealth.com\/hu\/termek\/meso-relle-32g-6mm\/#primaryimage"},"thumbnailUrl":"https:\/\/kinamihealth.com\/wp-content\/uploads\/woocommerce-placeholder.png","datePublished":"2026-04-24T15:02:21+00:00","description":"Buy MESO-RELLE\u00ae 32G - 6mm mesotherapy needles online at Kinami Health. Ultra-fine needles for precise, controlled aesthetic injections.","breadcrumb":{"@id":"https:\/\/kinamihealth.com\/hu\/termek\/meso-relle-32g-6mm\/#breadcrumb"},"inLanguage":"hu","potentialAction":[{"@type":"ReadAction","target":["https:\/\/kinamihealth.com\/hu\/termek\/meso-relle-32g-6mm\/"]}]},{"@type":"ImageObject","inLanguage":"hu","@id":"https:\/\/kinamihealth.com\/hu\/termek\/meso-relle-32g-6mm\/#primaryimage","url":"https:\/\/kinamihealth.com\/wp-content\/uploads\/woocommerce-placeholder.png","contentUrl":"https:\/\/kinamihealth.com\/wp-content\/uploads\/woocommerce-placeholder.png","width":1200,"height":1200,"caption":"woocommerce placeholder"},{"@type":"BreadcrumbList","@id":"https:\/\/kinamihealth.com\/hu\/termek\/meso-relle-32g-6mm\/#breadcrumb","itemListElement":[{"@type":"ListItem","position":1,"name":"Kezd\u0151lap","item":"https:\/\/kinamihealth.com\/"},{"@type":"ListItem","position":2,"name":"Bolt","item":"https:\/\/kinamihealth.com\/shop\/"},{"@type":"ListItem","position":3,"name":"MESO-RELLE\u00ae 32G &#8211; 6mm"}]},{"@type":"WebSite","@id":"https:\/\/kinamihealth.com\/#website","url":"https:\/\/kinamihealth.com\/","name":"Kinami Health","description":"","publisher":{"@id":"https:\/\/kinamihealth.com\/#organization"},"potentialAction":[{"@type":"SearchAction","target":{"@type":"EntryPoint","urlTemplate":"https:\/\/kinamihealth.com\/?s={search_term_string}"},"query-input":{"@type":"PropertyValueSpecification","valueRequired":true,"valueName":"search_term_string"}}],"inLanguage":"hu"},{"@type":"Organization","@id":"https:\/\/kinamihealth.com\/#organization","name":"Kinami Health","url":"https:\/\/kinamihealth.com\/","logo":{"@type":"ImageObject","inLanguage":"hu","@id":"https:\/\/kinamihealth.com\/#\/schema\/logo\/image\/","url":"https:\/\/kinamihealth.com\/wp-content\/uploads\/2025\/01\/KH_logo_black_2-1.png","contentUrl":"https:\/\/kinamihealth.com\/wp-content\/uploads\/2025\/01\/KH_logo_black_2-1.png","width":339,"height":34,"caption":"Kinami Health"},"image":{"@id":"https:\/\/kinamihealth.com\/#\/schema\/logo\/image\/"}}]}},"_links":{"self":[{"href":"https:\/\/kinamihealth.com\/hu\/wp-json\/wp\/v2\/product\/134936","targetHints":{"allow":["GET"]}}],"collection":[{"href":"https:\/\/kinamihealth.com\/hu\/wp-json\/wp\/v2\/product"}],"about":[{"href":"https:\/\/kinamihealth.com\/hu\/wp-json\/wp\/v2\/types\/product"}],"replies":[{"embeddable":true,"href":"https:\/\/kinamihealth.com\/hu\/wp-json\/wp\/v2\/comments?post=134936"}],"version-history":[{"count":1,"href":"https:\/\/kinamihealth.com\/hu\/wp-json\/wp\/v2\/product\/134936\/revisions"}],"predecessor-version":[{"id":134946,"href":"https:\/\/kinamihealth.com\/hu\/wp-json\/wp\/v2\/product\/134936\/revisions\/134946"}],"wp:featuredmedia":[{"embeddable":true,"href":"https:\/\/kinamihealth.com\/hu\/wp-json\/wp\/v2\/media\/14"}],"wp:attachment":[{"href":"https:\/\/kinamihealth.com\/hu\/wp-json\/wp\/v2\/media?parent=134936"}],"wp:term":[{"taxonomy":"product_brand","embeddable":true,"href":"https:\/\/kinamihealth.com\/hu\/wp-json\/wp\/v2\/product_brand?post=134936"},{"taxonomy":"product_cat","embeddable":true,"href":"https:\/\/kinamihealth.com\/hu\/wp-json\/wp\/v2\/product_cat?post=134936"},{"taxonomy":"product_tag","embeddable":true,"href":"https:\/\/kinamihealth.com\/hu\/wp-json\/wp\/v2\/product_tag?post=134936"}],"curies":[{"name":"wp","href":"https:\/\/api.w.org\/{rel}","templated":true}]}}