{"id":134935,"date":"2026-04-24T14:59:56","date_gmt":"2026-04-24T14:59:56","guid":{"rendered":"https:\/\/kinamihealth.com\/?post_type=product&#038;p=134935"},"modified":"2026-04-24T14:59:56","modified_gmt":"2026-04-24T14:59:56","slug":"meso-relle-32g-4mm","status":"publish","type":"product","link":"https:\/\/kinamihealth.com\/hu\/termek\/meso-relle-32g-4mm\/","title":{"rendered":"MESO-RELLE\u00ae 32G &#8211; 4mm"},"content":{"rendered":"<p>Azok a klinik\u00e1k, amelyek\u00a0<strong>nagy pontoss\u00e1g\u00fa, alacsony traum\u00e1j\u00fa injekci\u00f3kat k\u00edv\u00e1nnak beadni \u00e9rz\u00e9keny kezel\u00e9si ter\u00fcleteken<\/strong>, a MESO-RELLE\u00ae 32G &#8211; 4 mm-es t\u0171ket v\u00e1lasztj\u00e1k megb\u00edzhat\u00f3 eszk\u00f6zk\u00e9nt a fejlett eszt\u00e9tikai beavatkoz\u00e1sokhoz. Fel\u00fcleti alkalmaz\u00e1sokra tervezett, ez az ultrafinom \u00e9s r\u00f6vid t\u0171 lehet\u0151v\u00e9 teszi a szakemberek sz\u00e1m\u00e1ra, hogy a kezel\u00e9seket\u00a0<strong>maxim\u00e1lis kontrollal \u00e9s minim\u00e1lis p\u00e1ciens k\u00e9nyelmetlens\u00e9ggel<\/strong>\u00a0v\u00e9gezz\u00e9k, \u00edgy ide\u00e1lis \u00e9rz\u00e9keny ter\u00fcletekhez, mint p\u00e9ld\u00e1ul a szemk\u00f6rny\u00e9k, az arc \u00e9s a nyak. Fel\u00e9p\u00edt\u00e9se k\u00fcl\u00f6n\u00f6sen alkalmas olyan elj\u00e1r\u00e1sokhoz, ahol\u00a0<strong>a pontoss\u00e1g \u00e9s a k\u00e9nyelem kritikus fontoss\u00e1g\u00fa<\/strong>, a m\u00e9lyebb szerkezeti beavatkoz\u00e1sok helyett. A klinik\u00e1k tov\u00e1bbi lehet\u0151s\u00e9geket is felfedezhetnek a\u00a0<a href=\"https:\/\/kinamihealth.com\/product-category\/cannulas-and-needles\/\">t\u0171k \u00e9s kan\u00fcl\u00f6k<\/a>\u00a0v\u00e1laszt\u00e9kunkban, hogy kiv\u00e1laszthass\u00e1k a legmegfelel\u0151bb eszk\u00f6z\u00f6ket az egyes kezel\u00e9si protokollokhoz \u00e9s injekci\u00f3s technik\u00e1khoz.<\/p>\n","protected":false},"excerpt":{"rendered":"<p>Azok a klinik\u00e1k, amelyek\u00a0nagy pontoss\u00e1g\u00fa, alacsony traum\u00e1j\u00fa injekci\u00f3kat k\u00edv\u00e1nnak beadni \u00e9rz\u00e9keny kezel\u00e9si ter\u00fcleteken, a MESO-RELLE\u00ae 32G &#8211; 4 mm-es t\u0171ket v\u00e1lasztj\u00e1k megb\u00edzhat\u00f3 eszk\u00f6zk\u00e9nt a fejlett eszt\u00e9tikai beavatkoz\u00e1sokhoz. Fel\u00fcleti alkalmaz\u00e1sokra tervezett, ez az ultrafinom \u00e9s r\u00f6vid t\u0171 lehet\u0151v\u00e9 teszi a szakemberek sz\u00e1m\u00e1ra, hogy a kezel\u00e9seket\u00a0maxim\u00e1lis kontrollal \u00e9s minim\u00e1lis p\u00e1ciens k\u00e9nyelmetlens\u00e9ggel\u00a0v\u00e9gezz\u00e9k, \u00edgy ide\u00e1lis \u00e9rz\u00e9keny ter\u00fcletekhez, mint p\u00e9ld\u00e1ul [&hellip;]<\/p>\n","protected":false},"featured_media":14,"comment_status":"open","ping_status":"closed","template":"","meta":{"_acf_changed":false,"inline_featured_image":false},"product_brand":[],"product_cat":[3209],"product_tag":[2979],"class_list":{"0":"post-134935","1":"product","2":"type-product","3":"status-publish","4":"has-post-thumbnail","6":"product_cat-kanulok-es-tuk","7":"product_tag-orvostechnikai-eszkozok","9":"first","10":"instock","11":"taxable","12":"shipping-taxable","13":"purchasable","14":"product-type-simple","15":"add-to-wishlist-before_image"},"acf":[],"yoast_head":"<!-- This site is optimized with the Yoast SEO plugin v27.5 - https:\/\/yoast.com\/product\/yoast-seo-wordpress\/ -->\n<title>V\u00e1s\u00e1roljon MESO-RELLE\u00ae 32G \u2013 4 mm-es t\u0171ket online | Kinami Health<\/title>\n<meta name=\"description\" content=\"V\u00e1s\u00e1roljon MESO-RELLE\u00ae 32G \u2013 4 mm-es mezoter\u00e1pi\u00e1s t\u0171ket online a Kinami Health weboldal\u00e1n. Ultrafinom t\u0171k prec\u00edz, alacsony traum\u00e1j\u00fa eszt\u00e9tikai injekci\u00f3khoz.\" \/>\n<meta name=\"robots\" content=\"index, follow, max-snippet:-1, max-image-preview:large, max-video-preview:-1\" \/>\n<link rel=\"canonical\" href=\"https:\/\/kinamihealth.com\/hu\/wp-json\/wp\/v2\/product\/134935\" \/>\n<meta property=\"og:locale\" content=\"hu_HU\" \/>\n<meta property=\"og:type\" content=\"article\" \/>\n<meta property=\"og:title\" content=\"V\u00e1s\u00e1roljon MESO-RELLE\u00ae 32G \u2013 4 mm-es t\u0171ket online | Kinami Health\" \/>\n<meta property=\"og:description\" content=\"V\u00e1s\u00e1roljon MESO-RELLE\u00ae 32G \u2013 4 mm-es mezoter\u00e1pi\u00e1s t\u0171ket online a Kinami Health weboldal\u00e1n. Ultrafinom t\u0171k prec\u00edz, alacsony traum\u00e1j\u00fa eszt\u00e9tikai injekci\u00f3khoz.\" \/>\n<meta property=\"og:url\" content=\"https:\/\/kinamihealth.com\/hu\/termek\/meso-relle-32g-4mm\/\" \/>\n<meta property=\"og:site_name\" content=\"Kinami Health\" \/>\n<meta property=\"og:image\" content=\"https:\/\/kinamihealth.com\/wp-content\/uploads\/woocommerce-placeholder.png\" \/>\n\t<meta property=\"og:image:width\" content=\"1200\" \/>\n\t<meta property=\"og:image:height\" content=\"1200\" \/>\n\t<meta property=\"og:image:type\" content=\"image\/png\" \/>\n<meta name=\"twitter:card\" content=\"summary_large_image\" \/>\n<meta name=\"twitter:label1\" content=\"Becs\u00fclt olvas\u00e1si id\u0151\" \/>\n\t<meta name=\"twitter:data1\" content=\"1 perc\" \/>\n<!-- \/ Yoast SEO plugin. -->","yoast_head_json":{"title":"V\u00e1s\u00e1roljon MESO-RELLE\u00ae 32G \u2013 4 mm-es t\u0171ket online | Kinami Health","description":"V\u00e1s\u00e1roljon MESO-RELLE\u00ae 32G \u2013 4 mm-es mezoter\u00e1pi\u00e1s t\u0171ket online a Kinami Health weboldal\u00e1n. Ultrafinom t\u0171k prec\u00edz, alacsony traum\u00e1j\u00fa eszt\u00e9tikai injekci\u00f3khoz.","robots":{"index":"index","follow":"follow","max-snippet":"max-snippet:-1","max-image-preview":"max-image-preview:large","max-video-preview":"max-video-preview:-1"},"canonical":"https:\/\/kinamihealth.com\/hu\/wp-json\/wp\/v2\/product\/134935","og_locale":"hu_HU","og_type":"article","og_title":"V\u00e1s\u00e1roljon MESO-RELLE\u00ae 32G \u2013 4 mm-es t\u0171ket online | Kinami Health","og_description":"V\u00e1s\u00e1roljon MESO-RELLE\u00ae 32G \u2013 4 mm-es mezoter\u00e1pi\u00e1s t\u0171ket online a Kinami Health weboldal\u00e1n. Ultrafinom t\u0171k prec\u00edz, alacsony traum\u00e1j\u00fa eszt\u00e9tikai injekci\u00f3khoz.","og_url":"https:\/\/kinamihealth.com\/hu\/termek\/meso-relle-32g-4mm\/","og_site_name":"Kinami Health","og_image":[{"width":1200,"height":1200,"url":"https:\/\/kinamihealth.com\/wp-content\/uploads\/woocommerce-placeholder.png","type":"image\/png"}],"twitter_card":"summary_large_image","twitter_misc":{"Becs\u00fclt olvas\u00e1si id\u0151":"1 perc"},"schema":{"@context":"https:\/\/schema.org","@graph":[{"@type":"WebPage","@id":"https:\/\/kinamihealth.com\/hu\/termek\/meso-relle-32g-4mm\/","url":"https:\/\/kinamihealth.com\/hu\/termek\/meso-relle-32g-4mm\/","name":"V\u00e1s\u00e1roljon MESO-RELLE\u00ae 32G \u2013 4 mm-es t\u0171ket online | Kinami Health","isPartOf":{"@id":"https:\/\/kinamihealth.com\/#website"},"primaryImageOfPage":{"@id":"https:\/\/kinamihealth.com\/hu\/termek\/meso-relle-32g-4mm\/#primaryimage"},"image":{"@id":"https:\/\/kinamihealth.com\/hu\/termek\/meso-relle-32g-4mm\/#primaryimage"},"thumbnailUrl":"https:\/\/kinamihealth.com\/wp-content\/uploads\/woocommerce-placeholder.png","datePublished":"2026-04-24T14:59:56+00:00","description":"V\u00e1s\u00e1roljon MESO-RELLE\u00ae 32G \u2013 4 mm-es mezoter\u00e1pi\u00e1s t\u0171ket online a Kinami Health weboldal\u00e1n. Ultrafinom t\u0171k prec\u00edz, alacsony traum\u00e1j\u00fa eszt\u00e9tikai injekci\u00f3khoz.","breadcrumb":{"@id":"https:\/\/kinamihealth.com\/hu\/termek\/meso-relle-32g-4mm\/#breadcrumb"},"inLanguage":"hu","potentialAction":[{"@type":"ReadAction","target":["https:\/\/kinamihealth.com\/hu\/termek\/meso-relle-32g-4mm\/"]}]},{"@type":"ImageObject","inLanguage":"hu","@id":"https:\/\/kinamihealth.com\/hu\/termek\/meso-relle-32g-4mm\/#primaryimage","url":"https:\/\/kinamihealth.com\/wp-content\/uploads\/woocommerce-placeholder.png","contentUrl":"https:\/\/kinamihealth.com\/wp-content\/uploads\/woocommerce-placeholder.png","width":1200,"height":1200,"caption":"woocommerce placeholder"},{"@type":"BreadcrumbList","@id":"https:\/\/kinamihealth.com\/hu\/termek\/meso-relle-32g-4mm\/#breadcrumb","itemListElement":[{"@type":"ListItem","position":1,"name":"Kezd\u0151lap","item":"https:\/\/kinamihealth.com\/"},{"@type":"ListItem","position":2,"name":"Bolt","item":"https:\/\/kinamihealth.com\/shop\/"},{"@type":"ListItem","position":3,"name":"MESO-RELLE\u00ae 32G &#8211; 4mm"}]},{"@type":"WebSite","@id":"https:\/\/kinamihealth.com\/#website","url":"https:\/\/kinamihealth.com\/","name":"Kinami Health","description":"","publisher":{"@id":"https:\/\/kinamihealth.com\/#organization"},"potentialAction":[{"@type":"SearchAction","target":{"@type":"EntryPoint","urlTemplate":"https:\/\/kinamihealth.com\/?s={search_term_string}"},"query-input":{"@type":"PropertyValueSpecification","valueRequired":true,"valueName":"search_term_string"}}],"inLanguage":"hu"},{"@type":"Organization","@id":"https:\/\/kinamihealth.com\/#organization","name":"Kinami Health","url":"https:\/\/kinamihealth.com\/","logo":{"@type":"ImageObject","inLanguage":"hu","@id":"https:\/\/kinamihealth.com\/#\/schema\/logo\/image\/","url":"https:\/\/kinamihealth.com\/wp-content\/uploads\/2025\/01\/KH_logo_black_2-1.png","contentUrl":"https:\/\/kinamihealth.com\/wp-content\/uploads\/2025\/01\/KH_logo_black_2-1.png","width":339,"height":34,"caption":"Kinami Health"},"image":{"@id":"https:\/\/kinamihealth.com\/#\/schema\/logo\/image\/"}}]}},"_links":{"self":[{"href":"https:\/\/kinamihealth.com\/hu\/wp-json\/wp\/v2\/product\/134935","targetHints":{"allow":["GET"]}}],"collection":[{"href":"https:\/\/kinamihealth.com\/hu\/wp-json\/wp\/v2\/product"}],"about":[{"href":"https:\/\/kinamihealth.com\/hu\/wp-json\/wp\/v2\/types\/product"}],"replies":[{"embeddable":true,"href":"https:\/\/kinamihealth.com\/hu\/wp-json\/wp\/v2\/comments?post=134935"}],"version-history":[{"count":1,"href":"https:\/\/kinamihealth.com\/hu\/wp-json\/wp\/v2\/product\/134935\/revisions"}],"predecessor-version":[{"id":134944,"href":"https:\/\/kinamihealth.com\/hu\/wp-json\/wp\/v2\/product\/134935\/revisions\/134944"}],"wp:featuredmedia":[{"embeddable":true,"href":"https:\/\/kinamihealth.com\/hu\/wp-json\/wp\/v2\/media\/14"}],"wp:attachment":[{"href":"https:\/\/kinamihealth.com\/hu\/wp-json\/wp\/v2\/media?parent=134935"}],"wp:term":[{"taxonomy":"product_brand","embeddable":true,"href":"https:\/\/kinamihealth.com\/hu\/wp-json\/wp\/v2\/product_brand?post=134935"},{"taxonomy":"product_cat","embeddable":true,"href":"https:\/\/kinamihealth.com\/hu\/wp-json\/wp\/v2\/product_cat?post=134935"},{"taxonomy":"product_tag","embeddable":true,"href":"https:\/\/kinamihealth.com\/hu\/wp-json\/wp\/v2\/product_tag?post=134935"}],"curies":[{"name":"wp","href":"https:\/\/api.w.org\/{rel}","templated":true}]}}