{"id":134922,"date":"2026-04-24T14:42:31","date_gmt":"2026-04-24T14:42:31","guid":{"rendered":"https:\/\/kinamihealth.com\/?post_type=product&#038;p=134922"},"modified":"2026-04-24T14:42:32","modified_gmt":"2026-04-24T14:42:32","slug":"intraline-pdo-thread-t2650-double-26g-50-70mm-7-06-0","status":"publish","type":"product","link":"https:\/\/kinamihealth.com\/hu\/termek\/intraline-pdo-thread-t2650-double-26g-50-70mm-7-06-0\/","title":{"rendered":"INTRALINE\u00ae PDO THREAD T2650 &#8211; DOUBLE 26G 50\/70mm 7-0,6-0"},"content":{"rendered":"","protected":false},"excerpt":{"rendered":"","protected":false},"featured_media":14,"comment_status":"open","ping_status":"closed","template":"","meta":{"_acf_changed":false,"inline_featured_image":false},"product_brand":[],"product_cat":[3250,3027],"product_tag":[2979],"class_list":{"0":"post-134922","1":"product","2":"type-product","3":"status-publish","4":"has-post-thumbnail","6":"product_cat-pdo-szalak","7":"product_cat-szalak","8":"product_tag-orvostechnikai-eszkozok","10":"first","11":"instock","12":"taxable","13":"shipping-taxable","14":"purchasable","15":"product-type-simple","16":"add-to-wishlist-before_image"},"acf":[],"yoast_head":"<!-- This site is optimized with the Yoast SEO plugin v27.5 - https:\/\/yoast.com\/product\/yoast-seo-wordpress\/ -->\n<title>V\u00e1s\u00e1roljon Intraline PDO-T2650 Double 26G sz\u00e1lakat<\/title>\n<meta name=\"description\" content=\"Rendeljen Intraline PDO Double sz\u00e1lakat arcfelvarr\u00e1shoz, sz\u00f6vetmeger\u0151s\u00edt\u00e9shez \u00e9s kollag\u00e9nindukci\u00f3hoz. Vil\u00e1gszerte klinik\u00e1k b\u00edznak benne.\" \/>\n<meta name=\"robots\" content=\"index, follow, max-snippet:-1, max-image-preview:large, max-video-preview:-1\" \/>\n<link rel=\"canonical\" href=\"https:\/\/kinamihealth.com\/hu\/wp-json\/wp\/v2\/product\/134922\" \/>\n<meta property=\"og:locale\" content=\"hu_HU\" \/>\n<meta property=\"og:type\" content=\"article\" \/>\n<meta property=\"og:title\" content=\"V\u00e1s\u00e1roljon Intraline PDO-T2650 Double 26G sz\u00e1lakat\" \/>\n<meta property=\"og:description\" content=\"Rendeljen Intraline PDO Double sz\u00e1lakat arcfelvarr\u00e1shoz, sz\u00f6vetmeger\u0151s\u00edt\u00e9shez \u00e9s kollag\u00e9nindukci\u00f3hoz. Vil\u00e1gszerte klinik\u00e1k b\u00edznak benne.\" \/>\n<meta property=\"og:url\" content=\"https:\/\/kinamihealth.com\/hu\/termek\/intraline-pdo-thread-t2650-double-26g-50-70mm-7-06-0\/\" \/>\n<meta property=\"og:site_name\" content=\"Kinami Health\" \/>\n<meta property=\"article:modified_time\" content=\"2026-04-24T14:42:32+00:00\" \/>\n<meta property=\"og:image\" content=\"https:\/\/kinamihealth.com\/wp-content\/uploads\/woocommerce-placeholder.png\" \/>\n\t<meta property=\"og:image:width\" content=\"1200\" \/>\n\t<meta property=\"og:image:height\" content=\"1200\" \/>\n\t<meta property=\"og:image:type\" content=\"image\/png\" \/>\n<meta name=\"twitter:card\" content=\"summary_large_image\" \/>\n<meta name=\"twitter:label1\" content=\"Becs\u00fclt olvas\u00e1si id\u0151\" \/>\n\t<meta name=\"twitter:data1\" content=\"1 perc\" \/>\n<!-- \/ Yoast SEO plugin. -->","yoast_head_json":{"title":"V\u00e1s\u00e1roljon Intraline PDO-T2650 Double 26G sz\u00e1lakat","description":"Rendeljen Intraline PDO Double sz\u00e1lakat arcfelvarr\u00e1shoz, sz\u00f6vetmeger\u0151s\u00edt\u00e9shez \u00e9s kollag\u00e9nindukci\u00f3hoz. Vil\u00e1gszerte klinik\u00e1k b\u00edznak benne.","robots":{"index":"index","follow":"follow","max-snippet":"max-snippet:-1","max-image-preview":"max-image-preview:large","max-video-preview":"max-video-preview:-1"},"canonical":"https:\/\/kinamihealth.com\/hu\/wp-json\/wp\/v2\/product\/134922","og_locale":"hu_HU","og_type":"article","og_title":"V\u00e1s\u00e1roljon Intraline PDO-T2650 Double 26G sz\u00e1lakat","og_description":"Rendeljen Intraline PDO Double sz\u00e1lakat arcfelvarr\u00e1shoz, sz\u00f6vetmeger\u0151s\u00edt\u00e9shez \u00e9s kollag\u00e9nindukci\u00f3hoz. Vil\u00e1gszerte klinik\u00e1k b\u00edznak benne.","og_url":"https:\/\/kinamihealth.com\/hu\/termek\/intraline-pdo-thread-t2650-double-26g-50-70mm-7-06-0\/","og_site_name":"Kinami Health","article_modified_time":"2026-04-24T14:42:32+00:00","og_image":[{"width":1200,"height":1200,"url":"https:\/\/kinamihealth.com\/wp-content\/uploads\/woocommerce-placeholder.png","type":"image\/png"}],"twitter_card":"summary_large_image","twitter_misc":{"Becs\u00fclt olvas\u00e1si id\u0151":"1 perc"},"schema":{"@context":"https:\/\/schema.org","@graph":[{"@type":"WebPage","@id":"https:\/\/kinamihealth.com\/hu\/termek\/intraline-pdo-thread-t2650-double-26g-50-70mm-7-06-0\/","url":"https:\/\/kinamihealth.com\/hu\/termek\/intraline-pdo-thread-t2650-double-26g-50-70mm-7-06-0\/","name":"V\u00e1s\u00e1roljon Intraline PDO-T2650 Double 26G sz\u00e1lakat","isPartOf":{"@id":"https:\/\/kinamihealth.com\/#website"},"primaryImageOfPage":{"@id":"https:\/\/kinamihealth.com\/hu\/termek\/intraline-pdo-thread-t2650-double-26g-50-70mm-7-06-0\/#primaryimage"},"image":{"@id":"https:\/\/kinamihealth.com\/hu\/termek\/intraline-pdo-thread-t2650-double-26g-50-70mm-7-06-0\/#primaryimage"},"thumbnailUrl":"https:\/\/kinamihealth.com\/wp-content\/uploads\/woocommerce-placeholder.png","datePublished":"2026-04-24T14:42:31+00:00","dateModified":"2026-04-24T14:42:32+00:00","description":"Rendeljen Intraline PDO Double sz\u00e1lakat arcfelvarr\u00e1shoz, sz\u00f6vetmeger\u0151s\u00edt\u00e9shez \u00e9s kollag\u00e9nindukci\u00f3hoz. Vil\u00e1gszerte klinik\u00e1k b\u00edznak benne.","breadcrumb":{"@id":"https:\/\/kinamihealth.com\/hu\/termek\/intraline-pdo-thread-t2650-double-26g-50-70mm-7-06-0\/#breadcrumb"},"inLanguage":"hu","potentialAction":[{"@type":"ReadAction","target":["https:\/\/kinamihealth.com\/hu\/termek\/intraline-pdo-thread-t2650-double-26g-50-70mm-7-06-0\/"]}]},{"@type":"ImageObject","inLanguage":"hu","@id":"https:\/\/kinamihealth.com\/hu\/termek\/intraline-pdo-thread-t2650-double-26g-50-70mm-7-06-0\/#primaryimage","url":"https:\/\/kinamihealth.com\/wp-content\/uploads\/woocommerce-placeholder.png","contentUrl":"https:\/\/kinamihealth.com\/wp-content\/uploads\/woocommerce-placeholder.png","width":1200,"height":1200,"caption":"woocommerce placeholder"},{"@type":"BreadcrumbList","@id":"https:\/\/kinamihealth.com\/hu\/termek\/intraline-pdo-thread-t2650-double-26g-50-70mm-7-06-0\/#breadcrumb","itemListElement":[{"@type":"ListItem","position":1,"name":"Kezd\u0151lap","item":"https:\/\/kinamihealth.com\/"},{"@type":"ListItem","position":2,"name":"Bolt","item":"https:\/\/kinamihealth.com\/shop\/"},{"@type":"ListItem","position":3,"name":"INTRALINE\u00ae PDO THREAD T2650 &#8211; DOUBLE 26G 50\/70mm 7-0,6-0"}]},{"@type":"WebSite","@id":"https:\/\/kinamihealth.com\/#website","url":"https:\/\/kinamihealth.com\/","name":"Kinami Health","description":"","publisher":{"@id":"https:\/\/kinamihealth.com\/#organization"},"potentialAction":[{"@type":"SearchAction","target":{"@type":"EntryPoint","urlTemplate":"https:\/\/kinamihealth.com\/?s={search_term_string}"},"query-input":{"@type":"PropertyValueSpecification","valueRequired":true,"valueName":"search_term_string"}}],"inLanguage":"hu"},{"@type":"Organization","@id":"https:\/\/kinamihealth.com\/#organization","name":"Kinami Health","url":"https:\/\/kinamihealth.com\/","logo":{"@type":"ImageObject","inLanguage":"hu","@id":"https:\/\/kinamihealth.com\/#\/schema\/logo\/image\/","url":"https:\/\/kinamihealth.com\/wp-content\/uploads\/2025\/01\/KH_logo_black_2-1.png","contentUrl":"https:\/\/kinamihealth.com\/wp-content\/uploads\/2025\/01\/KH_logo_black_2-1.png","width":339,"height":34,"caption":"Kinami Health"},"image":{"@id":"https:\/\/kinamihealth.com\/#\/schema\/logo\/image\/"}}]}},"_links":{"self":[{"href":"https:\/\/kinamihealth.com\/hu\/wp-json\/wp\/v2\/product\/134922","targetHints":{"allow":["GET"]}}],"collection":[{"href":"https:\/\/kinamihealth.com\/hu\/wp-json\/wp\/v2\/product"}],"about":[{"href":"https:\/\/kinamihealth.com\/hu\/wp-json\/wp\/v2\/types\/product"}],"replies":[{"embeddable":true,"href":"https:\/\/kinamihealth.com\/hu\/wp-json\/wp\/v2\/comments?post=134922"}],"version-history":[{"count":1,"href":"https:\/\/kinamihealth.com\/hu\/wp-json\/wp\/v2\/product\/134922\/revisions"}],"predecessor-version":[{"id":134929,"href":"https:\/\/kinamihealth.com\/hu\/wp-json\/wp\/v2\/product\/134922\/revisions\/134929"}],"wp:featuredmedia":[{"embeddable":true,"href":"https:\/\/kinamihealth.com\/hu\/wp-json\/wp\/v2\/media\/14"}],"wp:attachment":[{"href":"https:\/\/kinamihealth.com\/hu\/wp-json\/wp\/v2\/media?parent=134922"}],"wp:term":[{"taxonomy":"product_brand","embeddable":true,"href":"https:\/\/kinamihealth.com\/hu\/wp-json\/wp\/v2\/product_brand?post=134922"},{"taxonomy":"product_cat","embeddable":true,"href":"https:\/\/kinamihealth.com\/hu\/wp-json\/wp\/v2\/product_cat?post=134922"},{"taxonomy":"product_tag","embeddable":true,"href":"https:\/\/kinamihealth.com\/hu\/wp-json\/wp\/v2\/product_tag?post=134922"}],"curies":[{"name":"wp","href":"https:\/\/api.w.org\/{rel}","templated":true}]}}