{"id":134875,"date":"2026-04-24T13:43:02","date_gmt":"2026-04-24T13:43:02","guid":{"rendered":"https:\/\/kinamihealth.com\/?post_type=product&#038;p=134875"},"modified":"2026-04-24T13:43:02","modified_gmt":"2026-04-24T13:43:02","slug":"stylage-xxl-bi-soft-mepivacaine","status":"publish","type":"product","link":"https:\/\/kinamihealth.com\/hu\/termek\/stylage-xxl-bi-soft-mepivacaine\/","title":{"rendered":"STYLAGE\u00ae XXL BI-SOFT\u00ae Mepivacaine"},"content":{"rendered":"","protected":false},"excerpt":{"rendered":"","protected":false},"featured_media":133818,"comment_status":"open","ping_status":"closed","template":"","meta":{"_acf_changed":false,"inline_featured_image":false},"product_brand":[2256],"product_cat":[2997,3002],"product_tag":[2979],"class_list":{"0":"post-134875","1":"product","2":"type-product","3":"status-publish","4":"has-post-thumbnail","6":"product_brand-softfil","7":"product_cat-dermalis-toltoanyagok","8":"product_cat-ha-borfeltoltok","9":"product_tag-orvostechnikai-eszkozok","11":"first","12":"instock","13":"taxable","14":"shipping-taxable","15":"purchasable","16":"product-type-simple","17":"add-to-wishlist-before_image"},"acf":[],"yoast_head":"<!-- This site is optimized with the Yoast SEO plugin v27.5 - https:\/\/yoast.com\/product\/yoast-seo-wordpress\/ -->\n<title>V\u00e1s\u00e1roljon Stylage XXL Bi-Soft mepivakain tartalm\u00fa b\u0151rfelt\u00f6lt\u0151t<\/title>\n<meta name=\"description\" content=\"Rendeljen Stylage XXL Bi-Soft term\u00e9ket a m\u00e9lyrehat\u00f3 t\u00e9rfogat-p\u00f3tl\u00e1shoz \u00e9s kont\u00faroz\u00e1shoz. Klinik\u00e1k \u00e1ltal aj\u00e1nlott. Nagykereskedelmi lehet\u0151s\u00e9gek is rendelkez\u00e9sre \u00e1llnak.\" \/>\n<meta name=\"robots\" content=\"index, follow, max-snippet:-1, max-image-preview:large, max-video-preview:-1\" \/>\n<link rel=\"canonical\" href=\"https:\/\/kinamihealth.com\/hu\/wp-json\/wp\/v2\/product\/134875\" \/>\n<meta property=\"og:locale\" content=\"hu_HU\" \/>\n<meta property=\"og:type\" content=\"article\" \/>\n<meta property=\"og:title\" content=\"V\u00e1s\u00e1roljon Stylage XXL Bi-Soft mepivakain tartalm\u00fa b\u0151rfelt\u00f6lt\u0151t\" \/>\n<meta property=\"og:description\" content=\"Rendeljen Stylage XXL Bi-Soft term\u00e9ket a m\u00e9lyrehat\u00f3 t\u00e9rfogat-p\u00f3tl\u00e1shoz \u00e9s kont\u00faroz\u00e1shoz. Klinik\u00e1k \u00e1ltal aj\u00e1nlott. Nagykereskedelmi lehet\u0151s\u00e9gek is rendelkez\u00e9sre \u00e1llnak.\" \/>\n<meta property=\"og:url\" content=\"https:\/\/kinamihealth.com\/hu\/termek\/stylage-xxl-bi-soft-mepivacaine\/\" \/>\n<meta property=\"og:site_name\" content=\"Kinami Health\" \/>\n<meta property=\"og:image\" content=\"https:\/\/kinamihealth.com\/wp-content\/uploads\/2026\/03\/stylage-bi-soft-xxl-mepivacaine-front.webp\" \/>\n\t<meta property=\"og:image:width\" content=\"1500\" \/>\n\t<meta property=\"og:image:height\" content=\"1500\" \/>\n\t<meta property=\"og:image:type\" content=\"image\/webp\" \/>\n<meta name=\"twitter:card\" content=\"summary_large_image\" \/>\n<meta name=\"twitter:label1\" content=\"Becs\u00fclt olvas\u00e1si id\u0151\" \/>\n\t<meta name=\"twitter:data1\" content=\"1 perc\" \/>\n<!-- \/ Yoast SEO plugin. -->","yoast_head_json":{"title":"V\u00e1s\u00e1roljon Stylage XXL Bi-Soft mepivakain tartalm\u00fa b\u0151rfelt\u00f6lt\u0151t","description":"Rendeljen Stylage XXL Bi-Soft term\u00e9ket a m\u00e9lyrehat\u00f3 t\u00e9rfogat-p\u00f3tl\u00e1shoz \u00e9s kont\u00faroz\u00e1shoz. Klinik\u00e1k \u00e1ltal aj\u00e1nlott. Nagykereskedelmi lehet\u0151s\u00e9gek is rendelkez\u00e9sre \u00e1llnak.","robots":{"index":"index","follow":"follow","max-snippet":"max-snippet:-1","max-image-preview":"max-image-preview:large","max-video-preview":"max-video-preview:-1"},"canonical":"https:\/\/kinamihealth.com\/hu\/wp-json\/wp\/v2\/product\/134875","og_locale":"hu_HU","og_type":"article","og_title":"V\u00e1s\u00e1roljon Stylage XXL Bi-Soft mepivakain tartalm\u00fa b\u0151rfelt\u00f6lt\u0151t","og_description":"Rendeljen Stylage XXL Bi-Soft term\u00e9ket a m\u00e9lyrehat\u00f3 t\u00e9rfogat-p\u00f3tl\u00e1shoz \u00e9s kont\u00faroz\u00e1shoz. Klinik\u00e1k \u00e1ltal aj\u00e1nlott. Nagykereskedelmi lehet\u0151s\u00e9gek is rendelkez\u00e9sre \u00e1llnak.","og_url":"https:\/\/kinamihealth.com\/hu\/termek\/stylage-xxl-bi-soft-mepivacaine\/","og_site_name":"Kinami Health","og_image":[{"width":1500,"height":1500,"url":"https:\/\/kinamihealth.com\/wp-content\/uploads\/2026\/03\/stylage-bi-soft-xxl-mepivacaine-front.webp","type":"image\/webp"}],"twitter_card":"summary_large_image","twitter_misc":{"Becs\u00fclt olvas\u00e1si id\u0151":"1 perc"},"schema":{"@context":"https:\/\/schema.org","@graph":[{"@type":"WebPage","@id":"https:\/\/kinamihealth.com\/hu\/termek\/stylage-xxl-bi-soft-mepivacaine\/","url":"https:\/\/kinamihealth.com\/hu\/termek\/stylage-xxl-bi-soft-mepivacaine\/","name":"V\u00e1s\u00e1roljon Stylage XXL Bi-Soft mepivakain tartalm\u00fa b\u0151rfelt\u00f6lt\u0151t","isPartOf":{"@id":"https:\/\/kinamihealth.com\/#website"},"primaryImageOfPage":{"@id":"https:\/\/kinamihealth.com\/hu\/termek\/stylage-xxl-bi-soft-mepivacaine\/#primaryimage"},"image":{"@id":"https:\/\/kinamihealth.com\/hu\/termek\/stylage-xxl-bi-soft-mepivacaine\/#primaryimage"},"thumbnailUrl":"https:\/\/kinamihealth.com\/wp-content\/uploads\/2026\/03\/stylage-bi-soft-xxl-mepivacaine-front.webp","datePublished":"2026-04-24T13:43:02+00:00","description":"Rendeljen Stylage XXL Bi-Soft term\u00e9ket a m\u00e9lyrehat\u00f3 t\u00e9rfogat-p\u00f3tl\u00e1shoz \u00e9s kont\u00faroz\u00e1shoz. Klinik\u00e1k \u00e1ltal aj\u00e1nlott. Nagykereskedelmi lehet\u0151s\u00e9gek is rendelkez\u00e9sre \u00e1llnak.","breadcrumb":{"@id":"https:\/\/kinamihealth.com\/hu\/termek\/stylage-xxl-bi-soft-mepivacaine\/#breadcrumb"},"inLanguage":"hu","potentialAction":[{"@type":"ReadAction","target":["https:\/\/kinamihealth.com\/hu\/termek\/stylage-xxl-bi-soft-mepivacaine\/"]}]},{"@type":"ImageObject","inLanguage":"hu","@id":"https:\/\/kinamihealth.com\/hu\/termek\/stylage-xxl-bi-soft-mepivacaine\/#primaryimage","url":"https:\/\/kinamihealth.com\/wp-content\/uploads\/2026\/03\/stylage-bi-soft-xxl-mepivacaine-front.webp","contentUrl":"https:\/\/kinamihealth.com\/wp-content\/uploads\/2026\/03\/stylage-bi-soft-xxl-mepivacaine-front.webp","width":1500,"height":1500},{"@type":"BreadcrumbList","@id":"https:\/\/kinamihealth.com\/hu\/termek\/stylage-xxl-bi-soft-mepivacaine\/#breadcrumb","itemListElement":[{"@type":"ListItem","position":1,"name":"Kezd\u0151lap","item":"https:\/\/kinamihealth.com\/"},{"@type":"ListItem","position":2,"name":"Bolt","item":"https:\/\/kinamihealth.com\/shop\/"},{"@type":"ListItem","position":3,"name":"STYLAGE\u00ae XXL BI-SOFT\u00ae Mepivacaine"}]},{"@type":"WebSite","@id":"https:\/\/kinamihealth.com\/#website","url":"https:\/\/kinamihealth.com\/","name":"Kinami Health","description":"","publisher":{"@id":"https:\/\/kinamihealth.com\/#organization"},"potentialAction":[{"@type":"SearchAction","target":{"@type":"EntryPoint","urlTemplate":"https:\/\/kinamihealth.com\/?s={search_term_string}"},"query-input":{"@type":"PropertyValueSpecification","valueRequired":true,"valueName":"search_term_string"}}],"inLanguage":"hu"},{"@type":"Organization","@id":"https:\/\/kinamihealth.com\/#organization","name":"Kinami Health","url":"https:\/\/kinamihealth.com\/","logo":{"@type":"ImageObject","inLanguage":"hu","@id":"https:\/\/kinamihealth.com\/#\/schema\/logo\/image\/","url":"https:\/\/kinamihealth.com\/wp-content\/uploads\/2025\/01\/KH_logo_black_2-1.png","contentUrl":"https:\/\/kinamihealth.com\/wp-content\/uploads\/2025\/01\/KH_logo_black_2-1.png","width":339,"height":34,"caption":"Kinami Health"},"image":{"@id":"https:\/\/kinamihealth.com\/#\/schema\/logo\/image\/"}}]}},"_links":{"self":[{"href":"https:\/\/kinamihealth.com\/hu\/wp-json\/wp\/v2\/product\/134875","targetHints":{"allow":["GET"]}}],"collection":[{"href":"https:\/\/kinamihealth.com\/hu\/wp-json\/wp\/v2\/product"}],"about":[{"href":"https:\/\/kinamihealth.com\/hu\/wp-json\/wp\/v2\/types\/product"}],"replies":[{"embeddable":true,"href":"https:\/\/kinamihealth.com\/hu\/wp-json\/wp\/v2\/comments?post=134875"}],"version-history":[{"count":1,"href":"https:\/\/kinamihealth.com\/hu\/wp-json\/wp\/v2\/product\/134875\/revisions"}],"predecessor-version":[{"id":134877,"href":"https:\/\/kinamihealth.com\/hu\/wp-json\/wp\/v2\/product\/134875\/revisions\/134877"}],"wp:featuredmedia":[{"embeddable":true,"href":"https:\/\/kinamihealth.com\/hu\/wp-json\/wp\/v2\/media\/133818"}],"wp:attachment":[{"href":"https:\/\/kinamihealth.com\/hu\/wp-json\/wp\/v2\/media?parent=134875"}],"wp:term":[{"taxonomy":"product_brand","embeddable":true,"href":"https:\/\/kinamihealth.com\/hu\/wp-json\/wp\/v2\/product_brand?post=134875"},{"taxonomy":"product_cat","embeddable":true,"href":"https:\/\/kinamihealth.com\/hu\/wp-json\/wp\/v2\/product_cat?post=134875"},{"taxonomy":"product_tag","embeddable":true,"href":"https:\/\/kinamihealth.com\/hu\/wp-json\/wp\/v2\/product_tag?post=134875"}],"curies":[{"name":"wp","href":"https:\/\/api.w.org\/{rel}","templated":true}]}}