{"id":118444,"date":"2025-02-15T16:55:32","date_gmt":"2025-02-15T16:55:32","guid":{"rendered":"https:\/\/kinamihealth.com\/product\/intraline-mono-m2750-27g-50mm-70mm\/"},"modified":"2025-11-18T21:26:05","modified_gmt":"2025-11-18T21:26:05","slug":"intraline-mono-m2750-27g-50mm-70mm","status":"publish","type":"product","link":"https:\/\/kinamihealth.com\/hu\/termek\/intraline-mono-m2750-27g-50mm-70mm\/","title":{"rendered":"INTRALINE\u00ae MONO M2750 &#8211; 27G 50mm\/70mm"},"content":{"rendered":"<p><span style=\"font-weight: 400;\">Az Intraline Mono M2750 egy <\/span><b>kiv\u00e1l\u00f3 min\u0151s\u00e9g\u0171 polidioxanon (PDO) sz\u00e1l<\/b><span style=\"font-weight: 400;\">, amelyet az eszt\u00e9tikai orvosl\u00e1sban haszn\u00e1lnak nem seb\u00e9szi liftinghez \u00e9s b\u0151rfiatal\u00edt\u00e1shoz.<\/span><\/p>\n<p><b>K\u00e9t hossz\u00fas\u00e1gban<\/b><span style=\"font-weight: 400;\">, 50 mm-es \u00e9s 70 mm-es, 27G-os t\u0171vel kaphat\u00f3, \u00edgy sokoldal\u00faan alkalmazhat\u00f3 k\u00fcl\u00f6nb\u00f6z\u0151 kezel\u00e9si ter\u00fcleteken. Ezek a sz\u00e1lak <\/span><b>biol\u00f3giailag lebonthat\u00f3ak<\/b><span style=\"font-weight: 400;\"> \u00e9s stimul\u00e1lj\u00e1k a kollag\u00e9n termel\u00e9st, ami jav\u00edtja a b\u0151r text\u00far\u00e1j\u00e1t \u00e9s feszess\u00e9g\u00e9t.<\/span><\/p>\n<p><span style=\"font-weight: 400;\">Az orvosok az <\/span><b>Intraline Mono M2750 &#8211; 27G 50 mm\/70 mm<\/b><span style=\"font-weight: 400;\"> term\u00e9ket a Kinami Health webshopban gyors sz\u00e1ll\u00edt\u00e1ssal \u00e9s nagykereskedelmi \u00e1ron v\u00e1s\u00e1rolhatj\u00e1k meg.<\/span><\/p>\n","protected":false},"excerpt":{"rendered":"<p>Az Intraline Mono M2750 egy kiv\u00e1l\u00f3 min\u0151s\u00e9g\u0171 polidioxanon (PDO) sz\u00e1l, amelyet az eszt\u00e9tikai orvosl\u00e1sban haszn\u00e1lnak nem seb\u00e9szi liftinghez \u00e9s b\u0151rfiatal\u00edt\u00e1shoz. K\u00e9t hossz\u00fas\u00e1gban, 50 mm-es \u00e9s 70 mm-es, 27G-os t\u0171vel kaphat\u00f3, \u00edgy sokoldal\u00faan alkalmazhat\u00f3 k\u00fcl\u00f6nb\u00f6z\u0151 kezel\u00e9si ter\u00fcleteken. Ezek a sz\u00e1lak biol\u00f3giailag lebonthat\u00f3ak \u00e9s stimul\u00e1lj\u00e1k a kollag\u00e9n termel\u00e9st, ami jav\u00edtja a b\u0151r text\u00far\u00e1j\u00e1t \u00e9s feszess\u00e9g\u00e9t. Az orvosok [&hellip;]<\/p>\n","protected":false},"featured_media":118445,"comment_status":"closed","ping_status":"closed","template":"","meta":{"_acf_changed":false,"inline_featured_image":false},"product_brand":[2238],"product_cat":[3250,3027],"product_tag":[2979],"class_list":{"0":"post-118444","1":"product","2":"type-product","3":"status-publish","4":"has-post-thumbnail","6":"product_brand-intraline","7":"product_cat-pdo-szalak","8":"product_cat-szalak","9":"product_tag-orvostechnikai-eszkozok","11":"first","12":"instock","13":"taxable","14":"shipping-taxable","15":"purchasable","16":"product-type-simple","17":"add-to-wishlist-before_image"},"acf":[],"yoast_head":"<!-- This site is optimized with the Yoast SEO plugin v27.5 - https:\/\/yoast.com\/product\/yoast-seo-wordpress\/ -->\n<title>V\u00e1s\u00e1roljon Intraline Mono M2750 - 27G 50mm\/70mm online m\u00e9g ma<\/title>\n<meta name=\"description\" content=\"V\u00e1s\u00e1rolja meg online az Intraline Mono M2750 - 27G 50mm\/70mm term\u00e9ket a b\u0151r feszes\u00edt\u00e9s\u00e9hez \u00e9s fiatal\u00edt\u00e1s\u00e1hoz PDO sz\u00e1lakkal. Rendeljen most a Nu Derma Supply-t\u00f3l.\" \/>\n<meta name=\"robots\" content=\"index, follow, max-snippet:-1, max-image-preview:large, max-video-preview:-1\" \/>\n<link rel=\"canonical\" href=\"https:\/\/kinamihealth.com\/hu\/wp-json\/wp\/v2\/product\/118444\" \/>\n<meta property=\"og:locale\" content=\"hu_HU\" \/>\n<meta property=\"og:type\" content=\"article\" \/>\n<meta property=\"og:title\" content=\"V\u00e1s\u00e1roljon Intraline Mono M2750 - 27G 50mm\/70mm online m\u00e9g ma\" \/>\n<meta property=\"og:description\" content=\"V\u00e1s\u00e1rolja meg online az Intraline Mono M2750 - 27G 50mm\/70mm term\u00e9ket a b\u0151r feszes\u00edt\u00e9s\u00e9hez \u00e9s fiatal\u00edt\u00e1s\u00e1hoz PDO sz\u00e1lakkal. Rendeljen most a Nu Derma Supply-t\u00f3l.\" \/>\n<meta property=\"og:url\" content=\"https:\/\/kinamihealth.com\/hu\/termek\/intraline-mono-m2750-27g-50mm-70mm\/\" \/>\n<meta property=\"og:site_name\" content=\"Kinami Health\" \/>\n<meta property=\"article:modified_time\" content=\"2025-11-18T21:26:05+00:00\" \/>\n<meta property=\"og:image\" content=\"https:\/\/kinamihealth.com\/wp-content\/uploads\/2025\/02\/INTRALINE-MONO-M2750-50MM70MM-01.jpg\" \/>\n\t<meta property=\"og:image:width\" content=\"800\" \/>\n\t<meta property=\"og:image:height\" content=\"800\" \/>\n\t<meta property=\"og:image:type\" content=\"image\/jpeg\" \/>\n<meta name=\"twitter:card\" content=\"summary_large_image\" \/>\n<meta name=\"twitter:label1\" content=\"Becs\u00fclt olvas\u00e1si id\u0151\" \/>\n\t<meta name=\"twitter:data1\" content=\"1 perc\" \/>\n<!-- \/ Yoast SEO plugin. -->","yoast_head_json":{"title":"V\u00e1s\u00e1roljon Intraline Mono M2750 - 27G 50mm\/70mm online m\u00e9g ma","description":"V\u00e1s\u00e1rolja meg online az Intraline Mono M2750 - 27G 50mm\/70mm term\u00e9ket a b\u0151r feszes\u00edt\u00e9s\u00e9hez \u00e9s fiatal\u00edt\u00e1s\u00e1hoz PDO sz\u00e1lakkal. Rendeljen most a Nu Derma Supply-t\u00f3l.","robots":{"index":"index","follow":"follow","max-snippet":"max-snippet:-1","max-image-preview":"max-image-preview:large","max-video-preview":"max-video-preview:-1"},"canonical":"https:\/\/kinamihealth.com\/hu\/wp-json\/wp\/v2\/product\/118444","og_locale":"hu_HU","og_type":"article","og_title":"V\u00e1s\u00e1roljon Intraline Mono M2750 - 27G 50mm\/70mm online m\u00e9g ma","og_description":"V\u00e1s\u00e1rolja meg online az Intraline Mono M2750 - 27G 50mm\/70mm term\u00e9ket a b\u0151r feszes\u00edt\u00e9s\u00e9hez \u00e9s fiatal\u00edt\u00e1s\u00e1hoz PDO sz\u00e1lakkal. Rendeljen most a Nu Derma Supply-t\u00f3l.","og_url":"https:\/\/kinamihealth.com\/hu\/termek\/intraline-mono-m2750-27g-50mm-70mm\/","og_site_name":"Kinami Health","article_modified_time":"2025-11-18T21:26:05+00:00","og_image":[{"width":800,"height":800,"url":"https:\/\/kinamihealth.com\/wp-content\/uploads\/2025\/02\/INTRALINE-MONO-M2750-50MM70MM-01.jpg","type":"image\/jpeg"}],"twitter_card":"summary_large_image","twitter_misc":{"Becs\u00fclt olvas\u00e1si id\u0151":"1 perc"},"schema":{"@context":"https:\/\/schema.org","@graph":[{"@type":"WebPage","@id":"https:\/\/kinamihealth.com\/hu\/termek\/intraline-mono-m2750-27g-50mm-70mm\/","url":"https:\/\/kinamihealth.com\/hu\/termek\/intraline-mono-m2750-27g-50mm-70mm\/","name":"V\u00e1s\u00e1roljon Intraline Mono M2750 - 27G 50mm\/70mm online m\u00e9g ma","isPartOf":{"@id":"https:\/\/kinamihealth.com\/#website"},"primaryImageOfPage":{"@id":"https:\/\/kinamihealth.com\/hu\/termek\/intraline-mono-m2750-27g-50mm-70mm\/#primaryimage"},"image":{"@id":"https:\/\/kinamihealth.com\/hu\/termek\/intraline-mono-m2750-27g-50mm-70mm\/#primaryimage"},"thumbnailUrl":"https:\/\/kinamihealth.com\/wp-content\/uploads\/2025\/02\/INTRALINE-MONO-M2750-50MM70MM-01.jpg","datePublished":"2025-02-15T16:55:32+00:00","dateModified":"2025-11-18T21:26:05+00:00","description":"V\u00e1s\u00e1rolja meg online az Intraline Mono M2750 - 27G 50mm\/70mm term\u00e9ket a b\u0151r feszes\u00edt\u00e9s\u00e9hez \u00e9s fiatal\u00edt\u00e1s\u00e1hoz PDO sz\u00e1lakkal. Rendeljen most a Nu Derma Supply-t\u00f3l.","breadcrumb":{"@id":"https:\/\/kinamihealth.com\/hu\/termek\/intraline-mono-m2750-27g-50mm-70mm\/#breadcrumb"},"inLanguage":"hu","potentialAction":[{"@type":"ReadAction","target":["https:\/\/kinamihealth.com\/hu\/termek\/intraline-mono-m2750-27g-50mm-70mm\/"]}]},{"@type":"ImageObject","inLanguage":"hu","@id":"https:\/\/kinamihealth.com\/hu\/termek\/intraline-mono-m2750-27g-50mm-70mm\/#primaryimage","url":"https:\/\/kinamihealth.com\/wp-content\/uploads\/2025\/02\/INTRALINE-MONO-M2750-50MM70MM-01.jpg","contentUrl":"https:\/\/kinamihealth.com\/wp-content\/uploads\/2025\/02\/INTRALINE-MONO-M2750-50MM70MM-01.jpg","width":800,"height":800},{"@type":"BreadcrumbList","@id":"https:\/\/kinamihealth.com\/hu\/termek\/intraline-mono-m2750-27g-50mm-70mm\/#breadcrumb","itemListElement":[{"@type":"ListItem","position":1,"name":"Kezd\u0151lap","item":"https:\/\/kinamihealth.com\/"},{"@type":"ListItem","position":2,"name":"Bolt","item":"https:\/\/kinamihealth.com\/shop\/"},{"@type":"ListItem","position":3,"name":"INTRALINE\u00ae MONO M2750 &#8211; 27G 50mm\/70mm"}]},{"@type":"WebSite","@id":"https:\/\/kinamihealth.com\/#website","url":"https:\/\/kinamihealth.com\/","name":"Kinami Health","description":"","publisher":{"@id":"https:\/\/kinamihealth.com\/#organization"},"potentialAction":[{"@type":"SearchAction","target":{"@type":"EntryPoint","urlTemplate":"https:\/\/kinamihealth.com\/?s={search_term_string}"},"query-input":{"@type":"PropertyValueSpecification","valueRequired":true,"valueName":"search_term_string"}}],"inLanguage":"hu"},{"@type":"Organization","@id":"https:\/\/kinamihealth.com\/#organization","name":"Kinami Health","url":"https:\/\/kinamihealth.com\/","logo":{"@type":"ImageObject","inLanguage":"hu","@id":"https:\/\/kinamihealth.com\/#\/schema\/logo\/image\/","url":"https:\/\/kinamihealth.com\/wp-content\/uploads\/2025\/01\/KH_logo_black_2-1.png","contentUrl":"https:\/\/kinamihealth.com\/wp-content\/uploads\/2025\/01\/KH_logo_black_2-1.png","width":339,"height":34,"caption":"Kinami Health"},"image":{"@id":"https:\/\/kinamihealth.com\/#\/schema\/logo\/image\/"}}]}},"_links":{"self":[{"href":"https:\/\/kinamihealth.com\/hu\/wp-json\/wp\/v2\/product\/118444","targetHints":{"allow":["GET"]}}],"collection":[{"href":"https:\/\/kinamihealth.com\/hu\/wp-json\/wp\/v2\/product"}],"about":[{"href":"https:\/\/kinamihealth.com\/hu\/wp-json\/wp\/v2\/types\/product"}],"replies":[{"embeddable":true,"href":"https:\/\/kinamihealth.com\/hu\/wp-json\/wp\/v2\/comments?post=118444"}],"version-history":[{"count":0,"href":"https:\/\/kinamihealth.com\/hu\/wp-json\/wp\/v2\/product\/118444\/revisions"}],"wp:featuredmedia":[{"embeddable":true,"href":"https:\/\/kinamihealth.com\/hu\/wp-json\/wp\/v2\/media\/118445"}],"wp:attachment":[{"href":"https:\/\/kinamihealth.com\/hu\/wp-json\/wp\/v2\/media?parent=118444"}],"wp:term":[{"taxonomy":"product_brand","embeddable":true,"href":"https:\/\/kinamihealth.com\/hu\/wp-json\/wp\/v2\/product_brand?post=118444"},{"taxonomy":"product_cat","embeddable":true,"href":"https:\/\/kinamihealth.com\/hu\/wp-json\/wp\/v2\/product_cat?post=118444"},{"taxonomy":"product_tag","embeddable":true,"href":"https:\/\/kinamihealth.com\/hu\/wp-json\/wp\/v2\/product_tag?post=118444"}],"curies":[{"name":"wp","href":"https:\/\/api.w.org\/{rel}","templated":true}]}}