{"id":118437,"date":"2025-02-15T16:55:31","date_gmt":"2025-02-15T16:55:31","guid":{"rendered":"https:\/\/kinamihealth.com\/product\/intraline-mono-29g-38-50-6-0\/"},"modified":"2025-11-18T21:30:13","modified_gmt":"2025-11-18T21:30:13","slug":"intraline-mono-29g-38-50-6-0","status":"publish","type":"product","link":"https:\/\/kinamihealth.com\/hu\/termek\/intraline-mono-29g-38-50-6-0\/","title":{"rendered":"INTRALINE\u00ae MONO 29G 38 50 6-0"},"content":{"rendered":"<p><span style=\"font-weight: 400;\">V\u00e1s\u00e1rl\u00e1s Az Intraline 29G 38 50 6-0 Mono sz\u00e1lak speci\u00e1lisan \u00fagy lettek kialak\u00edtva, hogy k\u00f6nnyen behelyezhet\u0151k \u00e9s optim\u00e1lis b\u0151rben marad\u00e1suk biztos\u00edtja a kiv\u00e1l\u00f3 eredm\u00e9nyeket. Ezek a sima PDO sz\u00e1lak polidioxanonb\u00f3l k\u00e9sz\u00fclnek, egy sz\u00edntelen, biol\u00f3giailag lebonthat\u00f3 szintetikus polimerb\u0151l, amelyet sz\u00e9les k\u00f6rben haszn\u00e1lnak seb\u00e9szeti beavatkoz\u00e1sok sor\u00e1n. Az arc \u00f6reged\u00e9s\u00e9nek, a b\u0151r lazas\u00e1g\u00e1nak, aszimmetri\u00e1j\u00e1nak \u00e9s egy\u00e9b eszt\u00e9tikai probl\u00e9m\u00e1knak a kezel\u00e9s\u00e9re kifejlesztett sz\u00e1lak ide\u00e1lis megold\u00e1st k\u00edn\u00e1lnak azoknak a p\u00e1cienseknek, akik invaz\u00edv beavatkoz\u00e1sok n\u00e9lk\u00fcl szeretn\u00e9k meg\u00faj\u00edtani b\u0151r\u00fcket.<\/span><\/p>\n","protected":false},"excerpt":{"rendered":"<p>V\u00e1s\u00e1rl\u00e1s Az Intraline 29G 38 50 6-0 Mono sz\u00e1lak speci\u00e1lisan \u00fagy lettek kialak\u00edtva, hogy k\u00f6nnyen behelyezhet\u0151k \u00e9s optim\u00e1lis b\u0151rben marad\u00e1suk biztos\u00edtja a kiv\u00e1l\u00f3 eredm\u00e9nyeket. Ezek a sima PDO sz\u00e1lak polidioxanonb\u00f3l k\u00e9sz\u00fclnek, egy sz\u00edntelen, biol\u00f3giailag lebonthat\u00f3 szintetikus polimerb\u0151l, amelyet sz\u00e9les k\u00f6rben haszn\u00e1lnak seb\u00e9szeti beavatkoz\u00e1sok sor\u00e1n. Az arc \u00f6reged\u00e9s\u00e9nek, a b\u0151r lazas\u00e1g\u00e1nak, aszimmetri\u00e1j\u00e1nak \u00e9s egy\u00e9b eszt\u00e9tikai probl\u00e9m\u00e1knak [&hellip;]<\/p>\n","protected":false},"featured_media":118442,"comment_status":"closed","ping_status":"closed","template":"","meta":{"_acf_changed":false,"inline_featured_image":false},"product_brand":[2238],"product_cat":[3250,3027],"product_tag":[2979],"class_list":{"0":"post-118437","1":"product","2":"type-product","3":"status-publish","4":"has-post-thumbnail","6":"product_brand-intraline","7":"product_cat-pdo-szalak","8":"product_cat-szalak","9":"product_tag-orvostechnikai-eszkozok","11":"first","12":"instock","13":"taxable","14":"shipping-taxable","15":"purchasable","16":"product-type-simple","17":"add-to-wishlist-before_image"},"acf":[],"yoast_head":"<!-- This site is optimized with the Yoast SEO plugin v27.3 - https:\/\/yoast.com\/product\/yoast-seo-wordpress\/ -->\n<title>V\u00e1s\u00e1roljon Intraline Mono 29G 38 50 6-0 online<\/title>\n<meta name=\"description\" content=\"V\u00e1s\u00e1rolja meg online az Intraline Mono 29G 38 50 6-0-t. Azonnal feszes\u00edti a b\u0151rt, mik\u00f6zben stimul\u00e1lja a kollag\u00e9n termel\u00e9st a tart\u00f3s fiatal\u00edt\u00e1s \u00e9s ragyog\u00e1s \u00e9rdek\u00e9ben.\" \/>\n<meta name=\"robots\" content=\"index, follow, max-snippet:-1, max-image-preview:large, max-video-preview:-1\" \/>\n<link rel=\"canonical\" href=\"https:\/\/kinamihealth.com\/hu\/wp-json\/wp\/v2\/product\/118437\" \/>\n<meta property=\"og:locale\" content=\"hu_HU\" \/>\n<meta property=\"og:type\" content=\"article\" \/>\n<meta property=\"og:title\" content=\"V\u00e1s\u00e1roljon Intraline Mono 29G 38 50 6-0 online\" \/>\n<meta property=\"og:description\" content=\"V\u00e1s\u00e1rolja meg online az Intraline Mono 29G 38 50 6-0-t. Azonnal feszes\u00edti a b\u0151rt, mik\u00f6zben stimul\u00e1lja a kollag\u00e9n termel\u00e9st a tart\u00f3s fiatal\u00edt\u00e1s \u00e9s ragyog\u00e1s \u00e9rdek\u00e9ben.\" \/>\n<meta property=\"og:url\" content=\"https:\/\/kinamihealth.com\/hu\/termek\/intraline-mono-29g-38-50-6-0\/\" \/>\n<meta property=\"og:site_name\" content=\"Kinami Health\" \/>\n<meta property=\"article:modified_time\" content=\"2025-11-18T21:30:13+00:00\" \/>\n<meta property=\"og:image\" content=\"https:\/\/kinamihealth.com\/wp-content\/uploads\/2025\/02\/INTRALINE-MONO-29G-38-50-6-0_Front.webp\" \/>\n\t<meta property=\"og:image:width\" content=\"1500\" \/>\n\t<meta property=\"og:image:height\" content=\"1500\" \/>\n\t<meta property=\"og:image:type\" content=\"image\/webp\" \/>\n<meta name=\"twitter:card\" content=\"summary_large_image\" \/>\n<meta name=\"twitter:label1\" content=\"Becs\u00fclt olvas\u00e1si id\u0151\" \/>\n\t<meta name=\"twitter:data1\" content=\"1 perc\" \/>\n<!-- \/ Yoast SEO plugin. -->","yoast_head_json":{"title":"V\u00e1s\u00e1roljon Intraline Mono 29G 38 50 6-0 online","description":"V\u00e1s\u00e1rolja meg online az Intraline Mono 29G 38 50 6-0-t. Azonnal feszes\u00edti a b\u0151rt, mik\u00f6zben stimul\u00e1lja a kollag\u00e9n termel\u00e9st a tart\u00f3s fiatal\u00edt\u00e1s \u00e9s ragyog\u00e1s \u00e9rdek\u00e9ben.","robots":{"index":"index","follow":"follow","max-snippet":"max-snippet:-1","max-image-preview":"max-image-preview:large","max-video-preview":"max-video-preview:-1"},"canonical":"https:\/\/kinamihealth.com\/hu\/wp-json\/wp\/v2\/product\/118437","og_locale":"hu_HU","og_type":"article","og_title":"V\u00e1s\u00e1roljon Intraline Mono 29G 38 50 6-0 online","og_description":"V\u00e1s\u00e1rolja meg online az Intraline Mono 29G 38 50 6-0-t. Azonnal feszes\u00edti a b\u0151rt, mik\u00f6zben stimul\u00e1lja a kollag\u00e9n termel\u00e9st a tart\u00f3s fiatal\u00edt\u00e1s \u00e9s ragyog\u00e1s \u00e9rdek\u00e9ben.","og_url":"https:\/\/kinamihealth.com\/hu\/termek\/intraline-mono-29g-38-50-6-0\/","og_site_name":"Kinami Health","article_modified_time":"2025-11-18T21:30:13+00:00","og_image":[{"width":1500,"height":1500,"url":"https:\/\/kinamihealth.com\/wp-content\/uploads\/2025\/02\/INTRALINE-MONO-29G-38-50-6-0_Front.webp","type":"image\/webp"}],"twitter_card":"summary_large_image","twitter_misc":{"Becs\u00fclt olvas\u00e1si id\u0151":"1 perc"},"schema":{"@context":"https:\/\/schema.org","@graph":[{"@type":"WebPage","@id":"https:\/\/kinamihealth.com\/hu\/termek\/intraline-mono-29g-38-50-6-0\/","url":"https:\/\/kinamihealth.com\/hu\/termek\/intraline-mono-29g-38-50-6-0\/","name":"V\u00e1s\u00e1roljon Intraline Mono 29G 38 50 6-0 online","isPartOf":{"@id":"https:\/\/kinamihealth.com\/#website"},"primaryImageOfPage":{"@id":"https:\/\/kinamihealth.com\/hu\/termek\/intraline-mono-29g-38-50-6-0\/#primaryimage"},"image":{"@id":"https:\/\/kinamihealth.com\/hu\/termek\/intraline-mono-29g-38-50-6-0\/#primaryimage"},"thumbnailUrl":"https:\/\/kinamihealth.com\/wp-content\/uploads\/2025\/02\/INTRALINE-MONO-29G-38-50-6-0_Front.webp","datePublished":"2025-02-15T16:55:31+00:00","dateModified":"2025-11-18T21:30:13+00:00","description":"V\u00e1s\u00e1rolja meg online az Intraline Mono 29G 38 50 6-0-t. Azonnal feszes\u00edti a b\u0151rt, mik\u00f6zben stimul\u00e1lja a kollag\u00e9n termel\u00e9st a tart\u00f3s fiatal\u00edt\u00e1s \u00e9s ragyog\u00e1s \u00e9rdek\u00e9ben.","breadcrumb":{"@id":"https:\/\/kinamihealth.com\/hu\/termek\/intraline-mono-29g-38-50-6-0\/#breadcrumb"},"inLanguage":"hu","potentialAction":[{"@type":"ReadAction","target":["https:\/\/kinamihealth.com\/hu\/termek\/intraline-mono-29g-38-50-6-0\/"]}]},{"@type":"ImageObject","inLanguage":"hu","@id":"https:\/\/kinamihealth.com\/hu\/termek\/intraline-mono-29g-38-50-6-0\/#primaryimage","url":"https:\/\/kinamihealth.com\/wp-content\/uploads\/2025\/02\/INTRALINE-MONO-29G-38-50-6-0_Front.webp","contentUrl":"https:\/\/kinamihealth.com\/wp-content\/uploads\/2025\/02\/INTRALINE-MONO-29G-38-50-6-0_Front.webp","width":1500,"height":1500},{"@type":"BreadcrumbList","@id":"https:\/\/kinamihealth.com\/hu\/termek\/intraline-mono-29g-38-50-6-0\/#breadcrumb","itemListElement":[{"@type":"ListItem","position":1,"name":"Kezd\u0151lap","item":"https:\/\/kinamihealth.com\/"},{"@type":"ListItem","position":2,"name":"Bolt","item":"https:\/\/kinamihealth.com\/shop\/"},{"@type":"ListItem","position":3,"name":"INTRALINE\u00ae MONO 29G 38 50 6-0"}]},{"@type":"WebSite","@id":"https:\/\/kinamihealth.com\/#website","url":"https:\/\/kinamihealth.com\/","name":"Kinami Health","description":"","publisher":{"@id":"https:\/\/kinamihealth.com\/#organization"},"potentialAction":[{"@type":"SearchAction","target":{"@type":"EntryPoint","urlTemplate":"https:\/\/kinamihealth.com\/?s={search_term_string}"},"query-input":{"@type":"PropertyValueSpecification","valueRequired":true,"valueName":"search_term_string"}}],"inLanguage":"hu"},{"@type":"Organization","@id":"https:\/\/kinamihealth.com\/#organization","name":"Kinami Health","url":"https:\/\/kinamihealth.com\/","logo":{"@type":"ImageObject","inLanguage":"hu","@id":"https:\/\/kinamihealth.com\/#\/schema\/logo\/image\/","url":"https:\/\/kinamihealth.com\/wp-content\/uploads\/2025\/01\/KH_logo_black_2-1.png","contentUrl":"https:\/\/kinamihealth.com\/wp-content\/uploads\/2025\/01\/KH_logo_black_2-1.png","width":339,"height":34,"caption":"Kinami Health"},"image":{"@id":"https:\/\/kinamihealth.com\/#\/schema\/logo\/image\/"}}]}},"_links":{"self":[{"href":"https:\/\/kinamihealth.com\/hu\/wp-json\/wp\/v2\/product\/118437","targetHints":{"allow":["GET"]}}],"collection":[{"href":"https:\/\/kinamihealth.com\/hu\/wp-json\/wp\/v2\/product"}],"about":[{"href":"https:\/\/kinamihealth.com\/hu\/wp-json\/wp\/v2\/types\/product"}],"replies":[{"embeddable":true,"href":"https:\/\/kinamihealth.com\/hu\/wp-json\/wp\/v2\/comments?post=118437"}],"version-history":[{"count":0,"href":"https:\/\/kinamihealth.com\/hu\/wp-json\/wp\/v2\/product\/118437\/revisions"}],"wp:featuredmedia":[{"embeddable":true,"href":"https:\/\/kinamihealth.com\/hu\/wp-json\/wp\/v2\/media\/118442"}],"wp:attachment":[{"href":"https:\/\/kinamihealth.com\/hu\/wp-json\/wp\/v2\/media?parent=118437"}],"wp:term":[{"taxonomy":"product_brand","embeddable":true,"href":"https:\/\/kinamihealth.com\/hu\/wp-json\/wp\/v2\/product_brand?post=118437"},{"taxonomy":"product_cat","embeddable":true,"href":"https:\/\/kinamihealth.com\/hu\/wp-json\/wp\/v2\/product_cat?post=118437"},{"taxonomy":"product_tag","embeddable":true,"href":"https:\/\/kinamihealth.com\/hu\/wp-json\/wp\/v2\/product_tag?post=118437"}],"curies":[{"name":"wp","href":"https:\/\/api.w.org\/{rel}","templated":true}]}}