{"id":118431,"date":"2025-02-15T16:55:20","date_gmt":"2025-02-15T16:55:20","guid":{"rendered":"https:\/\/kinamihealth.com\/product\/hyacorp-mlf2-body-contouring\/"},"modified":"2025-11-19T21:19:55","modified_gmt":"2025-11-19T21:19:55","slug":"hyacorp-mlf2-body-contouring","status":"publish","type":"product","link":"https:\/\/kinamihealth.com\/hu\/termek\/hyacorp-mlf2-body-contouring\/","title":{"rendered":"HYACORP MLF2\u00ae BODY CONTOURING"},"content":{"rendered":"<p><span style=\"font-weight: 400;\">A HYAcorp MLF2 testkont\u00faroz\u00f3 egy <\/span><b>kiv\u00e1l\u00f3 min\u0151s\u00e9g\u0171, felsz\u00edv\u00f3d\u00f3 derm\u00e1lis t\u00f6lt\u0151anyag<\/b><span style=\"font-weight: 400;\">, amelyet <\/span><b>testkont\u00faroz\u00e1s<\/b><span style=\"font-weight: 400;\"> \u00e9s t\u00e9rfogatn\u00f6vel\u00e9s c\u00e9lj\u00e1ra fejlesztettek ki. <\/span><b>Nem \u00e1llati eredet\u0171, keresztk\u00f6t\u00e9s\u0171 hialuronsavb\u00f3l<\/b><span style=\"font-weight: 400;\"> \u00e1ll, \u00edgy biokompatibilis \u00e9s biztons\u00e1gosan alkalmazhat\u00f3 eszt\u00e9tikai beavatkoz\u00e1sok sor\u00e1n. A term\u00e9k <\/span><b>hosszantart\u00f3 t\u00e9rfogatn\u00f6vel\u00e9st<\/b><span style=\"font-weight: 400;\"> biztos\u00edt, ez\u00e9rt n\u00e9pszer\u0171 v\u00e1laszt\u00e1s a nem seb\u00e9szi testform\u00e1z\u00f3 kezel\u00e9sekhez.<\/span><\/p>\n","protected":false},"excerpt":{"rendered":"<p>A HYAcorp MLF2 testkont\u00faroz\u00f3 egy kiv\u00e1l\u00f3 min\u0151s\u00e9g\u0171, felsz\u00edv\u00f3d\u00f3 derm\u00e1lis t\u00f6lt\u0151anyag, amelyet testkont\u00faroz\u00e1s \u00e9s t\u00e9rfogatn\u00f6vel\u00e9s c\u00e9lj\u00e1ra fejlesztettek ki. Nem \u00e1llati eredet\u0171, keresztk\u00f6t\u00e9s\u0171 hialuronsavb\u00f3l \u00e1ll, \u00edgy biokompatibilis \u00e9s biztons\u00e1gosan alkalmazhat\u00f3 eszt\u00e9tikai beavatkoz\u00e1sok sor\u00e1n. A term\u00e9k hosszantart\u00f3 t\u00e9rfogatn\u00f6vel\u00e9st biztos\u00edt, ez\u00e9rt n\u00e9pszer\u0171 v\u00e1laszt\u00e1s a nem seb\u00e9szi testform\u00e1z\u00f3 kezel\u00e9sekhez.<\/p>\n","protected":false},"featured_media":118432,"comment_status":"closed","ping_status":"closed","template":"","meta":{"_acf_changed":false,"inline_featured_image":false},"product_brand":[2217],"product_cat":[3045],"product_tag":[2979],"class_list":{"0":"post-118431","1":"product","2":"type-product","3":"status-publish","4":"has-post-thumbnail","6":"product_brand-hyacorp","7":"product_cat-testformalas","8":"product_tag-orvostechnikai-eszkozok","10":"first","11":"instock","12":"taxable","13":"shipping-taxable","14":"purchasable","15":"product-type-simple","16":"add-to-wishlist-before_image"},"acf":[],"yoast_head":"<!-- This site is optimized with the Yoast SEO plugin v27.5 - https:\/\/yoast.com\/product\/yoast-seo-wordpress\/ -->\n<title>HYAcorp MLF2 testkont\u00faroz\u00f3 online v\u00e1s\u00e1rl\u00e1s<\/title>\n<meta name=\"description\" content=\"V\u00e1s\u00e1roljon HYAcorp MLF2 testkont\u00faroz\u00f3t online a hat\u00e9kony testform\u00e1l\u00e1shoz \u00e9s a volumen helyre\u00e1ll\u00edt\u00e1s\u00e1hoz. Biztons\u00e1gos, tart\u00f3s \u00e9s ide\u00e1lis nem seb\u00e9szi kont\u00faroz\u00e1shoz.\" \/>\n<meta name=\"robots\" content=\"index, follow, max-snippet:-1, max-image-preview:large, max-video-preview:-1\" \/>\n<link rel=\"canonical\" href=\"https:\/\/kinamihealth.com\/hu\/wp-json\/wp\/v2\/product\/118431\" \/>\n<meta property=\"og:locale\" content=\"hu_HU\" \/>\n<meta property=\"og:type\" content=\"article\" \/>\n<meta property=\"og:title\" content=\"HYAcorp MLF2 testkont\u00faroz\u00f3 online v\u00e1s\u00e1rl\u00e1s\" \/>\n<meta property=\"og:description\" content=\"V\u00e1s\u00e1roljon HYAcorp MLF2 testkont\u00faroz\u00f3t online a hat\u00e9kony testform\u00e1l\u00e1shoz \u00e9s a volumen helyre\u00e1ll\u00edt\u00e1s\u00e1hoz. Biztons\u00e1gos, tart\u00f3s \u00e9s ide\u00e1lis nem seb\u00e9szi kont\u00faroz\u00e1shoz.\" \/>\n<meta property=\"og:url\" content=\"https:\/\/kinamihealth.com\/hu\/termek\/hyacorp-mlf2-body-contouring\/\" \/>\n<meta property=\"og:site_name\" content=\"Kinami Health\" \/>\n<meta property=\"article:modified_time\" content=\"2025-11-19T21:19:55+00:00\" \/>\n<meta property=\"og:image\" content=\"https:\/\/kinamihealth.com\/wp-content\/uploads\/2025\/02\/HYACORP-BODYCONTOURING-MLF2.jpg\" \/>\n\t<meta property=\"og:image:width\" content=\"800\" \/>\n\t<meta property=\"og:image:height\" content=\"800\" \/>\n\t<meta property=\"og:image:type\" content=\"image\/jpeg\" \/>\n<meta name=\"twitter:card\" content=\"summary_large_image\" \/>\n<meta name=\"twitter:label1\" content=\"Becs\u00fclt olvas\u00e1si id\u0151\" \/>\n\t<meta name=\"twitter:data1\" content=\"1 perc\" \/>\n<!-- \/ Yoast SEO plugin. -->","yoast_head_json":{"title":"HYAcorp MLF2 testkont\u00faroz\u00f3 online v\u00e1s\u00e1rl\u00e1s","description":"V\u00e1s\u00e1roljon HYAcorp MLF2 testkont\u00faroz\u00f3t online a hat\u00e9kony testform\u00e1l\u00e1shoz \u00e9s a volumen helyre\u00e1ll\u00edt\u00e1s\u00e1hoz. Biztons\u00e1gos, tart\u00f3s \u00e9s ide\u00e1lis nem seb\u00e9szi kont\u00faroz\u00e1shoz.","robots":{"index":"index","follow":"follow","max-snippet":"max-snippet:-1","max-image-preview":"max-image-preview:large","max-video-preview":"max-video-preview:-1"},"canonical":"https:\/\/kinamihealth.com\/hu\/wp-json\/wp\/v2\/product\/118431","og_locale":"hu_HU","og_type":"article","og_title":"HYAcorp MLF2 testkont\u00faroz\u00f3 online v\u00e1s\u00e1rl\u00e1s","og_description":"V\u00e1s\u00e1roljon HYAcorp MLF2 testkont\u00faroz\u00f3t online a hat\u00e9kony testform\u00e1l\u00e1shoz \u00e9s a volumen helyre\u00e1ll\u00edt\u00e1s\u00e1hoz. Biztons\u00e1gos, tart\u00f3s \u00e9s ide\u00e1lis nem seb\u00e9szi kont\u00faroz\u00e1shoz.","og_url":"https:\/\/kinamihealth.com\/hu\/termek\/hyacorp-mlf2-body-contouring\/","og_site_name":"Kinami Health","article_modified_time":"2025-11-19T21:19:55+00:00","og_image":[{"width":800,"height":800,"url":"https:\/\/kinamihealth.com\/wp-content\/uploads\/2025\/02\/HYACORP-BODYCONTOURING-MLF2.jpg","type":"image\/jpeg"}],"twitter_card":"summary_large_image","twitter_misc":{"Becs\u00fclt olvas\u00e1si id\u0151":"1 perc"},"schema":{"@context":"https:\/\/schema.org","@graph":[{"@type":"WebPage","@id":"https:\/\/kinamihealth.com\/hu\/termek\/hyacorp-mlf2-body-contouring\/","url":"https:\/\/kinamihealth.com\/hu\/termek\/hyacorp-mlf2-body-contouring\/","name":"HYAcorp MLF2 testkont\u00faroz\u00f3 online v\u00e1s\u00e1rl\u00e1s","isPartOf":{"@id":"https:\/\/kinamihealth.com\/#website"},"primaryImageOfPage":{"@id":"https:\/\/kinamihealth.com\/hu\/termek\/hyacorp-mlf2-body-contouring\/#primaryimage"},"image":{"@id":"https:\/\/kinamihealth.com\/hu\/termek\/hyacorp-mlf2-body-contouring\/#primaryimage"},"thumbnailUrl":"https:\/\/kinamihealth.com\/wp-content\/uploads\/2025\/02\/HYACORP-BODYCONTOURING-MLF2.jpg","datePublished":"2025-02-15T16:55:20+00:00","dateModified":"2025-11-19T21:19:55+00:00","description":"V\u00e1s\u00e1roljon HYAcorp MLF2 testkont\u00faroz\u00f3t online a hat\u00e9kony testform\u00e1l\u00e1shoz \u00e9s a volumen helyre\u00e1ll\u00edt\u00e1s\u00e1hoz. Biztons\u00e1gos, tart\u00f3s \u00e9s ide\u00e1lis nem seb\u00e9szi kont\u00faroz\u00e1shoz.","breadcrumb":{"@id":"https:\/\/kinamihealth.com\/hu\/termek\/hyacorp-mlf2-body-contouring\/#breadcrumb"},"inLanguage":"hu","potentialAction":[{"@type":"ReadAction","target":["https:\/\/kinamihealth.com\/hu\/termek\/hyacorp-mlf2-body-contouring\/"]}]},{"@type":"ImageObject","inLanguage":"hu","@id":"https:\/\/kinamihealth.com\/hu\/termek\/hyacorp-mlf2-body-contouring\/#primaryimage","url":"https:\/\/kinamihealth.com\/wp-content\/uploads\/2025\/02\/HYACORP-BODYCONTOURING-MLF2.jpg","contentUrl":"https:\/\/kinamihealth.com\/wp-content\/uploads\/2025\/02\/HYACORP-BODYCONTOURING-MLF2.jpg","width":800,"height":800},{"@type":"BreadcrumbList","@id":"https:\/\/kinamihealth.com\/hu\/termek\/hyacorp-mlf2-body-contouring\/#breadcrumb","itemListElement":[{"@type":"ListItem","position":1,"name":"Kezd\u0151lap","item":"https:\/\/kinamihealth.com\/"},{"@type":"ListItem","position":2,"name":"Bolt","item":"https:\/\/kinamihealth.com\/shop\/"},{"@type":"ListItem","position":3,"name":"HYACORP MLF2\u00ae BODY CONTOURING"}]},{"@type":"WebSite","@id":"https:\/\/kinamihealth.com\/#website","url":"https:\/\/kinamihealth.com\/","name":"Kinami Health","description":"","publisher":{"@id":"https:\/\/kinamihealth.com\/#organization"},"potentialAction":[{"@type":"SearchAction","target":{"@type":"EntryPoint","urlTemplate":"https:\/\/kinamihealth.com\/?s={search_term_string}"},"query-input":{"@type":"PropertyValueSpecification","valueRequired":true,"valueName":"search_term_string"}}],"inLanguage":"hu"},{"@type":"Organization","@id":"https:\/\/kinamihealth.com\/#organization","name":"Kinami Health","url":"https:\/\/kinamihealth.com\/","logo":{"@type":"ImageObject","inLanguage":"hu","@id":"https:\/\/kinamihealth.com\/#\/schema\/logo\/image\/","url":"https:\/\/kinamihealth.com\/wp-content\/uploads\/2025\/01\/KH_logo_black_2-1.png","contentUrl":"https:\/\/kinamihealth.com\/wp-content\/uploads\/2025\/01\/KH_logo_black_2-1.png","width":339,"height":34,"caption":"Kinami Health"},"image":{"@id":"https:\/\/kinamihealth.com\/#\/schema\/logo\/image\/"}}]}},"_links":{"self":[{"href":"https:\/\/kinamihealth.com\/hu\/wp-json\/wp\/v2\/product\/118431","targetHints":{"allow":["GET"]}}],"collection":[{"href":"https:\/\/kinamihealth.com\/hu\/wp-json\/wp\/v2\/product"}],"about":[{"href":"https:\/\/kinamihealth.com\/hu\/wp-json\/wp\/v2\/types\/product"}],"replies":[{"embeddable":true,"href":"https:\/\/kinamihealth.com\/hu\/wp-json\/wp\/v2\/comments?post=118431"}],"version-history":[{"count":0,"href":"https:\/\/kinamihealth.com\/hu\/wp-json\/wp\/v2\/product\/118431\/revisions"}],"wp:featuredmedia":[{"embeddable":true,"href":"https:\/\/kinamihealth.com\/hu\/wp-json\/wp\/v2\/media\/118432"}],"wp:attachment":[{"href":"https:\/\/kinamihealth.com\/hu\/wp-json\/wp\/v2\/media?parent=118431"}],"wp:term":[{"taxonomy":"product_brand","embeddable":true,"href":"https:\/\/kinamihealth.com\/hu\/wp-json\/wp\/v2\/product_brand?post=118431"},{"taxonomy":"product_cat","embeddable":true,"href":"https:\/\/kinamihealth.com\/hu\/wp-json\/wp\/v2\/product_cat?post=118431"},{"taxonomy":"product_tag","embeddable":true,"href":"https:\/\/kinamihealth.com\/hu\/wp-json\/wp\/v2\/product_tag?post=118431"}],"curies":[{"name":"wp","href":"https:\/\/api.w.org\/{rel}","templated":true}]}}