{"id":118412,"date":"2025-02-15T16:54:14","date_gmt":"2025-02-15T16:54:14","guid":{"rendered":"https:\/\/kinamihealth.com\/product\/belotero-revive\/"},"modified":"2025-11-25T14:23:23","modified_gmt":"2025-11-25T14:23:23","slug":"belotero-revive","status":"publish","type":"product","link":"https:\/\/kinamihealth.com\/hu\/termek\/belotero-revive\/","title":{"rendered":"BELOTERO\u00ae REVIVE"},"content":{"rendered":"<p><span style=\"font-weight: 400;\">A <\/span><b>Belotero Revive<\/b><span style=\"font-weight: 400;\"> egy <\/span><b>pr\u00e9mium kateg\u00f3ri\u00e1s derm\u00e1lis t\u00f6lt\u0151anyag<\/b><span style=\"font-weight: 400;\">, amelyet egy megb\u00edzhat\u00f3 n\u00e9met v\u00e1llalat, a <\/span><b>Merz Pharma<\/b><span style=\"font-weight: 400;\"> gy\u00e1rt. Ez a viszkoelasztikus g\u00e9l <\/span><b>keresztk\u00f6t\u00f6tt n\u00e1trium-hialuron\u00e1tot<\/b><span style=\"font-weight: 400;\"> \u00e9s <\/span><b>glicerint<\/b><span style=\"font-weight: 400;\"> tartalmaz. Ez az \u00f6sszetev\u0151-kombin\u00e1ci\u00f3 felel\u0151s az arcon jelentkez\u0151 finom r\u00e1ncok \u00e9s <\/span><b>napk\u00e1rosod\u00e1s cs\u00f6kkent\u00e9s\u00e9\u00e9rt<\/b><span style=\"font-weight: 400;\">. Azok sz\u00e1m\u00e1ra lett kifejlesztve, akik szeretn\u00e9k megel\u0151zni \u00e9s kezelni az \u00f6reged\u00e9s korai jeleit. <\/span><b>V\u00e1s\u00e1rolja meg a Belotero Revive<\/b><span style=\"font-weight: 400;\">-ot a <\/span><b>Kinami Health online \u00e1ruh\u00e1zban<\/b><span style=\"font-weight: 400;\">, \u00e9s rendeljen m\u00e1s <\/span><b>Belotero m\u00e1rk\u00e1j\u00fa term\u00e9keket<\/b><span style=\"font-weight: 400;\"> is.<\/span><\/p>\n","protected":false},"excerpt":{"rendered":"<p>A Belotero Revive egy pr\u00e9mium kateg\u00f3ri\u00e1s derm\u00e1lis t\u00f6lt\u0151anyag, amelyet egy megb\u00edzhat\u00f3 n\u00e9met v\u00e1llalat, a Merz Pharma gy\u00e1rt. Ez a viszkoelasztikus g\u00e9l keresztk\u00f6t\u00f6tt n\u00e1trium-hialuron\u00e1tot \u00e9s glicerint tartalmaz. Ez az \u00f6sszetev\u0151-kombin\u00e1ci\u00f3 felel\u0151s az arcon jelentkez\u0151 finom r\u00e1ncok \u00e9s napk\u00e1rosod\u00e1s cs\u00f6kkent\u00e9s\u00e9\u00e9rt. Azok sz\u00e1m\u00e1ra lett kifejlesztve, akik szeretn\u00e9k megel\u0151zni \u00e9s kezelni az \u00f6reged\u00e9s korai jeleit. V\u00e1s\u00e1rolja meg a Belotero [&hellip;]<\/p>\n","protected":false},"featured_media":118413,"comment_status":"closed","ping_status":"closed","template":"","meta":{"_acf_changed":false,"inline_featured_image":false},"product_brand":[2212],"product_cat":[2997],"product_tag":[2979],"class_list":{"0":"post-118412","1":"product","2":"type-product","3":"status-publish","4":"has-post-thumbnail","6":"product_brand-belotero","7":"product_cat-dermalis-toltoanyagok","8":"product_tag-orvostechnikai-eszkozok","10":"first","11":"instock","12":"taxable","13":"shipping-taxable","14":"purchasable","15":"product-type-simple","16":"add-to-wishlist-before_image"},"acf":[],"yoast_head":"<!-- This site is optimized with the Yoast SEO plugin v27.3 - https:\/\/yoast.com\/product\/yoast-seo-wordpress\/ -->\n<title>Belotero Revive online v\u00e1s\u00e1rl\u00e1s - Napk\u00e1rosodott b\u0151rre<\/title>\n<meta name=\"description\" content=\"V\u00e1s\u00e1roljon Belotero Revive-t online, \u00e9s haszn\u00e1lja ezt a b\u0151rfelt\u00f6lt\u0151 anyagot a finom vonalak \u00e9s a f\u00e9nyk\u00e1rosod\u00e1s korrig\u00e1l\u00e1s\u00e1ra. Azok sz\u00e1m\u00e1ra lett kifejlesztve, akik szeretn\u00e9k megel\u0151zni \u00e9s kezelni az \u00f6reged\u00e9s korai jeleit.\" \/>\n<meta name=\"robots\" content=\"index, follow, max-snippet:-1, max-image-preview:large, max-video-preview:-1\" \/>\n<link rel=\"canonical\" href=\"https:\/\/kinamihealth.com\/hu\/wp-json\/wp\/v2\/product\/118412\" \/>\n<meta property=\"og:locale\" content=\"hu_HU\" \/>\n<meta property=\"og:type\" content=\"article\" \/>\n<meta property=\"og:title\" content=\"Belotero Revive online v\u00e1s\u00e1rl\u00e1s - Napk\u00e1rosodott b\u0151rre\" \/>\n<meta property=\"og:description\" content=\"V\u00e1s\u00e1roljon Belotero Revive-t online, \u00e9s haszn\u00e1lja ezt a b\u0151rfelt\u00f6lt\u0151 anyagot a finom vonalak \u00e9s a f\u00e9nyk\u00e1rosod\u00e1s korrig\u00e1l\u00e1s\u00e1ra. Azok sz\u00e1m\u00e1ra lett kifejlesztve, akik szeretn\u00e9k megel\u0151zni \u00e9s kezelni az \u00f6reged\u00e9s korai jeleit.\" \/>\n<meta property=\"og:url\" content=\"https:\/\/kinamihealth.com\/hu\/termek\/belotero-revive\/\" \/>\n<meta property=\"og:site_name\" content=\"Kinami Health\" \/>\n<meta property=\"article:modified_time\" content=\"2025-11-25T14:23:23+00:00\" \/>\n<meta property=\"og:image\" content=\"https:\/\/kinamihealth.com\/wp-content\/uploads\/2025\/02\/BELOTERO-REVIVE-01.jpg\" \/>\n\t<meta property=\"og:image:width\" content=\"800\" \/>\n\t<meta property=\"og:image:height\" content=\"800\" \/>\n\t<meta property=\"og:image:type\" content=\"image\/jpeg\" \/>\n<meta name=\"twitter:card\" content=\"summary_large_image\" \/>\n<meta name=\"twitter:label1\" content=\"Becs\u00fclt olvas\u00e1si id\u0151\" \/>\n\t<meta name=\"twitter:data1\" content=\"1 perc\" \/>\n<!-- \/ Yoast SEO plugin. -->","yoast_head_json":{"title":"Belotero Revive online v\u00e1s\u00e1rl\u00e1s - Napk\u00e1rosodott b\u0151rre","description":"V\u00e1s\u00e1roljon Belotero Revive-t online, \u00e9s haszn\u00e1lja ezt a b\u0151rfelt\u00f6lt\u0151 anyagot a finom vonalak \u00e9s a f\u00e9nyk\u00e1rosod\u00e1s korrig\u00e1l\u00e1s\u00e1ra. Azok sz\u00e1m\u00e1ra lett kifejlesztve, akik szeretn\u00e9k megel\u0151zni \u00e9s kezelni az \u00f6reged\u00e9s korai jeleit.","robots":{"index":"index","follow":"follow","max-snippet":"max-snippet:-1","max-image-preview":"max-image-preview:large","max-video-preview":"max-video-preview:-1"},"canonical":"https:\/\/kinamihealth.com\/hu\/wp-json\/wp\/v2\/product\/118412","og_locale":"hu_HU","og_type":"article","og_title":"Belotero Revive online v\u00e1s\u00e1rl\u00e1s - Napk\u00e1rosodott b\u0151rre","og_description":"V\u00e1s\u00e1roljon Belotero Revive-t online, \u00e9s haszn\u00e1lja ezt a b\u0151rfelt\u00f6lt\u0151 anyagot a finom vonalak \u00e9s a f\u00e9nyk\u00e1rosod\u00e1s korrig\u00e1l\u00e1s\u00e1ra. Azok sz\u00e1m\u00e1ra lett kifejlesztve, akik szeretn\u00e9k megel\u0151zni \u00e9s kezelni az \u00f6reged\u00e9s korai jeleit.","og_url":"https:\/\/kinamihealth.com\/hu\/termek\/belotero-revive\/","og_site_name":"Kinami Health","article_modified_time":"2025-11-25T14:23:23+00:00","og_image":[{"width":800,"height":800,"url":"https:\/\/kinamihealth.com\/wp-content\/uploads\/2025\/02\/BELOTERO-REVIVE-01.jpg","type":"image\/jpeg"}],"twitter_card":"summary_large_image","twitter_misc":{"Becs\u00fclt olvas\u00e1si id\u0151":"1 perc"},"schema":{"@context":"https:\/\/schema.org","@graph":[{"@type":"WebPage","@id":"https:\/\/kinamihealth.com\/hu\/termek\/belotero-revive\/","url":"https:\/\/kinamihealth.com\/hu\/termek\/belotero-revive\/","name":"Belotero Revive online v\u00e1s\u00e1rl\u00e1s - Napk\u00e1rosodott b\u0151rre","isPartOf":{"@id":"https:\/\/kinamihealth.com\/#website"},"primaryImageOfPage":{"@id":"https:\/\/kinamihealth.com\/hu\/termek\/belotero-revive\/#primaryimage"},"image":{"@id":"https:\/\/kinamihealth.com\/hu\/termek\/belotero-revive\/#primaryimage"},"thumbnailUrl":"https:\/\/kinamihealth.com\/wp-content\/uploads\/2025\/02\/BELOTERO-REVIVE-01.jpg","datePublished":"2025-02-15T16:54:14+00:00","dateModified":"2025-11-25T14:23:23+00:00","description":"V\u00e1s\u00e1roljon Belotero Revive-t online, \u00e9s haszn\u00e1lja ezt a b\u0151rfelt\u00f6lt\u0151 anyagot a finom vonalak \u00e9s a f\u00e9nyk\u00e1rosod\u00e1s korrig\u00e1l\u00e1s\u00e1ra. Azok sz\u00e1m\u00e1ra lett kifejlesztve, akik szeretn\u00e9k megel\u0151zni \u00e9s kezelni az \u00f6reged\u00e9s korai jeleit.","breadcrumb":{"@id":"https:\/\/kinamihealth.com\/hu\/termek\/belotero-revive\/#breadcrumb"},"inLanguage":"hu","potentialAction":[{"@type":"ReadAction","target":["https:\/\/kinamihealth.com\/hu\/termek\/belotero-revive\/"]}]},{"@type":"ImageObject","inLanguage":"hu","@id":"https:\/\/kinamihealth.com\/hu\/termek\/belotero-revive\/#primaryimage","url":"https:\/\/kinamihealth.com\/wp-content\/uploads\/2025\/02\/BELOTERO-REVIVE-01.jpg","contentUrl":"https:\/\/kinamihealth.com\/wp-content\/uploads\/2025\/02\/BELOTERO-REVIVE-01.jpg","width":800,"height":800},{"@type":"BreadcrumbList","@id":"https:\/\/kinamihealth.com\/hu\/termek\/belotero-revive\/#breadcrumb","itemListElement":[{"@type":"ListItem","position":1,"name":"Kezd\u0151lap","item":"https:\/\/kinamihealth.com\/"},{"@type":"ListItem","position":2,"name":"Bolt","item":"https:\/\/kinamihealth.com\/shop\/"},{"@type":"ListItem","position":3,"name":"BELOTERO\u00ae REVIVE"}]},{"@type":"WebSite","@id":"https:\/\/kinamihealth.com\/#website","url":"https:\/\/kinamihealth.com\/","name":"Kinami Health","description":"","publisher":{"@id":"https:\/\/kinamihealth.com\/#organization"},"potentialAction":[{"@type":"SearchAction","target":{"@type":"EntryPoint","urlTemplate":"https:\/\/kinamihealth.com\/?s={search_term_string}"},"query-input":{"@type":"PropertyValueSpecification","valueRequired":true,"valueName":"search_term_string"}}],"inLanguage":"hu"},{"@type":"Organization","@id":"https:\/\/kinamihealth.com\/#organization","name":"Kinami Health","url":"https:\/\/kinamihealth.com\/","logo":{"@type":"ImageObject","inLanguage":"hu","@id":"https:\/\/kinamihealth.com\/#\/schema\/logo\/image\/","url":"https:\/\/kinamihealth.com\/wp-content\/uploads\/2025\/01\/KH_logo_black_2-1.png","contentUrl":"https:\/\/kinamihealth.com\/wp-content\/uploads\/2025\/01\/KH_logo_black_2-1.png","width":339,"height":34,"caption":"Kinami Health"},"image":{"@id":"https:\/\/kinamihealth.com\/#\/schema\/logo\/image\/"}}]}},"_links":{"self":[{"href":"https:\/\/kinamihealth.com\/hu\/wp-json\/wp\/v2\/product\/118412","targetHints":{"allow":["GET"]}}],"collection":[{"href":"https:\/\/kinamihealth.com\/hu\/wp-json\/wp\/v2\/product"}],"about":[{"href":"https:\/\/kinamihealth.com\/hu\/wp-json\/wp\/v2\/types\/product"}],"replies":[{"embeddable":true,"href":"https:\/\/kinamihealth.com\/hu\/wp-json\/wp\/v2\/comments?post=118412"}],"version-history":[{"count":0,"href":"https:\/\/kinamihealth.com\/hu\/wp-json\/wp\/v2\/product\/118412\/revisions"}],"wp:featuredmedia":[{"embeddable":true,"href":"https:\/\/kinamihealth.com\/hu\/wp-json\/wp\/v2\/media\/118413"}],"wp:attachment":[{"href":"https:\/\/kinamihealth.com\/hu\/wp-json\/wp\/v2\/media?parent=118412"}],"wp:term":[{"taxonomy":"product_brand","embeddable":true,"href":"https:\/\/kinamihealth.com\/hu\/wp-json\/wp\/v2\/product_brand?post=118412"},{"taxonomy":"product_cat","embeddable":true,"href":"https:\/\/kinamihealth.com\/hu\/wp-json\/wp\/v2\/product_cat?post=118412"},{"taxonomy":"product_tag","embeddable":true,"href":"https:\/\/kinamihealth.com\/hu\/wp-json\/wp\/v2\/product_tag?post=118412"}],"curies":[{"name":"wp","href":"https:\/\/api.w.org\/{rel}","templated":true}]}}