{"id":118408,"date":"2025-02-15T16:55:11","date_gmt":"2025-02-15T16:55:11","guid":{"rendered":"https:\/\/kinamihealth.com\/product\/mediderma-fr-antiox-md-anti-pollution-protect-facial-cream-gel\/"},"modified":"2025-11-22T15:49:24","modified_gmt":"2025-11-22T15:49:24","slug":"mediderma-fr-antiox-md-anti-pollution-protect-facial-cream-gel","status":"publish","type":"product","link":"https:\/\/kinamihealth.com\/hu\/termek\/mediderma-fr-antiox-md-anti-pollution-protect-facial-cream-gel\/","title":{"rendered":"MEDIDERMA\u00ae FR-ANTIOX MD ANTI-POLLUTION PROTECT FACIAL CREAM GEL"},"content":{"rendered":"<p><span style=\"font-weight: 400;\">A FR-ANTIOX MD ANTI-POLLUTION PROTECT arckr\u00e9m g\u00e9l 50 ml egy fejlett kr\u00e9m-g\u00e9l, amely antioxid\u00e1nsokat, hialuronsavat \u00e9s vitaminokat tartalmaz a b\u0151r hidrat\u00e1l\u00e1sa \u00e9s k\u00f6rnyezeti szennyez\u00e9s elleni v\u00e9delme \u00e9rdek\u00e9ben. Haszn\u00e1lja naponta k\u00e9tszer, minden nap, hogy megel\u0151zze az \u00e9letkorral \u00f6sszef\u00fcgg\u0151 b\u0151relv\u00e1ltoz\u00e1sok, p\u00e9ld\u00e1ul a r\u00e1ncok, finom r\u00e1ncok, valamint a fak\u00f3 \u00e9s f\u00e1radt b\u0151rt\u00f3nus megjelen\u00e9s\u00e9t. Cs\u00f6kkenti a r\u00e9szecsk\u00e9k, kipufog\u00f3g\u00e1zok, f\u00fcst \u00e9s UV-sug\u00e1rz\u00e1s \u00e1ltal okozott korai \u00f6reged\u00e9si jeleket. V\u00e1s\u00e1rolja meg a FR-ANTIOX MD ANTI-POLLUTION PROTECT arckr\u00e9m g\u00e9l 50 ml-t a Kinami Health-t\u0151l, \u00e9s biztos\u00edtsa a legjobbat p\u00e1ciensei sz\u00e1m\u00e1ra a Mediderma pr\u00e9mium term\u00e9keinek megrendel\u00e9s\u00e9vel.<\/span><\/p>\n","protected":false},"excerpt":{"rendered":"<p>A FR-ANTIOX MD ANTI-POLLUTION PROTECT arckr\u00e9m g\u00e9l 50 ml egy fejlett kr\u00e9m-g\u00e9l, amely antioxid\u00e1nsokat, hialuronsavat \u00e9s vitaminokat tartalmaz a b\u0151r hidrat\u00e1l\u00e1sa \u00e9s k\u00f6rnyezeti szennyez\u00e9s elleni v\u00e9delme \u00e9rdek\u00e9ben. Haszn\u00e1lja naponta k\u00e9tszer, minden nap, hogy megel\u0151zze az \u00e9letkorral \u00f6sszef\u00fcgg\u0151 b\u0151relv\u00e1ltoz\u00e1sok, p\u00e9ld\u00e1ul a r\u00e1ncok, finom r\u00e1ncok, valamint a fak\u00f3 \u00e9s f\u00e1radt b\u0151rt\u00f3nus megjelen\u00e9s\u00e9t. Cs\u00f6kkenti a r\u00e9szecsk\u00e9k, kipufog\u00f3g\u00e1zok, f\u00fcst [&hellip;]<\/p>\n","protected":false},"featured_media":118409,"comment_status":"closed","ping_status":"closed","template":"","meta":{"_acf_changed":false,"inline_featured_image":false},"product_brand":[2846],"product_cat":[2991],"product_tag":[2979],"class_list":{"0":"post-118408","1":"product","2":"type-product","3":"status-publish","4":"has-post-thumbnail","6":"product_brand-mediderma","7":"product_cat-borapolas","8":"product_tag-orvostechnikai-eszkozok","10":"first","11":"instock","12":"taxable","13":"shipping-taxable","14":"purchasable","15":"product-type-simple","16":"add-to-wishlist-before_image"},"acf":[],"yoast_head":"<!-- This site is optimized with the Yoast SEO plugin v27.1.1 - https:\/\/yoast.com\/product\/yoast-seo-wordpress\/ -->\n<title>V\u00e1s\u00e1roljon FR-ANTIOX MD ANTI-POLLUTION PROTECT 50ml arckr\u00e9m g\u00e9lt<\/title>\n<meta name=\"description\" content=\"V\u00e1s\u00e1roljon FR-ANTIOX MD szennyez\u00e9s elleni v\u00e9delmet ny\u00fajt\u00f3 arckr\u00e9m g\u00e9lt 50 ml-es kiszerel\u00e9sben online, \u00e9s \u00e9lvezze ennek az antioxid\u00e1ns g\u00e9lnek a v\u00e9d\u0151 \u00e9s hidrat\u00e1l\u00f3 hat\u00e1s\u00e1t.\" \/>\n<meta name=\"robots\" content=\"index, follow, max-snippet:-1, max-image-preview:large, max-video-preview:-1\" \/>\n<link rel=\"canonical\" href=\"https:\/\/kinamihealth.com\/hu\/wp-json\/wp\/v2\/product\/118408\" \/>\n<meta property=\"og:locale\" content=\"hu_HU\" \/>\n<meta property=\"og:type\" content=\"article\" \/>\n<meta property=\"og:title\" content=\"V\u00e1s\u00e1roljon FR-ANTIOX MD ANTI-POLLUTION PROTECT 50ml arckr\u00e9m g\u00e9lt\" \/>\n<meta property=\"og:description\" content=\"V\u00e1s\u00e1roljon FR-ANTIOX MD szennyez\u00e9s elleni v\u00e9delmet ny\u00fajt\u00f3 arckr\u00e9m g\u00e9lt 50 ml-es kiszerel\u00e9sben online, \u00e9s \u00e9lvezze ennek az antioxid\u00e1ns g\u00e9lnek a v\u00e9d\u0151 \u00e9s hidrat\u00e1l\u00f3 hat\u00e1s\u00e1t.\" \/>\n<meta property=\"og:url\" content=\"https:\/\/kinamihealth.com\/hu\/termek\/mediderma-fr-antiox-md-anti-pollution-protect-facial-cream-gel\/\" \/>\n<meta property=\"og:site_name\" content=\"Kinami Health\" \/>\n<meta property=\"article:modified_time\" content=\"2025-11-22T15:49:24+00:00\" \/>\n<meta property=\"og:image\" content=\"https:\/\/kinamihealth.com\/wp-content\/uploads\/2025\/02\/MEDIDERMA-FR-ANTIOX-MD-ANTI-POLLUTION-PROTECT-FACIAL-CREAM-GEL-01.jpg\" \/>\n\t<meta property=\"og:image:width\" content=\"800\" \/>\n\t<meta property=\"og:image:height\" content=\"800\" \/>\n\t<meta property=\"og:image:type\" content=\"image\/jpeg\" \/>\n<meta name=\"twitter:card\" content=\"summary_large_image\" \/>\n<meta name=\"twitter:label1\" content=\"Becs\u00fclt olvas\u00e1si id\u0151\" \/>\n\t<meta name=\"twitter:data1\" content=\"1 perc\" \/>\n<!-- \/ Yoast SEO plugin. -->","yoast_head_json":{"title":"V\u00e1s\u00e1roljon FR-ANTIOX MD ANTI-POLLUTION PROTECT 50ml arckr\u00e9m g\u00e9lt","description":"V\u00e1s\u00e1roljon FR-ANTIOX MD szennyez\u00e9s elleni v\u00e9delmet ny\u00fajt\u00f3 arckr\u00e9m g\u00e9lt 50 ml-es kiszerel\u00e9sben online, \u00e9s \u00e9lvezze ennek az antioxid\u00e1ns g\u00e9lnek a v\u00e9d\u0151 \u00e9s hidrat\u00e1l\u00f3 hat\u00e1s\u00e1t.","robots":{"index":"index","follow":"follow","max-snippet":"max-snippet:-1","max-image-preview":"max-image-preview:large","max-video-preview":"max-video-preview:-1"},"canonical":"https:\/\/kinamihealth.com\/hu\/wp-json\/wp\/v2\/product\/118408","og_locale":"hu_HU","og_type":"article","og_title":"V\u00e1s\u00e1roljon FR-ANTIOX MD ANTI-POLLUTION PROTECT 50ml arckr\u00e9m g\u00e9lt","og_description":"V\u00e1s\u00e1roljon FR-ANTIOX MD szennyez\u00e9s elleni v\u00e9delmet ny\u00fajt\u00f3 arckr\u00e9m g\u00e9lt 50 ml-es kiszerel\u00e9sben online, \u00e9s \u00e9lvezze ennek az antioxid\u00e1ns g\u00e9lnek a v\u00e9d\u0151 \u00e9s hidrat\u00e1l\u00f3 hat\u00e1s\u00e1t.","og_url":"https:\/\/kinamihealth.com\/hu\/termek\/mediderma-fr-antiox-md-anti-pollution-protect-facial-cream-gel\/","og_site_name":"Kinami Health","article_modified_time":"2025-11-22T15:49:24+00:00","og_image":[{"width":800,"height":800,"url":"https:\/\/kinamihealth.com\/wp-content\/uploads\/2025\/02\/MEDIDERMA-FR-ANTIOX-MD-ANTI-POLLUTION-PROTECT-FACIAL-CREAM-GEL-01.jpg","type":"image\/jpeg"}],"twitter_card":"summary_large_image","twitter_misc":{"Becs\u00fclt olvas\u00e1si id\u0151":"1 perc"},"schema":{"@context":"https:\/\/schema.org","@graph":[{"@type":"WebPage","@id":"https:\/\/kinamihealth.com\/hu\/termek\/mediderma-fr-antiox-md-anti-pollution-protect-facial-cream-gel\/","url":"https:\/\/kinamihealth.com\/hu\/termek\/mediderma-fr-antiox-md-anti-pollution-protect-facial-cream-gel\/","name":"V\u00e1s\u00e1roljon FR-ANTIOX MD ANTI-POLLUTION PROTECT 50ml arckr\u00e9m g\u00e9lt","isPartOf":{"@id":"https:\/\/kinamihealth.com\/#website"},"primaryImageOfPage":{"@id":"https:\/\/kinamihealth.com\/hu\/termek\/mediderma-fr-antiox-md-anti-pollution-protect-facial-cream-gel\/#primaryimage"},"image":{"@id":"https:\/\/kinamihealth.com\/hu\/termek\/mediderma-fr-antiox-md-anti-pollution-protect-facial-cream-gel\/#primaryimage"},"thumbnailUrl":"https:\/\/kinamihealth.com\/wp-content\/uploads\/2025\/02\/MEDIDERMA-FR-ANTIOX-MD-ANTI-POLLUTION-PROTECT-FACIAL-CREAM-GEL-01.jpg","datePublished":"2025-02-15T16:55:11+00:00","dateModified":"2025-11-22T15:49:24+00:00","description":"V\u00e1s\u00e1roljon FR-ANTIOX MD szennyez\u00e9s elleni v\u00e9delmet ny\u00fajt\u00f3 arckr\u00e9m g\u00e9lt 50 ml-es kiszerel\u00e9sben online, \u00e9s \u00e9lvezze ennek az antioxid\u00e1ns g\u00e9lnek a v\u00e9d\u0151 \u00e9s hidrat\u00e1l\u00f3 hat\u00e1s\u00e1t.","breadcrumb":{"@id":"https:\/\/kinamihealth.com\/hu\/termek\/mediderma-fr-antiox-md-anti-pollution-protect-facial-cream-gel\/#breadcrumb"},"inLanguage":"hu","potentialAction":[{"@type":"ReadAction","target":["https:\/\/kinamihealth.com\/hu\/termek\/mediderma-fr-antiox-md-anti-pollution-protect-facial-cream-gel\/"]}]},{"@type":"ImageObject","inLanguage":"hu","@id":"https:\/\/kinamihealth.com\/hu\/termek\/mediderma-fr-antiox-md-anti-pollution-protect-facial-cream-gel\/#primaryimage","url":"https:\/\/kinamihealth.com\/wp-content\/uploads\/2025\/02\/MEDIDERMA-FR-ANTIOX-MD-ANTI-POLLUTION-PROTECT-FACIAL-CREAM-GEL-01.jpg","contentUrl":"https:\/\/kinamihealth.com\/wp-content\/uploads\/2025\/02\/MEDIDERMA-FR-ANTIOX-MD-ANTI-POLLUTION-PROTECT-FACIAL-CREAM-GEL-01.jpg","width":800,"height":800},{"@type":"BreadcrumbList","@id":"https:\/\/kinamihealth.com\/hu\/termek\/mediderma-fr-antiox-md-anti-pollution-protect-facial-cream-gel\/#breadcrumb","itemListElement":[{"@type":"ListItem","position":1,"name":"Kezd\u0151lap","item":"https:\/\/kinamihealth.com\/"},{"@type":"ListItem","position":2,"name":"Bolt","item":"https:\/\/kinamihealth.com\/shop\/"},{"@type":"ListItem","position":3,"name":"MEDIDERMA\u00ae FR-ANTIOX MD ANTI-POLLUTION PROTECT FACIAL CREAM GEL"}]},{"@type":"WebSite","@id":"https:\/\/kinamihealth.com\/#website","url":"https:\/\/kinamihealth.com\/","name":"Kinami Health","description":"","publisher":{"@id":"https:\/\/kinamihealth.com\/#organization"},"potentialAction":[{"@type":"SearchAction","target":{"@type":"EntryPoint","urlTemplate":"https:\/\/kinamihealth.com\/?s={search_term_string}"},"query-input":{"@type":"PropertyValueSpecification","valueRequired":true,"valueName":"search_term_string"}}],"inLanguage":"hu"},{"@type":"Organization","@id":"https:\/\/kinamihealth.com\/#organization","name":"Kinami Health","url":"https:\/\/kinamihealth.com\/","logo":{"@type":"ImageObject","inLanguage":"hu","@id":"https:\/\/kinamihealth.com\/#\/schema\/logo\/image\/","url":"https:\/\/kinamihealth.com\/wp-content\/uploads\/2025\/01\/KH_logo_black_2-1.png","contentUrl":"https:\/\/kinamihealth.com\/wp-content\/uploads\/2025\/01\/KH_logo_black_2-1.png","width":339,"height":34,"caption":"Kinami Health"},"image":{"@id":"https:\/\/kinamihealth.com\/#\/schema\/logo\/image\/"}}]}},"_links":{"self":[{"href":"https:\/\/kinamihealth.com\/hu\/wp-json\/wp\/v2\/product\/118408","targetHints":{"allow":["GET"]}}],"collection":[{"href":"https:\/\/kinamihealth.com\/hu\/wp-json\/wp\/v2\/product"}],"about":[{"href":"https:\/\/kinamihealth.com\/hu\/wp-json\/wp\/v2\/types\/product"}],"replies":[{"embeddable":true,"href":"https:\/\/kinamihealth.com\/hu\/wp-json\/wp\/v2\/comments?post=118408"}],"version-history":[{"count":0,"href":"https:\/\/kinamihealth.com\/hu\/wp-json\/wp\/v2\/product\/118408\/revisions"}],"wp:featuredmedia":[{"embeddable":true,"href":"https:\/\/kinamihealth.com\/hu\/wp-json\/wp\/v2\/media\/118409"}],"wp:attachment":[{"href":"https:\/\/kinamihealth.com\/hu\/wp-json\/wp\/v2\/media?parent=118408"}],"wp:term":[{"taxonomy":"product_brand","embeddable":true,"href":"https:\/\/kinamihealth.com\/hu\/wp-json\/wp\/v2\/product_brand?post=118408"},{"taxonomy":"product_cat","embeddable":true,"href":"https:\/\/kinamihealth.com\/hu\/wp-json\/wp\/v2\/product_cat?post=118408"},{"taxonomy":"product_tag","embeddable":true,"href":"https:\/\/kinamihealth.com\/hu\/wp-json\/wp\/v2\/product_tag?post=118408"}],"curies":[{"name":"wp","href":"https:\/\/api.w.org\/{rel}","templated":true}]}}