{"id":118399,"date":"2025-02-15T16:54:40","date_gmt":"2025-02-15T16:54:40","guid":{"rendered":"https:\/\/kinamihealth.com\/product\/dr-cyj-hair-filler-1ml\/"},"modified":"2025-11-23T20:10:12","modified_gmt":"2025-11-23T20:10:12","slug":"dr-cyj-hair-filler-1ml","status":"publish","type":"product","link":"https:\/\/kinamihealth.com\/hu\/termek\/dr-cyj-hair-filler-1ml\/","title":{"rendered":"DR. CYJ HAIR FILLER 1ml"},"content":{"rendered":"<p><b>A DR. CYJ Hair Filler 1ml <\/b><span style=\"font-weight: 400;\">egy <\/span><b>derm\u00e1lis t\u00f6lt\u0151anyag, <\/b><span style=\"font-weight: 400;\">amelyet a<\/span><b> fejb\u0151rbe<\/b><span style=\"font-weight: 400;\"> t\u00f6rt\u00e9n\u0151 injekt\u00e1l\u00e1sra terveztek, hogy <\/span><b>megel\u0151zze a hajhull\u00e1st<\/b><span style=\"font-weight: 400;\"> a<\/span><b> b\u0151rprobl\u00e9m\u00e1k <\/b><span style=\"font-weight: 400;\">\u2013 mint a <\/span><b>korp\u00e1sod\u00e1s, b\u0151rp\u00edr, b\u0151rkem\u00e9nyed\u00e9sek \u00e9s fizikai s\u00e9r\u00fcl\u00e9sek<\/b><span style=\"font-weight: 400;\"> \u2013 korrig\u00e1l\u00e1s\u00e1val. A <\/span><b>nem keresztk\u00f6t\u00f6tt hialuronsavat <\/b><span style=\"font-weight: 400;\">\u00e9s peptideket haszn\u00e1lva el\u0151seg\u00edti a kollag\u00e9ntermel\u00e9st, valamint <\/span><b>serkenti a hajhagym\u00e1ka<\/b><span style=\"font-weight: 400;\">t a hajtermel\u00e9s \u00fajraind\u00edt\u00e1s\u00e1ra. <\/span><b>V\u00e1s\u00e1rolja meg a DR. CYJ Hair Filler 1ml <\/b><span style=\"font-weight: 400;\">k\u00e9sz\u00edtm\u00e9nyt a <\/span><b>Kinami Health<\/b><span style=\"font-weight: 400;\">-t\u0151l, \u00e9s <\/span><b>szerezze be a Caregen pr\u00e9mium term\u00e9keit.<\/b><\/p>\n","protected":false},"excerpt":{"rendered":"<p>A DR. CYJ Hair Filler 1ml egy derm\u00e1lis t\u00f6lt\u0151anyag, amelyet a fejb\u0151rbe t\u00f6rt\u00e9n\u0151 injekt\u00e1l\u00e1sra terveztek, hogy megel\u0151zze a hajhull\u00e1st a b\u0151rprobl\u00e9m\u00e1k \u2013 mint a korp\u00e1sod\u00e1s, b\u0151rp\u00edr, b\u0151rkem\u00e9nyed\u00e9sek \u00e9s fizikai s\u00e9r\u00fcl\u00e9sek \u2013 korrig\u00e1l\u00e1s\u00e1val. A nem keresztk\u00f6t\u00f6tt hialuronsavat \u00e9s peptideket haszn\u00e1lva el\u0151seg\u00edti a kollag\u00e9ntermel\u00e9st, valamint serkenti a hajhagym\u00e1kat a hajtermel\u00e9s \u00fajraind\u00edt\u00e1s\u00e1ra. V\u00e1s\u00e1rolja meg a DR. CYJ Hair [&hellip;]<\/p>\n","protected":false},"featured_media":118403,"comment_status":"closed","ping_status":"closed","template":"","meta":{"_acf_changed":false,"inline_featured_image":false},"product_brand":[2230],"product_cat":[2997],"product_tag":[2979],"class_list":{"0":"post-118399","1":"product","2":"type-product","3":"status-publish","4":"has-post-thumbnail","6":"product_brand-caregen","7":"product_cat-dermalis-toltoanyagok","8":"product_tag-orvostechnikai-eszkozok","10":"first","11":"instock","12":"taxable","13":"shipping-taxable","14":"purchasable","15":"product-type-simple","16":"add-to-wishlist-before_image"},"acf":[],"yoast_head":"<!-- This site is optimized with the Yoast SEO plugin v27.3 - https:\/\/yoast.com\/product\/yoast-seo-wordpress\/ -->\n<title>Rendeljen DR. CYJ HAIR FILLER 1ml-t online<\/title>\n<meta name=\"description\" content=\"V\u00e1s\u00e1roljon DR. CYJ Hair Filler 1ml Online \u00e9s haszn\u00e1lja ezt a b\u0151r t\u00f6lt\u0151anyagot f\u00e9rfiak \u00e9s n\u0151k sz\u00e1m\u00e1ra a haj vastags\u00e1g\u00e1nak \u00e9s t\u00e9rfogat\u00e1nak n\u00f6vel\u00e9s\u00e9re. Jav\u00edtsa a fejb\u0151r eg\u00e9szs\u00e9g\u00e9t.\" \/>\n<meta name=\"robots\" content=\"index, follow, max-snippet:-1, max-image-preview:large, max-video-preview:-1\" \/>\n<link rel=\"canonical\" href=\"https:\/\/kinamihealth.com\/hu\/wp-json\/wp\/v2\/product\/118399\" \/>\n<meta property=\"og:locale\" content=\"hu_HU\" \/>\n<meta property=\"og:type\" content=\"article\" \/>\n<meta property=\"og:title\" content=\"Rendeljen DR. CYJ HAIR FILLER 1ml-t online\" \/>\n<meta property=\"og:description\" content=\"V\u00e1s\u00e1roljon DR. CYJ Hair Filler 1ml Online \u00e9s haszn\u00e1lja ezt a b\u0151r t\u00f6lt\u0151anyagot f\u00e9rfiak \u00e9s n\u0151k sz\u00e1m\u00e1ra a haj vastags\u00e1g\u00e1nak \u00e9s t\u00e9rfogat\u00e1nak n\u00f6vel\u00e9s\u00e9re. Jav\u00edtsa a fejb\u0151r eg\u00e9szs\u00e9g\u00e9t.\" \/>\n<meta property=\"og:url\" content=\"https:\/\/kinamihealth.com\/hu\/termek\/dr-cyj-hair-filler-1ml\/\" \/>\n<meta property=\"og:site_name\" content=\"Kinami Health\" \/>\n<meta property=\"article:modified_time\" content=\"2025-11-23T20:10:12+00:00\" \/>\n<meta property=\"og:image\" content=\"https:\/\/kinamihealth.com\/wp-content\/uploads\/2025\/02\/DRCYJ-HAIRFILLER-01.jpg\" \/>\n\t<meta property=\"og:image:width\" content=\"800\" \/>\n\t<meta property=\"og:image:height\" content=\"800\" \/>\n\t<meta property=\"og:image:type\" content=\"image\/jpeg\" \/>\n<meta name=\"twitter:card\" content=\"summary_large_image\" \/>\n<meta name=\"twitter:label1\" content=\"Becs\u00fclt olvas\u00e1si id\u0151\" \/>\n\t<meta name=\"twitter:data1\" content=\"1 perc\" \/>\n<!-- \/ Yoast SEO plugin. -->","yoast_head_json":{"title":"Rendeljen DR. CYJ HAIR FILLER 1ml-t online","description":"V\u00e1s\u00e1roljon DR. CYJ Hair Filler 1ml Online \u00e9s haszn\u00e1lja ezt a b\u0151r t\u00f6lt\u0151anyagot f\u00e9rfiak \u00e9s n\u0151k sz\u00e1m\u00e1ra a haj vastags\u00e1g\u00e1nak \u00e9s t\u00e9rfogat\u00e1nak n\u00f6vel\u00e9s\u00e9re. Jav\u00edtsa a fejb\u0151r eg\u00e9szs\u00e9g\u00e9t.","robots":{"index":"index","follow":"follow","max-snippet":"max-snippet:-1","max-image-preview":"max-image-preview:large","max-video-preview":"max-video-preview:-1"},"canonical":"https:\/\/kinamihealth.com\/hu\/wp-json\/wp\/v2\/product\/118399","og_locale":"hu_HU","og_type":"article","og_title":"Rendeljen DR. CYJ HAIR FILLER 1ml-t online","og_description":"V\u00e1s\u00e1roljon DR. CYJ Hair Filler 1ml Online \u00e9s haszn\u00e1lja ezt a b\u0151r t\u00f6lt\u0151anyagot f\u00e9rfiak \u00e9s n\u0151k sz\u00e1m\u00e1ra a haj vastags\u00e1g\u00e1nak \u00e9s t\u00e9rfogat\u00e1nak n\u00f6vel\u00e9s\u00e9re. Jav\u00edtsa a fejb\u0151r eg\u00e9szs\u00e9g\u00e9t.","og_url":"https:\/\/kinamihealth.com\/hu\/termek\/dr-cyj-hair-filler-1ml\/","og_site_name":"Kinami Health","article_modified_time":"2025-11-23T20:10:12+00:00","og_image":[{"width":800,"height":800,"url":"https:\/\/kinamihealth.com\/wp-content\/uploads\/2025\/02\/DRCYJ-HAIRFILLER-01.jpg","type":"image\/jpeg"}],"twitter_card":"summary_large_image","twitter_misc":{"Becs\u00fclt olvas\u00e1si id\u0151":"1 perc"},"schema":{"@context":"https:\/\/schema.org","@graph":[{"@type":"WebPage","@id":"https:\/\/kinamihealth.com\/hu\/termek\/dr-cyj-hair-filler-1ml\/","url":"https:\/\/kinamihealth.com\/hu\/termek\/dr-cyj-hair-filler-1ml\/","name":"Rendeljen DR. CYJ HAIR FILLER 1ml-t online","isPartOf":{"@id":"https:\/\/kinamihealth.com\/#website"},"primaryImageOfPage":{"@id":"https:\/\/kinamihealth.com\/hu\/termek\/dr-cyj-hair-filler-1ml\/#primaryimage"},"image":{"@id":"https:\/\/kinamihealth.com\/hu\/termek\/dr-cyj-hair-filler-1ml\/#primaryimage"},"thumbnailUrl":"https:\/\/kinamihealth.com\/wp-content\/uploads\/2025\/02\/DRCYJ-HAIRFILLER-01.jpg","datePublished":"2025-02-15T16:54:40+00:00","dateModified":"2025-11-23T20:10:12+00:00","description":"V\u00e1s\u00e1roljon DR. CYJ Hair Filler 1ml Online \u00e9s haszn\u00e1lja ezt a b\u0151r t\u00f6lt\u0151anyagot f\u00e9rfiak \u00e9s n\u0151k sz\u00e1m\u00e1ra a haj vastags\u00e1g\u00e1nak \u00e9s t\u00e9rfogat\u00e1nak n\u00f6vel\u00e9s\u00e9re. Jav\u00edtsa a fejb\u0151r eg\u00e9szs\u00e9g\u00e9t.","breadcrumb":{"@id":"https:\/\/kinamihealth.com\/hu\/termek\/dr-cyj-hair-filler-1ml\/#breadcrumb"},"inLanguage":"hu","potentialAction":[{"@type":"ReadAction","target":["https:\/\/kinamihealth.com\/hu\/termek\/dr-cyj-hair-filler-1ml\/"]}]},{"@type":"ImageObject","inLanguage":"hu","@id":"https:\/\/kinamihealth.com\/hu\/termek\/dr-cyj-hair-filler-1ml\/#primaryimage","url":"https:\/\/kinamihealth.com\/wp-content\/uploads\/2025\/02\/DRCYJ-HAIRFILLER-01.jpg","contentUrl":"https:\/\/kinamihealth.com\/wp-content\/uploads\/2025\/02\/DRCYJ-HAIRFILLER-01.jpg","width":800,"height":800},{"@type":"BreadcrumbList","@id":"https:\/\/kinamihealth.com\/hu\/termek\/dr-cyj-hair-filler-1ml\/#breadcrumb","itemListElement":[{"@type":"ListItem","position":1,"name":"Kezd\u0151lap","item":"https:\/\/kinamihealth.com\/"},{"@type":"ListItem","position":2,"name":"Bolt","item":"https:\/\/kinamihealth.com\/shop\/"},{"@type":"ListItem","position":3,"name":"DR. CYJ HAIR FILLER 1ml"}]},{"@type":"WebSite","@id":"https:\/\/kinamihealth.com\/#website","url":"https:\/\/kinamihealth.com\/","name":"Kinami Health","description":"","publisher":{"@id":"https:\/\/kinamihealth.com\/#organization"},"potentialAction":[{"@type":"SearchAction","target":{"@type":"EntryPoint","urlTemplate":"https:\/\/kinamihealth.com\/?s={search_term_string}"},"query-input":{"@type":"PropertyValueSpecification","valueRequired":true,"valueName":"search_term_string"}}],"inLanguage":"hu"},{"@type":"Organization","@id":"https:\/\/kinamihealth.com\/#organization","name":"Kinami Health","url":"https:\/\/kinamihealth.com\/","logo":{"@type":"ImageObject","inLanguage":"hu","@id":"https:\/\/kinamihealth.com\/#\/schema\/logo\/image\/","url":"https:\/\/kinamihealth.com\/wp-content\/uploads\/2025\/01\/KH_logo_black_2-1.png","contentUrl":"https:\/\/kinamihealth.com\/wp-content\/uploads\/2025\/01\/KH_logo_black_2-1.png","width":339,"height":34,"caption":"Kinami Health"},"image":{"@id":"https:\/\/kinamihealth.com\/#\/schema\/logo\/image\/"}}]}},"_links":{"self":[{"href":"https:\/\/kinamihealth.com\/hu\/wp-json\/wp\/v2\/product\/118399","targetHints":{"allow":["GET"]}}],"collection":[{"href":"https:\/\/kinamihealth.com\/hu\/wp-json\/wp\/v2\/product"}],"about":[{"href":"https:\/\/kinamihealth.com\/hu\/wp-json\/wp\/v2\/types\/product"}],"replies":[{"embeddable":true,"href":"https:\/\/kinamihealth.com\/hu\/wp-json\/wp\/v2\/comments?post=118399"}],"version-history":[{"count":0,"href":"https:\/\/kinamihealth.com\/hu\/wp-json\/wp\/v2\/product\/118399\/revisions"}],"wp:featuredmedia":[{"embeddable":true,"href":"https:\/\/kinamihealth.com\/hu\/wp-json\/wp\/v2\/media\/118403"}],"wp:attachment":[{"href":"https:\/\/kinamihealth.com\/hu\/wp-json\/wp\/v2\/media?parent=118399"}],"wp:term":[{"taxonomy":"product_brand","embeddable":true,"href":"https:\/\/kinamihealth.com\/hu\/wp-json\/wp\/v2\/product_brand?post=118399"},{"taxonomy":"product_cat","embeddable":true,"href":"https:\/\/kinamihealth.com\/hu\/wp-json\/wp\/v2\/product_cat?post=118399"},{"taxonomy":"product_tag","embeddable":true,"href":"https:\/\/kinamihealth.com\/hu\/wp-json\/wp\/v2\/product_tag?post=118399"}],"curies":[{"name":"wp","href":"https:\/\/api.w.org\/{rel}","templated":true}]}}